{"id":5469,"date":"2020-09-21T12:40:11","date_gmt":"2020-09-21T10:40:11","guid":{"rendered":"https:\/\/bukkigyogytea.com\/termek\/herzfreundliches-paket\/"},"modified":"2022-05-03T14:32:07","modified_gmt":"2022-05-03T12:32:07","slug":"herzfreundliches-paket","status":"publish","type":"product","link":"https:\/\/bukkigyogytea.com\/de\/produkt\/herzfreundliches-paket\/","title":{"rendered":"Herzfreundliches Paket"},"content":{"rendered":"<p>Herz-Kreislauf-Erkrankungen sind die Krankheiten unserer Zeit. Das Heart Friendly Package wird empfohlen, um die Blutgef\u00e4\u00dfe zu sch\u00fctzen, die Durchblutung zu verbessern, die Arbeit des Herzens zu unterst\u00fctzen, Herz-Kreislauf-Erkrankungen zu behandeln und zu verhindern.<\/p>\n<p><strong>Inhalt des Pakets:<\/strong><\/p>\n<p><strong>H\u00fchnerzapfentee-Mischung (100 g)<\/strong> sch\u00fctzt die Blutgef\u00e4\u00dfe, reinigt die Blutgef\u00e4\u00dfe, reduziert Blutfett und verbessert die Durchblutung. Es hat keine Kontraindikationen und kann langfristig eingenommen werden. Zur Vorbeugung sind 1-2 Tassen pro Woche ausreichend.<\/p>\n<p>Der <strong>alkoholische Wei\u00dfdorn-Extrakt<\/strong> ist au\u00dferdem gef\u00e4\u00dferweiternd, durchblutungsf\u00f6rdernd, cholesterin- und blutdrucksenkend und unterst\u00fctzt die Arbeit des Herzens. Es wird nicht t\u00e4glich bei niedrigem Blutdruck empfohlen.<\/p>\n<p><strong>Hagebuttentee<\/strong> ist reich an Vitamin C und wird deshalb wegen seiner gef\u00e4\u00dfwandst\u00e4rkenden Eigenschaften eingesetzt. Es ist wichtig, die Hagebutte 5-6 Stunden lang kalt einzuweichen, damit ihr wertvoller Vitamingehalt erhalten bleibt. Es kann kontinuierlich konsumiert werden und hat keine Gegenanzeigen.<\/p>\n","protected":false},"excerpt":{"rendered":"<p>Herz-Kreislauf-Erkrankungen sind die Krankheiten unserer Zeit. Das Heart Friendly Package wird empfohlen, um die Blutgef\u00e4\u00dfe zu sch\u00fctzen, die Durchblutung zu verbessern, die Arbeit des Herzens zu unterst\u00fctzen, Herz-Kreislauf-Erkrankungen zu behandeln und zu verhindern. Inhalt des Pakets: H\u00fchnerzapfentee-Mischung (100 g) sch\u00fctzt die Blutgef\u00e4\u00dfe, reinigt die Blutgef\u00e4\u00dfe, reduziert Blutfett und verbessert die Durchblutung. Es hat keine Kontraindikationen &#8230; <a title=\"Herzfreundliches Paket\" class=\"read-more\" href=\"https:\/\/bukkigyogytea.com\/de\/produkt\/herzfreundliches-paket\/\" aria-label=\"Mehr Informationen \u00fcber Herzfreundliches Paket\">Weiterlesen &#8230;<\/a><\/p>\n","protected":false},"featured_media":6992,"comment_status":"closed","ping_status":"closed","template":"","meta":{"_acf_changed":false},"product_brand":[],"product_cat":[205],"product_tag":[],"class_list":{"0":"post-5469","1":"product","2":"type-product","3":"status-publish","4":"has-post-thumbnail","6":"product_cat-gebuendelte-angebote","7":"sales-flash-overlay","8":"woocommerce-text-align-center","9":"woocommerce-image-align-center","10":"do-quantity-buttons","12":"first","13":"instock","14":"sale","15":"taxable","16":"shipping-taxable","17":"purchasable","18":"product-type-simple"},"acf":{"blog_termekleiras":""},"yoast_head":"<!-- This site is optimized with the Yoast SEO plugin v26.9 - https:\/\/yoast.com\/product\/yoast-seo-wordpress\/ -->\n<title>Herzfreundliches Paket &#8211; B\u00fckki Gy\u00f3gytea Web\u00e1ruh\u00e1z<\/title>\n<meta name=\"robots\" content=\"index, follow, max-snippet:-1, max-image-preview:large, max-video-preview:-1\" \/>\n<link rel=\"canonical\" href=\"https:\/\/bukkigyogytea.com\/de\/produkt\/herzfreundliches-paket\/\" \/>\n<meta property=\"og:locale\" content=\"de_DE\" \/>\n<meta property=\"og:type\" content=\"article\" \/>\n<meta property=\"og:title\" content=\"Herzfreundliches Paket &#8211; B\u00fckki Gy\u00f3gytea Web\u00e1ruh\u00e1z\" \/>\n<meta property=\"og:description\" content=\"Herz-Kreislauf-Erkrankungen sind die Krankheiten unserer Zeit. Das Heart Friendly Package wird empfohlen, um die Blutgef\u00e4\u00dfe zu sch\u00fctzen, die Durchblutung zu verbessern, die Arbeit des Herzens zu unterst\u00fctzen, Herz-Kreislauf-Erkrankungen zu behandeln und zu verhindern. Inhalt des Pakets: H\u00fchnerzapfentee-Mischung (100 g) sch\u00fctzt die Blutgef\u00e4\u00dfe, reinigt die Blutgef\u00e4\u00dfe, reduziert Blutfett und verbessert die Durchblutung. Es hat keine Kontraindikationen ... Weiterlesen ...\" \/>\n<meta property=\"og:url\" content=\"https:\/\/bukkigyogytea.com\/de\/produkt\/herzfreundliches-paket\/\" \/>\n<meta property=\"og:site_name\" content=\"B\u00fckki Gy\u00f3gytea Web\u00e1ruh\u00e1z\" \/>\n<meta property=\"article:publisher\" content=\"https:\/\/www.facebook.com\/bukkigyogytea\/\" \/>\n<meta property=\"article:modified_time\" content=\"2022-05-03T12:32:07+00:00\" \/>\n<meta property=\"og:image\" content=\"https:\/\/bukkigyogytea.com\/wp-content\/uploads\/2020\/09\/OG-1.jpg\" \/>\n<meta name=\"twitter:card\" content=\"summary_large_image\" \/>\n<meta name=\"twitter:label1\" content=\"Gesch\u00e4tzte Lesezeit\" \/>\n\t<meta name=\"twitter:data1\" content=\"1\u00a0Minute\" \/>\n<script type=\"application\/ld+json\" class=\"yoast-schema-graph\">{\"@context\":\"https:\/\/schema.org\",\"@graph\":[{\"@type\":\"WebPage\",\"@id\":\"https:\/\/bukkigyogytea.com\/de\/produkt\/herzfreundliches-paket\/\",\"url\":\"https:\/\/bukkigyogytea.com\/de\/produkt\/herzfreundliches-paket\/\",\"name\":\"Herzfreundliches Paket &#8211; B\u00fckki Gy\u00f3gytea Web\u00e1ruh\u00e1z\",\"isPartOf\":{\"@id\":\"https:\/\/bukkigyogytea.com\/de\/#website\"},\"primaryImageOfPage\":{\"@id\":\"https:\/\/bukkigyogytea.com\/de\/produkt\/herzfreundliches-paket\/#primaryimage\"},\"image\":{\"@id\":\"https:\/\/bukkigyogytea.com\/de\/produkt\/herzfreundliches-paket\/#primaryimage\"},\"thumbnailUrl\":\"https:\/\/bukkigyogytea.com\/wp-content\/uploads\/2020\/09\/szivbarat.png\",\"datePublished\":\"2020-09-21T10:40:11+00:00\",\"dateModified\":\"2022-05-03T12:32:07+00:00\",\"breadcrumb\":{\"@id\":\"https:\/\/bukkigyogytea.com\/de\/produkt\/herzfreundliches-paket\/#breadcrumb\"},\"inLanguage\":\"de\",\"potentialAction\":[{\"@type\":\"ReadAction\",\"target\":[\"https:\/\/bukkigyogytea.com\/de\/produkt\/herzfreundliches-paket\/\"]}]},{\"@type\":\"ImageObject\",\"inLanguage\":\"de\",\"@id\":\"https:\/\/bukkigyogytea.com\/de\/produkt\/herzfreundliches-paket\/#primaryimage\",\"url\":\"https:\/\/bukkigyogytea.com\/wp-content\/uploads\/2020\/09\/szivbarat.png\",\"contentUrl\":\"https:\/\/bukkigyogytea.com\/wp-content\/uploads\/2020\/09\/szivbarat.png\",\"width\":600,\"height\":600},{\"@type\":\"BreadcrumbList\",\"@id\":\"https:\/\/bukkigyogytea.com\/de\/produkt\/herzfreundliches-paket\/#breadcrumb\",\"itemListElement\":[{\"@type\":\"ListItem\",\"position\":1,\"name\":\"Home\",\"item\":\"https:\/\/bukkigyogytea.com\/de\/\"},{\"@type\":\"ListItem\",\"position\":2,\"name\":\"Produkte\",\"item\":\"https:\/\/bukkigyogytea.com\/de\/shop\/\"},{\"@type\":\"ListItem\",\"position\":3,\"name\":\"Geb\u00fcndelte Angebote\",\"item\":\"https:\/\/bukkigyogytea.com\/de\/Produktkategorie\/gebuendelte-angebote\/\"},{\"@type\":\"ListItem\",\"position\":4,\"name\":\"Herzfreundliches Paket\"}]},{\"@type\":\"WebSite\",\"@id\":\"https:\/\/bukkigyogytea.com\/de\/#website\",\"url\":\"https:\/\/bukkigyogytea.com\/de\/\",\"name\":\"B\u00fckki Gy\u00f3gytea Web\u00e1ruh\u00e1z\",\"description\":\"Gy\u00f6rgytea hivatalos viszontelad\u00f3\",\"publisher\":{\"@id\":\"https:\/\/bukkigyogytea.com\/de\/#organization\"},\"potentialAction\":[{\"@type\":\"SearchAction\",\"target\":{\"@type\":\"EntryPoint\",\"urlTemplate\":\"https:\/\/bukkigyogytea.com\/de\/?s={search_term_string}\"},\"query-input\":{\"@type\":\"PropertyValueSpecification\",\"valueRequired\":true,\"valueName\":\"search_term_string\"}}],\"inLanguage\":\"de\"},{\"@type\":\"Organization\",\"@id\":\"https:\/\/bukkigyogytea.com\/de\/#organization\",\"name\":\"B\u00fckki Gy\u00f3gytea Web\u00e1ruh\u00e1z\",\"url\":\"https:\/\/bukkigyogytea.com\/de\/\",\"logo\":{\"@type\":\"ImageObject\",\"inLanguage\":\"de\",\"@id\":\"https:\/\/bukkigyogytea.com\/de\/#\/schema\/logo\/image\/\",\"url\":\"https:\/\/i0.wp.com\/bukkigyogytea.com\/wp-content\/uploads\/2020\/05\/Sitelogo-1.jpg?fit=350%2C85&ssl=1\",\"contentUrl\":\"https:\/\/i0.wp.com\/bukkigyogytea.com\/wp-content\/uploads\/2020\/05\/Sitelogo-1.jpg?fit=350%2C85&ssl=1\",\"width\":350,\"height\":85,\"caption\":\"B\u00fckki Gy\u00f3gytea Web\u00e1ruh\u00e1z\"},\"image\":{\"@id\":\"https:\/\/bukkigyogytea.com\/de\/#\/schema\/logo\/image\/\"},\"sameAs\":[\"https:\/\/www.facebook.com\/bukkigyogytea\/\"]}]}<\/script>\n<!-- \/ Yoast SEO plugin. -->","yoast_head_json":{"title":"Herzfreundliches Paket &#8211; B\u00fckki Gy\u00f3gytea Web\u00e1ruh\u00e1z","robots":{"index":"index","follow":"follow","max-snippet":"max-snippet:-1","max-image-preview":"max-image-preview:large","max-video-preview":"max-video-preview:-1"},"canonical":"https:\/\/bukkigyogytea.com\/de\/produkt\/herzfreundliches-paket\/","og_locale":"de_DE","og_type":"article","og_title":"Herzfreundliches Paket &#8211; B\u00fckki Gy\u00f3gytea Web\u00e1ruh\u00e1z","og_description":"Herz-Kreislauf-Erkrankungen sind die Krankheiten unserer Zeit. Das Heart Friendly Package wird empfohlen, um die Blutgef\u00e4\u00dfe zu sch\u00fctzen, die Durchblutung zu verbessern, die Arbeit des Herzens zu unterst\u00fctzen, Herz-Kreislauf-Erkrankungen zu behandeln und zu verhindern. Inhalt des Pakets: H\u00fchnerzapfentee-Mischung (100 g) sch\u00fctzt die Blutgef\u00e4\u00dfe, reinigt die Blutgef\u00e4\u00dfe, reduziert Blutfett und verbessert die Durchblutung. Es hat keine Kontraindikationen ... Weiterlesen ...","og_url":"https:\/\/bukkigyogytea.com\/de\/produkt\/herzfreundliches-paket\/","og_site_name":"B\u00fckki Gy\u00f3gytea Web\u00e1ruh\u00e1z","article_publisher":"https:\/\/www.facebook.com\/bukkigyogytea\/","article_modified_time":"2022-05-03T12:32:07+00:00","og_image":[{"url":"https:\/\/bukkigyogytea.com\/wp-content\/uploads\/2020\/09\/OG-1.jpg","type":"","width":"","height":""}],"twitter_card":"summary_large_image","twitter_misc":{"Gesch\u00e4tzte Lesezeit":"1\u00a0Minute"},"schema":{"@context":"https:\/\/schema.org","@graph":[{"@type":"WebPage","@id":"https:\/\/bukkigyogytea.com\/de\/produkt\/herzfreundliches-paket\/","url":"https:\/\/bukkigyogytea.com\/de\/produkt\/herzfreundliches-paket\/","name":"Herzfreundliches Paket &#8211; B\u00fckki Gy\u00f3gytea Web\u00e1ruh\u00e1z","isPartOf":{"@id":"https:\/\/bukkigyogytea.com\/de\/#website"},"primaryImageOfPage":{"@id":"https:\/\/bukkigyogytea.com\/de\/produkt\/herzfreundliches-paket\/#primaryimage"},"image":{"@id":"https:\/\/bukkigyogytea.com\/de\/produkt\/herzfreundliches-paket\/#primaryimage"},"thumbnailUrl":"https:\/\/bukkigyogytea.com\/wp-content\/uploads\/2020\/09\/szivbarat.png","datePublished":"2020-09-21T10:40:11+00:00","dateModified":"2022-05-03T12:32:07+00:00","breadcrumb":{"@id":"https:\/\/bukkigyogytea.com\/de\/produkt\/herzfreundliches-paket\/#breadcrumb"},"inLanguage":"de","potentialAction":[{"@type":"ReadAction","target":["https:\/\/bukkigyogytea.com\/de\/produkt\/herzfreundliches-paket\/"]}]},{"@type":"ImageObject","inLanguage":"de","@id":"https:\/\/bukkigyogytea.com\/de\/produkt\/herzfreundliches-paket\/#primaryimage","url":"https:\/\/bukkigyogytea.com\/wp-content\/uploads\/2020\/09\/szivbarat.png","contentUrl":"https:\/\/bukkigyogytea.com\/wp-content\/uploads\/2020\/09\/szivbarat.png","width":600,"height":600},{"@type":"BreadcrumbList","@id":"https:\/\/bukkigyogytea.com\/de\/produkt\/herzfreundliches-paket\/#breadcrumb","itemListElement":[{"@type":"ListItem","position":1,"name":"Home","item":"https:\/\/bukkigyogytea.com\/de\/"},{"@type":"ListItem","position":2,"name":"Produkte","item":"https:\/\/bukkigyogytea.com\/de\/shop\/"},{"@type":"ListItem","position":3,"name":"Geb\u00fcndelte Angebote","item":"https:\/\/bukkigyogytea.com\/de\/Produktkategorie\/gebuendelte-angebote\/"},{"@type":"ListItem","position":4,"name":"Herzfreundliches Paket"}]},{"@type":"WebSite","@id":"https:\/\/bukkigyogytea.com\/de\/#website","url":"https:\/\/bukkigyogytea.com\/de\/","name":"B\u00fckki Gy\u00f3gytea Web\u00e1ruh\u00e1z","description":"Gy\u00f6rgytea hivatalos viszontelad\u00f3","publisher":{"@id":"https:\/\/bukkigyogytea.com\/de\/#organization"},"potentialAction":[{"@type":"SearchAction","target":{"@type":"EntryPoint","urlTemplate":"https:\/\/bukkigyogytea.com\/de\/?s={search_term_string}"},"query-input":{"@type":"PropertyValueSpecification","valueRequired":true,"valueName":"search_term_string"}}],"inLanguage":"de"},{"@type":"Organization","@id":"https:\/\/bukkigyogytea.com\/de\/#organization","name":"B\u00fckki Gy\u00f3gytea Web\u00e1ruh\u00e1z","url":"https:\/\/bukkigyogytea.com\/de\/","logo":{"@type":"ImageObject","inLanguage":"de","@id":"https:\/\/bukkigyogytea.com\/de\/#\/schema\/logo\/image\/","url":"https:\/\/i0.wp.com\/bukkigyogytea.com\/wp-content\/uploads\/2020\/05\/Sitelogo-1.jpg?fit=350%2C85&ssl=1","contentUrl":"https:\/\/i0.wp.com\/bukkigyogytea.com\/wp-content\/uploads\/2020\/05\/Sitelogo-1.jpg?fit=350%2C85&ssl=1","width":350,"height":85,"caption":"B\u00fckki Gy\u00f3gytea Web\u00e1ruh\u00e1z"},"image":{"@id":"https:\/\/bukkigyogytea.com\/de\/#\/schema\/logo\/image\/"},"sameAs":["https:\/\/www.facebook.com\/bukkigyogytea\/"]}]}},"publishpress_future_action":{"enabled":false,"date":"2026-04-30 22:55:00","action":"change-status","newStatus":"draft","terms":[],"taxonomy":"product_type","extraData":[]},"publishpress_future_workflow_manual_trigger":{"enabledWorkflows":[]},"_links":{"self":[{"href":"https:\/\/bukkigyogytea.com\/de\/wp-json\/wp\/v2\/product\/5469","targetHints":{"allow":["GET"]}}],"collection":[{"href":"https:\/\/bukkigyogytea.com\/de\/wp-json\/wp\/v2\/product"}],"about":[{"href":"https:\/\/bukkigyogytea.com\/de\/wp-json\/wp\/v2\/types\/product"}],"replies":[{"embeddable":true,"href":"https:\/\/bukkigyogytea.com\/de\/wp-json\/wp\/v2\/comments?post=5469"}],"wp:featuredmedia":[{"embeddable":true,"href":"https:\/\/bukkigyogytea.com\/de\/wp-json\/wp\/v2\/media\/6992"}],"wp:attachment":[{"href":"https:\/\/bukkigyogytea.com\/de\/wp-json\/wp\/v2\/media?parent=5469"}],"wp:term":[{"taxonomy":"product_brand","embeddable":true,"href":"https:\/\/bukkigyogytea.com\/de\/wp-json\/wp\/v2\/product_brand?post=5469"},{"taxonomy":"product_cat","embeddable":true,"href":"https:\/\/bukkigyogytea.com\/de\/wp-json\/wp\/v2\/product_cat?post=5469"},{"taxonomy":"product_tag","embeddable":true,"href":"https:\/\/bukkigyogytea.com\/de\/wp-json\/wp\/v2\/product_tag?post=5469"}],"curies":[{"name":"wp","href":"https:\/\/api.w.org\/{rel}","templated":true}]}}