{"id":5425,"date":"2020-10-19T09:38:27","date_gmt":"2020-10-19T07:38:27","guid":{"rendered":"https:\/\/bukkigyogytea.com\/termek\/thymianteemischung-100g\/"},"modified":"2025-03-01T02:00:20","modified_gmt":"2025-03-01T01:00:20","slug":"thymianteemischung-100g","status":"publish","type":"product","link":"https:\/\/bukkigyogytea.com\/de\/produkt\/thymianteemischung-100g\/","title":{"rendered":"Thymianteemischung &#8211; 100g"},"content":{"rendered":"<p>Dieser immunst\u00e4rkende Tee besteht aus Kr\u00e4utern, die antiseptische und entz\u00fcndungshemmende Eigenschaften haben. Der regelm\u00e4\u00dfige Verzehr des Tees kann die Widerstandskraft des K\u00f6rpers gegen Krankheiten st\u00e4rken. Besonders empfehlenswert w\u00e4hrend der Grippesaison und in der Herbst-Winter-Periode.<\/p>\n<p><strong>Komponenten der Teemischung:<\/strong><\/p>\n<p><strong>Thymian<\/strong> ist antiseptisch, immunst\u00e4rkend und hustenstillend.<\/p>\n<p><strong>Minze <\/strong>ist keimt\u00f6tend und reinigt die Atemwege.<\/p>\n<p><strong>Johanniskraut<\/strong> wird als Hustenmittel, bei Bronchitis, Mandelentz\u00fcndung und Heiserkeit eingesetzt.<\/p>\n<p>Die <strong>Vogelmiere<\/strong> wird bei Durchfall, Gastritis, Enteritis und chronischer Hepatitis eingesetzt.<\/p>\n<p><strong>Wegerich-Tee<\/strong> ist keimt\u00f6tend, schleiml\u00f6send und wird vor allem bei Erkrankungen der Atemwege, Husten und Asthma eingesetzt. J\u00fcngste Forschungen haben eine signifikante immunst\u00e4rkende Wirkung gezeigt.<\/p>\n<p><strong>Verzehr:<\/strong><\/p>\n<p>Vor den Mahlzeiten trinken, vorzugsweise ohne Aromastoffe. Zur Vorbeugung werden zwei bis drei Tassen Verzehr pro Woche empfohlen. Trinken Sie drei Tassen pro Tag als Kur, bis die Symptome verschwunden sind.<\/p>\n<p><strong>Kontraindikationen:<\/strong><\/p>\n<p>Nicht empfohlen w\u00e4hrend Schwangerschaft und Stillzeit. F\u00fcr Kinder ab 3 Jahren.<\/p>\n","protected":false},"excerpt":{"rendered":"<p>Thymianteemischung besteht aus Kr\u00e4utern mit antiseptischen und entz\u00fcndungshemmenden Eigenschaften. Der regelm\u00e4\u00dfige Genuss dieses Tees kann die Widerstandskraft des K\u00f6rpers gegen Krankheiten st\u00e4rken.<\/p>\n","protected":false},"featured_media":5426,"comment_status":"open","ping_status":"closed","template":"","meta":{"_acf_changed":false},"product_brand":[],"product_cat":[196],"product_tag":[],"class_list":{"0":"post-5425","1":"product","2":"type-product","3":"status-publish","4":"has-post-thumbnail","6":"product_cat-teemischungen","7":"sales-flash-overlay","8":"woocommerce-text-align-center","9":"woocommerce-image-align-center","10":"do-quantity-buttons","12":"first","13":"instock","14":"taxable","15":"shipping-taxable","16":"purchasable","17":"product-type-simple"},"acf":{"blog_termekleiras":""},"yoast_head":"<!-- This site is optimized with the Yoast SEO plugin v26.9 - https:\/\/yoast.com\/product\/yoast-seo-wordpress\/ -->\n<title>Thymianteemischung - 100g &#8211; B\u00fckki Gy\u00f3gytea Web\u00e1ruh\u00e1z<\/title>\n<meta name=\"robots\" content=\"index, follow, max-snippet:-1, max-image-preview:large, max-video-preview:-1\" \/>\n<link rel=\"canonical\" href=\"https:\/\/bukkigyogytea.com\/de\/produkt\/thymianteemischung-100g\/\" \/>\n<meta property=\"og:locale\" content=\"de_DE\" \/>\n<meta property=\"og:type\" content=\"article\" \/>\n<meta property=\"og:title\" content=\"Thymianteemischung - 100g &#8211; B\u00fckki Gy\u00f3gytea Web\u00e1ruh\u00e1z\" \/>\n<meta property=\"og:description\" content=\"Thymianteemischung besteht aus Kr\u00e4utern mit antiseptischen und entz\u00fcndungshemmenden Eigenschaften. Der regelm\u00e4\u00dfige Genuss dieses Tees kann die Widerstandskraft des K\u00f6rpers gegen Krankheiten st\u00e4rken.\" \/>\n<meta property=\"og:url\" content=\"https:\/\/bukkigyogytea.com\/de\/produkt\/thymianteemischung-100g\/\" \/>\n<meta property=\"og:site_name\" content=\"B\u00fckki Gy\u00f3gytea Web\u00e1ruh\u00e1z\" \/>\n<meta property=\"article:publisher\" content=\"https:\/\/www.facebook.com\/bukkigyogytea\/\" \/>\n<meta property=\"article:modified_time\" content=\"2025-03-01T01:00:20+00:00\" \/>\n<meta property=\"og:image\" content=\"https:\/\/bukkigyogytea.com\/wp-content\/uploads\/2020\/10\/OG-100.jpg\" \/>\n<meta name=\"twitter:card\" content=\"summary_large_image\" \/>\n<meta name=\"twitter:label1\" content=\"Gesch\u00e4tzte Lesezeit\" \/>\n\t<meta name=\"twitter:data1\" content=\"1\u00a0Minute\" \/>\n<script type=\"application\/ld+json\" class=\"yoast-schema-graph\">{\"@context\":\"https:\/\/schema.org\",\"@graph\":[{\"@type\":\"WebPage\",\"@id\":\"https:\/\/bukkigyogytea.com\/de\/produkt\/thymianteemischung-100g\/\",\"url\":\"https:\/\/bukkigyogytea.com\/de\/produkt\/thymianteemischung-100g\/\",\"name\":\"Thymianteemischung - 100g &#8211; B\u00fckki Gy\u00f3gytea Web\u00e1ruh\u00e1z\",\"isPartOf\":{\"@id\":\"https:\/\/bukkigyogytea.com\/de\/#website\"},\"primaryImageOfPage\":{\"@id\":\"https:\/\/bukkigyogytea.com\/de\/produkt\/thymianteemischung-100g\/#primaryimage\"},\"image\":{\"@id\":\"https:\/\/bukkigyogytea.com\/de\/produkt\/thymianteemischung-100g\/#primaryimage\"},\"thumbnailUrl\":\"https:\/\/bukkigyogytea.com\/wp-content\/uploads\/2020\/10\/mezei-kakukkfuves-100g-bal-550x550-1.png\",\"datePublished\":\"2020-10-19T07:38:27+00:00\",\"dateModified\":\"2025-03-01T01:00:20+00:00\",\"breadcrumb\":{\"@id\":\"https:\/\/bukkigyogytea.com\/de\/produkt\/thymianteemischung-100g\/#breadcrumb\"},\"inLanguage\":\"de\",\"potentialAction\":[{\"@type\":\"ReadAction\",\"target\":[\"https:\/\/bukkigyogytea.com\/de\/produkt\/thymianteemischung-100g\/\"]}]},{\"@type\":\"ImageObject\",\"inLanguage\":\"de\",\"@id\":\"https:\/\/bukkigyogytea.com\/de\/produkt\/thymianteemischung-100g\/#primaryimage\",\"url\":\"https:\/\/bukkigyogytea.com\/wp-content\/uploads\/2020\/10\/mezei-kakukkfuves-100g-bal-550x550-1.png\",\"contentUrl\":\"https:\/\/bukkigyogytea.com\/wp-content\/uploads\/2020\/10\/mezei-kakukkfuves-100g-bal-550x550-1.png\",\"width\":550,\"height\":550},{\"@type\":\"BreadcrumbList\",\"@id\":\"https:\/\/bukkigyogytea.com\/de\/produkt\/thymianteemischung-100g\/#breadcrumb\",\"itemListElement\":[{\"@type\":\"ListItem\",\"position\":1,\"name\":\"Home\",\"item\":\"https:\/\/bukkigyogytea.com\/de\/\"},{\"@type\":\"ListItem\",\"position\":2,\"name\":\"Produkte\",\"item\":\"https:\/\/bukkigyogytea.com\/de\/shop\/\"},{\"@type\":\"ListItem\",\"position\":3,\"name\":\"Teemischungen\",\"item\":\"https:\/\/bukkigyogytea.com\/de\/Produktkategorie\/teemischungen\/\"},{\"@type\":\"ListItem\",\"position\":4,\"name\":\"Thymianteemischung &#8211; 100g\"}]},{\"@type\":\"WebSite\",\"@id\":\"https:\/\/bukkigyogytea.com\/de\/#website\",\"url\":\"https:\/\/bukkigyogytea.com\/de\/\",\"name\":\"B\u00fckki Gy\u00f3gytea Web\u00e1ruh\u00e1z\",\"description\":\"Gy\u00f6rgytea hivatalos viszontelad\u00f3\",\"publisher\":{\"@id\":\"https:\/\/bukkigyogytea.com\/de\/#organization\"},\"potentialAction\":[{\"@type\":\"SearchAction\",\"target\":{\"@type\":\"EntryPoint\",\"urlTemplate\":\"https:\/\/bukkigyogytea.com\/de\/?s={search_term_string}\"},\"query-input\":{\"@type\":\"PropertyValueSpecification\",\"valueRequired\":true,\"valueName\":\"search_term_string\"}}],\"inLanguage\":\"de\"},{\"@type\":\"Organization\",\"@id\":\"https:\/\/bukkigyogytea.com\/de\/#organization\",\"name\":\"B\u00fckki Gy\u00f3gytea Web\u00e1ruh\u00e1z\",\"url\":\"https:\/\/bukkigyogytea.com\/de\/\",\"logo\":{\"@type\":\"ImageObject\",\"inLanguage\":\"de\",\"@id\":\"https:\/\/bukkigyogytea.com\/de\/#\/schema\/logo\/image\/\",\"url\":\"https:\/\/i0.wp.com\/bukkigyogytea.com\/wp-content\/uploads\/2020\/05\/Sitelogo-1.jpg?fit=350%2C85&ssl=1\",\"contentUrl\":\"https:\/\/i0.wp.com\/bukkigyogytea.com\/wp-content\/uploads\/2020\/05\/Sitelogo-1.jpg?fit=350%2C85&ssl=1\",\"width\":350,\"height\":85,\"caption\":\"B\u00fckki Gy\u00f3gytea Web\u00e1ruh\u00e1z\"},\"image\":{\"@id\":\"https:\/\/bukkigyogytea.com\/de\/#\/schema\/logo\/image\/\"},\"sameAs\":[\"https:\/\/www.facebook.com\/bukkigyogytea\/\"]}]}<\/script>\n<!-- \/ Yoast SEO plugin. -->","yoast_head_json":{"title":"Thymianteemischung - 100g &#8211; B\u00fckki Gy\u00f3gytea Web\u00e1ruh\u00e1z","robots":{"index":"index","follow":"follow","max-snippet":"max-snippet:-1","max-image-preview":"max-image-preview:large","max-video-preview":"max-video-preview:-1"},"canonical":"https:\/\/bukkigyogytea.com\/de\/produkt\/thymianteemischung-100g\/","og_locale":"de_DE","og_type":"article","og_title":"Thymianteemischung - 100g &#8211; B\u00fckki Gy\u00f3gytea Web\u00e1ruh\u00e1z","og_description":"Thymianteemischung besteht aus Kr\u00e4utern mit antiseptischen und entz\u00fcndungshemmenden Eigenschaften. Der regelm\u00e4\u00dfige Genuss dieses Tees kann die Widerstandskraft des K\u00f6rpers gegen Krankheiten st\u00e4rken.","og_url":"https:\/\/bukkigyogytea.com\/de\/produkt\/thymianteemischung-100g\/","og_site_name":"B\u00fckki Gy\u00f3gytea Web\u00e1ruh\u00e1z","article_publisher":"https:\/\/www.facebook.com\/bukkigyogytea\/","article_modified_time":"2025-03-01T01:00:20+00:00","og_image":[{"url":"https:\/\/bukkigyogytea.com\/wp-content\/uploads\/2020\/10\/OG-100.jpg","type":"","width":"","height":""}],"twitter_card":"summary_large_image","twitter_misc":{"Gesch\u00e4tzte Lesezeit":"1\u00a0Minute"},"schema":{"@context":"https:\/\/schema.org","@graph":[{"@type":"WebPage","@id":"https:\/\/bukkigyogytea.com\/de\/produkt\/thymianteemischung-100g\/","url":"https:\/\/bukkigyogytea.com\/de\/produkt\/thymianteemischung-100g\/","name":"Thymianteemischung - 100g &#8211; B\u00fckki Gy\u00f3gytea Web\u00e1ruh\u00e1z","isPartOf":{"@id":"https:\/\/bukkigyogytea.com\/de\/#website"},"primaryImageOfPage":{"@id":"https:\/\/bukkigyogytea.com\/de\/produkt\/thymianteemischung-100g\/#primaryimage"},"image":{"@id":"https:\/\/bukkigyogytea.com\/de\/produkt\/thymianteemischung-100g\/#primaryimage"},"thumbnailUrl":"https:\/\/bukkigyogytea.com\/wp-content\/uploads\/2020\/10\/mezei-kakukkfuves-100g-bal-550x550-1.png","datePublished":"2020-10-19T07:38:27+00:00","dateModified":"2025-03-01T01:00:20+00:00","breadcrumb":{"@id":"https:\/\/bukkigyogytea.com\/de\/produkt\/thymianteemischung-100g\/#breadcrumb"},"inLanguage":"de","potentialAction":[{"@type":"ReadAction","target":["https:\/\/bukkigyogytea.com\/de\/produkt\/thymianteemischung-100g\/"]}]},{"@type":"ImageObject","inLanguage":"de","@id":"https:\/\/bukkigyogytea.com\/de\/produkt\/thymianteemischung-100g\/#primaryimage","url":"https:\/\/bukkigyogytea.com\/wp-content\/uploads\/2020\/10\/mezei-kakukkfuves-100g-bal-550x550-1.png","contentUrl":"https:\/\/bukkigyogytea.com\/wp-content\/uploads\/2020\/10\/mezei-kakukkfuves-100g-bal-550x550-1.png","width":550,"height":550},{"@type":"BreadcrumbList","@id":"https:\/\/bukkigyogytea.com\/de\/produkt\/thymianteemischung-100g\/#breadcrumb","itemListElement":[{"@type":"ListItem","position":1,"name":"Home","item":"https:\/\/bukkigyogytea.com\/de\/"},{"@type":"ListItem","position":2,"name":"Produkte","item":"https:\/\/bukkigyogytea.com\/de\/shop\/"},{"@type":"ListItem","position":3,"name":"Teemischungen","item":"https:\/\/bukkigyogytea.com\/de\/Produktkategorie\/teemischungen\/"},{"@type":"ListItem","position":4,"name":"Thymianteemischung &#8211; 100g"}]},{"@type":"WebSite","@id":"https:\/\/bukkigyogytea.com\/de\/#website","url":"https:\/\/bukkigyogytea.com\/de\/","name":"B\u00fckki Gy\u00f3gytea Web\u00e1ruh\u00e1z","description":"Gy\u00f6rgytea hivatalos viszontelad\u00f3","publisher":{"@id":"https:\/\/bukkigyogytea.com\/de\/#organization"},"potentialAction":[{"@type":"SearchAction","target":{"@type":"EntryPoint","urlTemplate":"https:\/\/bukkigyogytea.com\/de\/?s={search_term_string}"},"query-input":{"@type":"PropertyValueSpecification","valueRequired":true,"valueName":"search_term_string"}}],"inLanguage":"de"},{"@type":"Organization","@id":"https:\/\/bukkigyogytea.com\/de\/#organization","name":"B\u00fckki Gy\u00f3gytea Web\u00e1ruh\u00e1z","url":"https:\/\/bukkigyogytea.com\/de\/","logo":{"@type":"ImageObject","inLanguage":"de","@id":"https:\/\/bukkigyogytea.com\/de\/#\/schema\/logo\/image\/","url":"https:\/\/i0.wp.com\/bukkigyogytea.com\/wp-content\/uploads\/2020\/05\/Sitelogo-1.jpg?fit=350%2C85&ssl=1","contentUrl":"https:\/\/i0.wp.com\/bukkigyogytea.com\/wp-content\/uploads\/2020\/05\/Sitelogo-1.jpg?fit=350%2C85&ssl=1","width":350,"height":85,"caption":"B\u00fckki Gy\u00f3gytea Web\u00e1ruh\u00e1z"},"image":{"@id":"https:\/\/bukkigyogytea.com\/de\/#\/schema\/logo\/image\/"},"sameAs":["https:\/\/www.facebook.com\/bukkigyogytea\/"]}]}},"publishpress_future_action":{"enabled":false,"date":"2026-05-02 22:55:00","action":"change-status","newStatus":"draft","terms":[],"taxonomy":"product_type","extraData":[]},"publishpress_future_workflow_manual_trigger":{"enabledWorkflows":[]},"_links":{"self":[{"href":"https:\/\/bukkigyogytea.com\/de\/wp-json\/wp\/v2\/product\/5425","targetHints":{"allow":["GET"]}}],"collection":[{"href":"https:\/\/bukkigyogytea.com\/de\/wp-json\/wp\/v2\/product"}],"about":[{"href":"https:\/\/bukkigyogytea.com\/de\/wp-json\/wp\/v2\/types\/product"}],"replies":[{"embeddable":true,"href":"https:\/\/bukkigyogytea.com\/de\/wp-json\/wp\/v2\/comments?post=5425"}],"wp:featuredmedia":[{"embeddable":true,"href":"https:\/\/bukkigyogytea.com\/de\/wp-json\/wp\/v2\/media\/5426"}],"wp:attachment":[{"href":"https:\/\/bukkigyogytea.com\/de\/wp-json\/wp\/v2\/media?parent=5425"}],"wp:term":[{"taxonomy":"product_brand","embeddable":true,"href":"https:\/\/bukkigyogytea.com\/de\/wp-json\/wp\/v2\/product_brand?post=5425"},{"taxonomy":"product_cat","embeddable":true,"href":"https:\/\/bukkigyogytea.com\/de\/wp-json\/wp\/v2\/product_cat?post=5425"},{"taxonomy":"product_tag","embeddable":true,"href":"https:\/\/bukkigyogytea.com\/de\/wp-json\/wp\/v2\/product_tag?post=5425"}],"curies":[{"name":"wp","href":"https:\/\/api.w.org\/{rel}","templated":true}]}}