{"id":5419,"date":"2019-10-17T13:19:19","date_gmt":"2019-10-17T11:19:19","guid":{"rendered":"https:\/\/bukkigyogytea.com\/termek\/schwarze-johannisbeerblatterteemischung\/"},"modified":"2025-03-22T02:00:06","modified_gmt":"2025-03-22T01:00:06","slug":"schwarze-johannisbeerblatterteemischung","status":"publish","type":"product","link":"https:\/\/bukkigyogytea.com\/de\/produkt\/schwarze-johannisbeerblatterteemischung\/","title":{"rendered":"Schwarze Johannisbeerbl\u00e4tterteemischung"},"content":{"rendered":"<p>Schwarze Johannisbeerbl\u00e4tterteemischung zur Linderung der Symptome von Rheuma und Gicht Die Kr\u00e4uter in der Johannisbeerbl\u00e4tterteemischung haben entz\u00fcndungshemmende Eigenschaften, senken den Harns\u00e4urespiegel und st\u00e4rken das Immunsystem und tragen so zur Linderung der Symptome von Rheuma und Gicht bei.<\/p>\n<p><strong>Zusammensetzung: <\/strong>Blatt der schwarzen Johannisbeere, Blatt der wilden Brombeere, Blatt der Birke, Blatt der wilden Himbeere.<\/p>\n<p>Vorbereitung. Verwenden Sie keine Metallsiebe.<\/p>\n<p><strong>Verzehr:<\/strong>\u00a01 Tasse pro Woche (morgens) als vorbeugende Ma\u00dfnahme, ansonsten bis zu 3 Tassen pro Tag (morgens, mittags, nachmittags).<\/p>\n<p>Kontraindikationen: nicht empfohlen w\u00e4hrend der Schwangerschaft und Stillzeit. Kinder ab 6 Jahren k\u00f6nnen es verd\u00fcnnt bekommen (ein Teel\u00f6ffel Teegras auf 2,5 dl Wasser).<\/p>\n","protected":false},"excerpt":{"rendered":"<p>Schwarze Johannisbeerbl\u00e4tterteemischung zur Linderung der Symptome von Rheuma und Gicht Die Kr\u00e4uter in der Johannisbeerbl\u00e4tterteemischung haben entz\u00fcndungshemmende Eigenschaften, senken den Harns\u00e4urespiegel und st\u00e4rken das Immunsystem und tragen so zur Linderung der Symptome von Rheuma und Gicht bei. Zusammensetzung: Blatt der schwarzen Johannisbeere, Blatt der wilden Brombeere, Blatt der Birke, Blatt der wilden Himbeere. Vorbereitung. Verwenden &#8230; <a title=\"Schwarze Johannisbeerbl\u00e4tterteemischung\" class=\"read-more\" href=\"https:\/\/bukkigyogytea.com\/de\/produkt\/schwarze-johannisbeerblatterteemischung\/\" aria-label=\"Mehr Informationen \u00fcber Schwarze Johannisbeerbl\u00e4tterteemischung\">Weiterlesen &#8230;<\/a><\/p>\n","protected":false},"featured_media":5420,"comment_status":"open","ping_status":"closed","template":"","meta":{"_acf_changed":false},"product_brand":[],"product_cat":[196],"product_tag":[],"class_list":{"0":"post-5419","1":"product","2":"type-product","3":"status-publish","4":"has-post-thumbnail","6":"product_cat-teemischungen","7":"sales-flash-overlay","8":"woocommerce-text-align-center","9":"woocommerce-image-align-center","10":"do-quantity-buttons","12":"first","13":"instock","14":"taxable","15":"shipping-taxable","16":"purchasable","17":"product-type-simple"},"acf":{"blog_termekleiras":""},"yoast_head":"<!-- This site is optimized with the Yoast SEO plugin v26.9 - https:\/\/yoast.com\/product\/yoast-seo-wordpress\/ -->\n<title>Schwarze Johannisbeerbl\u00e4tterteemischung &#8211; B\u00fckki Gy\u00f3gytea Web\u00e1ruh\u00e1z<\/title>\n<meta name=\"robots\" content=\"index, follow, max-snippet:-1, max-image-preview:large, max-video-preview:-1\" \/>\n<link rel=\"canonical\" href=\"https:\/\/bukkigyogytea.com\/de\/produkt\/schwarze-johannisbeerblatterteemischung\/\" \/>\n<meta property=\"og:locale\" content=\"de_DE\" \/>\n<meta property=\"og:type\" content=\"article\" \/>\n<meta property=\"og:title\" content=\"Schwarze Johannisbeerbl\u00e4tterteemischung &#8211; B\u00fckki Gy\u00f3gytea Web\u00e1ruh\u00e1z\" \/>\n<meta property=\"og:description\" content=\"Schwarze Johannisbeerbl\u00e4tterteemischung zur Linderung der Symptome von Rheuma und Gicht Die Kr\u00e4uter in der Johannisbeerbl\u00e4tterteemischung haben entz\u00fcndungshemmende Eigenschaften, senken den Harns\u00e4urespiegel und st\u00e4rken das Immunsystem und tragen so zur Linderung der Symptome von Rheuma und Gicht bei. Zusammensetzung: Blatt der schwarzen Johannisbeere, Blatt der wilden Brombeere, Blatt der Birke, Blatt der wilden Himbeere. Vorbereitung. Verwenden ... Weiterlesen ...\" \/>\n<meta property=\"og:url\" content=\"https:\/\/bukkigyogytea.com\/de\/produkt\/schwarze-johannisbeerblatterteemischung\/\" \/>\n<meta property=\"og:site_name\" content=\"B\u00fckki Gy\u00f3gytea Web\u00e1ruh\u00e1z\" \/>\n<meta property=\"article:publisher\" content=\"https:\/\/www.facebook.com\/bukkigyogytea\/\" \/>\n<meta property=\"article:modified_time\" content=\"2025-03-22T01:00:06+00:00\" \/>\n<meta property=\"og:image\" content=\"https:\/\/bukkigyogytea.com\/wp-content\/uploads\/2019\/10\/FB-OG-feketeribizllis.jpg\" \/>\n<meta name=\"twitter:card\" content=\"summary_large_image\" \/>\n<meta name=\"twitter:label1\" content=\"Gesch\u00e4tzte Lesezeit\" \/>\n\t<meta name=\"twitter:data1\" content=\"1\u00a0Minute\" \/>\n<script type=\"application\/ld+json\" class=\"yoast-schema-graph\">{\"@context\":\"https:\/\/schema.org\",\"@graph\":[{\"@type\":\"WebPage\",\"@id\":\"https:\/\/bukkigyogytea.com\/de\/produkt\/schwarze-johannisbeerblatterteemischung\/\",\"url\":\"https:\/\/bukkigyogytea.com\/de\/produkt\/schwarze-johannisbeerblatterteemischung\/\",\"name\":\"Schwarze Johannisbeerbl\u00e4tterteemischung &#8211; B\u00fckki Gy\u00f3gytea Web\u00e1ruh\u00e1z\",\"isPartOf\":{\"@id\":\"https:\/\/bukkigyogytea.com\/de\/#website\"},\"primaryImageOfPage\":{\"@id\":\"https:\/\/bukkigyogytea.com\/de\/produkt\/schwarze-johannisbeerblatterteemischung\/#primaryimage\"},\"image\":{\"@id\":\"https:\/\/bukkigyogytea.com\/de\/produkt\/schwarze-johannisbeerblatterteemischung\/#primaryimage\"},\"thumbnailUrl\":\"https:\/\/bukkigyogytea.com\/wp-content\/uploads\/2019\/10\/fekete_ribizlileveles-bal-1.png\",\"datePublished\":\"2019-10-17T11:19:19+00:00\",\"dateModified\":\"2025-03-22T01:00:06+00:00\",\"breadcrumb\":{\"@id\":\"https:\/\/bukkigyogytea.com\/de\/produkt\/schwarze-johannisbeerblatterteemischung\/#breadcrumb\"},\"inLanguage\":\"de\",\"potentialAction\":[{\"@type\":\"ReadAction\",\"target\":[\"https:\/\/bukkigyogytea.com\/de\/produkt\/schwarze-johannisbeerblatterteemischung\/\"]}]},{\"@type\":\"ImageObject\",\"inLanguage\":\"de\",\"@id\":\"https:\/\/bukkigyogytea.com\/de\/produkt\/schwarze-johannisbeerblatterteemischung\/#primaryimage\",\"url\":\"https:\/\/bukkigyogytea.com\/wp-content\/uploads\/2019\/10\/fekete_ribizlileveles-bal-1.png\",\"contentUrl\":\"https:\/\/bukkigyogytea.com\/wp-content\/uploads\/2019\/10\/fekete_ribizlileveles-bal-1.png\",\"width\":550,\"height\":550},{\"@type\":\"BreadcrumbList\",\"@id\":\"https:\/\/bukkigyogytea.com\/de\/produkt\/schwarze-johannisbeerblatterteemischung\/#breadcrumb\",\"itemListElement\":[{\"@type\":\"ListItem\",\"position\":1,\"name\":\"Home\",\"item\":\"https:\/\/bukkigyogytea.com\/de\/\"},{\"@type\":\"ListItem\",\"position\":2,\"name\":\"Produkte\",\"item\":\"https:\/\/bukkigyogytea.com\/de\/shop\/\"},{\"@type\":\"ListItem\",\"position\":3,\"name\":\"Teemischungen\",\"item\":\"https:\/\/bukkigyogytea.com\/de\/Produktkategorie\/teemischungen\/\"},{\"@type\":\"ListItem\",\"position\":4,\"name\":\"Schwarze Johannisbeerbl\u00e4tterteemischung\"}]},{\"@type\":\"WebSite\",\"@id\":\"https:\/\/bukkigyogytea.com\/de\/#website\",\"url\":\"https:\/\/bukkigyogytea.com\/de\/\",\"name\":\"B\u00fckki Gy\u00f3gytea Web\u00e1ruh\u00e1z\",\"description\":\"Gy\u00f6rgytea hivatalos viszontelad\u00f3\",\"publisher\":{\"@id\":\"https:\/\/bukkigyogytea.com\/de\/#organization\"},\"potentialAction\":[{\"@type\":\"SearchAction\",\"target\":{\"@type\":\"EntryPoint\",\"urlTemplate\":\"https:\/\/bukkigyogytea.com\/de\/?s={search_term_string}\"},\"query-input\":{\"@type\":\"PropertyValueSpecification\",\"valueRequired\":true,\"valueName\":\"search_term_string\"}}],\"inLanguage\":\"de\"},{\"@type\":\"Organization\",\"@id\":\"https:\/\/bukkigyogytea.com\/de\/#organization\",\"name\":\"B\u00fckki Gy\u00f3gytea Web\u00e1ruh\u00e1z\",\"url\":\"https:\/\/bukkigyogytea.com\/de\/\",\"logo\":{\"@type\":\"ImageObject\",\"inLanguage\":\"de\",\"@id\":\"https:\/\/bukkigyogytea.com\/de\/#\/schema\/logo\/image\/\",\"url\":\"https:\/\/i0.wp.com\/bukkigyogytea.com\/wp-content\/uploads\/2020\/05\/Sitelogo-1.jpg?fit=350%2C85&ssl=1\",\"contentUrl\":\"https:\/\/i0.wp.com\/bukkigyogytea.com\/wp-content\/uploads\/2020\/05\/Sitelogo-1.jpg?fit=350%2C85&ssl=1\",\"width\":350,\"height\":85,\"caption\":\"B\u00fckki Gy\u00f3gytea Web\u00e1ruh\u00e1z\"},\"image\":{\"@id\":\"https:\/\/bukkigyogytea.com\/de\/#\/schema\/logo\/image\/\"},\"sameAs\":[\"https:\/\/www.facebook.com\/bukkigyogytea\/\"]}]}<\/script>\n<!-- \/ Yoast SEO plugin. -->","yoast_head_json":{"title":"Schwarze Johannisbeerbl\u00e4tterteemischung &#8211; B\u00fckki Gy\u00f3gytea Web\u00e1ruh\u00e1z","robots":{"index":"index","follow":"follow","max-snippet":"max-snippet:-1","max-image-preview":"max-image-preview:large","max-video-preview":"max-video-preview:-1"},"canonical":"https:\/\/bukkigyogytea.com\/de\/produkt\/schwarze-johannisbeerblatterteemischung\/","og_locale":"de_DE","og_type":"article","og_title":"Schwarze Johannisbeerbl\u00e4tterteemischung &#8211; B\u00fckki Gy\u00f3gytea Web\u00e1ruh\u00e1z","og_description":"Schwarze Johannisbeerbl\u00e4tterteemischung zur Linderung der Symptome von Rheuma und Gicht Die Kr\u00e4uter in der Johannisbeerbl\u00e4tterteemischung haben entz\u00fcndungshemmende Eigenschaften, senken den Harns\u00e4urespiegel und st\u00e4rken das Immunsystem und tragen so zur Linderung der Symptome von Rheuma und Gicht bei. Zusammensetzung: Blatt der schwarzen Johannisbeere, Blatt der wilden Brombeere, Blatt der Birke, Blatt der wilden Himbeere. Vorbereitung. Verwenden ... Weiterlesen ...","og_url":"https:\/\/bukkigyogytea.com\/de\/produkt\/schwarze-johannisbeerblatterteemischung\/","og_site_name":"B\u00fckki Gy\u00f3gytea Web\u00e1ruh\u00e1z","article_publisher":"https:\/\/www.facebook.com\/bukkigyogytea\/","article_modified_time":"2025-03-22T01:00:06+00:00","og_image":[{"url":"https:\/\/bukkigyogytea.com\/wp-content\/uploads\/2019\/10\/FB-OG-feketeribizllis.jpg","type":"","width":"","height":""}],"twitter_card":"summary_large_image","twitter_misc":{"Gesch\u00e4tzte Lesezeit":"1\u00a0Minute"},"schema":{"@context":"https:\/\/schema.org","@graph":[{"@type":"WebPage","@id":"https:\/\/bukkigyogytea.com\/de\/produkt\/schwarze-johannisbeerblatterteemischung\/","url":"https:\/\/bukkigyogytea.com\/de\/produkt\/schwarze-johannisbeerblatterteemischung\/","name":"Schwarze Johannisbeerbl\u00e4tterteemischung &#8211; B\u00fckki Gy\u00f3gytea Web\u00e1ruh\u00e1z","isPartOf":{"@id":"https:\/\/bukkigyogytea.com\/de\/#website"},"primaryImageOfPage":{"@id":"https:\/\/bukkigyogytea.com\/de\/produkt\/schwarze-johannisbeerblatterteemischung\/#primaryimage"},"image":{"@id":"https:\/\/bukkigyogytea.com\/de\/produkt\/schwarze-johannisbeerblatterteemischung\/#primaryimage"},"thumbnailUrl":"https:\/\/bukkigyogytea.com\/wp-content\/uploads\/2019\/10\/fekete_ribizlileveles-bal-1.png","datePublished":"2019-10-17T11:19:19+00:00","dateModified":"2025-03-22T01:00:06+00:00","breadcrumb":{"@id":"https:\/\/bukkigyogytea.com\/de\/produkt\/schwarze-johannisbeerblatterteemischung\/#breadcrumb"},"inLanguage":"de","potentialAction":[{"@type":"ReadAction","target":["https:\/\/bukkigyogytea.com\/de\/produkt\/schwarze-johannisbeerblatterteemischung\/"]}]},{"@type":"ImageObject","inLanguage":"de","@id":"https:\/\/bukkigyogytea.com\/de\/produkt\/schwarze-johannisbeerblatterteemischung\/#primaryimage","url":"https:\/\/bukkigyogytea.com\/wp-content\/uploads\/2019\/10\/fekete_ribizlileveles-bal-1.png","contentUrl":"https:\/\/bukkigyogytea.com\/wp-content\/uploads\/2019\/10\/fekete_ribizlileveles-bal-1.png","width":550,"height":550},{"@type":"BreadcrumbList","@id":"https:\/\/bukkigyogytea.com\/de\/produkt\/schwarze-johannisbeerblatterteemischung\/#breadcrumb","itemListElement":[{"@type":"ListItem","position":1,"name":"Home","item":"https:\/\/bukkigyogytea.com\/de\/"},{"@type":"ListItem","position":2,"name":"Produkte","item":"https:\/\/bukkigyogytea.com\/de\/shop\/"},{"@type":"ListItem","position":3,"name":"Teemischungen","item":"https:\/\/bukkigyogytea.com\/de\/Produktkategorie\/teemischungen\/"},{"@type":"ListItem","position":4,"name":"Schwarze Johannisbeerbl\u00e4tterteemischung"}]},{"@type":"WebSite","@id":"https:\/\/bukkigyogytea.com\/de\/#website","url":"https:\/\/bukkigyogytea.com\/de\/","name":"B\u00fckki Gy\u00f3gytea Web\u00e1ruh\u00e1z","description":"Gy\u00f6rgytea hivatalos viszontelad\u00f3","publisher":{"@id":"https:\/\/bukkigyogytea.com\/de\/#organization"},"potentialAction":[{"@type":"SearchAction","target":{"@type":"EntryPoint","urlTemplate":"https:\/\/bukkigyogytea.com\/de\/?s={search_term_string}"},"query-input":{"@type":"PropertyValueSpecification","valueRequired":true,"valueName":"search_term_string"}}],"inLanguage":"de"},{"@type":"Organization","@id":"https:\/\/bukkigyogytea.com\/de\/#organization","name":"B\u00fckki Gy\u00f3gytea Web\u00e1ruh\u00e1z","url":"https:\/\/bukkigyogytea.com\/de\/","logo":{"@type":"ImageObject","inLanguage":"de","@id":"https:\/\/bukkigyogytea.com\/de\/#\/schema\/logo\/image\/","url":"https:\/\/i0.wp.com\/bukkigyogytea.com\/wp-content\/uploads\/2020\/05\/Sitelogo-1.jpg?fit=350%2C85&ssl=1","contentUrl":"https:\/\/i0.wp.com\/bukkigyogytea.com\/wp-content\/uploads\/2020\/05\/Sitelogo-1.jpg?fit=350%2C85&ssl=1","width":350,"height":85,"caption":"B\u00fckki Gy\u00f3gytea Web\u00e1ruh\u00e1z"},"image":{"@id":"https:\/\/bukkigyogytea.com\/de\/#\/schema\/logo\/image\/"},"sameAs":["https:\/\/www.facebook.com\/bukkigyogytea\/"]}]}},"publishpress_future_action":{"enabled":false,"date":"2026-05-02 22:55:00","action":"change-status","newStatus":"draft","terms":[],"taxonomy":"product_type","extraData":[]},"publishpress_future_workflow_manual_trigger":{"enabledWorkflows":[]},"_links":{"self":[{"href":"https:\/\/bukkigyogytea.com\/de\/wp-json\/wp\/v2\/product\/5419","targetHints":{"allow":["GET"]}}],"collection":[{"href":"https:\/\/bukkigyogytea.com\/de\/wp-json\/wp\/v2\/product"}],"about":[{"href":"https:\/\/bukkigyogytea.com\/de\/wp-json\/wp\/v2\/types\/product"}],"replies":[{"embeddable":true,"href":"https:\/\/bukkigyogytea.com\/de\/wp-json\/wp\/v2\/comments?post=5419"}],"wp:featuredmedia":[{"embeddable":true,"href":"https:\/\/bukkigyogytea.com\/de\/wp-json\/wp\/v2\/media\/5420"}],"wp:attachment":[{"href":"https:\/\/bukkigyogytea.com\/de\/wp-json\/wp\/v2\/media?parent=5419"}],"wp:term":[{"taxonomy":"product_brand","embeddable":true,"href":"https:\/\/bukkigyogytea.com\/de\/wp-json\/wp\/v2\/product_brand?post=5419"},{"taxonomy":"product_cat","embeddable":true,"href":"https:\/\/bukkigyogytea.com\/de\/wp-json\/wp\/v2\/product_cat?post=5419"},{"taxonomy":"product_tag","embeddable":true,"href":"https:\/\/bukkigyogytea.com\/de\/wp-json\/wp\/v2\/product_tag?post=5419"}],"curies":[{"name":"wp","href":"https:\/\/api.w.org\/{rel}","templated":true}]}}