{"id":5416,"date":"2020-04-30T14:54:53","date_gmt":"2020-04-30T12:54:53","guid":{"rendered":"https:\/\/bukkigyogytea.com\/termek\/alkoholische-extrakt-aus-brennnesselblattern\/"},"modified":"2022-11-01T00:00:52","modified_gmt":"2022-10-31T23:00:52","slug":"alkoholische-extrakt-aus-brennnesselblattern","status":"publish","type":"product","link":"https:\/\/bukkigyogytea.com\/de\/produkt\/alkoholische-extrakt-aus-brennnesselblattern\/","title":{"rendered":"Alkoholische Extrakt aus Brennnesselbl\u00e4ttern"},"content":{"rendered":"<p>Der alkoholische Extrakt aus Brennnesselbl\u00e4ttern hat vor allem blutreinigende, harntreibende und entz\u00fcndungshemmende Wirkungen. Es kann zur Behandlung von Gelenkerkrankungen und Harnwegsbeschwerden eingesetzt werden. Urtica dioica folium<\/p>\n<p><strong>Verzehr:<\/strong><\/p>\n<p>3 x 20 Tropfen pro Tag nach den Mahlzeiten. \u00dcberschreiten Sie nicht die empfohlene Tagesdosis.<\/p>\n<p><strong>Kontraindikationen:<\/strong><\/p>\n<p>Nicht empfohlen in Kombination mit alkoholhaltigen Pr\u00e4paraten. W\u00e4hrend der Schwangerschaft und Stillzeit wird es nicht empfohlen. Es wird nicht f\u00fcr Kinder unter 14 Jahren empfohlen.<\/p>\n<p><strong>Komponenten:<\/strong><\/p>\n<p>Wasser, Ethylalkohol, Brennnesselbl\u00e4tter (Urtica dioica folium). Alkoholgehalt: 25% (v\/v)<\/p>\n<p><strong>Lagerung:<\/strong><\/p>\n<p>Bei Zimmertemperatur. Au\u00dferhalb der Reichweite von Kleinkindern aufbewahren!<\/p>\n","protected":false},"excerpt":{"rendered":"<p>Der alkoholische Extrakt aus Brennnesselbl\u00e4ttern hat vor allem blutreinigende, harntreibende und entz\u00fcndungshemmende Wirkungen. Es kann zur Behandlung von Gelenkerkrankungen und Harnwegsbeschwerden eingesetzt werden. Urtica dioica folium Verzehr: 3 x 20 Tropfen pro Tag nach den Mahlzeiten. \u00dcberschreiten Sie nicht die empfohlene Tagesdosis. Kontraindikationen: Nicht empfohlen in Kombination mit alkoholhaltigen Pr\u00e4paraten. W\u00e4hrend der Schwangerschaft und Stillzeit &#8230; <a title=\"Alkoholische Extrakt aus Brennnesselbl\u00e4ttern\" class=\"read-more\" href=\"https:\/\/bukkigyogytea.com\/de\/produkt\/alkoholische-extrakt-aus-brennnesselblattern\/\" aria-label=\"Mehr Informationen \u00fcber Alkoholische Extrakt aus Brennnesselbl\u00e4ttern\">Weiterlesen &#8230;<\/a><\/p>\n","protected":false},"featured_media":5410,"comment_status":"open","ping_status":"closed","template":"","meta":{"_acf_changed":false},"product_brand":[],"product_cat":[198],"product_tag":[],"class_list":{"0":"post-5416","1":"product","2":"type-product","3":"status-publish","4":"has-post-thumbnail","6":"product_cat-krauterextrakte","7":"sales-flash-overlay","8":"woocommerce-text-align-center","9":"woocommerce-image-align-center","10":"do-quantity-buttons","12":"first","13":"instock","14":"taxable","15":"shipping-taxable","16":"purchasable","17":"product-type-simple"},"acf":{"blog_termekleiras":""},"yoast_head":"<!-- This site is optimized with the Yoast SEO plugin v26.9 - https:\/\/yoast.com\/product\/yoast-seo-wordpress\/ -->\n<title>Alkoholische Extrakt aus Brennnesselbl\u00e4ttern &#8211; B\u00fckki Gy\u00f3gytea Web\u00e1ruh\u00e1z<\/title>\n<meta name=\"robots\" content=\"index, follow, max-snippet:-1, max-image-preview:large, max-video-preview:-1\" \/>\n<link rel=\"canonical\" href=\"https:\/\/bukkigyogytea.com\/de\/produkt\/alkoholische-extrakt-aus-brennnesselblattern\/\" \/>\n<meta property=\"og:locale\" content=\"de_DE\" \/>\n<meta property=\"og:type\" content=\"article\" \/>\n<meta property=\"og:title\" content=\"Alkoholische Extrakt aus Brennnesselbl\u00e4ttern &#8211; B\u00fckki Gy\u00f3gytea Web\u00e1ruh\u00e1z\" \/>\n<meta property=\"og:description\" content=\"Der alkoholische Extrakt aus Brennnesselbl\u00e4ttern hat vor allem blutreinigende, harntreibende und entz\u00fcndungshemmende Wirkungen. Es kann zur Behandlung von Gelenkerkrankungen und Harnwegsbeschwerden eingesetzt werden. Urtica dioica folium Verzehr: 3 x 20 Tropfen pro Tag nach den Mahlzeiten. \u00dcberschreiten Sie nicht die empfohlene Tagesdosis. Kontraindikationen: Nicht empfohlen in Kombination mit alkoholhaltigen Pr\u00e4paraten. W\u00e4hrend der Schwangerschaft und Stillzeit ... Weiterlesen ...\" \/>\n<meta property=\"og:url\" content=\"https:\/\/bukkigyogytea.com\/de\/produkt\/alkoholische-extrakt-aus-brennnesselblattern\/\" \/>\n<meta property=\"og:site_name\" content=\"B\u00fckki Gy\u00f3gytea Web\u00e1ruh\u00e1z\" \/>\n<meta property=\"article:publisher\" content=\"https:\/\/www.facebook.com\/bukkigyogytea\/\" \/>\n<meta property=\"article:modified_time\" content=\"2022-10-31T23:00:52+00:00\" \/>\n<meta property=\"og:image\" content=\"https:\/\/bukkigyogytea.com\/wp-content\/uploads\/2020\/04\/og-csalan-ak.jpg\" \/>\n<meta name=\"twitter:card\" content=\"summary_large_image\" \/>\n<script type=\"application\/ld+json\" class=\"yoast-schema-graph\">{\"@context\":\"https:\/\/schema.org\",\"@graph\":[{\"@type\":\"WebPage\",\"@id\":\"https:\/\/bukkigyogytea.com\/de\/produkt\/alkoholische-extrakt-aus-brennnesselblattern\/\",\"url\":\"https:\/\/bukkigyogytea.com\/de\/produkt\/alkoholische-extrakt-aus-brennnesselblattern\/\",\"name\":\"Alkoholische Extrakt aus Brennnesselbl\u00e4ttern &#8211; B\u00fckki Gy\u00f3gytea Web\u00e1ruh\u00e1z\",\"isPartOf\":{\"@id\":\"https:\/\/bukkigyogytea.com\/de\/#website\"},\"primaryImageOfPage\":{\"@id\":\"https:\/\/bukkigyogytea.com\/de\/produkt\/alkoholische-extrakt-aus-brennnesselblattern\/#primaryimage\"},\"image\":{\"@id\":\"https:\/\/bukkigyogytea.com\/de\/produkt\/alkoholische-extrakt-aus-brennnesselblattern\/#primaryimage\"},\"thumbnailUrl\":\"https:\/\/bukkigyogytea.com\/wp-content\/uploads\/2020\/04\/tinktura_csalanlevel-uveg-doboz-bal-3000x3000-900.png\",\"datePublished\":\"2020-04-30T12:54:53+00:00\",\"dateModified\":\"2022-10-31T23:00:52+00:00\",\"breadcrumb\":{\"@id\":\"https:\/\/bukkigyogytea.com\/de\/produkt\/alkoholische-extrakt-aus-brennnesselblattern\/#breadcrumb\"},\"inLanguage\":\"de\",\"potentialAction\":[{\"@type\":\"ReadAction\",\"target\":[\"https:\/\/bukkigyogytea.com\/de\/produkt\/alkoholische-extrakt-aus-brennnesselblattern\/\"]}]},{\"@type\":\"ImageObject\",\"inLanguage\":\"de\",\"@id\":\"https:\/\/bukkigyogytea.com\/de\/produkt\/alkoholische-extrakt-aus-brennnesselblattern\/#primaryimage\",\"url\":\"https:\/\/bukkigyogytea.com\/wp-content\/uploads\/2020\/04\/tinktura_csalanlevel-uveg-doboz-bal-3000x3000-900.png\",\"contentUrl\":\"https:\/\/bukkigyogytea.com\/wp-content\/uploads\/2020\/04\/tinktura_csalanlevel-uveg-doboz-bal-3000x3000-900.png\",\"width\":900,\"height\":900,\"caption\":\"Csal\u00e1nlev\u00e9l alkoholos kivonat 50 ml\"},{\"@type\":\"BreadcrumbList\",\"@id\":\"https:\/\/bukkigyogytea.com\/de\/produkt\/alkoholische-extrakt-aus-brennnesselblattern\/#breadcrumb\",\"itemListElement\":[{\"@type\":\"ListItem\",\"position\":1,\"name\":\"Home\",\"item\":\"https:\/\/bukkigyogytea.com\/de\/\"},{\"@type\":\"ListItem\",\"position\":2,\"name\":\"Produkte\",\"item\":\"https:\/\/bukkigyogytea.com\/de\/shop\/\"},{\"@type\":\"ListItem\",\"position\":3,\"name\":\"Kr\u00e4uterextrakte\",\"item\":\"https:\/\/bukkigyogytea.com\/de\/Produktkategorie\/krauterextrakte\/\"},{\"@type\":\"ListItem\",\"position\":4,\"name\":\"Alkoholische Extrakt aus Brennnesselbl\u00e4ttern\"}]},{\"@type\":\"WebSite\",\"@id\":\"https:\/\/bukkigyogytea.com\/de\/#website\",\"url\":\"https:\/\/bukkigyogytea.com\/de\/\",\"name\":\"B\u00fckki Gy\u00f3gytea Web\u00e1ruh\u00e1z\",\"description\":\"Gy\u00f6rgytea hivatalos viszontelad\u00f3\",\"publisher\":{\"@id\":\"https:\/\/bukkigyogytea.com\/de\/#organization\"},\"potentialAction\":[{\"@type\":\"SearchAction\",\"target\":{\"@type\":\"EntryPoint\",\"urlTemplate\":\"https:\/\/bukkigyogytea.com\/de\/?s={search_term_string}\"},\"query-input\":{\"@type\":\"PropertyValueSpecification\",\"valueRequired\":true,\"valueName\":\"search_term_string\"}}],\"inLanguage\":\"de\"},{\"@type\":\"Organization\",\"@id\":\"https:\/\/bukkigyogytea.com\/de\/#organization\",\"name\":\"B\u00fckki Gy\u00f3gytea Web\u00e1ruh\u00e1z\",\"url\":\"https:\/\/bukkigyogytea.com\/de\/\",\"logo\":{\"@type\":\"ImageObject\",\"inLanguage\":\"de\",\"@id\":\"https:\/\/bukkigyogytea.com\/de\/#\/schema\/logo\/image\/\",\"url\":\"https:\/\/i0.wp.com\/bukkigyogytea.com\/wp-content\/uploads\/2020\/05\/Sitelogo-1.jpg?fit=350%2C85&ssl=1\",\"contentUrl\":\"https:\/\/i0.wp.com\/bukkigyogytea.com\/wp-content\/uploads\/2020\/05\/Sitelogo-1.jpg?fit=350%2C85&ssl=1\",\"width\":350,\"height\":85,\"caption\":\"B\u00fckki Gy\u00f3gytea Web\u00e1ruh\u00e1z\"},\"image\":{\"@id\":\"https:\/\/bukkigyogytea.com\/de\/#\/schema\/logo\/image\/\"},\"sameAs\":[\"https:\/\/www.facebook.com\/bukkigyogytea\/\"]}]}<\/script>\n<!-- \/ Yoast SEO plugin. -->","yoast_head_json":{"title":"Alkoholische Extrakt aus Brennnesselbl\u00e4ttern &#8211; B\u00fckki Gy\u00f3gytea Web\u00e1ruh\u00e1z","robots":{"index":"index","follow":"follow","max-snippet":"max-snippet:-1","max-image-preview":"max-image-preview:large","max-video-preview":"max-video-preview:-1"},"canonical":"https:\/\/bukkigyogytea.com\/de\/produkt\/alkoholische-extrakt-aus-brennnesselblattern\/","og_locale":"de_DE","og_type":"article","og_title":"Alkoholische Extrakt aus Brennnesselbl\u00e4ttern &#8211; B\u00fckki Gy\u00f3gytea Web\u00e1ruh\u00e1z","og_description":"Der alkoholische Extrakt aus Brennnesselbl\u00e4ttern hat vor allem blutreinigende, harntreibende und entz\u00fcndungshemmende Wirkungen. Es kann zur Behandlung von Gelenkerkrankungen und Harnwegsbeschwerden eingesetzt werden. Urtica dioica folium Verzehr: 3 x 20 Tropfen pro Tag nach den Mahlzeiten. \u00dcberschreiten Sie nicht die empfohlene Tagesdosis. Kontraindikationen: Nicht empfohlen in Kombination mit alkoholhaltigen Pr\u00e4paraten. W\u00e4hrend der Schwangerschaft und Stillzeit ... Weiterlesen ...","og_url":"https:\/\/bukkigyogytea.com\/de\/produkt\/alkoholische-extrakt-aus-brennnesselblattern\/","og_site_name":"B\u00fckki Gy\u00f3gytea Web\u00e1ruh\u00e1z","article_publisher":"https:\/\/www.facebook.com\/bukkigyogytea\/","article_modified_time":"2022-10-31T23:00:52+00:00","og_image":[{"url":"https:\/\/bukkigyogytea.com\/wp-content\/uploads\/2020\/04\/og-csalan-ak.jpg","type":"","width":"","height":""}],"twitter_card":"summary_large_image","schema":{"@context":"https:\/\/schema.org","@graph":[{"@type":"WebPage","@id":"https:\/\/bukkigyogytea.com\/de\/produkt\/alkoholische-extrakt-aus-brennnesselblattern\/","url":"https:\/\/bukkigyogytea.com\/de\/produkt\/alkoholische-extrakt-aus-brennnesselblattern\/","name":"Alkoholische Extrakt aus Brennnesselbl\u00e4ttern &#8211; B\u00fckki Gy\u00f3gytea Web\u00e1ruh\u00e1z","isPartOf":{"@id":"https:\/\/bukkigyogytea.com\/de\/#website"},"primaryImageOfPage":{"@id":"https:\/\/bukkigyogytea.com\/de\/produkt\/alkoholische-extrakt-aus-brennnesselblattern\/#primaryimage"},"image":{"@id":"https:\/\/bukkigyogytea.com\/de\/produkt\/alkoholische-extrakt-aus-brennnesselblattern\/#primaryimage"},"thumbnailUrl":"https:\/\/bukkigyogytea.com\/wp-content\/uploads\/2020\/04\/tinktura_csalanlevel-uveg-doboz-bal-3000x3000-900.png","datePublished":"2020-04-30T12:54:53+00:00","dateModified":"2022-10-31T23:00:52+00:00","breadcrumb":{"@id":"https:\/\/bukkigyogytea.com\/de\/produkt\/alkoholische-extrakt-aus-brennnesselblattern\/#breadcrumb"},"inLanguage":"de","potentialAction":[{"@type":"ReadAction","target":["https:\/\/bukkigyogytea.com\/de\/produkt\/alkoholische-extrakt-aus-brennnesselblattern\/"]}]},{"@type":"ImageObject","inLanguage":"de","@id":"https:\/\/bukkigyogytea.com\/de\/produkt\/alkoholische-extrakt-aus-brennnesselblattern\/#primaryimage","url":"https:\/\/bukkigyogytea.com\/wp-content\/uploads\/2020\/04\/tinktura_csalanlevel-uveg-doboz-bal-3000x3000-900.png","contentUrl":"https:\/\/bukkigyogytea.com\/wp-content\/uploads\/2020\/04\/tinktura_csalanlevel-uveg-doboz-bal-3000x3000-900.png","width":900,"height":900,"caption":"Csal\u00e1nlev\u00e9l alkoholos kivonat 50 ml"},{"@type":"BreadcrumbList","@id":"https:\/\/bukkigyogytea.com\/de\/produkt\/alkoholische-extrakt-aus-brennnesselblattern\/#breadcrumb","itemListElement":[{"@type":"ListItem","position":1,"name":"Home","item":"https:\/\/bukkigyogytea.com\/de\/"},{"@type":"ListItem","position":2,"name":"Produkte","item":"https:\/\/bukkigyogytea.com\/de\/shop\/"},{"@type":"ListItem","position":3,"name":"Kr\u00e4uterextrakte","item":"https:\/\/bukkigyogytea.com\/de\/Produktkategorie\/krauterextrakte\/"},{"@type":"ListItem","position":4,"name":"Alkoholische Extrakt aus Brennnesselbl\u00e4ttern"}]},{"@type":"WebSite","@id":"https:\/\/bukkigyogytea.com\/de\/#website","url":"https:\/\/bukkigyogytea.com\/de\/","name":"B\u00fckki Gy\u00f3gytea Web\u00e1ruh\u00e1z","description":"Gy\u00f6rgytea hivatalos viszontelad\u00f3","publisher":{"@id":"https:\/\/bukkigyogytea.com\/de\/#organization"},"potentialAction":[{"@type":"SearchAction","target":{"@type":"EntryPoint","urlTemplate":"https:\/\/bukkigyogytea.com\/de\/?s={search_term_string}"},"query-input":{"@type":"PropertyValueSpecification","valueRequired":true,"valueName":"search_term_string"}}],"inLanguage":"de"},{"@type":"Organization","@id":"https:\/\/bukkigyogytea.com\/de\/#organization","name":"B\u00fckki Gy\u00f3gytea Web\u00e1ruh\u00e1z","url":"https:\/\/bukkigyogytea.com\/de\/","logo":{"@type":"ImageObject","inLanguage":"de","@id":"https:\/\/bukkigyogytea.com\/de\/#\/schema\/logo\/image\/","url":"https:\/\/i0.wp.com\/bukkigyogytea.com\/wp-content\/uploads\/2020\/05\/Sitelogo-1.jpg?fit=350%2C85&ssl=1","contentUrl":"https:\/\/i0.wp.com\/bukkigyogytea.com\/wp-content\/uploads\/2020\/05\/Sitelogo-1.jpg?fit=350%2C85&ssl=1","width":350,"height":85,"caption":"B\u00fckki Gy\u00f3gytea Web\u00e1ruh\u00e1z"},"image":{"@id":"https:\/\/bukkigyogytea.com\/de\/#\/schema\/logo\/image\/"},"sameAs":["https:\/\/www.facebook.com\/bukkigyogytea\/"]}]}},"publishpress_future_action":{"enabled":false,"date":"2026-04-17 22:55:00","action":"change-status","newStatus":"draft","terms":[],"taxonomy":"product_type","extraData":[]},"publishpress_future_workflow_manual_trigger":{"enabledWorkflows":[]},"_links":{"self":[{"href":"https:\/\/bukkigyogytea.com\/de\/wp-json\/wp\/v2\/product\/5416","targetHints":{"allow":["GET"]}}],"collection":[{"href":"https:\/\/bukkigyogytea.com\/de\/wp-json\/wp\/v2\/product"}],"about":[{"href":"https:\/\/bukkigyogytea.com\/de\/wp-json\/wp\/v2\/types\/product"}],"replies":[{"embeddable":true,"href":"https:\/\/bukkigyogytea.com\/de\/wp-json\/wp\/v2\/comments?post=5416"}],"wp:featuredmedia":[{"embeddable":true,"href":"https:\/\/bukkigyogytea.com\/de\/wp-json\/wp\/v2\/media\/5410"}],"wp:attachment":[{"href":"https:\/\/bukkigyogytea.com\/de\/wp-json\/wp\/v2\/media?parent=5416"}],"wp:term":[{"taxonomy":"product_brand","embeddable":true,"href":"https:\/\/bukkigyogytea.com\/de\/wp-json\/wp\/v2\/product_brand?post=5416"},{"taxonomy":"product_cat","embeddable":true,"href":"https:\/\/bukkigyogytea.com\/de\/wp-json\/wp\/v2\/product_cat?post=5416"},{"taxonomy":"product_tag","embeddable":true,"href":"https:\/\/bukkigyogytea.com\/de\/wp-json\/wp\/v2\/product_tag?post=5416"}],"curies":[{"name":"wp","href":"https:\/\/api.w.org\/{rel}","templated":true}]}}