{"id":5409,"date":"2020-04-30T14:41:56","date_gmt":"2020-04-30T12:41:56","guid":{"rendered":"https:\/\/bukkigyogytea.com\/termek\/alkoholische-extrakt-aus-zitronengras\/"},"modified":"2023-08-01T01:00:10","modified_gmt":"2023-07-31T23:00:10","slug":"alkoholische-extrakt-aus-zitronengras","status":"publish","type":"product","link":"https:\/\/bukkigyogytea.com\/de\/produkt\/alkoholische-extrakt-aus-zitronengras\/","title":{"rendered":"Alkoholische Extrakt aus Zitronengras"},"content":{"rendered":"<p>Der alkoholische Extrakt aus Zitronengras hat eine beruhigende Wirkung, eignet sich ebenso zum Abbau von Stress und Angstzust\u00e4nden, zur St\u00e4rkung der Nerven und zur Linderung von Schlafbeschwerden. \u00c4u\u00dferlich kann es auch bei der Behandlung von Fieberbl\u00e4schen helfen. Melissa officinalis herbae<\/p>\n<p><strong>Verzehr:<\/strong><\/p>\n<p>3 x 20 Tropfen pro Tag nach den Mahlzeiten. \u00dcberschreiten Sie nicht die empfohlene Tagesdosis.<\/p>\n<p><strong>Kontraindikationen:<\/strong><\/p>\n<p>Nicht empfohlen bei Produkten, die mit Alkohol interagieren. W\u00e4hrend der Schwangerschaft und Stillzeit wird es nicht empfohlen. Es wird nicht f\u00fcr Kinder unter 14 Jahren empfohlen.<\/p>\n<p><strong>Komponenten:<\/strong><\/p>\n<p>Wasser, Ethylalkohol, Zitronengras (Melissa officinalis herbae). Alkoholgehalt: 25% (v\/v)<\/p>\n<p><strong>Lagerung:<\/strong><\/p>\n<p>Zimmertemperatur. Au\u00dferhalb der Reichweite von Kleinkindern aufbewahren!<\/p>\n","protected":false},"excerpt":{"rendered":"<p>Der alkoholische Extrakt aus Zitronengras hat eine beruhigende Wirkung, eignet sich ebenso zum Abbau von Stress und Angstzust\u00e4nden, zur St\u00e4rkung der Nerven und zur Linderung von Schlafbeschwerden. \u00c4u\u00dferlich kann es auch bei der Behandlung von Fieberbl\u00e4schen helfen. Melissa officinalis herbae Verzehr: 3 x 20 Tropfen pro Tag nach den Mahlzeiten. \u00dcberschreiten Sie nicht die empfohlene &#8230; <a title=\"Alkoholische Extrakt aus Zitronengras\" class=\"read-more\" href=\"https:\/\/bukkigyogytea.com\/de\/produkt\/alkoholische-extrakt-aus-zitronengras\/\" aria-label=\"Mehr Informationen \u00fcber Alkoholische Extrakt aus Zitronengras\">Weiterlesen &#8230;<\/a><\/p>\n","protected":false},"featured_media":5412,"comment_status":"open","ping_status":"closed","template":"","meta":{"_acf_changed":false},"product_brand":[],"product_cat":[198],"product_tag":[],"class_list":{"0":"post-5409","1":"product","2":"type-product","3":"status-publish","4":"has-post-thumbnail","6":"product_cat-krauterextrakte","7":"sales-flash-overlay","8":"woocommerce-text-align-center","9":"woocommerce-image-align-center","10":"do-quantity-buttons","12":"first","13":"instock","14":"taxable","15":"shipping-taxable","16":"purchasable","17":"product-type-simple"},"acf":{"blog_termekleiras":""},"yoast_head":"<!-- This site is optimized with the Yoast SEO plugin v26.9 - https:\/\/yoast.com\/product\/yoast-seo-wordpress\/ -->\n<title>Alkoholische Extrakt aus Zitronengras &#8211; B\u00fckki Gy\u00f3gytea Web\u00e1ruh\u00e1z<\/title>\n<meta name=\"robots\" content=\"index, follow, max-snippet:-1, max-image-preview:large, max-video-preview:-1\" \/>\n<link rel=\"canonical\" href=\"https:\/\/bukkigyogytea.com\/de\/produkt\/alkoholische-extrakt-aus-zitronengras\/\" \/>\n<meta property=\"og:locale\" content=\"de_DE\" \/>\n<meta property=\"og:type\" content=\"article\" \/>\n<meta property=\"og:title\" content=\"Alkoholische Extrakt aus Zitronengras &#8211; B\u00fckki Gy\u00f3gytea Web\u00e1ruh\u00e1z\" \/>\n<meta property=\"og:description\" content=\"Der alkoholische Extrakt aus Zitronengras hat eine beruhigende Wirkung, eignet sich ebenso zum Abbau von Stress und Angstzust\u00e4nden, zur St\u00e4rkung der Nerven und zur Linderung von Schlafbeschwerden. \u00c4u\u00dferlich kann es auch bei der Behandlung von Fieberbl\u00e4schen helfen. Melissa officinalis herbae Verzehr: 3 x 20 Tropfen pro Tag nach den Mahlzeiten. \u00dcberschreiten Sie nicht die empfohlene ... Weiterlesen ...\" \/>\n<meta property=\"og:url\" content=\"https:\/\/bukkigyogytea.com\/de\/produkt\/alkoholische-extrakt-aus-zitronengras\/\" \/>\n<meta property=\"og:site_name\" content=\"B\u00fckki Gy\u00f3gytea Web\u00e1ruh\u00e1z\" \/>\n<meta property=\"article:publisher\" content=\"https:\/\/www.facebook.com\/bukkigyogytea\/\" \/>\n<meta property=\"article:modified_time\" content=\"2023-07-31T23:00:10+00:00\" \/>\n<meta property=\"og:image\" content=\"https:\/\/bukkigyogytea.com\/wp-content\/uploads\/2020\/04\/og-citromfu-ak.jpg\" \/>\n<meta name=\"twitter:card\" content=\"summary_large_image\" \/>\n<meta name=\"twitter:label1\" content=\"Gesch\u00e4tzte Lesezeit\" \/>\n\t<meta name=\"twitter:data1\" content=\"1\u00a0Minute\" \/>\n<script type=\"application\/ld+json\" class=\"yoast-schema-graph\">{\"@context\":\"https:\/\/schema.org\",\"@graph\":[{\"@type\":\"WebPage\",\"@id\":\"https:\/\/bukkigyogytea.com\/de\/produkt\/alkoholische-extrakt-aus-zitronengras\/\",\"url\":\"https:\/\/bukkigyogytea.com\/de\/produkt\/alkoholische-extrakt-aus-zitronengras\/\",\"name\":\"Alkoholische Extrakt aus Zitronengras &#8211; B\u00fckki Gy\u00f3gytea Web\u00e1ruh\u00e1z\",\"isPartOf\":{\"@id\":\"https:\/\/bukkigyogytea.com\/de\/#website\"},\"primaryImageOfPage\":{\"@id\":\"https:\/\/bukkigyogytea.com\/de\/produkt\/alkoholische-extrakt-aus-zitronengras\/#primaryimage\"},\"image\":{\"@id\":\"https:\/\/bukkigyogytea.com\/de\/produkt\/alkoholische-extrakt-aus-zitronengras\/#primaryimage\"},\"thumbnailUrl\":\"https:\/\/bukkigyogytea.com\/wp-content\/uploads\/2020\/04\/tinktura_citromfu-uveg-doboz-bal-3000x3000-900.png\",\"datePublished\":\"2020-04-30T12:41:56+00:00\",\"dateModified\":\"2023-07-31T23:00:10+00:00\",\"breadcrumb\":{\"@id\":\"https:\/\/bukkigyogytea.com\/de\/produkt\/alkoholische-extrakt-aus-zitronengras\/#breadcrumb\"},\"inLanguage\":\"de\",\"potentialAction\":[{\"@type\":\"ReadAction\",\"target\":[\"https:\/\/bukkigyogytea.com\/de\/produkt\/alkoholische-extrakt-aus-zitronengras\/\"]}]},{\"@type\":\"ImageObject\",\"inLanguage\":\"de\",\"@id\":\"https:\/\/bukkigyogytea.com\/de\/produkt\/alkoholische-extrakt-aus-zitronengras\/#primaryimage\",\"url\":\"https:\/\/bukkigyogytea.com\/wp-content\/uploads\/2020\/04\/tinktura_citromfu-uveg-doboz-bal-3000x3000-900.png\",\"contentUrl\":\"https:\/\/bukkigyogytea.com\/wp-content\/uploads\/2020\/04\/tinktura_citromfu-uveg-doboz-bal-3000x3000-900.png\",\"width\":900,\"height\":900,\"caption\":\"Citromf\u0171 alkoholos kivonat 50 ml\"},{\"@type\":\"BreadcrumbList\",\"@id\":\"https:\/\/bukkigyogytea.com\/de\/produkt\/alkoholische-extrakt-aus-zitronengras\/#breadcrumb\",\"itemListElement\":[{\"@type\":\"ListItem\",\"position\":1,\"name\":\"Home\",\"item\":\"https:\/\/bukkigyogytea.com\/de\/\"},{\"@type\":\"ListItem\",\"position\":2,\"name\":\"Produkte\",\"item\":\"https:\/\/bukkigyogytea.com\/de\/shop\/\"},{\"@type\":\"ListItem\",\"position\":3,\"name\":\"Kr\u00e4uterextrakte\",\"item\":\"https:\/\/bukkigyogytea.com\/de\/Produktkategorie\/krauterextrakte\/\"},{\"@type\":\"ListItem\",\"position\":4,\"name\":\"Alkoholische Extrakt aus Zitronengras\"}]},{\"@type\":\"WebSite\",\"@id\":\"https:\/\/bukkigyogytea.com\/de\/#website\",\"url\":\"https:\/\/bukkigyogytea.com\/de\/\",\"name\":\"B\u00fckki Gy\u00f3gytea Web\u00e1ruh\u00e1z\",\"description\":\"Gy\u00f6rgytea hivatalos viszontelad\u00f3\",\"publisher\":{\"@id\":\"https:\/\/bukkigyogytea.com\/de\/#organization\"},\"potentialAction\":[{\"@type\":\"SearchAction\",\"target\":{\"@type\":\"EntryPoint\",\"urlTemplate\":\"https:\/\/bukkigyogytea.com\/de\/?s={search_term_string}\"},\"query-input\":{\"@type\":\"PropertyValueSpecification\",\"valueRequired\":true,\"valueName\":\"search_term_string\"}}],\"inLanguage\":\"de\"},{\"@type\":\"Organization\",\"@id\":\"https:\/\/bukkigyogytea.com\/de\/#organization\",\"name\":\"B\u00fckki Gy\u00f3gytea Web\u00e1ruh\u00e1z\",\"url\":\"https:\/\/bukkigyogytea.com\/de\/\",\"logo\":{\"@type\":\"ImageObject\",\"inLanguage\":\"de\",\"@id\":\"https:\/\/bukkigyogytea.com\/de\/#\/schema\/logo\/image\/\",\"url\":\"https:\/\/i0.wp.com\/bukkigyogytea.com\/wp-content\/uploads\/2020\/05\/Sitelogo-1.jpg?fit=350%2C85&ssl=1\",\"contentUrl\":\"https:\/\/i0.wp.com\/bukkigyogytea.com\/wp-content\/uploads\/2020\/05\/Sitelogo-1.jpg?fit=350%2C85&ssl=1\",\"width\":350,\"height\":85,\"caption\":\"B\u00fckki Gy\u00f3gytea Web\u00e1ruh\u00e1z\"},\"image\":{\"@id\":\"https:\/\/bukkigyogytea.com\/de\/#\/schema\/logo\/image\/\"},\"sameAs\":[\"https:\/\/www.facebook.com\/bukkigyogytea\/\"]}]}<\/script>\n<!-- \/ Yoast SEO plugin. -->","yoast_head_json":{"title":"Alkoholische Extrakt aus Zitronengras &#8211; B\u00fckki Gy\u00f3gytea Web\u00e1ruh\u00e1z","robots":{"index":"index","follow":"follow","max-snippet":"max-snippet:-1","max-image-preview":"max-image-preview:large","max-video-preview":"max-video-preview:-1"},"canonical":"https:\/\/bukkigyogytea.com\/de\/produkt\/alkoholische-extrakt-aus-zitronengras\/","og_locale":"de_DE","og_type":"article","og_title":"Alkoholische Extrakt aus Zitronengras &#8211; B\u00fckki Gy\u00f3gytea Web\u00e1ruh\u00e1z","og_description":"Der alkoholische Extrakt aus Zitronengras hat eine beruhigende Wirkung, eignet sich ebenso zum Abbau von Stress und Angstzust\u00e4nden, zur St\u00e4rkung der Nerven und zur Linderung von Schlafbeschwerden. \u00c4u\u00dferlich kann es auch bei der Behandlung von Fieberbl\u00e4schen helfen. Melissa officinalis herbae Verzehr: 3 x 20 Tropfen pro Tag nach den Mahlzeiten. \u00dcberschreiten Sie nicht die empfohlene ... Weiterlesen ...","og_url":"https:\/\/bukkigyogytea.com\/de\/produkt\/alkoholische-extrakt-aus-zitronengras\/","og_site_name":"B\u00fckki Gy\u00f3gytea Web\u00e1ruh\u00e1z","article_publisher":"https:\/\/www.facebook.com\/bukkigyogytea\/","article_modified_time":"2023-07-31T23:00:10+00:00","og_image":[{"url":"https:\/\/bukkigyogytea.com\/wp-content\/uploads\/2020\/04\/og-citromfu-ak.jpg","type":"","width":"","height":""}],"twitter_card":"summary_large_image","twitter_misc":{"Gesch\u00e4tzte Lesezeit":"1\u00a0Minute"},"schema":{"@context":"https:\/\/schema.org","@graph":[{"@type":"WebPage","@id":"https:\/\/bukkigyogytea.com\/de\/produkt\/alkoholische-extrakt-aus-zitronengras\/","url":"https:\/\/bukkigyogytea.com\/de\/produkt\/alkoholische-extrakt-aus-zitronengras\/","name":"Alkoholische Extrakt aus Zitronengras &#8211; B\u00fckki Gy\u00f3gytea Web\u00e1ruh\u00e1z","isPartOf":{"@id":"https:\/\/bukkigyogytea.com\/de\/#website"},"primaryImageOfPage":{"@id":"https:\/\/bukkigyogytea.com\/de\/produkt\/alkoholische-extrakt-aus-zitronengras\/#primaryimage"},"image":{"@id":"https:\/\/bukkigyogytea.com\/de\/produkt\/alkoholische-extrakt-aus-zitronengras\/#primaryimage"},"thumbnailUrl":"https:\/\/bukkigyogytea.com\/wp-content\/uploads\/2020\/04\/tinktura_citromfu-uveg-doboz-bal-3000x3000-900.png","datePublished":"2020-04-30T12:41:56+00:00","dateModified":"2023-07-31T23:00:10+00:00","breadcrumb":{"@id":"https:\/\/bukkigyogytea.com\/de\/produkt\/alkoholische-extrakt-aus-zitronengras\/#breadcrumb"},"inLanguage":"de","potentialAction":[{"@type":"ReadAction","target":["https:\/\/bukkigyogytea.com\/de\/produkt\/alkoholische-extrakt-aus-zitronengras\/"]}]},{"@type":"ImageObject","inLanguage":"de","@id":"https:\/\/bukkigyogytea.com\/de\/produkt\/alkoholische-extrakt-aus-zitronengras\/#primaryimage","url":"https:\/\/bukkigyogytea.com\/wp-content\/uploads\/2020\/04\/tinktura_citromfu-uveg-doboz-bal-3000x3000-900.png","contentUrl":"https:\/\/bukkigyogytea.com\/wp-content\/uploads\/2020\/04\/tinktura_citromfu-uveg-doboz-bal-3000x3000-900.png","width":900,"height":900,"caption":"Citromf\u0171 alkoholos kivonat 50 ml"},{"@type":"BreadcrumbList","@id":"https:\/\/bukkigyogytea.com\/de\/produkt\/alkoholische-extrakt-aus-zitronengras\/#breadcrumb","itemListElement":[{"@type":"ListItem","position":1,"name":"Home","item":"https:\/\/bukkigyogytea.com\/de\/"},{"@type":"ListItem","position":2,"name":"Produkte","item":"https:\/\/bukkigyogytea.com\/de\/shop\/"},{"@type":"ListItem","position":3,"name":"Kr\u00e4uterextrakte","item":"https:\/\/bukkigyogytea.com\/de\/Produktkategorie\/krauterextrakte\/"},{"@type":"ListItem","position":4,"name":"Alkoholische Extrakt aus Zitronengras"}]},{"@type":"WebSite","@id":"https:\/\/bukkigyogytea.com\/de\/#website","url":"https:\/\/bukkigyogytea.com\/de\/","name":"B\u00fckki Gy\u00f3gytea Web\u00e1ruh\u00e1z","description":"Gy\u00f6rgytea hivatalos viszontelad\u00f3","publisher":{"@id":"https:\/\/bukkigyogytea.com\/de\/#organization"},"potentialAction":[{"@type":"SearchAction","target":{"@type":"EntryPoint","urlTemplate":"https:\/\/bukkigyogytea.com\/de\/?s={search_term_string}"},"query-input":{"@type":"PropertyValueSpecification","valueRequired":true,"valueName":"search_term_string"}}],"inLanguage":"de"},{"@type":"Organization","@id":"https:\/\/bukkigyogytea.com\/de\/#organization","name":"B\u00fckki Gy\u00f3gytea Web\u00e1ruh\u00e1z","url":"https:\/\/bukkigyogytea.com\/de\/","logo":{"@type":"ImageObject","inLanguage":"de","@id":"https:\/\/bukkigyogytea.com\/de\/#\/schema\/logo\/image\/","url":"https:\/\/i0.wp.com\/bukkigyogytea.com\/wp-content\/uploads\/2020\/05\/Sitelogo-1.jpg?fit=350%2C85&ssl=1","contentUrl":"https:\/\/i0.wp.com\/bukkigyogytea.com\/wp-content\/uploads\/2020\/05\/Sitelogo-1.jpg?fit=350%2C85&ssl=1","width":350,"height":85,"caption":"B\u00fckki Gy\u00f3gytea Web\u00e1ruh\u00e1z"},"image":{"@id":"https:\/\/bukkigyogytea.com\/de\/#\/schema\/logo\/image\/"},"sameAs":["https:\/\/www.facebook.com\/bukkigyogytea\/"]}]}},"publishpress_future_action":{"enabled":false,"date":"2026-05-04 22:55:00","action":"change-status","newStatus":"draft","terms":[],"taxonomy":"product_type","extraData":[]},"publishpress_future_workflow_manual_trigger":{"enabledWorkflows":[]},"_links":{"self":[{"href":"https:\/\/bukkigyogytea.com\/de\/wp-json\/wp\/v2\/product\/5409","targetHints":{"allow":["GET"]}}],"collection":[{"href":"https:\/\/bukkigyogytea.com\/de\/wp-json\/wp\/v2\/product"}],"about":[{"href":"https:\/\/bukkigyogytea.com\/de\/wp-json\/wp\/v2\/types\/product"}],"replies":[{"embeddable":true,"href":"https:\/\/bukkigyogytea.com\/de\/wp-json\/wp\/v2\/comments?post=5409"}],"wp:featuredmedia":[{"embeddable":true,"href":"https:\/\/bukkigyogytea.com\/de\/wp-json\/wp\/v2\/media\/5412"}],"wp:attachment":[{"href":"https:\/\/bukkigyogytea.com\/de\/wp-json\/wp\/v2\/media?parent=5409"}],"wp:term":[{"taxonomy":"product_brand","embeddable":true,"href":"https:\/\/bukkigyogytea.com\/de\/wp-json\/wp\/v2\/product_brand?post=5409"},{"taxonomy":"product_cat","embeddable":true,"href":"https:\/\/bukkigyogytea.com\/de\/wp-json\/wp\/v2\/product_cat?post=5409"},{"taxonomy":"product_tag","embeddable":true,"href":"https:\/\/bukkigyogytea.com\/de\/wp-json\/wp\/v2\/product_tag?post=5409"}],"curies":[{"name":"wp","href":"https:\/\/api.w.org\/{rel}","templated":true}]}}