{"id":5128,"date":"2018-09-06T11:14:42","date_gmt":"2018-09-06T09:14:42","guid":{"rendered":"https:\/\/bukkigyogytea.com\/termek\/weidenroschen-blutentrieb\/"},"modified":"2022-11-01T00:01:16","modified_gmt":"2022-10-31T23:01:16","slug":"weidenroschen-blutentrieb","status":"publish","type":"product","link":"https:\/\/bukkigyogytea.com\/de\/produkt\/weidenroschen-blutentrieb\/","title":{"rendered":"Weidenr\u00f6schen Bl\u00fctentrieb"},"content":{"rendered":"<p><strong>Zubereitung:<\/strong><\/p>\n<p>Einen geh\u00e4uften Essl\u00f6ffel (3 g) Teemischung mit 2,5 dl Wasser aufkochen, nach 15 Minuten filtern. Bitte keinen Metallfilter verwenden.<\/p>\n<p><strong>Gebrauch:<\/strong><\/p>\n<p>Verzehr vor den Mahlzeiten, vorzugsweise ohne Zugabe von Zusatzstoffen<strong><br \/>\n<\/strong><\/p>\n<p><strong>Trinkempfehlung<\/strong>:<\/p>\n<p>Sie k\u00f6nnen ein-zwei Tassen pro Tag f\u00fcr unbegrenzte Zeit trinken.<\/p>\n<p><strong>Kontraindikationen:<\/strong><\/p>\n<p>Nicht empfohlen f\u00fcr Kinder unter 12 Jahren.<\/p>\n<p><strong>Zutaten:<\/strong><\/p>\n<p>Weidenr\u00f6schen (Epilobii herba)<\/p>\n<p><strong>Lagerung:<\/strong><\/p>\n<p>Nach dem \u00d6ffnen an einem k\u00fchlen, trockenen Ort f\u00fcr Kinder unzug\u00e4nglich aufbewahren.<\/p>\n<p><strong>Vertreiber:<\/strong><\/p>\n<p>Pharmaherb Kft. 3557 B\u00fckkszentkereszt, \u0150z utca 7.<\/p>\n<p>&nbsp;<\/p>\n","protected":false},"excerpt":{"rendered":"<p>Zubereitung: Einen geh\u00e4uften Essl\u00f6ffel (3 g) Teemischung mit 2,5 dl Wasser aufkochen, nach 15 Minuten filtern. Bitte keinen Metallfilter verwenden. Gebrauch: Verzehr vor den Mahlzeiten, vorzugsweise ohne Zugabe von Zusatzstoffen Trinkempfehlung: Sie k\u00f6nnen ein-zwei Tassen pro Tag f\u00fcr unbegrenzte Zeit trinken. Kontraindikationen: Nicht empfohlen f\u00fcr Kinder unter 12 Jahren. Zutaten: Weidenr\u00f6schen (Epilobii herba) Lagerung: Nach &#8230; <a title=\"Weidenr\u00f6schen Bl\u00fctentrieb\" class=\"read-more\" href=\"https:\/\/bukkigyogytea.com\/de\/produkt\/weidenroschen-blutentrieb\/\" aria-label=\"Mehr Informationen \u00fcber Weidenr\u00f6schen Bl\u00fctentrieb\">Weiterlesen &#8230;<\/a><\/p>\n","protected":false},"featured_media":5708,"comment_status":"open","ping_status":"closed","template":"","meta":{"_acf_changed":false},"product_brand":[],"product_cat":[195],"product_tag":[],"class_list":{"0":"post-5128","1":"product","2":"type-product","3":"status-publish","4":"has-post-thumbnail","6":"product_cat-einzeltees","7":"sales-flash-overlay","8":"woocommerce-text-align-center","9":"woocommerce-image-align-center","10":"do-quantity-buttons","12":"first","13":"instock","14":"taxable","15":"shipping-taxable","16":"purchasable","17":"product-type-simple"},"acf":{"blog_termekleiras":""},"yoast_head":"<!-- This site is optimized with the Yoast SEO plugin v26.9 - https:\/\/yoast.com\/product\/yoast-seo-wordpress\/ -->\n<title>Weidenr\u00f6schen Bl\u00fctentrieb &#8211; B\u00fckki Gy\u00f3gytea Web\u00e1ruh\u00e1z<\/title>\n<meta name=\"robots\" content=\"index, follow, max-snippet:-1, max-image-preview:large, max-video-preview:-1\" \/>\n<link rel=\"canonical\" href=\"https:\/\/bukkigyogytea.com\/de\/produkt\/weidenroschen-blutentrieb\/\" \/>\n<meta property=\"og:locale\" content=\"de_DE\" \/>\n<meta property=\"og:type\" content=\"article\" \/>\n<meta property=\"og:title\" content=\"Weidenr\u00f6schen Bl\u00fctentrieb &#8211; B\u00fckki Gy\u00f3gytea Web\u00e1ruh\u00e1z\" \/>\n<meta property=\"og:description\" content=\"Zubereitung: Einen geh\u00e4uften Essl\u00f6ffel (3 g) Teemischung mit 2,5 dl Wasser aufkochen, nach 15 Minuten filtern. Bitte keinen Metallfilter verwenden. Gebrauch: Verzehr vor den Mahlzeiten, vorzugsweise ohne Zugabe von Zusatzstoffen Trinkempfehlung: Sie k\u00f6nnen ein-zwei Tassen pro Tag f\u00fcr unbegrenzte Zeit trinken. Kontraindikationen: Nicht empfohlen f\u00fcr Kinder unter 12 Jahren. Zutaten: Weidenr\u00f6schen (Epilobii herba) Lagerung: Nach ... Weiterlesen ...\" \/>\n<meta property=\"og:url\" content=\"https:\/\/bukkigyogytea.com\/de\/produkt\/weidenroschen-blutentrieb\/\" \/>\n<meta property=\"og:site_name\" content=\"B\u00fckki Gy\u00f3gytea Web\u00e1ruh\u00e1z\" \/>\n<meta property=\"article:publisher\" content=\"https:\/\/www.facebook.com\/bukkigyogytea\/\" \/>\n<meta property=\"article:modified_time\" content=\"2022-10-31T23:01:16+00:00\" \/>\n<meta property=\"og:image\" content=\"https:\/\/i0.wp.com\/bukkigyogytea.com\/wp-content\/uploads\/2018\/09\/14-kisviragu_fuzike-bal.png?fit=550%2C550&ssl=1\" \/>\n\t<meta property=\"og:image:width\" content=\"550\" \/>\n\t<meta property=\"og:image:height\" content=\"550\" \/>\n\t<meta property=\"og:image:type\" content=\"image\/png\" \/>\n<meta name=\"twitter:card\" content=\"summary_large_image\" \/>\n<script type=\"application\/ld+json\" class=\"yoast-schema-graph\">{\"@context\":\"https:\/\/schema.org\",\"@graph\":[{\"@type\":\"WebPage\",\"@id\":\"https:\/\/bukkigyogytea.com\/de\/produkt\/weidenroschen-blutentrieb\/\",\"url\":\"https:\/\/bukkigyogytea.com\/de\/produkt\/weidenroschen-blutentrieb\/\",\"name\":\"Weidenr\u00f6schen Bl\u00fctentrieb &#8211; B\u00fckki Gy\u00f3gytea Web\u00e1ruh\u00e1z\",\"isPartOf\":{\"@id\":\"https:\/\/bukkigyogytea.com\/de\/#website\"},\"primaryImageOfPage\":{\"@id\":\"https:\/\/bukkigyogytea.com\/de\/produkt\/weidenroschen-blutentrieb\/#primaryimage\"},\"image\":{\"@id\":\"https:\/\/bukkigyogytea.com\/de\/produkt\/weidenroschen-blutentrieb\/#primaryimage\"},\"thumbnailUrl\":\"https:\/\/bukkigyogytea.com\/wp-content\/uploads\/2018\/09\/14-kisviragu_fuzike-bal.png\",\"datePublished\":\"2018-09-06T09:14:42+00:00\",\"dateModified\":\"2022-10-31T23:01:16+00:00\",\"breadcrumb\":{\"@id\":\"https:\/\/bukkigyogytea.com\/de\/produkt\/weidenroschen-blutentrieb\/#breadcrumb\"},\"inLanguage\":\"de\",\"potentialAction\":[{\"@type\":\"ReadAction\",\"target\":[\"https:\/\/bukkigyogytea.com\/de\/produkt\/weidenroschen-blutentrieb\/\"]}]},{\"@type\":\"ImageObject\",\"inLanguage\":\"de\",\"@id\":\"https:\/\/bukkigyogytea.com\/de\/produkt\/weidenroschen-blutentrieb\/#primaryimage\",\"url\":\"https:\/\/bukkigyogytea.com\/wp-content\/uploads\/2018\/09\/14-kisviragu_fuzike-bal.png\",\"contentUrl\":\"https:\/\/bukkigyogytea.com\/wp-content\/uploads\/2018\/09\/14-kisviragu_fuzike-bal.png\",\"width\":550,\"height\":550,\"caption\":\"Kisvir\u00e1g\u00fa f\u00fczike vir\u00e1gos hajt\u00e1s - 50g\"},{\"@type\":\"BreadcrumbList\",\"@id\":\"https:\/\/bukkigyogytea.com\/de\/produkt\/weidenroschen-blutentrieb\/#breadcrumb\",\"itemListElement\":[{\"@type\":\"ListItem\",\"position\":1,\"name\":\"Home\",\"item\":\"https:\/\/bukkigyogytea.com\/de\/\"},{\"@type\":\"ListItem\",\"position\":2,\"name\":\"Produkte\",\"item\":\"https:\/\/bukkigyogytea.com\/de\/shop\/\"},{\"@type\":\"ListItem\",\"position\":3,\"name\":\"Einzeltees\",\"item\":\"https:\/\/bukkigyogytea.com\/de\/Produktkategorie\/einzeltees\/\"},{\"@type\":\"ListItem\",\"position\":4,\"name\":\"Weidenr\u00f6schen Bl\u00fctentrieb\"}]},{\"@type\":\"WebSite\",\"@id\":\"https:\/\/bukkigyogytea.com\/de\/#website\",\"url\":\"https:\/\/bukkigyogytea.com\/de\/\",\"name\":\"B\u00fckki Gy\u00f3gytea Web\u00e1ruh\u00e1z\",\"description\":\"Gy\u00f6rgytea hivatalos viszontelad\u00f3\",\"publisher\":{\"@id\":\"https:\/\/bukkigyogytea.com\/de\/#organization\"},\"potentialAction\":[{\"@type\":\"SearchAction\",\"target\":{\"@type\":\"EntryPoint\",\"urlTemplate\":\"https:\/\/bukkigyogytea.com\/de\/?s={search_term_string}\"},\"query-input\":{\"@type\":\"PropertyValueSpecification\",\"valueRequired\":true,\"valueName\":\"search_term_string\"}}],\"inLanguage\":\"de\"},{\"@type\":\"Organization\",\"@id\":\"https:\/\/bukkigyogytea.com\/de\/#organization\",\"name\":\"B\u00fckki Gy\u00f3gytea Web\u00e1ruh\u00e1z\",\"url\":\"https:\/\/bukkigyogytea.com\/de\/\",\"logo\":{\"@type\":\"ImageObject\",\"inLanguage\":\"de\",\"@id\":\"https:\/\/bukkigyogytea.com\/de\/#\/schema\/logo\/image\/\",\"url\":\"https:\/\/i0.wp.com\/bukkigyogytea.com\/wp-content\/uploads\/2020\/05\/Sitelogo-1.jpg?fit=350%2C85&ssl=1\",\"contentUrl\":\"https:\/\/i0.wp.com\/bukkigyogytea.com\/wp-content\/uploads\/2020\/05\/Sitelogo-1.jpg?fit=350%2C85&ssl=1\",\"width\":350,\"height\":85,\"caption\":\"B\u00fckki Gy\u00f3gytea Web\u00e1ruh\u00e1z\"},\"image\":{\"@id\":\"https:\/\/bukkigyogytea.com\/de\/#\/schema\/logo\/image\/\"},\"sameAs\":[\"https:\/\/www.facebook.com\/bukkigyogytea\/\"]}]}<\/script>\n<!-- \/ Yoast SEO plugin. -->","yoast_head_json":{"title":"Weidenr\u00f6schen Bl\u00fctentrieb &#8211; B\u00fckki Gy\u00f3gytea Web\u00e1ruh\u00e1z","robots":{"index":"index","follow":"follow","max-snippet":"max-snippet:-1","max-image-preview":"max-image-preview:large","max-video-preview":"max-video-preview:-1"},"canonical":"https:\/\/bukkigyogytea.com\/de\/produkt\/weidenroschen-blutentrieb\/","og_locale":"de_DE","og_type":"article","og_title":"Weidenr\u00f6schen Bl\u00fctentrieb &#8211; B\u00fckki Gy\u00f3gytea Web\u00e1ruh\u00e1z","og_description":"Zubereitung: Einen geh\u00e4uften Essl\u00f6ffel (3 g) Teemischung mit 2,5 dl Wasser aufkochen, nach 15 Minuten filtern. Bitte keinen Metallfilter verwenden. Gebrauch: Verzehr vor den Mahlzeiten, vorzugsweise ohne Zugabe von Zusatzstoffen Trinkempfehlung: Sie k\u00f6nnen ein-zwei Tassen pro Tag f\u00fcr unbegrenzte Zeit trinken. Kontraindikationen: Nicht empfohlen f\u00fcr Kinder unter 12 Jahren. Zutaten: Weidenr\u00f6schen (Epilobii herba) Lagerung: Nach ... Weiterlesen ...","og_url":"https:\/\/bukkigyogytea.com\/de\/produkt\/weidenroschen-blutentrieb\/","og_site_name":"B\u00fckki Gy\u00f3gytea Web\u00e1ruh\u00e1z","article_publisher":"https:\/\/www.facebook.com\/bukkigyogytea\/","article_modified_time":"2022-10-31T23:01:16+00:00","og_image":[{"width":550,"height":550,"url":"https:\/\/i0.wp.com\/bukkigyogytea.com\/wp-content\/uploads\/2018\/09\/14-kisviragu_fuzike-bal.png?fit=550%2C550&ssl=1","type":"image\/png"}],"twitter_card":"summary_large_image","schema":{"@context":"https:\/\/schema.org","@graph":[{"@type":"WebPage","@id":"https:\/\/bukkigyogytea.com\/de\/produkt\/weidenroschen-blutentrieb\/","url":"https:\/\/bukkigyogytea.com\/de\/produkt\/weidenroschen-blutentrieb\/","name":"Weidenr\u00f6schen Bl\u00fctentrieb &#8211; B\u00fckki Gy\u00f3gytea Web\u00e1ruh\u00e1z","isPartOf":{"@id":"https:\/\/bukkigyogytea.com\/de\/#website"},"primaryImageOfPage":{"@id":"https:\/\/bukkigyogytea.com\/de\/produkt\/weidenroschen-blutentrieb\/#primaryimage"},"image":{"@id":"https:\/\/bukkigyogytea.com\/de\/produkt\/weidenroschen-blutentrieb\/#primaryimage"},"thumbnailUrl":"https:\/\/bukkigyogytea.com\/wp-content\/uploads\/2018\/09\/14-kisviragu_fuzike-bal.png","datePublished":"2018-09-06T09:14:42+00:00","dateModified":"2022-10-31T23:01:16+00:00","breadcrumb":{"@id":"https:\/\/bukkigyogytea.com\/de\/produkt\/weidenroschen-blutentrieb\/#breadcrumb"},"inLanguage":"de","potentialAction":[{"@type":"ReadAction","target":["https:\/\/bukkigyogytea.com\/de\/produkt\/weidenroschen-blutentrieb\/"]}]},{"@type":"ImageObject","inLanguage":"de","@id":"https:\/\/bukkigyogytea.com\/de\/produkt\/weidenroschen-blutentrieb\/#primaryimage","url":"https:\/\/bukkigyogytea.com\/wp-content\/uploads\/2018\/09\/14-kisviragu_fuzike-bal.png","contentUrl":"https:\/\/bukkigyogytea.com\/wp-content\/uploads\/2018\/09\/14-kisviragu_fuzike-bal.png","width":550,"height":550,"caption":"Kisvir\u00e1g\u00fa f\u00fczike vir\u00e1gos hajt\u00e1s - 50g"},{"@type":"BreadcrumbList","@id":"https:\/\/bukkigyogytea.com\/de\/produkt\/weidenroschen-blutentrieb\/#breadcrumb","itemListElement":[{"@type":"ListItem","position":1,"name":"Home","item":"https:\/\/bukkigyogytea.com\/de\/"},{"@type":"ListItem","position":2,"name":"Produkte","item":"https:\/\/bukkigyogytea.com\/de\/shop\/"},{"@type":"ListItem","position":3,"name":"Einzeltees","item":"https:\/\/bukkigyogytea.com\/de\/Produktkategorie\/einzeltees\/"},{"@type":"ListItem","position":4,"name":"Weidenr\u00f6schen Bl\u00fctentrieb"}]},{"@type":"WebSite","@id":"https:\/\/bukkigyogytea.com\/de\/#website","url":"https:\/\/bukkigyogytea.com\/de\/","name":"B\u00fckki Gy\u00f3gytea Web\u00e1ruh\u00e1z","description":"Gy\u00f6rgytea hivatalos viszontelad\u00f3","publisher":{"@id":"https:\/\/bukkigyogytea.com\/de\/#organization"},"potentialAction":[{"@type":"SearchAction","target":{"@type":"EntryPoint","urlTemplate":"https:\/\/bukkigyogytea.com\/de\/?s={search_term_string}"},"query-input":{"@type":"PropertyValueSpecification","valueRequired":true,"valueName":"search_term_string"}}],"inLanguage":"de"},{"@type":"Organization","@id":"https:\/\/bukkigyogytea.com\/de\/#organization","name":"B\u00fckki Gy\u00f3gytea Web\u00e1ruh\u00e1z","url":"https:\/\/bukkigyogytea.com\/de\/","logo":{"@type":"ImageObject","inLanguage":"de","@id":"https:\/\/bukkigyogytea.com\/de\/#\/schema\/logo\/image\/","url":"https:\/\/i0.wp.com\/bukkigyogytea.com\/wp-content\/uploads\/2020\/05\/Sitelogo-1.jpg?fit=350%2C85&ssl=1","contentUrl":"https:\/\/i0.wp.com\/bukkigyogytea.com\/wp-content\/uploads\/2020\/05\/Sitelogo-1.jpg?fit=350%2C85&ssl=1","width":350,"height":85,"caption":"B\u00fckki Gy\u00f3gytea Web\u00e1ruh\u00e1z"},"image":{"@id":"https:\/\/bukkigyogytea.com\/de\/#\/schema\/logo\/image\/"},"sameAs":["https:\/\/www.facebook.com\/bukkigyogytea\/"]}]}},"publishpress_future_action":{"enabled":false,"date":"2026-04-22 22:55:00","action":"change-status","newStatus":"draft","terms":[],"taxonomy":"product_type","extraData":[]},"publishpress_future_workflow_manual_trigger":{"enabledWorkflows":[]},"_links":{"self":[{"href":"https:\/\/bukkigyogytea.com\/de\/wp-json\/wp\/v2\/product\/5128","targetHints":{"allow":["GET"]}}],"collection":[{"href":"https:\/\/bukkigyogytea.com\/de\/wp-json\/wp\/v2\/product"}],"about":[{"href":"https:\/\/bukkigyogytea.com\/de\/wp-json\/wp\/v2\/types\/product"}],"replies":[{"embeddable":true,"href":"https:\/\/bukkigyogytea.com\/de\/wp-json\/wp\/v2\/comments?post=5128"}],"wp:featuredmedia":[{"embeddable":true,"href":"https:\/\/bukkigyogytea.com\/de\/wp-json\/wp\/v2\/media\/5708"}],"wp:attachment":[{"href":"https:\/\/bukkigyogytea.com\/de\/wp-json\/wp\/v2\/media?parent=5128"}],"wp:term":[{"taxonomy":"product_brand","embeddable":true,"href":"https:\/\/bukkigyogytea.com\/de\/wp-json\/wp\/v2\/product_brand?post=5128"},{"taxonomy":"product_cat","embeddable":true,"href":"https:\/\/bukkigyogytea.com\/de\/wp-json\/wp\/v2\/product_cat?post=5128"},{"taxonomy":"product_tag","embeddable":true,"href":"https:\/\/bukkigyogytea.com\/de\/wp-json\/wp\/v2\/product_tag?post=5128"}],"curies":[{"name":"wp","href":"https:\/\/api.w.org\/{rel}","templated":true}]}}