{"id":4975,"date":"2020-07-02T13:54:28","date_gmt":"2020-07-02T11:54:28","guid":{"rendered":"https:\/\/bukkigyogytea.com\/termek\/baldrian-teemischung-beruhigungstee-100g\/"},"modified":"2024-11-06T12:25:33","modified_gmt":"2024-11-06T11:25:33","slug":"baldrian-teemischung-beruhigungstee-100g","status":"publish","type":"product","link":"https:\/\/bukkigyogytea.com\/de\/produkt\/baldrian-teemischung-beruhigungstee-100g\/","title":{"rendered":"Baldrian Teemischung (Beruhigungstee) &#8211; 100g"},"content":{"rendered":"<p><strong>Viele Menschen haben Schlafprobleme:<\/strong> Manche k\u00f6nnen nicht einschlafen, andere wachen nachts h\u00e4ufig auf und w\u00e4lzen sich dann stundenlang herum. F\u00fcr sie kann die Baldrian-Teemischung (Beruhigungstee) von Onkel Gyuri hilfreich sein. Baldrian z\u00e4hlt zu den heute bekanntesten und wirksamsten beruhigenden Heilpflanzen.<\/p>\n<h3>Zusammensetzung<\/h3>\n<p>Melissenbl\u00e4tter, Schwarze Johannisbeerbl\u00e4tter, Baldrianwurzel (19 %), Hopfenzapfen, Lindenbl\u00fcten<\/p>\n<h3>Zubereitung<\/h3>\n<p>Einen gestrichenen Essl\u00f6ffel (3 g) Kr\u00e4utermischung mit 2,5 dl Wasser \u00fcbergie\u00dfen und nach 30 Minuten abseihen. Verwenden Sie kein Metallsieb. (Aufgrund der Wurzelkomponenten ist es wichtig, die mindestens 30-min\u00fctige Einweichzeit einzuhalten.)<\/p>\n<h3>Verzehr<\/h3>\n<p>Trinken Sie den Tee eine halbe Stunde vor dem Schlafengehen, vorzugsweise ohne S\u00fc\u00dfungsmittel. T\u00e4glich eine Tasse kann unbegrenzt lange getrunken werden.<\/p>\n<h3>Gegenanzeigen<\/h3>\n<p>Nicht empfohlen w\u00e4hrend der Schwangerschaft, Stillzeit, bei Einnahme von Antidepressiva oder Schlafmitteln sowie f\u00fcr Kinder unter 12 Jahren.<\/p>\n","protected":false},"excerpt":{"rendered":"<p>Die Baldrian-Teemischung kann bei Schlafst\u00f6rungen, anhaltendem Stress und Ersch\u00f6pfung zu einem friedlichen, ruhigen und erholsamen Schlaf beitragen. 100 % nat\u00fcrlich.<\/p>\n","protected":false},"featured_media":4844,"comment_status":"open","ping_status":"closed","template":"","meta":{"_acf_changed":false},"product_brand":[],"product_cat":[196],"product_tag":[],"class_list":{"0":"post-4975","1":"product","2":"type-product","3":"status-publish","4":"has-post-thumbnail","6":"product_cat-teemischungen","7":"sales-flash-overlay","8":"woocommerce-text-align-center","9":"woocommerce-image-align-center","10":"do-quantity-buttons","12":"first","13":"outofstock","14":"taxable","15":"shipping-taxable","16":"purchasable","17":"product-type-simple"},"acf":{"blog_termekleiras":""},"yoast_head":"<!-- This site is optimized with the Yoast SEO plugin v26.9 - https:\/\/yoast.com\/product\/yoast-seo-wordpress\/ -->\n<title>Baldrian Teemischung (Beruhigungstee) - 100g &#8211; B\u00fckki Gy\u00f3gytea Web\u00e1ruh\u00e1z<\/title>\n<meta name=\"description\" content=\"Die Baldrian-Teemischung kann bei Schlafst\u00f6rungen, anhaltendem Stress und Ersch\u00f6pfung zu einem friedlichen, ruhigen und erholsamen Schlaf beitragen. 100 % nat\u00fcrlich.\" \/>\n<meta name=\"robots\" content=\"index, follow, max-snippet:-1, max-image-preview:large, max-video-preview:-1\" \/>\n<link rel=\"canonical\" href=\"https:\/\/bukkigyogytea.com\/de\/produkt\/baldrian-teemischung-beruhigungstee-100g\/\" \/>\n<meta property=\"og:locale\" content=\"de_DE\" \/>\n<meta property=\"og:type\" content=\"article\" \/>\n<meta property=\"og:title\" content=\"Baldrian Teemischung (Beruhigungstee) - 100g &#8211; B\u00fckki Gy\u00f3gytea Web\u00e1ruh\u00e1z\" \/>\n<meta property=\"og:description\" content=\"Die Baldrian-Teemischung kann bei Schlafst\u00f6rungen, anhaltendem Stress und Ersch\u00f6pfung zu einem friedlichen, ruhigen und erholsamen Schlaf beitragen. 100 % nat\u00fcrlich.\" \/>\n<meta property=\"og:url\" content=\"https:\/\/bukkigyogytea.com\/de\/produkt\/baldrian-teemischung-beruhigungstee-100g\/\" \/>\n<meta property=\"og:site_name\" content=\"B\u00fckki Gy\u00f3gytea Web\u00e1ruh\u00e1z\" \/>\n<meta property=\"article:publisher\" content=\"https:\/\/www.facebook.com\/bukkigyogytea\/\" \/>\n<meta property=\"article:modified_time\" content=\"2024-11-06T11:25:33+00:00\" \/>\n<meta property=\"og:image\" content=\"https:\/\/bukkigyogytea.com\/wp-content\/uploads\/2019\/08\/og-macskagyokeres100.jpg\" \/>\n<meta name=\"twitter:card\" content=\"summary_large_image\" \/>\n<meta name=\"twitter:label1\" content=\"Gesch\u00e4tzte Lesezeit\" \/>\n\t<meta name=\"twitter:data1\" content=\"1\u00a0Minute\" \/>\n<script type=\"application\/ld+json\" class=\"yoast-schema-graph\">{\"@context\":\"https:\/\/schema.org\",\"@graph\":[{\"@type\":\"WebPage\",\"@id\":\"https:\/\/bukkigyogytea.com\/de\/produkt\/baldrian-teemischung-beruhigungstee-100g\/\",\"url\":\"https:\/\/bukkigyogytea.com\/de\/produkt\/baldrian-teemischung-beruhigungstee-100g\/\",\"name\":\"Baldrian Teemischung (Beruhigungstee) - 100g &#8211; B\u00fckki Gy\u00f3gytea Web\u00e1ruh\u00e1z\",\"isPartOf\":{\"@id\":\"https:\/\/bukkigyogytea.com\/de\/#website\"},\"primaryImageOfPage\":{\"@id\":\"https:\/\/bukkigyogytea.com\/de\/produkt\/baldrian-teemischung-beruhigungstee-100g\/#primaryimage\"},\"image\":{\"@id\":\"https:\/\/bukkigyogytea.com\/de\/produkt\/baldrian-teemischung-beruhigungstee-100g\/#primaryimage\"},\"thumbnailUrl\":\"https:\/\/bukkigyogytea.com\/wp-content\/uploads\/2020\/07\/macskagyokeres-100g-bal-550x550-1.png\",\"datePublished\":\"2020-07-02T11:54:28+00:00\",\"dateModified\":\"2024-11-06T11:25:33+00:00\",\"description\":\"Die Baldrian-Teemischung kann bei Schlafst\u00f6rungen, anhaltendem Stress und Ersch\u00f6pfung zu einem friedlichen, ruhigen und erholsamen Schlaf beitragen. 100 % nat\u00fcrlich.\",\"breadcrumb\":{\"@id\":\"https:\/\/bukkigyogytea.com\/de\/produkt\/baldrian-teemischung-beruhigungstee-100g\/#breadcrumb\"},\"inLanguage\":\"de\",\"potentialAction\":[{\"@type\":\"ReadAction\",\"target\":[\"https:\/\/bukkigyogytea.com\/de\/produkt\/baldrian-teemischung-beruhigungstee-100g\/\"]}]},{\"@type\":\"ImageObject\",\"inLanguage\":\"de\",\"@id\":\"https:\/\/bukkigyogytea.com\/de\/produkt\/baldrian-teemischung-beruhigungstee-100g\/#primaryimage\",\"url\":\"https:\/\/bukkigyogytea.com\/wp-content\/uploads\/2020\/07\/macskagyokeres-100g-bal-550x550-1.png\",\"contentUrl\":\"https:\/\/bukkigyogytea.com\/wp-content\/uploads\/2020\/07\/macskagyokeres-100g-bal-550x550-1.png\",\"width\":550,\"height\":550},{\"@type\":\"BreadcrumbList\",\"@id\":\"https:\/\/bukkigyogytea.com\/de\/produkt\/baldrian-teemischung-beruhigungstee-100g\/#breadcrumb\",\"itemListElement\":[{\"@type\":\"ListItem\",\"position\":1,\"name\":\"Home\",\"item\":\"https:\/\/bukkigyogytea.com\/de\/\"},{\"@type\":\"ListItem\",\"position\":2,\"name\":\"Produkte\",\"item\":\"https:\/\/bukkigyogytea.com\/de\/shop\/\"},{\"@type\":\"ListItem\",\"position\":3,\"name\":\"Teemischungen\",\"item\":\"https:\/\/bukkigyogytea.com\/de\/Produktkategorie\/teemischungen\/\"},{\"@type\":\"ListItem\",\"position\":4,\"name\":\"Baldrian Teemischung (Beruhigungstee) &#8211; 100g\"}]},{\"@type\":\"WebSite\",\"@id\":\"https:\/\/bukkigyogytea.com\/de\/#website\",\"url\":\"https:\/\/bukkigyogytea.com\/de\/\",\"name\":\"B\u00fckki Gy\u00f3gytea Web\u00e1ruh\u00e1z\",\"description\":\"Gy\u00f6rgytea hivatalos viszontelad\u00f3\",\"publisher\":{\"@id\":\"https:\/\/bukkigyogytea.com\/de\/#organization\"},\"potentialAction\":[{\"@type\":\"SearchAction\",\"target\":{\"@type\":\"EntryPoint\",\"urlTemplate\":\"https:\/\/bukkigyogytea.com\/de\/?s={search_term_string}\"},\"query-input\":{\"@type\":\"PropertyValueSpecification\",\"valueRequired\":true,\"valueName\":\"search_term_string\"}}],\"inLanguage\":\"de\"},{\"@type\":\"Organization\",\"@id\":\"https:\/\/bukkigyogytea.com\/de\/#organization\",\"name\":\"B\u00fckki Gy\u00f3gytea Web\u00e1ruh\u00e1z\",\"url\":\"https:\/\/bukkigyogytea.com\/de\/\",\"logo\":{\"@type\":\"ImageObject\",\"inLanguage\":\"de\",\"@id\":\"https:\/\/bukkigyogytea.com\/de\/#\/schema\/logo\/image\/\",\"url\":\"https:\/\/i0.wp.com\/bukkigyogytea.com\/wp-content\/uploads\/2020\/05\/Sitelogo-1.jpg?fit=350%2C85&ssl=1\",\"contentUrl\":\"https:\/\/i0.wp.com\/bukkigyogytea.com\/wp-content\/uploads\/2020\/05\/Sitelogo-1.jpg?fit=350%2C85&ssl=1\",\"width\":350,\"height\":85,\"caption\":\"B\u00fckki Gy\u00f3gytea Web\u00e1ruh\u00e1z\"},\"image\":{\"@id\":\"https:\/\/bukkigyogytea.com\/de\/#\/schema\/logo\/image\/\"},\"sameAs\":[\"https:\/\/www.facebook.com\/bukkigyogytea\/\"]}]}<\/script>\n<!-- \/ Yoast SEO plugin. -->","yoast_head_json":{"title":"Baldrian Teemischung (Beruhigungstee) - 100g &#8211; B\u00fckki Gy\u00f3gytea Web\u00e1ruh\u00e1z","description":"Die Baldrian-Teemischung kann bei Schlafst\u00f6rungen, anhaltendem Stress und Ersch\u00f6pfung zu einem friedlichen, ruhigen und erholsamen Schlaf beitragen. 100 % nat\u00fcrlich.","robots":{"index":"index","follow":"follow","max-snippet":"max-snippet:-1","max-image-preview":"max-image-preview:large","max-video-preview":"max-video-preview:-1"},"canonical":"https:\/\/bukkigyogytea.com\/de\/produkt\/baldrian-teemischung-beruhigungstee-100g\/","og_locale":"de_DE","og_type":"article","og_title":"Baldrian Teemischung (Beruhigungstee) - 100g &#8211; B\u00fckki Gy\u00f3gytea Web\u00e1ruh\u00e1z","og_description":"Die Baldrian-Teemischung kann bei Schlafst\u00f6rungen, anhaltendem Stress und Ersch\u00f6pfung zu einem friedlichen, ruhigen und erholsamen Schlaf beitragen. 100 % nat\u00fcrlich.","og_url":"https:\/\/bukkigyogytea.com\/de\/produkt\/baldrian-teemischung-beruhigungstee-100g\/","og_site_name":"B\u00fckki Gy\u00f3gytea Web\u00e1ruh\u00e1z","article_publisher":"https:\/\/www.facebook.com\/bukkigyogytea\/","article_modified_time":"2024-11-06T11:25:33+00:00","og_image":[{"url":"https:\/\/bukkigyogytea.com\/wp-content\/uploads\/2019\/08\/og-macskagyokeres100.jpg","type":"","width":"","height":""}],"twitter_card":"summary_large_image","twitter_misc":{"Gesch\u00e4tzte Lesezeit":"1\u00a0Minute"},"schema":{"@context":"https:\/\/schema.org","@graph":[{"@type":"WebPage","@id":"https:\/\/bukkigyogytea.com\/de\/produkt\/baldrian-teemischung-beruhigungstee-100g\/","url":"https:\/\/bukkigyogytea.com\/de\/produkt\/baldrian-teemischung-beruhigungstee-100g\/","name":"Baldrian Teemischung (Beruhigungstee) - 100g &#8211; B\u00fckki Gy\u00f3gytea Web\u00e1ruh\u00e1z","isPartOf":{"@id":"https:\/\/bukkigyogytea.com\/de\/#website"},"primaryImageOfPage":{"@id":"https:\/\/bukkigyogytea.com\/de\/produkt\/baldrian-teemischung-beruhigungstee-100g\/#primaryimage"},"image":{"@id":"https:\/\/bukkigyogytea.com\/de\/produkt\/baldrian-teemischung-beruhigungstee-100g\/#primaryimage"},"thumbnailUrl":"https:\/\/bukkigyogytea.com\/wp-content\/uploads\/2020\/07\/macskagyokeres-100g-bal-550x550-1.png","datePublished":"2020-07-02T11:54:28+00:00","dateModified":"2024-11-06T11:25:33+00:00","description":"Die Baldrian-Teemischung kann bei Schlafst\u00f6rungen, anhaltendem Stress und Ersch\u00f6pfung zu einem friedlichen, ruhigen und erholsamen Schlaf beitragen. 100 % nat\u00fcrlich.","breadcrumb":{"@id":"https:\/\/bukkigyogytea.com\/de\/produkt\/baldrian-teemischung-beruhigungstee-100g\/#breadcrumb"},"inLanguage":"de","potentialAction":[{"@type":"ReadAction","target":["https:\/\/bukkigyogytea.com\/de\/produkt\/baldrian-teemischung-beruhigungstee-100g\/"]}]},{"@type":"ImageObject","inLanguage":"de","@id":"https:\/\/bukkigyogytea.com\/de\/produkt\/baldrian-teemischung-beruhigungstee-100g\/#primaryimage","url":"https:\/\/bukkigyogytea.com\/wp-content\/uploads\/2020\/07\/macskagyokeres-100g-bal-550x550-1.png","contentUrl":"https:\/\/bukkigyogytea.com\/wp-content\/uploads\/2020\/07\/macskagyokeres-100g-bal-550x550-1.png","width":550,"height":550},{"@type":"BreadcrumbList","@id":"https:\/\/bukkigyogytea.com\/de\/produkt\/baldrian-teemischung-beruhigungstee-100g\/#breadcrumb","itemListElement":[{"@type":"ListItem","position":1,"name":"Home","item":"https:\/\/bukkigyogytea.com\/de\/"},{"@type":"ListItem","position":2,"name":"Produkte","item":"https:\/\/bukkigyogytea.com\/de\/shop\/"},{"@type":"ListItem","position":3,"name":"Teemischungen","item":"https:\/\/bukkigyogytea.com\/de\/Produktkategorie\/teemischungen\/"},{"@type":"ListItem","position":4,"name":"Baldrian Teemischung (Beruhigungstee) &#8211; 100g"}]},{"@type":"WebSite","@id":"https:\/\/bukkigyogytea.com\/de\/#website","url":"https:\/\/bukkigyogytea.com\/de\/","name":"B\u00fckki Gy\u00f3gytea Web\u00e1ruh\u00e1z","description":"Gy\u00f6rgytea hivatalos viszontelad\u00f3","publisher":{"@id":"https:\/\/bukkigyogytea.com\/de\/#organization"},"potentialAction":[{"@type":"SearchAction","target":{"@type":"EntryPoint","urlTemplate":"https:\/\/bukkigyogytea.com\/de\/?s={search_term_string}"},"query-input":{"@type":"PropertyValueSpecification","valueRequired":true,"valueName":"search_term_string"}}],"inLanguage":"de"},{"@type":"Organization","@id":"https:\/\/bukkigyogytea.com\/de\/#organization","name":"B\u00fckki Gy\u00f3gytea Web\u00e1ruh\u00e1z","url":"https:\/\/bukkigyogytea.com\/de\/","logo":{"@type":"ImageObject","inLanguage":"de","@id":"https:\/\/bukkigyogytea.com\/de\/#\/schema\/logo\/image\/","url":"https:\/\/i0.wp.com\/bukkigyogytea.com\/wp-content\/uploads\/2020\/05\/Sitelogo-1.jpg?fit=350%2C85&ssl=1","contentUrl":"https:\/\/i0.wp.com\/bukkigyogytea.com\/wp-content\/uploads\/2020\/05\/Sitelogo-1.jpg?fit=350%2C85&ssl=1","width":350,"height":85,"caption":"B\u00fckki Gy\u00f3gytea Web\u00e1ruh\u00e1z"},"image":{"@id":"https:\/\/bukkigyogytea.com\/de\/#\/schema\/logo\/image\/"},"sameAs":["https:\/\/www.facebook.com\/bukkigyogytea\/"]}]}},"publishpress_future_action":{"enabled":false,"date":"2026-05-04 22:55:00","action":"change-status","newStatus":"draft","terms":[],"taxonomy":"product_type","extraData":[]},"publishpress_future_workflow_manual_trigger":{"enabledWorkflows":[]},"_links":{"self":[{"href":"https:\/\/bukkigyogytea.com\/de\/wp-json\/wp\/v2\/product\/4975","targetHints":{"allow":["GET"]}}],"collection":[{"href":"https:\/\/bukkigyogytea.com\/de\/wp-json\/wp\/v2\/product"}],"about":[{"href":"https:\/\/bukkigyogytea.com\/de\/wp-json\/wp\/v2\/types\/product"}],"replies":[{"embeddable":true,"href":"https:\/\/bukkigyogytea.com\/de\/wp-json\/wp\/v2\/comments?post=4975"}],"wp:featuredmedia":[{"embeddable":true,"href":"https:\/\/bukkigyogytea.com\/de\/wp-json\/wp\/v2\/media\/4844"}],"wp:attachment":[{"href":"https:\/\/bukkigyogytea.com\/de\/wp-json\/wp\/v2\/media?parent=4975"}],"wp:term":[{"taxonomy":"product_brand","embeddable":true,"href":"https:\/\/bukkigyogytea.com\/de\/wp-json\/wp\/v2\/product_brand?post=4975"},{"taxonomy":"product_cat","embeddable":true,"href":"https:\/\/bukkigyogytea.com\/de\/wp-json\/wp\/v2\/product_cat?post=4975"},{"taxonomy":"product_tag","embeddable":true,"href":"https:\/\/bukkigyogytea.com\/de\/wp-json\/wp\/v2\/product_tag?post=4975"}],"curies":[{"name":"wp","href":"https:\/\/api.w.org\/{rel}","templated":true}]}}