{"id":4939,"date":"2019-08-29T09:09:54","date_gmt":"2019-08-29T07:09:54","guid":{"rendered":"https:\/\/bukkigyogytea.com\/termek\/gemeines-labkraut-teemischung-schilddruesentee-100g\/"},"modified":"2026-03-17T14:10:54","modified_gmt":"2026-03-17T13:10:54","slug":"gemeines-labkraut-teemischung-schilddruesentee-100g","status":"publish","type":"product","link":"https:\/\/bukkigyogytea.com\/de\/produkt\/gemeines-labkraut-teemischung-schilddruesentee-100g\/","title":{"rendered":"Gemeines Labkraut Teemischung (Schilddr\u00fcsentee) &#8211; 100g"},"content":{"rendered":"<h4>Zubereitung:<\/h4>\n<p>Einen geh\u00e4uften Essl\u00f6ffel (3 g) Teemischung mit 2,5 dl Wasser aufkochen, nach 10 Minuten filtern. Bitte keinen Metallfilter verwenden.<\/p>\n<h4>Gebrauch:<\/h4>\n<p>Verzehr schluckweise \u00fcber den ganzen Tag verteilt, vorzugsweise ohne Zugabe von Zusatzstoffen. Vor dem Schlucken Kopf nach hinten lehnen und gurgeln.<\/p>\n<p>Sie k\u00f6nnen unbegrenzt eine Tasse pro Tag trinken.<\/p>\n<h4>Zutaten:<\/h4>\n<p>Labkraut Bl\u00fctentrieb (70%), Dostenkraut, Zitronengras<\/p>\n<h4>Lagerung:<\/h4>\n<p>Nach dem \u00d6ffnen an einem k\u00fchlen, trockenen Ort f\u00fcr Kinder unzug\u00e4nglich aufbewahren.<\/p>\n<h4>Kontraindikationen:<\/h4>\n<p>Nicht empfohlen w\u00e4hrend der Schwangerschaft, Stillzeit und unter 18 Jahren.<\/p>\n","protected":false},"excerpt":{"rendered":"<p>Zubereitung: Einen geh\u00e4uften Essl\u00f6ffel (3 g) Teemischung mit 2,5 dl Wasser aufkochen, nach 10 Minuten filtern. Bitte keinen Metallfilter verwenden. Gebrauch: Verzehr schluckweise \u00fcber den ganzen Tag verteilt, vorzugsweise ohne Zugabe von Zusatzstoffen. Vor dem Schlucken Kopf nach hinten lehnen und gurgeln. Sie k\u00f6nnen unbegrenzt eine Tasse pro Tag trinken. Zutaten: Labkraut Bl\u00fctentrieb (70%), Dostenkraut, &#8230; <a title=\"Gemeines Labkraut Teemischung (Schilddr\u00fcsentee) &#8211; 100g\" class=\"read-more\" href=\"https:\/\/bukkigyogytea.com\/de\/produkt\/gemeines-labkraut-teemischung-schilddruesentee-100g\/\" aria-label=\"Mehr Informationen \u00fcber Gemeines Labkraut Teemischung (Schilddr\u00fcsentee) &#8211; 100g\">Weiterlesen &#8230;<\/a><\/p>\n","protected":false},"featured_media":4932,"comment_status":"open","ping_status":"closed","template":"","meta":{"_acf_changed":false},"product_brand":[],"product_cat":[196],"product_tag":[],"class_list":{"0":"post-4939","1":"product","2":"type-product","3":"status-publish","4":"has-post-thumbnail","6":"product_cat-teemischungen","7":"sales-flash-overlay","8":"woocommerce-text-align-center","9":"woocommerce-image-align-center","10":"do-quantity-buttons","12":"first","13":"outofstock","14":"taxable","15":"shipping-taxable","16":"purchasable","17":"product-type-simple"},"acf":{"blog_termekleiras":""},"yoast_head":"<!-- This site is optimized with the Yoast SEO plugin v26.9 - https:\/\/yoast.com\/product\/yoast-seo-wordpress\/ -->\n<title>Gemeines Labkraut Teemischung (Schilddr\u00fcsentee) - 100g &#8211; B\u00fckki Gy\u00f3gytea Web\u00e1ruh\u00e1z<\/title>\n<meta name=\"robots\" content=\"index, follow, max-snippet:-1, max-image-preview:large, max-video-preview:-1\" \/>\n<link rel=\"canonical\" href=\"https:\/\/bukkigyogytea.com\/de\/produkt\/gemeines-labkraut-teemischung-schilddruesentee-100g\/\" \/>\n<meta property=\"og:locale\" content=\"de_DE\" \/>\n<meta property=\"og:type\" content=\"article\" \/>\n<meta property=\"og:title\" content=\"Gemeines Labkraut Teemischung (Schilddr\u00fcsentee) - 100g &#8211; B\u00fckki Gy\u00f3gytea Web\u00e1ruh\u00e1z\" \/>\n<meta property=\"og:description\" content=\"Zubereitung: Einen geh\u00e4uften Essl\u00f6ffel (3 g) Teemischung mit 2,5 dl Wasser aufkochen, nach 10 Minuten filtern. Bitte keinen Metallfilter verwenden. Gebrauch: Verzehr schluckweise \u00fcber den ganzen Tag verteilt, vorzugsweise ohne Zugabe von Zusatzstoffen. Vor dem Schlucken Kopf nach hinten lehnen und gurgeln. Sie k\u00f6nnen unbegrenzt eine Tasse pro Tag trinken. Zutaten: Labkraut Bl\u00fctentrieb (70%), Dostenkraut, ... Weiterlesen ...\" \/>\n<meta property=\"og:url\" content=\"https:\/\/bukkigyogytea.com\/de\/produkt\/gemeines-labkraut-teemischung-schilddruesentee-100g\/\" \/>\n<meta property=\"og:site_name\" content=\"B\u00fckki Gy\u00f3gytea Web\u00e1ruh\u00e1z\" \/>\n<meta property=\"article:publisher\" content=\"https:\/\/www.facebook.com\/bukkigyogytea\/\" \/>\n<meta property=\"article:modified_time\" content=\"2026-03-17T13:10:54+00:00\" \/>\n<meta property=\"og:image\" content=\"https:\/\/bukkigyogytea.com\/wp-content\/uploads\/2019\/08\/og-kozgalajos.jpg\" \/>\n<meta name=\"twitter:card\" content=\"summary_large_image\" \/>\n<script type=\"application\/ld+json\" class=\"yoast-schema-graph\">{\"@context\":\"https:\/\/schema.org\",\"@graph\":[{\"@type\":\"WebPage\",\"@id\":\"https:\/\/bukkigyogytea.com\/de\/produkt\/gemeines-labkraut-teemischung-schilddruesentee-100g\/\",\"url\":\"https:\/\/bukkigyogytea.com\/de\/produkt\/gemeines-labkraut-teemischung-schilddruesentee-100g\/\",\"name\":\"Gemeines Labkraut Teemischung (Schilddr\u00fcsentee) - 100g &#8211; B\u00fckki Gy\u00f3gytea Web\u00e1ruh\u00e1z\",\"isPartOf\":{\"@id\":\"https:\/\/bukkigyogytea.com\/de\/#website\"},\"primaryImageOfPage\":{\"@id\":\"https:\/\/bukkigyogytea.com\/de\/produkt\/gemeines-labkraut-teemischung-schilddruesentee-100g\/#primaryimage\"},\"image\":{\"@id\":\"https:\/\/bukkigyogytea.com\/de\/produkt\/gemeines-labkraut-teemischung-schilddruesentee-100g\/#primaryimage\"},\"thumbnailUrl\":\"https:\/\/bukkigyogytea.com\/wp-content\/uploads\/2019\/08\/kozonseges-galajos-bal.png\",\"datePublished\":\"2019-08-29T07:09:54+00:00\",\"dateModified\":\"2026-03-17T13:10:54+00:00\",\"breadcrumb\":{\"@id\":\"https:\/\/bukkigyogytea.com\/de\/produkt\/gemeines-labkraut-teemischung-schilddruesentee-100g\/#breadcrumb\"},\"inLanguage\":\"de\",\"potentialAction\":[{\"@type\":\"ReadAction\",\"target\":[\"https:\/\/bukkigyogytea.com\/de\/produkt\/gemeines-labkraut-teemischung-schilddruesentee-100g\/\"]}]},{\"@type\":\"ImageObject\",\"inLanguage\":\"de\",\"@id\":\"https:\/\/bukkigyogytea.com\/de\/produkt\/gemeines-labkraut-teemischung-schilddruesentee-100g\/#primaryimage\",\"url\":\"https:\/\/bukkigyogytea.com\/wp-content\/uploads\/2019\/08\/kozonseges-galajos-bal.png\",\"contentUrl\":\"https:\/\/bukkigyogytea.com\/wp-content\/uploads\/2019\/08\/kozonseges-galajos-bal.png\",\"width\":550,\"height\":550,\"caption\":\"K\u00f6z\u00f6ns\u00e9ges galajos teakever\u00e9k - 100 g\"},{\"@type\":\"BreadcrumbList\",\"@id\":\"https:\/\/bukkigyogytea.com\/de\/produkt\/gemeines-labkraut-teemischung-schilddruesentee-100g\/#breadcrumb\",\"itemListElement\":[{\"@type\":\"ListItem\",\"position\":1,\"name\":\"Home\",\"item\":\"https:\/\/bukkigyogytea.com\/de\/\"},{\"@type\":\"ListItem\",\"position\":2,\"name\":\"Produkte\",\"item\":\"https:\/\/bukkigyogytea.com\/de\/shop\/\"},{\"@type\":\"ListItem\",\"position\":3,\"name\":\"Teemischungen\",\"item\":\"https:\/\/bukkigyogytea.com\/de\/Produktkategorie\/teemischungen\/\"},{\"@type\":\"ListItem\",\"position\":4,\"name\":\"Gemeines Labkraut Teemischung (Schilddr\u00fcsentee) &#8211; 100g\"}]},{\"@type\":\"WebSite\",\"@id\":\"https:\/\/bukkigyogytea.com\/de\/#website\",\"url\":\"https:\/\/bukkigyogytea.com\/de\/\",\"name\":\"B\u00fckki Gy\u00f3gytea Web\u00e1ruh\u00e1z\",\"description\":\"Gy\u00f6rgytea hivatalos viszontelad\u00f3\",\"publisher\":{\"@id\":\"https:\/\/bukkigyogytea.com\/de\/#organization\"},\"potentialAction\":[{\"@type\":\"SearchAction\",\"target\":{\"@type\":\"EntryPoint\",\"urlTemplate\":\"https:\/\/bukkigyogytea.com\/de\/?s={search_term_string}\"},\"query-input\":{\"@type\":\"PropertyValueSpecification\",\"valueRequired\":true,\"valueName\":\"search_term_string\"}}],\"inLanguage\":\"de\"},{\"@type\":\"Organization\",\"@id\":\"https:\/\/bukkigyogytea.com\/de\/#organization\",\"name\":\"B\u00fckki Gy\u00f3gytea Web\u00e1ruh\u00e1z\",\"url\":\"https:\/\/bukkigyogytea.com\/de\/\",\"logo\":{\"@type\":\"ImageObject\",\"inLanguage\":\"de\",\"@id\":\"https:\/\/bukkigyogytea.com\/de\/#\/schema\/logo\/image\/\",\"url\":\"https:\/\/i0.wp.com\/bukkigyogytea.com\/wp-content\/uploads\/2020\/05\/Sitelogo-1.jpg?fit=350%2C85&ssl=1\",\"contentUrl\":\"https:\/\/i0.wp.com\/bukkigyogytea.com\/wp-content\/uploads\/2020\/05\/Sitelogo-1.jpg?fit=350%2C85&ssl=1\",\"width\":350,\"height\":85,\"caption\":\"B\u00fckki Gy\u00f3gytea Web\u00e1ruh\u00e1z\"},\"image\":{\"@id\":\"https:\/\/bukkigyogytea.com\/de\/#\/schema\/logo\/image\/\"},\"sameAs\":[\"https:\/\/www.facebook.com\/bukkigyogytea\/\"]}]}<\/script>\n<!-- \/ Yoast SEO plugin. -->","yoast_head_json":{"title":"Gemeines Labkraut Teemischung (Schilddr\u00fcsentee) - 100g &#8211; B\u00fckki Gy\u00f3gytea Web\u00e1ruh\u00e1z","robots":{"index":"index","follow":"follow","max-snippet":"max-snippet:-1","max-image-preview":"max-image-preview:large","max-video-preview":"max-video-preview:-1"},"canonical":"https:\/\/bukkigyogytea.com\/de\/produkt\/gemeines-labkraut-teemischung-schilddruesentee-100g\/","og_locale":"de_DE","og_type":"article","og_title":"Gemeines Labkraut Teemischung (Schilddr\u00fcsentee) - 100g &#8211; B\u00fckki Gy\u00f3gytea Web\u00e1ruh\u00e1z","og_description":"Zubereitung: Einen geh\u00e4uften Essl\u00f6ffel (3 g) Teemischung mit 2,5 dl Wasser aufkochen, nach 10 Minuten filtern. Bitte keinen Metallfilter verwenden. Gebrauch: Verzehr schluckweise \u00fcber den ganzen Tag verteilt, vorzugsweise ohne Zugabe von Zusatzstoffen. Vor dem Schlucken Kopf nach hinten lehnen und gurgeln. Sie k\u00f6nnen unbegrenzt eine Tasse pro Tag trinken. Zutaten: Labkraut Bl\u00fctentrieb (70%), Dostenkraut, ... Weiterlesen ...","og_url":"https:\/\/bukkigyogytea.com\/de\/produkt\/gemeines-labkraut-teemischung-schilddruesentee-100g\/","og_site_name":"B\u00fckki Gy\u00f3gytea Web\u00e1ruh\u00e1z","article_publisher":"https:\/\/www.facebook.com\/bukkigyogytea\/","article_modified_time":"2026-03-17T13:10:54+00:00","og_image":[{"url":"https:\/\/bukkigyogytea.com\/wp-content\/uploads\/2019\/08\/og-kozgalajos.jpg","type":"","width":"","height":""}],"twitter_card":"summary_large_image","schema":{"@context":"https:\/\/schema.org","@graph":[{"@type":"WebPage","@id":"https:\/\/bukkigyogytea.com\/de\/produkt\/gemeines-labkraut-teemischung-schilddruesentee-100g\/","url":"https:\/\/bukkigyogytea.com\/de\/produkt\/gemeines-labkraut-teemischung-schilddruesentee-100g\/","name":"Gemeines Labkraut Teemischung (Schilddr\u00fcsentee) - 100g &#8211; B\u00fckki Gy\u00f3gytea Web\u00e1ruh\u00e1z","isPartOf":{"@id":"https:\/\/bukkigyogytea.com\/de\/#website"},"primaryImageOfPage":{"@id":"https:\/\/bukkigyogytea.com\/de\/produkt\/gemeines-labkraut-teemischung-schilddruesentee-100g\/#primaryimage"},"image":{"@id":"https:\/\/bukkigyogytea.com\/de\/produkt\/gemeines-labkraut-teemischung-schilddruesentee-100g\/#primaryimage"},"thumbnailUrl":"https:\/\/bukkigyogytea.com\/wp-content\/uploads\/2019\/08\/kozonseges-galajos-bal.png","datePublished":"2019-08-29T07:09:54+00:00","dateModified":"2026-03-17T13:10:54+00:00","breadcrumb":{"@id":"https:\/\/bukkigyogytea.com\/de\/produkt\/gemeines-labkraut-teemischung-schilddruesentee-100g\/#breadcrumb"},"inLanguage":"de","potentialAction":[{"@type":"ReadAction","target":["https:\/\/bukkigyogytea.com\/de\/produkt\/gemeines-labkraut-teemischung-schilddruesentee-100g\/"]}]},{"@type":"ImageObject","inLanguage":"de","@id":"https:\/\/bukkigyogytea.com\/de\/produkt\/gemeines-labkraut-teemischung-schilddruesentee-100g\/#primaryimage","url":"https:\/\/bukkigyogytea.com\/wp-content\/uploads\/2019\/08\/kozonseges-galajos-bal.png","contentUrl":"https:\/\/bukkigyogytea.com\/wp-content\/uploads\/2019\/08\/kozonseges-galajos-bal.png","width":550,"height":550,"caption":"K\u00f6z\u00f6ns\u00e9ges galajos teakever\u00e9k - 100 g"},{"@type":"BreadcrumbList","@id":"https:\/\/bukkigyogytea.com\/de\/produkt\/gemeines-labkraut-teemischung-schilddruesentee-100g\/#breadcrumb","itemListElement":[{"@type":"ListItem","position":1,"name":"Home","item":"https:\/\/bukkigyogytea.com\/de\/"},{"@type":"ListItem","position":2,"name":"Produkte","item":"https:\/\/bukkigyogytea.com\/de\/shop\/"},{"@type":"ListItem","position":3,"name":"Teemischungen","item":"https:\/\/bukkigyogytea.com\/de\/Produktkategorie\/teemischungen\/"},{"@type":"ListItem","position":4,"name":"Gemeines Labkraut Teemischung (Schilddr\u00fcsentee) &#8211; 100g"}]},{"@type":"WebSite","@id":"https:\/\/bukkigyogytea.com\/de\/#website","url":"https:\/\/bukkigyogytea.com\/de\/","name":"B\u00fckki Gy\u00f3gytea Web\u00e1ruh\u00e1z","description":"Gy\u00f6rgytea hivatalos viszontelad\u00f3","publisher":{"@id":"https:\/\/bukkigyogytea.com\/de\/#organization"},"potentialAction":[{"@type":"SearchAction","target":{"@type":"EntryPoint","urlTemplate":"https:\/\/bukkigyogytea.com\/de\/?s={search_term_string}"},"query-input":{"@type":"PropertyValueSpecification","valueRequired":true,"valueName":"search_term_string"}}],"inLanguage":"de"},{"@type":"Organization","@id":"https:\/\/bukkigyogytea.com\/de\/#organization","name":"B\u00fckki Gy\u00f3gytea Web\u00e1ruh\u00e1z","url":"https:\/\/bukkigyogytea.com\/de\/","logo":{"@type":"ImageObject","inLanguage":"de","@id":"https:\/\/bukkigyogytea.com\/de\/#\/schema\/logo\/image\/","url":"https:\/\/i0.wp.com\/bukkigyogytea.com\/wp-content\/uploads\/2020\/05\/Sitelogo-1.jpg?fit=350%2C85&ssl=1","contentUrl":"https:\/\/i0.wp.com\/bukkigyogytea.com\/wp-content\/uploads\/2020\/05\/Sitelogo-1.jpg?fit=350%2C85&ssl=1","width":350,"height":85,"caption":"B\u00fckki Gy\u00f3gytea Web\u00e1ruh\u00e1z"},"image":{"@id":"https:\/\/bukkigyogytea.com\/de\/#\/schema\/logo\/image\/"},"sameAs":["https:\/\/www.facebook.com\/bukkigyogytea\/"]}]}},"publishpress_future_action":{"enabled":false,"date":"2026-04-09 22:55:00","action":"change-status","newStatus":"draft","terms":[],"taxonomy":"product_type","extraData":[]},"publishpress_future_workflow_manual_trigger":{"enabledWorkflows":[]},"_links":{"self":[{"href":"https:\/\/bukkigyogytea.com\/de\/wp-json\/wp\/v2\/product\/4939","targetHints":{"allow":["GET"]}}],"collection":[{"href":"https:\/\/bukkigyogytea.com\/de\/wp-json\/wp\/v2\/product"}],"about":[{"href":"https:\/\/bukkigyogytea.com\/de\/wp-json\/wp\/v2\/types\/product"}],"replies":[{"embeddable":true,"href":"https:\/\/bukkigyogytea.com\/de\/wp-json\/wp\/v2\/comments?post=4939"}],"wp:featuredmedia":[{"embeddable":true,"href":"https:\/\/bukkigyogytea.com\/de\/wp-json\/wp\/v2\/media\/4932"}],"wp:attachment":[{"href":"https:\/\/bukkigyogytea.com\/de\/wp-json\/wp\/v2\/media?parent=4939"}],"wp:term":[{"taxonomy":"product_brand","embeddable":true,"href":"https:\/\/bukkigyogytea.com\/de\/wp-json\/wp\/v2\/product_brand?post=4939"},{"taxonomy":"product_cat","embeddable":true,"href":"https:\/\/bukkigyogytea.com\/de\/wp-json\/wp\/v2\/product_cat?post=4939"},{"taxonomy":"product_tag","embeddable":true,"href":"https:\/\/bukkigyogytea.com\/de\/wp-json\/wp\/v2\/product_tag?post=4939"}],"curies":[{"name":"wp","href":"https:\/\/api.w.org\/{rel}","templated":true}]}}