{"id":4813,"date":"2018-09-06T05:22:23","date_gmt":"2018-09-06T03:22:23","guid":{"rendered":"https:\/\/bukkigyogytea.com\/termek\/diabess-gyoergytea-100g\/"},"modified":"2025-12-01T23:03:32","modified_gmt":"2025-12-01T22:03:32","slug":"diabess-gyoergytea-100g","status":"publish","type":"product","link":"https:\/\/bukkigyogytea.com\/de\/produkt\/diabess-gyoergytea-100g\/","title":{"rendered":"Diabess-Gy\u00f6rgytea 100g"},"content":{"rendered":"<p><strong>Zubereitung:<\/strong><\/p>\n<p>1 Essl\u00f6ffel (3 g) Teemischung mit 2,5 dl Wasser aufkochen. 45-50 Minuten stehen lassen, dann filtern.<\/p>\n<p><strong>Gebrauch:<\/strong><\/p>\n<p>Verzehren Sie t\u00e4glich eine Tasse Tee nach einer Mahlzeit, vorzugsweise ohne Zugabe von Zusatzstoffen<strong><br \/>\n<\/strong><\/p>\n<p><strong>Trinkempfehlung<\/strong>:<\/p>\n<p>Hierbei handelt es sich nicht um ein Arzneimittel, jedoch wird dessen Wirkung durch volksmedizinische Erfahrungen best\u00e4tigt.<\/p>\n<p><strong>Zutaten:<\/strong><\/p>\n<p>Ein geh\u00e4ufter Essl\u00f6ffel (3g) Inhalt: 0,90 g L\u00f6wenzahnwurzel (Taraxaci radix), 0,78 g Brennnesselbl\u00e4tter (Urticae folium), 0,54 g Johanniskraut-Bl\u00fctentrieb (Hyperici herba), 0,45 g Heidelbeerblatt (Myrtili folium), 0,33 g gemeine Wegwartenwurzel (Cichoriae radix).<\/p>\n<p><strong>Lagerung:<\/strong><\/p>\n<p>Au\u00dferhalb der Reichweite von Kindern aufbewahren bei einer Temperatur von nicht mehr als 25 \u00b0 C.<\/p>\n<p><strong>Vertreiber:<\/strong><\/p>\n<p>Diabess Kft. 3557 B\u00fckkszentkereszt, \u0150z utca 7.<\/p>\n","protected":false},"excerpt":{"rendered":"<p>Zubereitung: 1 Essl\u00f6ffel (3 g) Teemischung mit 2,5 dl Wasser aufkochen. 45-50 Minuten stehen lassen, dann filtern. Gebrauch: Verzehren Sie t\u00e4glich eine Tasse Tee nach einer Mahlzeit, vorzugsweise ohne Zugabe von Zusatzstoffen Trinkempfehlung: Hierbei handelt es sich nicht um ein Arzneimittel, jedoch wird dessen Wirkung durch volksmedizinische Erfahrungen best\u00e4tigt. Zutaten: Ein geh\u00e4ufter Essl\u00f6ffel (3g) Inhalt: &#8230; <a title=\"Diabess-Gy\u00f6rgytea 100g\" class=\"read-more\" href=\"https:\/\/bukkigyogytea.com\/de\/produkt\/diabess-gyoergytea-100g\/\" aria-label=\"Mehr Informationen \u00fcber Diabess-Gy\u00f6rgytea 100g\">Weiterlesen &#8230;<\/a><\/p>\n","protected":false},"featured_media":4815,"comment_status":"open","ping_status":"closed","template":"","meta":{"_acf_changed":false},"product_brand":[],"product_cat":[199],"product_tag":[],"class_list":{"0":"post-4813","1":"product","2":"type-product","3":"status-publish","4":"has-post-thumbnail","6":"product_cat-tees-fur-diabetiker","7":"sales-flash-overlay","8":"woocommerce-text-align-center","9":"woocommerce-image-align-center","10":"do-quantity-buttons","12":"first","13":"instock","14":"sale","15":"taxable","16":"shipping-taxable","17":"purchasable","18":"product-type-simple"},"acf":{"blog_termekleiras":""},"yoast_head":"<!-- This site is optimized with the Yoast SEO plugin v26.9 - https:\/\/yoast.com\/product\/yoast-seo-wordpress\/ -->\n<title>Diabess-Gy\u00f6rgytea 100g &#8211; B\u00fckki Gy\u00f3gytea Web\u00e1ruh\u00e1z<\/title>\n<meta name=\"robots\" content=\"index, follow, max-snippet:-1, max-image-preview:large, max-video-preview:-1\" \/>\n<link rel=\"canonical\" href=\"https:\/\/bukkigyogytea.com\/de\/produkt\/diabess-gyoergytea-100g\/\" \/>\n<meta property=\"og:locale\" content=\"de_DE\" \/>\n<meta property=\"og:type\" content=\"article\" \/>\n<meta property=\"og:title\" content=\"Diabess-Gy\u00f6rgytea 100g &#8211; B\u00fckki Gy\u00f3gytea Web\u00e1ruh\u00e1z\" \/>\n<meta property=\"og:description\" content=\"Zubereitung: 1 Essl\u00f6ffel (3 g) Teemischung mit 2,5 dl Wasser aufkochen. 45-50 Minuten stehen lassen, dann filtern. Gebrauch: Verzehren Sie t\u00e4glich eine Tasse Tee nach einer Mahlzeit, vorzugsweise ohne Zugabe von Zusatzstoffen Trinkempfehlung: Hierbei handelt es sich nicht um ein Arzneimittel, jedoch wird dessen Wirkung durch volksmedizinische Erfahrungen best\u00e4tigt. Zutaten: Ein geh\u00e4ufter Essl\u00f6ffel (3g) Inhalt: ... Weiterlesen ...\" \/>\n<meta property=\"og:url\" content=\"https:\/\/bukkigyogytea.com\/de\/produkt\/diabess-gyoergytea-100g\/\" \/>\n<meta property=\"og:site_name\" content=\"B\u00fckki Gy\u00f3gytea Web\u00e1ruh\u00e1z\" \/>\n<meta property=\"article:publisher\" content=\"https:\/\/www.facebook.com\/bukkigyogytea\/\" \/>\n<meta property=\"article:modified_time\" content=\"2025-12-01T22:03:32+00:00\" \/>\n<meta property=\"og:image\" content=\"https:\/\/bukkigyogytea.com\/wp-content\/uploads\/2018\/09\/og-d100.jpg\" \/>\n<meta name=\"twitter:card\" content=\"summary_large_image\" \/>\n<meta name=\"twitter:label1\" content=\"Gesch\u00e4tzte Lesezeit\" \/>\n\t<meta name=\"twitter:data1\" content=\"1\u00a0Minute\" \/>\n<script type=\"application\/ld+json\" class=\"yoast-schema-graph\">{\"@context\":\"https:\/\/schema.org\",\"@graph\":[{\"@type\":\"WebPage\",\"@id\":\"https:\/\/bukkigyogytea.com\/de\/produkt\/diabess-gyoergytea-100g\/\",\"url\":\"https:\/\/bukkigyogytea.com\/de\/produkt\/diabess-gyoergytea-100g\/\",\"name\":\"Diabess-Gy\u00f6rgytea 100g &#8211; B\u00fckki Gy\u00f3gytea Web\u00e1ruh\u00e1z\",\"isPartOf\":{\"@id\":\"https:\/\/bukkigyogytea.com\/de\/#website\"},\"primaryImageOfPage\":{\"@id\":\"https:\/\/bukkigyogytea.com\/de\/produkt\/diabess-gyoergytea-100g\/#primaryimage\"},\"image\":{\"@id\":\"https:\/\/bukkigyogytea.com\/de\/produkt\/diabess-gyoergytea-100g\/#primaryimage\"},\"thumbnailUrl\":\"https:\/\/bukkigyogytea.com\/wp-content\/uploads\/2018\/09\/diabess_100-bal.png\",\"datePublished\":\"2018-09-06T03:22:23+00:00\",\"dateModified\":\"2025-12-01T22:03:32+00:00\",\"breadcrumb\":{\"@id\":\"https:\/\/bukkigyogytea.com\/de\/produkt\/diabess-gyoergytea-100g\/#breadcrumb\"},\"inLanguage\":\"de\",\"potentialAction\":[{\"@type\":\"ReadAction\",\"target\":[\"https:\/\/bukkigyogytea.com\/de\/produkt\/diabess-gyoergytea-100g\/\"]}]},{\"@type\":\"ImageObject\",\"inLanguage\":\"de\",\"@id\":\"https:\/\/bukkigyogytea.com\/de\/produkt\/diabess-gyoergytea-100g\/#primaryimage\",\"url\":\"https:\/\/bukkigyogytea.com\/wp-content\/uploads\/2018\/09\/diabess_100-bal.png\",\"contentUrl\":\"https:\/\/bukkigyogytea.com\/wp-content\/uploads\/2018\/09\/diabess_100-bal.png\",\"width\":550,\"height\":550,\"caption\":\"Diabess Gy\u00f6rgytea teakever\u00e9k - 100 g\"},{\"@type\":\"BreadcrumbList\",\"@id\":\"https:\/\/bukkigyogytea.com\/de\/produkt\/diabess-gyoergytea-100g\/#breadcrumb\",\"itemListElement\":[{\"@type\":\"ListItem\",\"position\":1,\"name\":\"Home\",\"item\":\"https:\/\/bukkigyogytea.com\/de\/\"},{\"@type\":\"ListItem\",\"position\":2,\"name\":\"Produkte\",\"item\":\"https:\/\/bukkigyogytea.com\/de\/shop\/\"},{\"@type\":\"ListItem\",\"position\":3,\"name\":\"Tees f\u00fcr Diabetiker\",\"item\":\"https:\/\/bukkigyogytea.com\/de\/Produktkategorie\/tees-fur-diabetiker\/\"},{\"@type\":\"ListItem\",\"position\":4,\"name\":\"Diabess-Gy\u00f6rgytea 100g\"}]},{\"@type\":\"WebSite\",\"@id\":\"https:\/\/bukkigyogytea.com\/de\/#website\",\"url\":\"https:\/\/bukkigyogytea.com\/de\/\",\"name\":\"B\u00fckki Gy\u00f3gytea Web\u00e1ruh\u00e1z\",\"description\":\"Gy\u00f6rgytea hivatalos viszontelad\u00f3\",\"publisher\":{\"@id\":\"https:\/\/bukkigyogytea.com\/de\/#organization\"},\"potentialAction\":[{\"@type\":\"SearchAction\",\"target\":{\"@type\":\"EntryPoint\",\"urlTemplate\":\"https:\/\/bukkigyogytea.com\/de\/?s={search_term_string}\"},\"query-input\":{\"@type\":\"PropertyValueSpecification\",\"valueRequired\":true,\"valueName\":\"search_term_string\"}}],\"inLanguage\":\"de\"},{\"@type\":\"Organization\",\"@id\":\"https:\/\/bukkigyogytea.com\/de\/#organization\",\"name\":\"B\u00fckki Gy\u00f3gytea Web\u00e1ruh\u00e1z\",\"url\":\"https:\/\/bukkigyogytea.com\/de\/\",\"logo\":{\"@type\":\"ImageObject\",\"inLanguage\":\"de\",\"@id\":\"https:\/\/bukkigyogytea.com\/de\/#\/schema\/logo\/image\/\",\"url\":\"https:\/\/i0.wp.com\/bukkigyogytea.com\/wp-content\/uploads\/2020\/05\/Sitelogo-1.jpg?fit=350%2C85&ssl=1\",\"contentUrl\":\"https:\/\/i0.wp.com\/bukkigyogytea.com\/wp-content\/uploads\/2020\/05\/Sitelogo-1.jpg?fit=350%2C85&ssl=1\",\"width\":350,\"height\":85,\"caption\":\"B\u00fckki Gy\u00f3gytea Web\u00e1ruh\u00e1z\"},\"image\":{\"@id\":\"https:\/\/bukkigyogytea.com\/de\/#\/schema\/logo\/image\/\"},\"sameAs\":[\"https:\/\/www.facebook.com\/bukkigyogytea\/\"]}]}<\/script>\n<!-- \/ Yoast SEO plugin. -->","yoast_head_json":{"title":"Diabess-Gy\u00f6rgytea 100g &#8211; B\u00fckki Gy\u00f3gytea Web\u00e1ruh\u00e1z","robots":{"index":"index","follow":"follow","max-snippet":"max-snippet:-1","max-image-preview":"max-image-preview:large","max-video-preview":"max-video-preview:-1"},"canonical":"https:\/\/bukkigyogytea.com\/de\/produkt\/diabess-gyoergytea-100g\/","og_locale":"de_DE","og_type":"article","og_title":"Diabess-Gy\u00f6rgytea 100g &#8211; B\u00fckki Gy\u00f3gytea Web\u00e1ruh\u00e1z","og_description":"Zubereitung: 1 Essl\u00f6ffel (3 g) Teemischung mit 2,5 dl Wasser aufkochen. 45-50 Minuten stehen lassen, dann filtern. Gebrauch: Verzehren Sie t\u00e4glich eine Tasse Tee nach einer Mahlzeit, vorzugsweise ohne Zugabe von Zusatzstoffen Trinkempfehlung: Hierbei handelt es sich nicht um ein Arzneimittel, jedoch wird dessen Wirkung durch volksmedizinische Erfahrungen best\u00e4tigt. Zutaten: Ein geh\u00e4ufter Essl\u00f6ffel (3g) Inhalt: ... Weiterlesen ...","og_url":"https:\/\/bukkigyogytea.com\/de\/produkt\/diabess-gyoergytea-100g\/","og_site_name":"B\u00fckki Gy\u00f3gytea Web\u00e1ruh\u00e1z","article_publisher":"https:\/\/www.facebook.com\/bukkigyogytea\/","article_modified_time":"2025-12-01T22:03:32+00:00","og_image":[{"url":"https:\/\/bukkigyogytea.com\/wp-content\/uploads\/2018\/09\/og-d100.jpg","type":"","width":"","height":""}],"twitter_card":"summary_large_image","twitter_misc":{"Gesch\u00e4tzte Lesezeit":"1\u00a0Minute"},"schema":{"@context":"https:\/\/schema.org","@graph":[{"@type":"WebPage","@id":"https:\/\/bukkigyogytea.com\/de\/produkt\/diabess-gyoergytea-100g\/","url":"https:\/\/bukkigyogytea.com\/de\/produkt\/diabess-gyoergytea-100g\/","name":"Diabess-Gy\u00f6rgytea 100g &#8211; B\u00fckki Gy\u00f3gytea Web\u00e1ruh\u00e1z","isPartOf":{"@id":"https:\/\/bukkigyogytea.com\/de\/#website"},"primaryImageOfPage":{"@id":"https:\/\/bukkigyogytea.com\/de\/produkt\/diabess-gyoergytea-100g\/#primaryimage"},"image":{"@id":"https:\/\/bukkigyogytea.com\/de\/produkt\/diabess-gyoergytea-100g\/#primaryimage"},"thumbnailUrl":"https:\/\/bukkigyogytea.com\/wp-content\/uploads\/2018\/09\/diabess_100-bal.png","datePublished":"2018-09-06T03:22:23+00:00","dateModified":"2025-12-01T22:03:32+00:00","breadcrumb":{"@id":"https:\/\/bukkigyogytea.com\/de\/produkt\/diabess-gyoergytea-100g\/#breadcrumb"},"inLanguage":"de","potentialAction":[{"@type":"ReadAction","target":["https:\/\/bukkigyogytea.com\/de\/produkt\/diabess-gyoergytea-100g\/"]}]},{"@type":"ImageObject","inLanguage":"de","@id":"https:\/\/bukkigyogytea.com\/de\/produkt\/diabess-gyoergytea-100g\/#primaryimage","url":"https:\/\/bukkigyogytea.com\/wp-content\/uploads\/2018\/09\/diabess_100-bal.png","contentUrl":"https:\/\/bukkigyogytea.com\/wp-content\/uploads\/2018\/09\/diabess_100-bal.png","width":550,"height":550,"caption":"Diabess Gy\u00f6rgytea teakever\u00e9k - 100 g"},{"@type":"BreadcrumbList","@id":"https:\/\/bukkigyogytea.com\/de\/produkt\/diabess-gyoergytea-100g\/#breadcrumb","itemListElement":[{"@type":"ListItem","position":1,"name":"Home","item":"https:\/\/bukkigyogytea.com\/de\/"},{"@type":"ListItem","position":2,"name":"Produkte","item":"https:\/\/bukkigyogytea.com\/de\/shop\/"},{"@type":"ListItem","position":3,"name":"Tees f\u00fcr Diabetiker","item":"https:\/\/bukkigyogytea.com\/de\/Produktkategorie\/tees-fur-diabetiker\/"},{"@type":"ListItem","position":4,"name":"Diabess-Gy\u00f6rgytea 100g"}]},{"@type":"WebSite","@id":"https:\/\/bukkigyogytea.com\/de\/#website","url":"https:\/\/bukkigyogytea.com\/de\/","name":"B\u00fckki Gy\u00f3gytea Web\u00e1ruh\u00e1z","description":"Gy\u00f6rgytea hivatalos viszontelad\u00f3","publisher":{"@id":"https:\/\/bukkigyogytea.com\/de\/#organization"},"potentialAction":[{"@type":"SearchAction","target":{"@type":"EntryPoint","urlTemplate":"https:\/\/bukkigyogytea.com\/de\/?s={search_term_string}"},"query-input":{"@type":"PropertyValueSpecification","valueRequired":true,"valueName":"search_term_string"}}],"inLanguage":"de"},{"@type":"Organization","@id":"https:\/\/bukkigyogytea.com\/de\/#organization","name":"B\u00fckki Gy\u00f3gytea Web\u00e1ruh\u00e1z","url":"https:\/\/bukkigyogytea.com\/de\/","logo":{"@type":"ImageObject","inLanguage":"de","@id":"https:\/\/bukkigyogytea.com\/de\/#\/schema\/logo\/image\/","url":"https:\/\/i0.wp.com\/bukkigyogytea.com\/wp-content\/uploads\/2020\/05\/Sitelogo-1.jpg?fit=350%2C85&ssl=1","contentUrl":"https:\/\/i0.wp.com\/bukkigyogytea.com\/wp-content\/uploads\/2020\/05\/Sitelogo-1.jpg?fit=350%2C85&ssl=1","width":350,"height":85,"caption":"B\u00fckki Gy\u00f3gytea Web\u00e1ruh\u00e1z"},"image":{"@id":"https:\/\/bukkigyogytea.com\/de\/#\/schema\/logo\/image\/"},"sameAs":["https:\/\/www.facebook.com\/bukkigyogytea\/"]}]}},"publishpress_future_action":{"enabled":false,"date":"2026-05-11 22:55:00","action":"change-status","newStatus":"draft","terms":[],"taxonomy":"product_type","extraData":[]},"publishpress_future_workflow_manual_trigger":{"enabledWorkflows":[]},"_links":{"self":[{"href":"https:\/\/bukkigyogytea.com\/de\/wp-json\/wp\/v2\/product\/4813","targetHints":{"allow":["GET"]}}],"collection":[{"href":"https:\/\/bukkigyogytea.com\/de\/wp-json\/wp\/v2\/product"}],"about":[{"href":"https:\/\/bukkigyogytea.com\/de\/wp-json\/wp\/v2\/types\/product"}],"replies":[{"embeddable":true,"href":"https:\/\/bukkigyogytea.com\/de\/wp-json\/wp\/v2\/comments?post=4813"}],"wp:featuredmedia":[{"embeddable":true,"href":"https:\/\/bukkigyogytea.com\/de\/wp-json\/wp\/v2\/media\/4815"}],"wp:attachment":[{"href":"https:\/\/bukkigyogytea.com\/de\/wp-json\/wp\/v2\/media?parent=4813"}],"wp:term":[{"taxonomy":"product_brand","embeddable":true,"href":"https:\/\/bukkigyogytea.com\/de\/wp-json\/wp\/v2\/product_brand?post=4813"},{"taxonomy":"product_cat","embeddable":true,"href":"https:\/\/bukkigyogytea.com\/de\/wp-json\/wp\/v2\/product_cat?post=4813"},{"taxonomy":"product_tag","embeddable":true,"href":"https:\/\/bukkigyogytea.com\/de\/wp-json\/wp\/v2\/product_tag?post=4813"}],"curies":[{"name":"wp","href":"https:\/\/api.w.org\/{rel}","templated":true}]}}