{"id":4786,"date":"2018-09-06T08:07:27","date_gmt":"2018-09-06T06:07:27","guid":{"rendered":"https:\/\/bukkigyogytea.com\/termek\/johanniskrautol-extrakt\/"},"modified":"2023-03-01T00:01:30","modified_gmt":"2023-02-28T23:01:30","slug":"johanniskrautol-extrakt","status":"publish","type":"product","link":"https:\/\/bukkigyogytea.com\/de\/produkt\/johanniskrautol-extrakt\/","title":{"rendered":"Johanniskraut\u00f6l-Extrakt"},"content":{"rendered":"<p><strong>Zubereitung:<\/strong><\/p>\n<p>2-3 mal t\u00e4glich d\u00fcnn auf die betroffene Stelle auftragen. Nur \u00e4u\u00dferliche Verwendung geeignet.<\/p>\n<p><strong>Gebrauch:<\/strong><\/p>\n<p>Der Johanniskraut enth\u00e4lt gro\u00dfe Mengen an Hypericin, dessen wundheilende Wirkung durch viele klinische Studien belegt wurde. In der Volksmedizin wird die Pflanze aufgrund ihrer antibiotischen und entz\u00fcndungshemmenden Wirkung zur Hautpflege, zur Behandlung verschiedener ekzemat\u00f6ser Symptome, Cellulite und Krampfadern eingesetzt.<\/p>\n<p><strong>Kontraindikationen:<\/strong><\/p>\n<p>Kann Lichtempfindlichkeit verursachen, es wird nicht empfohlen, die Haut w\u00e4hrend der Anwendung direktem Sonnenlicht auszusetzen.<\/p>\n<p><strong>Zutaten:<\/strong><\/p>\n<p>Maiskeim\u00f6l, Traubenkern\u00f6l, Johanniskraut-Extrakt.<\/p>\n<p><strong>Lagerung:<\/strong><\/p>\n<p>Trocken, k\u00fchl, lichtgesch\u00fctzt, f\u00fcr Kinder unzug\u00e4nglich aufbewahren!<\/p>\n<p><strong>Vertreiber:<\/strong><\/p>\n<p>Szab\u00f3 Gy\u00f6rgy 3557 B\u00fckkszentkereszt, \u0150z u. 13.<\/p>\n<p>&nbsp;<\/p>\n","protected":false},"excerpt":{"rendered":"<p>Zubereitung: 2-3 mal t\u00e4glich d\u00fcnn auf die betroffene Stelle auftragen. Nur \u00e4u\u00dferliche Verwendung geeignet. Gebrauch: Der Johanniskraut enth\u00e4lt gro\u00dfe Mengen an Hypericin, dessen wundheilende Wirkung durch viele klinische Studien belegt wurde. In der Volksmedizin wird die Pflanze aufgrund ihrer antibiotischen und entz\u00fcndungshemmenden Wirkung zur Hautpflege, zur Behandlung verschiedener ekzemat\u00f6ser Symptome, Cellulite und Krampfadern eingesetzt. Kontraindikationen: &#8230; <a title=\"Johanniskraut\u00f6l-Extrakt\" class=\"read-more\" href=\"https:\/\/bukkigyogytea.com\/de\/produkt\/johanniskrautol-extrakt\/\" aria-label=\"Mehr Informationen \u00fcber Johanniskraut\u00f6l-Extrakt\">Weiterlesen &#8230;<\/a><\/p>\n","protected":false},"featured_media":4787,"comment_status":"open","ping_status":"closed","template":"","meta":{"_acf_changed":false},"product_brand":[],"product_cat":[198],"product_tag":[],"class_list":{"0":"post-4786","1":"product","2":"type-product","3":"status-publish","4":"has-post-thumbnail","6":"product_cat-krauterextrakte","7":"sales-flash-overlay","8":"woocommerce-text-align-center","9":"woocommerce-image-align-center","10":"do-quantity-buttons","12":"first","13":"instock","14":"taxable","15":"shipping-taxable","16":"purchasable","17":"product-type-simple"},"acf":{"blog_termekleiras":""},"yoast_head":"<!-- This site is optimized with the Yoast SEO plugin v26.9 - https:\/\/yoast.com\/product\/yoast-seo-wordpress\/ -->\n<title>Johanniskraut\u00f6l-Extrakt &#8211; B\u00fckki Gy\u00f3gytea Web\u00e1ruh\u00e1z<\/title>\n<meta name=\"robots\" content=\"index, follow, max-snippet:-1, max-image-preview:large, max-video-preview:-1\" \/>\n<link rel=\"canonical\" href=\"https:\/\/bukkigyogytea.com\/de\/produkt\/johanniskrautol-extrakt\/\" \/>\n<meta property=\"og:locale\" content=\"de_DE\" \/>\n<meta property=\"og:type\" content=\"article\" \/>\n<meta property=\"og:title\" content=\"Johanniskraut\u00f6l-Extrakt &#8211; B\u00fckki Gy\u00f3gytea Web\u00e1ruh\u00e1z\" \/>\n<meta property=\"og:description\" content=\"Zubereitung: 2-3 mal t\u00e4glich d\u00fcnn auf die betroffene Stelle auftragen. Nur \u00e4u\u00dferliche Verwendung geeignet. Gebrauch: Der Johanniskraut enth\u00e4lt gro\u00dfe Mengen an Hypericin, dessen wundheilende Wirkung durch viele klinische Studien belegt wurde. In der Volksmedizin wird die Pflanze aufgrund ihrer antibiotischen und entz\u00fcndungshemmenden Wirkung zur Hautpflege, zur Behandlung verschiedener ekzemat\u00f6ser Symptome, Cellulite und Krampfadern eingesetzt. Kontraindikationen: ... Weiterlesen ...\" \/>\n<meta property=\"og:url\" content=\"https:\/\/bukkigyogytea.com\/de\/produkt\/johanniskrautol-extrakt\/\" \/>\n<meta property=\"og:site_name\" content=\"B\u00fckki Gy\u00f3gytea Web\u00e1ruh\u00e1z\" \/>\n<meta property=\"article:publisher\" content=\"https:\/\/www.facebook.com\/bukkigyogytea\/\" \/>\n<meta property=\"article:modified_time\" content=\"2023-02-28T23:01:30+00:00\" \/>\n<meta property=\"og:image\" content=\"https:\/\/bukkigyogytea.com\/wp-content\/uploads\/2018\/09\/tinktura-orbancfu-mega.png\" \/>\n\t<meta property=\"og:image:width\" content=\"550\" \/>\n\t<meta property=\"og:image:height\" content=\"550\" \/>\n\t<meta property=\"og:image:type\" content=\"image\/png\" \/>\n<meta name=\"twitter:card\" content=\"summary_large_image\" \/>\n<meta name=\"twitter:label1\" content=\"Gesch\u00e4tzte Lesezeit\" \/>\n\t<meta name=\"twitter:data1\" content=\"1\u00a0Minute\" \/>\n<script type=\"application\/ld+json\" class=\"yoast-schema-graph\">{\"@context\":\"https:\/\/schema.org\",\"@graph\":[{\"@type\":\"WebPage\",\"@id\":\"https:\/\/bukkigyogytea.com\/de\/produkt\/johanniskrautol-extrakt\/\",\"url\":\"https:\/\/bukkigyogytea.com\/de\/produkt\/johanniskrautol-extrakt\/\",\"name\":\"Johanniskraut\u00f6l-Extrakt &#8211; B\u00fckki Gy\u00f3gytea Web\u00e1ruh\u00e1z\",\"isPartOf\":{\"@id\":\"https:\/\/bukkigyogytea.com\/de\/#website\"},\"primaryImageOfPage\":{\"@id\":\"https:\/\/bukkigyogytea.com\/de\/produkt\/johanniskrautol-extrakt\/#primaryimage\"},\"image\":{\"@id\":\"https:\/\/bukkigyogytea.com\/de\/produkt\/johanniskrautol-extrakt\/#primaryimage\"},\"thumbnailUrl\":\"https:\/\/bukkigyogytea.com\/wp-content\/uploads\/2018\/09\/tinktura-orbancfu-mega.png\",\"datePublished\":\"2018-09-06T06:07:27+00:00\",\"dateModified\":\"2023-02-28T23:01:30+00:00\",\"breadcrumb\":{\"@id\":\"https:\/\/bukkigyogytea.com\/de\/produkt\/johanniskrautol-extrakt\/#breadcrumb\"},\"inLanguage\":\"de\",\"potentialAction\":[{\"@type\":\"ReadAction\",\"target\":[\"https:\/\/bukkigyogytea.com\/de\/produkt\/johanniskrautol-extrakt\/\"]}]},{\"@type\":\"ImageObject\",\"inLanguage\":\"de\",\"@id\":\"https:\/\/bukkigyogytea.com\/de\/produkt\/johanniskrautol-extrakt\/#primaryimage\",\"url\":\"https:\/\/bukkigyogytea.com\/wp-content\/uploads\/2018\/09\/tinktura-orbancfu-mega.png\",\"contentUrl\":\"https:\/\/bukkigyogytea.com\/wp-content\/uploads\/2018\/09\/tinktura-orbancfu-mega.png\",\"width\":550,\"height\":550,\"caption\":\"Orb\u00e1ncf\u0171 olajos kivonat\"},{\"@type\":\"BreadcrumbList\",\"@id\":\"https:\/\/bukkigyogytea.com\/de\/produkt\/johanniskrautol-extrakt\/#breadcrumb\",\"itemListElement\":[{\"@type\":\"ListItem\",\"position\":1,\"name\":\"Home\",\"item\":\"https:\/\/bukkigyogytea.com\/de\/\"},{\"@type\":\"ListItem\",\"position\":2,\"name\":\"Produkte\",\"item\":\"https:\/\/bukkigyogytea.com\/de\/shop\/\"},{\"@type\":\"ListItem\",\"position\":3,\"name\":\"Kr\u00e4uterextrakte\",\"item\":\"https:\/\/bukkigyogytea.com\/de\/Produktkategorie\/krauterextrakte\/\"},{\"@type\":\"ListItem\",\"position\":4,\"name\":\"Johanniskraut\u00f6l-Extrakt\"}]},{\"@type\":\"WebSite\",\"@id\":\"https:\/\/bukkigyogytea.com\/de\/#website\",\"url\":\"https:\/\/bukkigyogytea.com\/de\/\",\"name\":\"B\u00fckki Gy\u00f3gytea Web\u00e1ruh\u00e1z\",\"description\":\"Gy\u00f6rgytea hivatalos viszontelad\u00f3\",\"publisher\":{\"@id\":\"https:\/\/bukkigyogytea.com\/de\/#organization\"},\"potentialAction\":[{\"@type\":\"SearchAction\",\"target\":{\"@type\":\"EntryPoint\",\"urlTemplate\":\"https:\/\/bukkigyogytea.com\/de\/?s={search_term_string}\"},\"query-input\":{\"@type\":\"PropertyValueSpecification\",\"valueRequired\":true,\"valueName\":\"search_term_string\"}}],\"inLanguage\":\"de\"},{\"@type\":\"Organization\",\"@id\":\"https:\/\/bukkigyogytea.com\/de\/#organization\",\"name\":\"B\u00fckki Gy\u00f3gytea Web\u00e1ruh\u00e1z\",\"url\":\"https:\/\/bukkigyogytea.com\/de\/\",\"logo\":{\"@type\":\"ImageObject\",\"inLanguage\":\"de\",\"@id\":\"https:\/\/bukkigyogytea.com\/de\/#\/schema\/logo\/image\/\",\"url\":\"https:\/\/i0.wp.com\/bukkigyogytea.com\/wp-content\/uploads\/2020\/05\/Sitelogo-1.jpg?fit=350%2C85&ssl=1\",\"contentUrl\":\"https:\/\/i0.wp.com\/bukkigyogytea.com\/wp-content\/uploads\/2020\/05\/Sitelogo-1.jpg?fit=350%2C85&ssl=1\",\"width\":350,\"height\":85,\"caption\":\"B\u00fckki Gy\u00f3gytea Web\u00e1ruh\u00e1z\"},\"image\":{\"@id\":\"https:\/\/bukkigyogytea.com\/de\/#\/schema\/logo\/image\/\"},\"sameAs\":[\"https:\/\/www.facebook.com\/bukkigyogytea\/\"]}]}<\/script>\n<!-- \/ Yoast SEO plugin. -->","yoast_head_json":{"title":"Johanniskraut\u00f6l-Extrakt &#8211; B\u00fckki Gy\u00f3gytea Web\u00e1ruh\u00e1z","robots":{"index":"index","follow":"follow","max-snippet":"max-snippet:-1","max-image-preview":"max-image-preview:large","max-video-preview":"max-video-preview:-1"},"canonical":"https:\/\/bukkigyogytea.com\/de\/produkt\/johanniskrautol-extrakt\/","og_locale":"de_DE","og_type":"article","og_title":"Johanniskraut\u00f6l-Extrakt &#8211; B\u00fckki Gy\u00f3gytea Web\u00e1ruh\u00e1z","og_description":"Zubereitung: 2-3 mal t\u00e4glich d\u00fcnn auf die betroffene Stelle auftragen. Nur \u00e4u\u00dferliche Verwendung geeignet. Gebrauch: Der Johanniskraut enth\u00e4lt gro\u00dfe Mengen an Hypericin, dessen wundheilende Wirkung durch viele klinische Studien belegt wurde. In der Volksmedizin wird die Pflanze aufgrund ihrer antibiotischen und entz\u00fcndungshemmenden Wirkung zur Hautpflege, zur Behandlung verschiedener ekzemat\u00f6ser Symptome, Cellulite und Krampfadern eingesetzt. Kontraindikationen: ... Weiterlesen ...","og_url":"https:\/\/bukkigyogytea.com\/de\/produkt\/johanniskrautol-extrakt\/","og_site_name":"B\u00fckki Gy\u00f3gytea Web\u00e1ruh\u00e1z","article_publisher":"https:\/\/www.facebook.com\/bukkigyogytea\/","article_modified_time":"2023-02-28T23:01:30+00:00","og_image":[{"width":550,"height":550,"url":"https:\/\/bukkigyogytea.com\/wp-content\/uploads\/2018\/09\/tinktura-orbancfu-mega.png","type":"image\/png"}],"twitter_card":"summary_large_image","twitter_misc":{"Gesch\u00e4tzte Lesezeit":"1\u00a0Minute"},"schema":{"@context":"https:\/\/schema.org","@graph":[{"@type":"WebPage","@id":"https:\/\/bukkigyogytea.com\/de\/produkt\/johanniskrautol-extrakt\/","url":"https:\/\/bukkigyogytea.com\/de\/produkt\/johanniskrautol-extrakt\/","name":"Johanniskraut\u00f6l-Extrakt &#8211; B\u00fckki Gy\u00f3gytea Web\u00e1ruh\u00e1z","isPartOf":{"@id":"https:\/\/bukkigyogytea.com\/de\/#website"},"primaryImageOfPage":{"@id":"https:\/\/bukkigyogytea.com\/de\/produkt\/johanniskrautol-extrakt\/#primaryimage"},"image":{"@id":"https:\/\/bukkigyogytea.com\/de\/produkt\/johanniskrautol-extrakt\/#primaryimage"},"thumbnailUrl":"https:\/\/bukkigyogytea.com\/wp-content\/uploads\/2018\/09\/tinktura-orbancfu-mega.png","datePublished":"2018-09-06T06:07:27+00:00","dateModified":"2023-02-28T23:01:30+00:00","breadcrumb":{"@id":"https:\/\/bukkigyogytea.com\/de\/produkt\/johanniskrautol-extrakt\/#breadcrumb"},"inLanguage":"de","potentialAction":[{"@type":"ReadAction","target":["https:\/\/bukkigyogytea.com\/de\/produkt\/johanniskrautol-extrakt\/"]}]},{"@type":"ImageObject","inLanguage":"de","@id":"https:\/\/bukkigyogytea.com\/de\/produkt\/johanniskrautol-extrakt\/#primaryimage","url":"https:\/\/bukkigyogytea.com\/wp-content\/uploads\/2018\/09\/tinktura-orbancfu-mega.png","contentUrl":"https:\/\/bukkigyogytea.com\/wp-content\/uploads\/2018\/09\/tinktura-orbancfu-mega.png","width":550,"height":550,"caption":"Orb\u00e1ncf\u0171 olajos kivonat"},{"@type":"BreadcrumbList","@id":"https:\/\/bukkigyogytea.com\/de\/produkt\/johanniskrautol-extrakt\/#breadcrumb","itemListElement":[{"@type":"ListItem","position":1,"name":"Home","item":"https:\/\/bukkigyogytea.com\/de\/"},{"@type":"ListItem","position":2,"name":"Produkte","item":"https:\/\/bukkigyogytea.com\/de\/shop\/"},{"@type":"ListItem","position":3,"name":"Kr\u00e4uterextrakte","item":"https:\/\/bukkigyogytea.com\/de\/Produktkategorie\/krauterextrakte\/"},{"@type":"ListItem","position":4,"name":"Johanniskraut\u00f6l-Extrakt"}]},{"@type":"WebSite","@id":"https:\/\/bukkigyogytea.com\/de\/#website","url":"https:\/\/bukkigyogytea.com\/de\/","name":"B\u00fckki Gy\u00f3gytea Web\u00e1ruh\u00e1z","description":"Gy\u00f6rgytea hivatalos viszontelad\u00f3","publisher":{"@id":"https:\/\/bukkigyogytea.com\/de\/#organization"},"potentialAction":[{"@type":"SearchAction","target":{"@type":"EntryPoint","urlTemplate":"https:\/\/bukkigyogytea.com\/de\/?s={search_term_string}"},"query-input":{"@type":"PropertyValueSpecification","valueRequired":true,"valueName":"search_term_string"}}],"inLanguage":"de"},{"@type":"Organization","@id":"https:\/\/bukkigyogytea.com\/de\/#organization","name":"B\u00fckki Gy\u00f3gytea Web\u00e1ruh\u00e1z","url":"https:\/\/bukkigyogytea.com\/de\/","logo":{"@type":"ImageObject","inLanguage":"de","@id":"https:\/\/bukkigyogytea.com\/de\/#\/schema\/logo\/image\/","url":"https:\/\/i0.wp.com\/bukkigyogytea.com\/wp-content\/uploads\/2020\/05\/Sitelogo-1.jpg?fit=350%2C85&ssl=1","contentUrl":"https:\/\/i0.wp.com\/bukkigyogytea.com\/wp-content\/uploads\/2020\/05\/Sitelogo-1.jpg?fit=350%2C85&ssl=1","width":350,"height":85,"caption":"B\u00fckki Gy\u00f3gytea Web\u00e1ruh\u00e1z"},"image":{"@id":"https:\/\/bukkigyogytea.com\/de\/#\/schema\/logo\/image\/"},"sameAs":["https:\/\/www.facebook.com\/bukkigyogytea\/"]}]}},"publishpress_future_action":{"enabled":false,"date":"2026-04-15 22:55:00","action":"change-status","newStatus":"draft","terms":[],"taxonomy":"product_type","extraData":[]},"publishpress_future_workflow_manual_trigger":{"enabledWorkflows":[]},"_links":{"self":[{"href":"https:\/\/bukkigyogytea.com\/de\/wp-json\/wp\/v2\/product\/4786","targetHints":{"allow":["GET"]}}],"collection":[{"href":"https:\/\/bukkigyogytea.com\/de\/wp-json\/wp\/v2\/product"}],"about":[{"href":"https:\/\/bukkigyogytea.com\/de\/wp-json\/wp\/v2\/types\/product"}],"replies":[{"embeddable":true,"href":"https:\/\/bukkigyogytea.com\/de\/wp-json\/wp\/v2\/comments?post=4786"}],"wp:featuredmedia":[{"embeddable":true,"href":"https:\/\/bukkigyogytea.com\/de\/wp-json\/wp\/v2\/media\/4787"}],"wp:attachment":[{"href":"https:\/\/bukkigyogytea.com\/de\/wp-json\/wp\/v2\/media?parent=4786"}],"wp:term":[{"taxonomy":"product_brand","embeddable":true,"href":"https:\/\/bukkigyogytea.com\/de\/wp-json\/wp\/v2\/product_brand?post=4786"},{"taxonomy":"product_cat","embeddable":true,"href":"https:\/\/bukkigyogytea.com\/de\/wp-json\/wp\/v2\/product_cat?post=4786"},{"taxonomy":"product_tag","embeddable":true,"href":"https:\/\/bukkigyogytea.com\/de\/wp-json\/wp\/v2\/product_tag?post=4786"}],"curies":[{"name":"wp","href":"https:\/\/api.w.org\/{rel}","templated":true}]}}