{"id":4775,"date":"2018-09-06T08:02:33","date_gmt":"2018-09-06T06:02:33","guid":{"rendered":"https:\/\/bukkigyogytea.com\/termek\/beinwell-alkoholischer-extrakt\/"},"modified":"2024-02-01T00:00:10","modified_gmt":"2024-01-31T23:00:10","slug":"beinwell-alkoholischer-extrakt","status":"publish","type":"product","link":"https:\/\/bukkigyogytea.com\/de\/produkt\/beinwell-alkoholischer-extrakt\/","title":{"rendered":"Beinwell alkoholischer Extrakt"},"content":{"rendered":"<p><strong>Zubereitung:<\/strong><\/p>\n<p>Tragen Sie mehrmals t\u00e4glich eine d\u00fcnne Schicht der betroffenen Stelle auf.<\/p>\n<p><strong>Gebrauch:<\/strong><\/p>\n<p>Aufgrund des hohen Gehalts an Allantoin und Gerbstoffen wird der Beinwell in der Volksmedizin seit Jahrhunderten erfolgreich zur Hautpflege, gegen Prellungen, Blutgerinnseln und als Erg\u00e4nzung zu Nachbehandlungen der Hautpflege eingesetzt. Nur zur \u00e4u\u00dferlichen Verwendung geeignet!<\/p>\n<p><strong>Zutaten:<\/strong><\/p>\n<p>Wasser, Alkohol, Isopropylalkohol, Beinwellextrakt<\/p>\n<p><strong>Lagerung:<\/strong><\/p>\n<p>Trocken, k\u00fchl, lichtgesch\u00fctzt, f\u00fcr Kinder unzug\u00e4nglich aufbewahren!<\/p>\n<p><strong>Vertreiber:<\/strong><\/p>\n<p>Pharmaherb Kft. 3557 B\u00fckkszentkereszt, \u0150z utca 7.<\/p>\n","protected":false},"excerpt":{"rendered":"<p>Aufgrund des hohen Gehalts an Allantoin und Gerbstoffen wird der Beinwell in der Volksmedizin seit Jahrhunderten erfolgreich zur Hautpflege, gegen Prellungen, Blutgerinnseln und als Erg\u00e4nzung zu Nachbehandlungen der Hautpflege eingesetzt. Nur zur \u00e4u\u00dferlichen Verwendung geeignet!<\/p>\n","protected":false},"featured_media":4776,"comment_status":"open","ping_status":"closed","template":"","meta":{"_acf_changed":false},"product_brand":[],"product_cat":[198],"product_tag":[],"class_list":{"0":"post-4775","1":"product","2":"type-product","3":"status-publish","4":"has-post-thumbnail","6":"product_cat-krauterextrakte","7":"sales-flash-overlay","8":"woocommerce-text-align-center","9":"woocommerce-image-align-center","10":"do-quantity-buttons","12":"first","13":"instock","14":"taxable","15":"shipping-taxable","16":"purchasable","17":"product-type-simple"},"acf":{"blog_termekleiras":""},"yoast_head":"<!-- This site is optimized with the Yoast SEO plugin v26.9 - https:\/\/yoast.com\/product\/yoast-seo-wordpress\/ -->\n<title>Beinwell alkoholischer Extrakt &#8211; B\u00fckki Gy\u00f3gytea Web\u00e1ruh\u00e1z<\/title>\n<meta name=\"robots\" content=\"index, follow, max-snippet:-1, max-image-preview:large, max-video-preview:-1\" \/>\n<link rel=\"canonical\" href=\"https:\/\/bukkigyogytea.com\/de\/produkt\/beinwell-alkoholischer-extrakt\/\" \/>\n<meta property=\"og:locale\" content=\"de_DE\" \/>\n<meta property=\"og:type\" content=\"article\" \/>\n<meta property=\"og:title\" content=\"Beinwell alkoholischer Extrakt &#8211; B\u00fckki Gy\u00f3gytea Web\u00e1ruh\u00e1z\" \/>\n<meta property=\"og:description\" content=\"Aufgrund des hohen Gehalts an Allantoin und Gerbstoffen wird der Beinwell in der Volksmedizin seit Jahrhunderten erfolgreich zur Hautpflege, gegen Prellungen, Blutgerinnseln und als Erg\u00e4nzung zu Nachbehandlungen der Hautpflege eingesetzt. Nur zur \u00e4u\u00dferlichen Verwendung geeignet!\" \/>\n<meta property=\"og:url\" content=\"https:\/\/bukkigyogytea.com\/de\/produkt\/beinwell-alkoholischer-extrakt\/\" \/>\n<meta property=\"og:site_name\" content=\"B\u00fckki Gy\u00f3gytea Web\u00e1ruh\u00e1z\" \/>\n<meta property=\"article:publisher\" content=\"https:\/\/www.facebook.com\/bukkigyogytea\/\" \/>\n<meta property=\"article:modified_time\" content=\"2024-01-31T23:00:10+00:00\" \/>\n<meta property=\"og:image\" content=\"https:\/\/bukkigyogytea.com\/wp-content\/uploads\/2018\/09\/FB-OG-nadalyto-alk-1.jpg\" \/>\n<meta name=\"twitter:card\" content=\"summary_large_image\" \/>\n<script type=\"application\/ld+json\" class=\"yoast-schema-graph\">{\"@context\":\"https:\/\/schema.org\",\"@graph\":[{\"@type\":\"WebPage\",\"@id\":\"https:\/\/bukkigyogytea.com\/de\/produkt\/beinwell-alkoholischer-extrakt\/\",\"url\":\"https:\/\/bukkigyogytea.com\/de\/produkt\/beinwell-alkoholischer-extrakt\/\",\"name\":\"Beinwell alkoholischer Extrakt &#8211; B\u00fckki Gy\u00f3gytea Web\u00e1ruh\u00e1z\",\"isPartOf\":{\"@id\":\"https:\/\/bukkigyogytea.com\/de\/#website\"},\"primaryImageOfPage\":{\"@id\":\"https:\/\/bukkigyogytea.com\/de\/produkt\/beinwell-alkoholischer-extrakt\/#primaryimage\"},\"image\":{\"@id\":\"https:\/\/bukkigyogytea.com\/de\/produkt\/beinwell-alkoholischer-extrakt\/#primaryimage\"},\"thumbnailUrl\":\"https:\/\/bukkigyogytea.com\/wp-content\/uploads\/2018\/09\/tinktura-nadaly-mega.png\",\"datePublished\":\"2018-09-06T06:02:33+00:00\",\"dateModified\":\"2024-01-31T23:00:10+00:00\",\"breadcrumb\":{\"@id\":\"https:\/\/bukkigyogytea.com\/de\/produkt\/beinwell-alkoholischer-extrakt\/#breadcrumb\"},\"inLanguage\":\"de\",\"potentialAction\":[{\"@type\":\"ReadAction\",\"target\":[\"https:\/\/bukkigyogytea.com\/de\/produkt\/beinwell-alkoholischer-extrakt\/\"]}]},{\"@type\":\"ImageObject\",\"inLanguage\":\"de\",\"@id\":\"https:\/\/bukkigyogytea.com\/de\/produkt\/beinwell-alkoholischer-extrakt\/#primaryimage\",\"url\":\"https:\/\/bukkigyogytea.com\/wp-content\/uploads\/2018\/09\/tinktura-nadaly-mega.png\",\"contentUrl\":\"https:\/\/bukkigyogytea.com\/wp-content\/uploads\/2018\/09\/tinktura-nadaly-mega.png\",\"width\":550,\"height\":550,\"caption\":\"Fekete nad\u00e1lyt\u0151 alkoholos kivonat\"},{\"@type\":\"BreadcrumbList\",\"@id\":\"https:\/\/bukkigyogytea.com\/de\/produkt\/beinwell-alkoholischer-extrakt\/#breadcrumb\",\"itemListElement\":[{\"@type\":\"ListItem\",\"position\":1,\"name\":\"Home\",\"item\":\"https:\/\/bukkigyogytea.com\/de\/\"},{\"@type\":\"ListItem\",\"position\":2,\"name\":\"Produkte\",\"item\":\"https:\/\/bukkigyogytea.com\/de\/shop\/\"},{\"@type\":\"ListItem\",\"position\":3,\"name\":\"Kr\u00e4uterextrakte\",\"item\":\"https:\/\/bukkigyogytea.com\/de\/Produktkategorie\/krauterextrakte\/\"},{\"@type\":\"ListItem\",\"position\":4,\"name\":\"Beinwell alkoholischer Extrakt\"}]},{\"@type\":\"WebSite\",\"@id\":\"https:\/\/bukkigyogytea.com\/de\/#website\",\"url\":\"https:\/\/bukkigyogytea.com\/de\/\",\"name\":\"B\u00fckki Gy\u00f3gytea Web\u00e1ruh\u00e1z\",\"description\":\"Gy\u00f6rgytea hivatalos viszontelad\u00f3\",\"publisher\":{\"@id\":\"https:\/\/bukkigyogytea.com\/de\/#organization\"},\"potentialAction\":[{\"@type\":\"SearchAction\",\"target\":{\"@type\":\"EntryPoint\",\"urlTemplate\":\"https:\/\/bukkigyogytea.com\/de\/?s={search_term_string}\"},\"query-input\":{\"@type\":\"PropertyValueSpecification\",\"valueRequired\":true,\"valueName\":\"search_term_string\"}}],\"inLanguage\":\"de\"},{\"@type\":\"Organization\",\"@id\":\"https:\/\/bukkigyogytea.com\/de\/#organization\",\"name\":\"B\u00fckki Gy\u00f3gytea Web\u00e1ruh\u00e1z\",\"url\":\"https:\/\/bukkigyogytea.com\/de\/\",\"logo\":{\"@type\":\"ImageObject\",\"inLanguage\":\"de\",\"@id\":\"https:\/\/bukkigyogytea.com\/de\/#\/schema\/logo\/image\/\",\"url\":\"https:\/\/i0.wp.com\/bukkigyogytea.com\/wp-content\/uploads\/2020\/05\/Sitelogo-1.jpg?fit=350%2C85&ssl=1\",\"contentUrl\":\"https:\/\/i0.wp.com\/bukkigyogytea.com\/wp-content\/uploads\/2020\/05\/Sitelogo-1.jpg?fit=350%2C85&ssl=1\",\"width\":350,\"height\":85,\"caption\":\"B\u00fckki Gy\u00f3gytea Web\u00e1ruh\u00e1z\"},\"image\":{\"@id\":\"https:\/\/bukkigyogytea.com\/de\/#\/schema\/logo\/image\/\"},\"sameAs\":[\"https:\/\/www.facebook.com\/bukkigyogytea\/\"]}]}<\/script>\n<!-- \/ Yoast SEO plugin. -->","yoast_head_json":{"title":"Beinwell alkoholischer Extrakt &#8211; B\u00fckki Gy\u00f3gytea Web\u00e1ruh\u00e1z","robots":{"index":"index","follow":"follow","max-snippet":"max-snippet:-1","max-image-preview":"max-image-preview:large","max-video-preview":"max-video-preview:-1"},"canonical":"https:\/\/bukkigyogytea.com\/de\/produkt\/beinwell-alkoholischer-extrakt\/","og_locale":"de_DE","og_type":"article","og_title":"Beinwell alkoholischer Extrakt &#8211; B\u00fckki Gy\u00f3gytea Web\u00e1ruh\u00e1z","og_description":"Aufgrund des hohen Gehalts an Allantoin und Gerbstoffen wird der Beinwell in der Volksmedizin seit Jahrhunderten erfolgreich zur Hautpflege, gegen Prellungen, Blutgerinnseln und als Erg\u00e4nzung zu Nachbehandlungen der Hautpflege eingesetzt. Nur zur \u00e4u\u00dferlichen Verwendung geeignet!","og_url":"https:\/\/bukkigyogytea.com\/de\/produkt\/beinwell-alkoholischer-extrakt\/","og_site_name":"B\u00fckki Gy\u00f3gytea Web\u00e1ruh\u00e1z","article_publisher":"https:\/\/www.facebook.com\/bukkigyogytea\/","article_modified_time":"2024-01-31T23:00:10+00:00","og_image":[{"url":"https:\/\/bukkigyogytea.com\/wp-content\/uploads\/2018\/09\/FB-OG-nadalyto-alk-1.jpg","type":"","width":"","height":""}],"twitter_card":"summary_large_image","schema":{"@context":"https:\/\/schema.org","@graph":[{"@type":"WebPage","@id":"https:\/\/bukkigyogytea.com\/de\/produkt\/beinwell-alkoholischer-extrakt\/","url":"https:\/\/bukkigyogytea.com\/de\/produkt\/beinwell-alkoholischer-extrakt\/","name":"Beinwell alkoholischer Extrakt &#8211; B\u00fckki Gy\u00f3gytea Web\u00e1ruh\u00e1z","isPartOf":{"@id":"https:\/\/bukkigyogytea.com\/de\/#website"},"primaryImageOfPage":{"@id":"https:\/\/bukkigyogytea.com\/de\/produkt\/beinwell-alkoholischer-extrakt\/#primaryimage"},"image":{"@id":"https:\/\/bukkigyogytea.com\/de\/produkt\/beinwell-alkoholischer-extrakt\/#primaryimage"},"thumbnailUrl":"https:\/\/bukkigyogytea.com\/wp-content\/uploads\/2018\/09\/tinktura-nadaly-mega.png","datePublished":"2018-09-06T06:02:33+00:00","dateModified":"2024-01-31T23:00:10+00:00","breadcrumb":{"@id":"https:\/\/bukkigyogytea.com\/de\/produkt\/beinwell-alkoholischer-extrakt\/#breadcrumb"},"inLanguage":"de","potentialAction":[{"@type":"ReadAction","target":["https:\/\/bukkigyogytea.com\/de\/produkt\/beinwell-alkoholischer-extrakt\/"]}]},{"@type":"ImageObject","inLanguage":"de","@id":"https:\/\/bukkigyogytea.com\/de\/produkt\/beinwell-alkoholischer-extrakt\/#primaryimage","url":"https:\/\/bukkigyogytea.com\/wp-content\/uploads\/2018\/09\/tinktura-nadaly-mega.png","contentUrl":"https:\/\/bukkigyogytea.com\/wp-content\/uploads\/2018\/09\/tinktura-nadaly-mega.png","width":550,"height":550,"caption":"Fekete nad\u00e1lyt\u0151 alkoholos kivonat"},{"@type":"BreadcrumbList","@id":"https:\/\/bukkigyogytea.com\/de\/produkt\/beinwell-alkoholischer-extrakt\/#breadcrumb","itemListElement":[{"@type":"ListItem","position":1,"name":"Home","item":"https:\/\/bukkigyogytea.com\/de\/"},{"@type":"ListItem","position":2,"name":"Produkte","item":"https:\/\/bukkigyogytea.com\/de\/shop\/"},{"@type":"ListItem","position":3,"name":"Kr\u00e4uterextrakte","item":"https:\/\/bukkigyogytea.com\/de\/Produktkategorie\/krauterextrakte\/"},{"@type":"ListItem","position":4,"name":"Beinwell alkoholischer Extrakt"}]},{"@type":"WebSite","@id":"https:\/\/bukkigyogytea.com\/de\/#website","url":"https:\/\/bukkigyogytea.com\/de\/","name":"B\u00fckki Gy\u00f3gytea Web\u00e1ruh\u00e1z","description":"Gy\u00f6rgytea hivatalos viszontelad\u00f3","publisher":{"@id":"https:\/\/bukkigyogytea.com\/de\/#organization"},"potentialAction":[{"@type":"SearchAction","target":{"@type":"EntryPoint","urlTemplate":"https:\/\/bukkigyogytea.com\/de\/?s={search_term_string}"},"query-input":{"@type":"PropertyValueSpecification","valueRequired":true,"valueName":"search_term_string"}}],"inLanguage":"de"},{"@type":"Organization","@id":"https:\/\/bukkigyogytea.com\/de\/#organization","name":"B\u00fckki Gy\u00f3gytea Web\u00e1ruh\u00e1z","url":"https:\/\/bukkigyogytea.com\/de\/","logo":{"@type":"ImageObject","inLanguage":"de","@id":"https:\/\/bukkigyogytea.com\/de\/#\/schema\/logo\/image\/","url":"https:\/\/i0.wp.com\/bukkigyogytea.com\/wp-content\/uploads\/2020\/05\/Sitelogo-1.jpg?fit=350%2C85&ssl=1","contentUrl":"https:\/\/i0.wp.com\/bukkigyogytea.com\/wp-content\/uploads\/2020\/05\/Sitelogo-1.jpg?fit=350%2C85&ssl=1","width":350,"height":85,"caption":"B\u00fckki Gy\u00f3gytea Web\u00e1ruh\u00e1z"},"image":{"@id":"https:\/\/bukkigyogytea.com\/de\/#\/schema\/logo\/image\/"},"sameAs":["https:\/\/www.facebook.com\/bukkigyogytea\/"]}]}},"publishpress_future_action":{"enabled":false,"date":"2026-05-07 22:55:00","action":"change-status","newStatus":"draft","terms":[],"taxonomy":"product_type","extraData":[]},"publishpress_future_workflow_manual_trigger":{"enabledWorkflows":[]},"_links":{"self":[{"href":"https:\/\/bukkigyogytea.com\/de\/wp-json\/wp\/v2\/product\/4775","targetHints":{"allow":["GET"]}}],"collection":[{"href":"https:\/\/bukkigyogytea.com\/de\/wp-json\/wp\/v2\/product"}],"about":[{"href":"https:\/\/bukkigyogytea.com\/de\/wp-json\/wp\/v2\/types\/product"}],"replies":[{"embeddable":true,"href":"https:\/\/bukkigyogytea.com\/de\/wp-json\/wp\/v2\/comments?post=4775"}],"wp:featuredmedia":[{"embeddable":true,"href":"https:\/\/bukkigyogytea.com\/de\/wp-json\/wp\/v2\/media\/4776"}],"wp:attachment":[{"href":"https:\/\/bukkigyogytea.com\/de\/wp-json\/wp\/v2\/media?parent=4775"}],"wp:term":[{"taxonomy":"product_brand","embeddable":true,"href":"https:\/\/bukkigyogytea.com\/de\/wp-json\/wp\/v2\/product_brand?post=4775"},{"taxonomy":"product_cat","embeddable":true,"href":"https:\/\/bukkigyogytea.com\/de\/wp-json\/wp\/v2\/product_cat?post=4775"},{"taxonomy":"product_tag","embeddable":true,"href":"https:\/\/bukkigyogytea.com\/de\/wp-json\/wp\/v2\/product_tag?post=4775"}],"curies":[{"name":"wp","href":"https:\/\/api.w.org\/{rel}","templated":true}]}}