{"id":18685,"date":"2026-05-07T00:15:09","date_gmt":"2026-05-06T22:15:09","guid":{"rendered":"https:\/\/bukkigyogytea.com\/termek\/gyoergytea-silhouette-kapseln\/"},"modified":"2026-05-07T00:15:09","modified_gmt":"2026-05-06T22:15:09","slug":"gyoergytea-silhouette-kapseln","status":"publish","type":"product","link":"https:\/\/bukkigyogytea.com\/de\/produkt\/gyoergytea-silhouette-kapseln\/","title":{"rendered":"Gy\u00f6rgytea Silhouette Kapseln"},"content":{"rendered":"<p><strong>Enth\u00e4lt Koffein.<\/strong> Der Verzehr wird f\u00fcr Kinder und schwangere Frauen nicht empfohlen. Koffeingehalt: 30 mg\/Tagesdosis.<\/p>\n<p><strong>DOSIERUNG:<\/strong> t\u00e4glich 3&#215;1 Kapsel nach dem Essen.<\/p>\n<p><strong>ZUTATEN:<\/strong> L\u00f6wenzahnblattpulver <em>(Taraxacum officinale)<\/em>, EGCG-reicher Gr\u00fcntee-Blattextrakt <em>(Camellia sinensis)<\/em>, Wegwartentriebpulver <em>(Cichorium intybus)<\/em>, Bl\u00fctenpulver der Wei\u00dfen Robinie \/ Scheinakazie <em>(Robinia pseudoacacia)<\/em>, Schlehenknospenpulver <em>(Prunus spinosa)<\/em>, Kapselh\u00fclle (Hydroxypropylmethylcellulose).<\/p>\n<p><strong>AKTIVE WIRKSTOFFE IN DER TAGESDOSIS (3 KAPSELN):<\/strong> L\u00f6wenzahnblatt: 350 mg; EGCG-reicher Gr\u00fcntee-Blattextrakt: 300 mg (davon Gesamtpolyphenole 150 mg, EGCG (-)-Epigallocatechin-3-gallat: 48 mg, Koffein: 30 mg); Wegwartentrieb: 100 mg; Bl\u00fcten der Wei\u00dfen Robinie \/ Scheinakazie: 100 mg; Schlehenknospen: 50 mg.<\/p>\n<p><strong>HINWEISE<\/strong><br \/>\nDie in der Verzehrempfehlung angegebene Menge darf nicht \u00fcberschritten werden. Au\u00dferhalb der Reichweite von Kindern aufbewahren. Das Produkt ersetzt keine ausgewogene, abwechslungsreiche Ern\u00e4hrung und keine gesunde Lebensweise. Die t\u00e4gliche Aufnahme von EGCG (-)-Epigallocatechin-3-gallat darf 800 mg pro Tag nicht erreichen bzw. \u00fcberschreiten. Darf nicht am selben Tag mit anderen Produkten verzehrt werden, die gr\u00fcnen Tee enthalten. Enth\u00e4lt Koffein. Schwangere oder stillende Frauen sowie Kinder und Jugendliche unter 18 Jahren d\u00fcrfen das Produkt nicht verzehren. Nicht auf n\u00fcchternen Magen verzehren.<\/p>\n<p><strong>laktosefrei\u00a0 | vegan |\u00a0ohne Konservierungsstoffe<\/strong><\/p>\n","protected":false},"excerpt":{"rendered":"<h3>Zur Unterst\u00fctzung der nat\u00fcrlichen Gewichtskontrolle<\/h3>\n<p>Der nat\u00fcrliche <strong>Gr\u00fcntee-Extrakt mit EGCG <\/strong>unterst\u00fctzt die Anregung des Stoffwechsels, tr\u00e4gt zur Fettoxidation bei, unterst\u00fctzt einen normalen Blutzuckerspiegel und eine gesunde Insulinproduktion. <strong>Schlehenknospen <\/strong>unterst\u00fctzen die Energie des K\u00f6rpers.<\/p>\n<p><strong>laktosefrei\u00a0 | vegan |\u00a0ohne Konservierungsstoffe<\/strong><\/p>\n","protected":false},"featured_media":18577,"comment_status":"closed","ping_status":"closed","template":"","meta":{"_acf_changed":false},"product_brand":[],"product_cat":[378],"product_tag":[],"class_list":{"0":"post-18685","1":"product","2":"type-product","3":"status-publish","4":"has-post-thumbnail","6":"product_cat-kraeuterkapseln","7":"sales-flash-overlay","8":"woocommerce-text-align-center","9":"woocommerce-image-align-center","10":"do-quantity-buttons","12":"first","13":"instock","14":"sale","15":"taxable","16":"shipping-taxable","17":"purchasable","18":"product-type-simple"},"acf":{"blog_termekleiras":""},"yoast_head":"<!-- This site is optimized with the Yoast SEO plugin v26.9 - https:\/\/yoast.com\/product\/yoast-seo-wordpress\/ -->\n<title>Gy\u00f6rgytea Silhouette Kapseln &#8211; B\u00fckki Gy\u00f3gytea Web\u00e1ruh\u00e1z<\/title>\n<meta name=\"robots\" content=\"index, follow, max-snippet:-1, max-image-preview:large, max-video-preview:-1\" \/>\n<link rel=\"canonical\" href=\"https:\/\/bukkigyogytea.com\/de\/produkt\/gyoergytea-silhouette-kapseln\/\" \/>\n<meta property=\"og:locale\" content=\"de_DE\" \/>\n<meta property=\"og:type\" content=\"article\" \/>\n<meta property=\"og:title\" content=\"Gy\u00f6rgytea Silhouette Kapseln &#8211; B\u00fckki Gy\u00f3gytea Web\u00e1ruh\u00e1z\" \/>\n<meta property=\"og:description\" content=\"Zur Unterst\u00fctzung der nat\u00fcrlichen Gewichtskontrolle Der nat\u00fcrliche Gr\u00fcntee-Extrakt mit EGCG unterst\u00fctzt die Anregung des Stoffwechsels, tr\u00e4gt zur Fettoxidation bei, unterst\u00fctzt einen normalen Blutzuckerspiegel und eine gesunde Insulinproduktion. Schlehenknospen unterst\u00fctzen die Energie des K\u00f6rpers.  laktosefrei\u00a0 | vegan |\u00a0ohne Konservierungsstoffe\" \/>\n<meta property=\"og:url\" content=\"https:\/\/bukkigyogytea.com\/de\/produkt\/gyoergytea-silhouette-kapseln\/\" \/>\n<meta property=\"og:site_name\" content=\"B\u00fckki Gy\u00f3gytea Web\u00e1ruh\u00e1z\" \/>\n<meta property=\"article:publisher\" content=\"https:\/\/www.facebook.com\/bukkigyogytea\/\" \/>\n<meta property=\"og:image\" content=\"https:\/\/bukkigyogytea.com\/wp-content\/uploads\/2026\/05\/Gyorgytea-sziluett-kapszula-og-1024x536.jpg\" \/>\n<meta name=\"twitter:card\" content=\"summary_large_image\" \/>\n<meta name=\"twitter:label1\" content=\"Gesch\u00e4tzte Lesezeit\" \/>\n\t<meta name=\"twitter:data1\" content=\"1\u00a0Minute\" \/>\n<script type=\"application\/ld+json\" class=\"yoast-schema-graph\">{\"@context\":\"https:\/\/schema.org\",\"@graph\":[{\"@type\":\"WebPage\",\"@id\":\"https:\/\/bukkigyogytea.com\/de\/produkt\/gyoergytea-silhouette-kapseln\/\",\"url\":\"https:\/\/bukkigyogytea.com\/de\/produkt\/gyoergytea-silhouette-kapseln\/\",\"name\":\"Gy\u00f6rgytea Silhouette Kapseln &#8211; B\u00fckki Gy\u00f3gytea Web\u00e1ruh\u00e1z\",\"isPartOf\":{\"@id\":\"https:\/\/bukkigyogytea.com\/de\/#website\"},\"primaryImageOfPage\":{\"@id\":\"https:\/\/bukkigyogytea.com\/de\/produkt\/gyoergytea-silhouette-kapseln\/#primaryimage\"},\"image\":{\"@id\":\"https:\/\/bukkigyogytea.com\/de\/produkt\/gyoergytea-silhouette-kapseln\/#primaryimage\"},\"thumbnailUrl\":\"https:\/\/bukkigyogytea.com\/wp-content\/uploads\/2026\/05\/Gyorgytea-sziluett-kapszula.jpg\",\"datePublished\":\"2026-05-06T22:15:09+00:00\",\"breadcrumb\":{\"@id\":\"https:\/\/bukkigyogytea.com\/de\/produkt\/gyoergytea-silhouette-kapseln\/#breadcrumb\"},\"inLanguage\":\"de\",\"potentialAction\":[{\"@type\":\"ReadAction\",\"target\":[\"https:\/\/bukkigyogytea.com\/de\/produkt\/gyoergytea-silhouette-kapseln\/\"]}]},{\"@type\":\"ImageObject\",\"inLanguage\":\"de\",\"@id\":\"https:\/\/bukkigyogytea.com\/de\/produkt\/gyoergytea-silhouette-kapseln\/#primaryimage\",\"url\":\"https:\/\/bukkigyogytea.com\/wp-content\/uploads\/2026\/05\/Gyorgytea-sziluett-kapszula.jpg\",\"contentUrl\":\"https:\/\/bukkigyogytea.com\/wp-content\/uploads\/2026\/05\/Gyorgytea-sziluett-kapszula.jpg\",\"width\":900,\"height\":900},{\"@type\":\"BreadcrumbList\",\"@id\":\"https:\/\/bukkigyogytea.com\/de\/produkt\/gyoergytea-silhouette-kapseln\/#breadcrumb\",\"itemListElement\":[{\"@type\":\"ListItem\",\"position\":1,\"name\":\"Home\",\"item\":\"https:\/\/bukkigyogytea.com\/de\/\"},{\"@type\":\"ListItem\",\"position\":2,\"name\":\"Produkte\",\"item\":\"https:\/\/bukkigyogytea.com\/de\/shop\/\"},{\"@type\":\"ListItem\",\"position\":3,\"name\":\"Gy\u00f6rgytea Silhouette Kapseln\"}]},{\"@type\":\"WebSite\",\"@id\":\"https:\/\/bukkigyogytea.com\/de\/#website\",\"url\":\"https:\/\/bukkigyogytea.com\/de\/\",\"name\":\"B\u00fckki Gy\u00f3gytea Web\u00e1ruh\u00e1z\",\"description\":\"Gy\u00f6rgytea hivatalos viszontelad\u00f3\",\"publisher\":{\"@id\":\"https:\/\/bukkigyogytea.com\/de\/#organization\"},\"potentialAction\":[{\"@type\":\"SearchAction\",\"target\":{\"@type\":\"EntryPoint\",\"urlTemplate\":\"https:\/\/bukkigyogytea.com\/de\/?s={search_term_string}\"},\"query-input\":{\"@type\":\"PropertyValueSpecification\",\"valueRequired\":true,\"valueName\":\"search_term_string\"}}],\"inLanguage\":\"de\"},{\"@type\":\"Organization\",\"@id\":\"https:\/\/bukkigyogytea.com\/de\/#organization\",\"name\":\"B\u00fckki Gy\u00f3gytea Web\u00e1ruh\u00e1z\",\"url\":\"https:\/\/bukkigyogytea.com\/de\/\",\"logo\":{\"@type\":\"ImageObject\",\"inLanguage\":\"de\",\"@id\":\"https:\/\/bukkigyogytea.com\/de\/#\/schema\/logo\/image\/\",\"url\":\"https:\/\/i0.wp.com\/bukkigyogytea.com\/wp-content\/uploads\/2020\/05\/Sitelogo-1.jpg?fit=350%2C85&ssl=1\",\"contentUrl\":\"https:\/\/i0.wp.com\/bukkigyogytea.com\/wp-content\/uploads\/2020\/05\/Sitelogo-1.jpg?fit=350%2C85&ssl=1\",\"width\":350,\"height\":85,\"caption\":\"B\u00fckki Gy\u00f3gytea Web\u00e1ruh\u00e1z\"},\"image\":{\"@id\":\"https:\/\/bukkigyogytea.com\/de\/#\/schema\/logo\/image\/\"},\"sameAs\":[\"https:\/\/www.facebook.com\/bukkigyogytea\/\"]}]}<\/script>\n<!-- \/ Yoast SEO plugin. -->","yoast_head_json":{"title":"Gy\u00f6rgytea Silhouette Kapseln &#8211; B\u00fckki Gy\u00f3gytea Web\u00e1ruh\u00e1z","robots":{"index":"index","follow":"follow","max-snippet":"max-snippet:-1","max-image-preview":"max-image-preview:large","max-video-preview":"max-video-preview:-1"},"canonical":"https:\/\/bukkigyogytea.com\/de\/produkt\/gyoergytea-silhouette-kapseln\/","og_locale":"de_DE","og_type":"article","og_title":"Gy\u00f6rgytea Silhouette Kapseln &#8211; B\u00fckki Gy\u00f3gytea Web\u00e1ruh\u00e1z","og_description":"Zur Unterst\u00fctzung der nat\u00fcrlichen Gewichtskontrolle Der nat\u00fcrliche Gr\u00fcntee-Extrakt mit EGCG unterst\u00fctzt die Anregung des Stoffwechsels, tr\u00e4gt zur Fettoxidation bei, unterst\u00fctzt einen normalen Blutzuckerspiegel und eine gesunde Insulinproduktion. Schlehenknospen unterst\u00fctzen die Energie des K\u00f6rpers.  laktosefrei\u00a0 | vegan |\u00a0ohne Konservierungsstoffe","og_url":"https:\/\/bukkigyogytea.com\/de\/produkt\/gyoergytea-silhouette-kapseln\/","og_site_name":"B\u00fckki Gy\u00f3gytea Web\u00e1ruh\u00e1z","article_publisher":"https:\/\/www.facebook.com\/bukkigyogytea\/","og_image":[{"url":"https:\/\/bukkigyogytea.com\/wp-content\/uploads\/2026\/05\/Gyorgytea-sziluett-kapszula-og-1024x536.jpg","type":"","width":"","height":""}],"twitter_card":"summary_large_image","twitter_misc":{"Gesch\u00e4tzte Lesezeit":"1\u00a0Minute"},"schema":{"@context":"https:\/\/schema.org","@graph":[{"@type":"WebPage","@id":"https:\/\/bukkigyogytea.com\/de\/produkt\/gyoergytea-silhouette-kapseln\/","url":"https:\/\/bukkigyogytea.com\/de\/produkt\/gyoergytea-silhouette-kapseln\/","name":"Gy\u00f6rgytea Silhouette Kapseln &#8211; B\u00fckki Gy\u00f3gytea Web\u00e1ruh\u00e1z","isPartOf":{"@id":"https:\/\/bukkigyogytea.com\/de\/#website"},"primaryImageOfPage":{"@id":"https:\/\/bukkigyogytea.com\/de\/produkt\/gyoergytea-silhouette-kapseln\/#primaryimage"},"image":{"@id":"https:\/\/bukkigyogytea.com\/de\/produkt\/gyoergytea-silhouette-kapseln\/#primaryimage"},"thumbnailUrl":"https:\/\/bukkigyogytea.com\/wp-content\/uploads\/2026\/05\/Gyorgytea-sziluett-kapszula.jpg","datePublished":"2026-05-06T22:15:09+00:00","breadcrumb":{"@id":"https:\/\/bukkigyogytea.com\/de\/produkt\/gyoergytea-silhouette-kapseln\/#breadcrumb"},"inLanguage":"de","potentialAction":[{"@type":"ReadAction","target":["https:\/\/bukkigyogytea.com\/de\/produkt\/gyoergytea-silhouette-kapseln\/"]}]},{"@type":"ImageObject","inLanguage":"de","@id":"https:\/\/bukkigyogytea.com\/de\/produkt\/gyoergytea-silhouette-kapseln\/#primaryimage","url":"https:\/\/bukkigyogytea.com\/wp-content\/uploads\/2026\/05\/Gyorgytea-sziluett-kapszula.jpg","contentUrl":"https:\/\/bukkigyogytea.com\/wp-content\/uploads\/2026\/05\/Gyorgytea-sziluett-kapszula.jpg","width":900,"height":900},{"@type":"BreadcrumbList","@id":"https:\/\/bukkigyogytea.com\/de\/produkt\/gyoergytea-silhouette-kapseln\/#breadcrumb","itemListElement":[{"@type":"ListItem","position":1,"name":"Home","item":"https:\/\/bukkigyogytea.com\/de\/"},{"@type":"ListItem","position":2,"name":"Produkte","item":"https:\/\/bukkigyogytea.com\/de\/shop\/"},{"@type":"ListItem","position":3,"name":"Gy\u00f6rgytea Silhouette Kapseln"}]},{"@type":"WebSite","@id":"https:\/\/bukkigyogytea.com\/de\/#website","url":"https:\/\/bukkigyogytea.com\/de\/","name":"B\u00fckki Gy\u00f3gytea Web\u00e1ruh\u00e1z","description":"Gy\u00f6rgytea hivatalos viszontelad\u00f3","publisher":{"@id":"https:\/\/bukkigyogytea.com\/de\/#organization"},"potentialAction":[{"@type":"SearchAction","target":{"@type":"EntryPoint","urlTemplate":"https:\/\/bukkigyogytea.com\/de\/?s={search_term_string}"},"query-input":{"@type":"PropertyValueSpecification","valueRequired":true,"valueName":"search_term_string"}}],"inLanguage":"de"},{"@type":"Organization","@id":"https:\/\/bukkigyogytea.com\/de\/#organization","name":"B\u00fckki Gy\u00f3gytea Web\u00e1ruh\u00e1z","url":"https:\/\/bukkigyogytea.com\/de\/","logo":{"@type":"ImageObject","inLanguage":"de","@id":"https:\/\/bukkigyogytea.com\/de\/#\/schema\/logo\/image\/","url":"https:\/\/i0.wp.com\/bukkigyogytea.com\/wp-content\/uploads\/2020\/05\/Sitelogo-1.jpg?fit=350%2C85&ssl=1","contentUrl":"https:\/\/i0.wp.com\/bukkigyogytea.com\/wp-content\/uploads\/2020\/05\/Sitelogo-1.jpg?fit=350%2C85&ssl=1","width":350,"height":85,"caption":"B\u00fckki Gy\u00f3gytea Web\u00e1ruh\u00e1z"},"image":{"@id":"https:\/\/bukkigyogytea.com\/de\/#\/schema\/logo\/image\/"},"sameAs":["https:\/\/www.facebook.com\/bukkigyogytea\/"]}]}},"publishpress_future_action":{"enabled":false,"date":"2026-05-11 22:55:00","action":"change-status","newStatus":"draft","terms":[],"taxonomy":"product_type","extraData":[]},"publishpress_future_workflow_manual_trigger":{"enabledWorkflows":[]},"_links":{"self":[{"href":"https:\/\/bukkigyogytea.com\/de\/wp-json\/wp\/v2\/product\/18685","targetHints":{"allow":["GET"]}}],"collection":[{"href":"https:\/\/bukkigyogytea.com\/de\/wp-json\/wp\/v2\/product"}],"about":[{"href":"https:\/\/bukkigyogytea.com\/de\/wp-json\/wp\/v2\/types\/product"}],"replies":[{"embeddable":true,"href":"https:\/\/bukkigyogytea.com\/de\/wp-json\/wp\/v2\/comments?post=18685"}],"wp:featuredmedia":[{"embeddable":true,"href":"https:\/\/bukkigyogytea.com\/de\/wp-json\/wp\/v2\/media\/18577"}],"wp:attachment":[{"href":"https:\/\/bukkigyogytea.com\/de\/wp-json\/wp\/v2\/media?parent=18685"}],"wp:term":[{"taxonomy":"product_brand","embeddable":true,"href":"https:\/\/bukkigyogytea.com\/de\/wp-json\/wp\/v2\/product_brand?post=18685"},{"taxonomy":"product_cat","embeddable":true,"href":"https:\/\/bukkigyogytea.com\/de\/wp-json\/wp\/v2\/product_cat?post=18685"},{"taxonomy":"product_tag","embeddable":true,"href":"https:\/\/bukkigyogytea.com\/de\/wp-json\/wp\/v2\/product_tag?post=18685"}],"curies":[{"name":"wp","href":"https:\/\/api.w.org\/{rel}","templated":true}]}}