{"id":18679,"date":"2026-05-07T00:15:05","date_gmt":"2026-05-06T22:15:05","guid":{"rendered":"https:\/\/bukkigyogytea.com\/termek\/gyoergytea-front-kapseln\/"},"modified":"2026-05-07T00:15:05","modified_gmt":"2026-05-06T22:15:05","slug":"gyoergytea-front-kapseln","status":"publish","type":"product","link":"https:\/\/bukkigyogytea.com\/de\/produkt\/gyoergytea-front-kapseln\/","title":{"rendered":"Gy\u00f6rgytea Front Kapseln"},"content":{"rendered":"<p><strong>DOSIERUNG:<\/strong> t\u00e4glich 1&#215;2 Kapseln morgens, nach dem Essen.<\/p>\n<p><strong>ZUTATEN:<\/strong> Ashwagandha-Wurzelpulver <em>(Withania somnifera)<\/em>, Mutterkrautpulver <em>(Tanacetum parthenium)<\/em>, Anisfruchtpulver <em>(Pimpinella anisum)<\/em>, Rosenwurzextrakt <em>(Rhodiola rosea)<\/em> (Rosenwurzextrakt, Maltodextrin), Kapselh\u00fclle (Hydroxypropylmethylcellulose).<\/p>\n<p><strong>AKTIVE WIRKSTOFFE IN DER TAGESDOSIS (2 KAPSELN):<\/strong> Ashwagandha: 250 mg; Mutterkraut: 125 mg; Anisfrucht: 125 mg; Rosenwurzextrakt: 52,25 mg (entspricht 261,25 mg Rosenwurz).<\/p>\n<p><strong>HINWEISE<\/strong><br \/>\nDie in der Verzehrempfehlung angegebene Menge darf nicht \u00fcberschritten werden. Au\u00dferhalb der Reichweite von Kindern aufbewahren. Das Produkt ersetzt keine ausgewogene, abwechslungsreiche Ern\u00e4hrung und keine gesunde Lebensweise. Nicht f\u00fcr Kinder unter 12 Jahren geeignet. Schwangere und stillende Frauen d\u00fcrfen das Produkt nicht verwenden.<\/p>\n<p><strong>laktosefrei | vegan | ohne Konservierungsstoffe<\/strong><\/p>\n","protected":false},"excerpt":{"rendered":"<h3>Zur Erhaltung der k\u00f6rperlichen und geistigen Leistungsf\u00e4higkeit<\/h3>\n<p><strong>Ashwagandha<\/strong> unterst\u00fctzt die Widerstandsf\u00e4higkeit des K\u00f6rpers gegen\u00fcber Stress und die Stressbew\u00e4ltigung. Sie tr\u00e4gt zur Erhaltung des mentalen Gleichgewichts und der emotionalen Stabilit\u00e4t bei. <strong>Mutterkraut<\/strong> tr\u00e4gt zur Wiederherstellung des k\u00f6rperlichen und geistigen Wohlbefindens bei und unterst\u00fctzt die Verringerung von Spannungsgef\u00fchlen im Kopf. <strong>Rosenwurz <\/strong>unterst\u00fctzt den K\u00f6rper als nat\u00fcrliches Antioxidans gegen\u00fcber sch\u00e4dlichen Einfl\u00fcssen der \u00e4u\u00dferen Umgebung. Sie tr\u00e4gt zur Erhaltung der k\u00f6rperlichen und geistigen Widerstandsf\u00e4higkeit bei.<\/p>\n<p><strong>laktosefrei | vegan | ohne Konservierungsstoffe<\/strong><\/p>\n","protected":false},"featured_media":18559,"comment_status":"closed","ping_status":"closed","template":"","meta":{"_acf_changed":false},"product_brand":[],"product_cat":[378],"product_tag":[],"class_list":{"0":"post-18679","1":"product","2":"type-product","3":"status-publish","4":"has-post-thumbnail","6":"product_cat-kraeuterkapseln","7":"sales-flash-overlay","8":"woocommerce-text-align-center","9":"woocommerce-image-align-center","10":"do-quantity-buttons","12":"first","13":"instock","14":"sale","15":"taxable","16":"shipping-taxable","17":"purchasable","18":"product-type-simple"},"acf":{"blog_termekleiras":""},"yoast_head":"<!-- This site is optimized with the Yoast SEO plugin v26.9 - https:\/\/yoast.com\/product\/yoast-seo-wordpress\/ -->\n<title>Gy\u00f6rgytea Front Kapseln &#8211; B\u00fckki Gy\u00f3gytea Web\u00e1ruh\u00e1z<\/title>\n<meta name=\"robots\" content=\"index, follow, max-snippet:-1, max-image-preview:large, max-video-preview:-1\" \/>\n<link rel=\"canonical\" href=\"https:\/\/bukkigyogytea.com\/de\/produkt\/gyoergytea-front-kapseln\/\" \/>\n<meta property=\"og:locale\" content=\"de_DE\" \/>\n<meta property=\"og:type\" content=\"article\" \/>\n<meta property=\"og:title\" content=\"Gy\u00f6rgytea Front Kapseln &#8211; B\u00fckki Gy\u00f3gytea Web\u00e1ruh\u00e1z\" \/>\n<meta property=\"og:description\" content=\"Zur Erhaltung der k\u00f6rperlichen und geistigen Leistungsf\u00e4higkeit Ashwagandha unterst\u00fctzt die Widerstandsf\u00e4higkeit des K\u00f6rpers gegen\u00fcber Stress und die Stressbew\u00e4ltigung. Sie tr\u00e4gt zur Erhaltung des mentalen Gleichgewichts und der emotionalen Stabilit\u00e4t bei. Mutterkraut tr\u00e4gt zur Wiederherstellung des k\u00f6rperlichen und geistigen Wohlbefindens bei und unterst\u00fctzt die Verringerung von Spannungsgef\u00fchlen im Kopf. Rosenwurz unterst\u00fctzt den K\u00f6rper als nat\u00fcrliches Antioxidans gegen\u00fcber sch\u00e4dlichen Einfl\u00fcssen der \u00e4u\u00dferen Umgebung. Sie tr\u00e4gt zur Erhaltung der k\u00f6rperlichen und geistigen Widerstandsf\u00e4higkeit bei.  laktosefrei | vegan | ohne Konservierungsstoffe\" \/>\n<meta property=\"og:url\" content=\"https:\/\/bukkigyogytea.com\/de\/produkt\/gyoergytea-front-kapseln\/\" \/>\n<meta property=\"og:site_name\" content=\"B\u00fckki Gy\u00f3gytea Web\u00e1ruh\u00e1z\" \/>\n<meta property=\"article:publisher\" content=\"https:\/\/www.facebook.com\/bukkigyogytea\/\" \/>\n<meta property=\"og:image\" content=\"https:\/\/bukkigyogytea.com\/wp-content\/uploads\/2026\/05\/Gyorgytea-front-kapszula-og-1024x536.jpg\" \/>\n<meta name=\"twitter:card\" content=\"summary_large_image\" \/>\n<script type=\"application\/ld+json\" class=\"yoast-schema-graph\">{\"@context\":\"https:\/\/schema.org\",\"@graph\":[{\"@type\":\"WebPage\",\"@id\":\"https:\/\/bukkigyogytea.com\/de\/produkt\/gyoergytea-front-kapseln\/\",\"url\":\"https:\/\/bukkigyogytea.com\/de\/produkt\/gyoergytea-front-kapseln\/\",\"name\":\"Gy\u00f6rgytea Front Kapseln &#8211; B\u00fckki Gy\u00f3gytea Web\u00e1ruh\u00e1z\",\"isPartOf\":{\"@id\":\"https:\/\/bukkigyogytea.com\/de\/#website\"},\"primaryImageOfPage\":{\"@id\":\"https:\/\/bukkigyogytea.com\/de\/produkt\/gyoergytea-front-kapseln\/#primaryimage\"},\"image\":{\"@id\":\"https:\/\/bukkigyogytea.com\/de\/produkt\/gyoergytea-front-kapseln\/#primaryimage\"},\"thumbnailUrl\":\"https:\/\/bukkigyogytea.com\/wp-content\/uploads\/2026\/05\/Gyorgytea-front-kapszula.jpg\",\"datePublished\":\"2026-05-06T22:15:05+00:00\",\"breadcrumb\":{\"@id\":\"https:\/\/bukkigyogytea.com\/de\/produkt\/gyoergytea-front-kapseln\/#breadcrumb\"},\"inLanguage\":\"de\",\"potentialAction\":[{\"@type\":\"ReadAction\",\"target\":[\"https:\/\/bukkigyogytea.com\/de\/produkt\/gyoergytea-front-kapseln\/\"]}]},{\"@type\":\"ImageObject\",\"inLanguage\":\"de\",\"@id\":\"https:\/\/bukkigyogytea.com\/de\/produkt\/gyoergytea-front-kapseln\/#primaryimage\",\"url\":\"https:\/\/bukkigyogytea.com\/wp-content\/uploads\/2026\/05\/Gyorgytea-front-kapszula.jpg\",\"contentUrl\":\"https:\/\/bukkigyogytea.com\/wp-content\/uploads\/2026\/05\/Gyorgytea-front-kapszula.jpg\",\"width\":900,\"height\":900},{\"@type\":\"BreadcrumbList\",\"@id\":\"https:\/\/bukkigyogytea.com\/de\/produkt\/gyoergytea-front-kapseln\/#breadcrumb\",\"itemListElement\":[{\"@type\":\"ListItem\",\"position\":1,\"name\":\"Home\",\"item\":\"https:\/\/bukkigyogytea.com\/de\/\"},{\"@type\":\"ListItem\",\"position\":2,\"name\":\"Produkte\",\"item\":\"https:\/\/bukkigyogytea.com\/de\/shop\/\"},{\"@type\":\"ListItem\",\"position\":3,\"name\":\"Gy\u00f6rgytea Front Kapseln\"}]},{\"@type\":\"WebSite\",\"@id\":\"https:\/\/bukkigyogytea.com\/de\/#website\",\"url\":\"https:\/\/bukkigyogytea.com\/de\/\",\"name\":\"B\u00fckki Gy\u00f3gytea Web\u00e1ruh\u00e1z\",\"description\":\"Gy\u00f6rgytea hivatalos viszontelad\u00f3\",\"publisher\":{\"@id\":\"https:\/\/bukkigyogytea.com\/de\/#organization\"},\"potentialAction\":[{\"@type\":\"SearchAction\",\"target\":{\"@type\":\"EntryPoint\",\"urlTemplate\":\"https:\/\/bukkigyogytea.com\/de\/?s={search_term_string}\"},\"query-input\":{\"@type\":\"PropertyValueSpecification\",\"valueRequired\":true,\"valueName\":\"search_term_string\"}}],\"inLanguage\":\"de\"},{\"@type\":\"Organization\",\"@id\":\"https:\/\/bukkigyogytea.com\/de\/#organization\",\"name\":\"B\u00fckki Gy\u00f3gytea Web\u00e1ruh\u00e1z\",\"url\":\"https:\/\/bukkigyogytea.com\/de\/\",\"logo\":{\"@type\":\"ImageObject\",\"inLanguage\":\"de\",\"@id\":\"https:\/\/bukkigyogytea.com\/de\/#\/schema\/logo\/image\/\",\"url\":\"https:\/\/i0.wp.com\/bukkigyogytea.com\/wp-content\/uploads\/2020\/05\/Sitelogo-1.jpg?fit=350%2C85&ssl=1\",\"contentUrl\":\"https:\/\/i0.wp.com\/bukkigyogytea.com\/wp-content\/uploads\/2020\/05\/Sitelogo-1.jpg?fit=350%2C85&ssl=1\",\"width\":350,\"height\":85,\"caption\":\"B\u00fckki Gy\u00f3gytea Web\u00e1ruh\u00e1z\"},\"image\":{\"@id\":\"https:\/\/bukkigyogytea.com\/de\/#\/schema\/logo\/image\/\"},\"sameAs\":[\"https:\/\/www.facebook.com\/bukkigyogytea\/\"]}]}<\/script>\n<!-- \/ Yoast SEO plugin. -->","yoast_head_json":{"title":"Gy\u00f6rgytea Front Kapseln &#8211; B\u00fckki Gy\u00f3gytea Web\u00e1ruh\u00e1z","robots":{"index":"index","follow":"follow","max-snippet":"max-snippet:-1","max-image-preview":"max-image-preview:large","max-video-preview":"max-video-preview:-1"},"canonical":"https:\/\/bukkigyogytea.com\/de\/produkt\/gyoergytea-front-kapseln\/","og_locale":"de_DE","og_type":"article","og_title":"Gy\u00f6rgytea Front Kapseln &#8211; B\u00fckki Gy\u00f3gytea Web\u00e1ruh\u00e1z","og_description":"Zur Erhaltung der k\u00f6rperlichen und geistigen Leistungsf\u00e4higkeit Ashwagandha unterst\u00fctzt die Widerstandsf\u00e4higkeit des K\u00f6rpers gegen\u00fcber Stress und die Stressbew\u00e4ltigung. Sie tr\u00e4gt zur Erhaltung des mentalen Gleichgewichts und der emotionalen Stabilit\u00e4t bei. Mutterkraut tr\u00e4gt zur Wiederherstellung des k\u00f6rperlichen und geistigen Wohlbefindens bei und unterst\u00fctzt die Verringerung von Spannungsgef\u00fchlen im Kopf. Rosenwurz unterst\u00fctzt den K\u00f6rper als nat\u00fcrliches Antioxidans gegen\u00fcber sch\u00e4dlichen Einfl\u00fcssen der \u00e4u\u00dferen Umgebung. Sie tr\u00e4gt zur Erhaltung der k\u00f6rperlichen und geistigen Widerstandsf\u00e4higkeit bei.  laktosefrei | vegan | ohne Konservierungsstoffe","og_url":"https:\/\/bukkigyogytea.com\/de\/produkt\/gyoergytea-front-kapseln\/","og_site_name":"B\u00fckki Gy\u00f3gytea Web\u00e1ruh\u00e1z","article_publisher":"https:\/\/www.facebook.com\/bukkigyogytea\/","og_image":[{"url":"https:\/\/bukkigyogytea.com\/wp-content\/uploads\/2026\/05\/Gyorgytea-front-kapszula-og-1024x536.jpg","type":"","width":"","height":""}],"twitter_card":"summary_large_image","schema":{"@context":"https:\/\/schema.org","@graph":[{"@type":"WebPage","@id":"https:\/\/bukkigyogytea.com\/de\/produkt\/gyoergytea-front-kapseln\/","url":"https:\/\/bukkigyogytea.com\/de\/produkt\/gyoergytea-front-kapseln\/","name":"Gy\u00f6rgytea Front Kapseln &#8211; B\u00fckki Gy\u00f3gytea Web\u00e1ruh\u00e1z","isPartOf":{"@id":"https:\/\/bukkigyogytea.com\/de\/#website"},"primaryImageOfPage":{"@id":"https:\/\/bukkigyogytea.com\/de\/produkt\/gyoergytea-front-kapseln\/#primaryimage"},"image":{"@id":"https:\/\/bukkigyogytea.com\/de\/produkt\/gyoergytea-front-kapseln\/#primaryimage"},"thumbnailUrl":"https:\/\/bukkigyogytea.com\/wp-content\/uploads\/2026\/05\/Gyorgytea-front-kapszula.jpg","datePublished":"2026-05-06T22:15:05+00:00","breadcrumb":{"@id":"https:\/\/bukkigyogytea.com\/de\/produkt\/gyoergytea-front-kapseln\/#breadcrumb"},"inLanguage":"de","potentialAction":[{"@type":"ReadAction","target":["https:\/\/bukkigyogytea.com\/de\/produkt\/gyoergytea-front-kapseln\/"]}]},{"@type":"ImageObject","inLanguage":"de","@id":"https:\/\/bukkigyogytea.com\/de\/produkt\/gyoergytea-front-kapseln\/#primaryimage","url":"https:\/\/bukkigyogytea.com\/wp-content\/uploads\/2026\/05\/Gyorgytea-front-kapszula.jpg","contentUrl":"https:\/\/bukkigyogytea.com\/wp-content\/uploads\/2026\/05\/Gyorgytea-front-kapszula.jpg","width":900,"height":900},{"@type":"BreadcrumbList","@id":"https:\/\/bukkigyogytea.com\/de\/produkt\/gyoergytea-front-kapseln\/#breadcrumb","itemListElement":[{"@type":"ListItem","position":1,"name":"Home","item":"https:\/\/bukkigyogytea.com\/de\/"},{"@type":"ListItem","position":2,"name":"Produkte","item":"https:\/\/bukkigyogytea.com\/de\/shop\/"},{"@type":"ListItem","position":3,"name":"Gy\u00f6rgytea Front Kapseln"}]},{"@type":"WebSite","@id":"https:\/\/bukkigyogytea.com\/de\/#website","url":"https:\/\/bukkigyogytea.com\/de\/","name":"B\u00fckki Gy\u00f3gytea Web\u00e1ruh\u00e1z","description":"Gy\u00f6rgytea hivatalos viszontelad\u00f3","publisher":{"@id":"https:\/\/bukkigyogytea.com\/de\/#organization"},"potentialAction":[{"@type":"SearchAction","target":{"@type":"EntryPoint","urlTemplate":"https:\/\/bukkigyogytea.com\/de\/?s={search_term_string}"},"query-input":{"@type":"PropertyValueSpecification","valueRequired":true,"valueName":"search_term_string"}}],"inLanguage":"de"},{"@type":"Organization","@id":"https:\/\/bukkigyogytea.com\/de\/#organization","name":"B\u00fckki Gy\u00f3gytea Web\u00e1ruh\u00e1z","url":"https:\/\/bukkigyogytea.com\/de\/","logo":{"@type":"ImageObject","inLanguage":"de","@id":"https:\/\/bukkigyogytea.com\/de\/#\/schema\/logo\/image\/","url":"https:\/\/i0.wp.com\/bukkigyogytea.com\/wp-content\/uploads\/2020\/05\/Sitelogo-1.jpg?fit=350%2C85&ssl=1","contentUrl":"https:\/\/i0.wp.com\/bukkigyogytea.com\/wp-content\/uploads\/2020\/05\/Sitelogo-1.jpg?fit=350%2C85&ssl=1","width":350,"height":85,"caption":"B\u00fckki Gy\u00f3gytea Web\u00e1ruh\u00e1z"},"image":{"@id":"https:\/\/bukkigyogytea.com\/de\/#\/schema\/logo\/image\/"},"sameAs":["https:\/\/www.facebook.com\/bukkigyogytea\/"]}]}},"publishpress_future_action":{"enabled":false,"date":"2026-05-11 22:55:00","action":"change-status","newStatus":"draft","terms":[],"taxonomy":"product_type","extraData":[]},"publishpress_future_workflow_manual_trigger":{"enabledWorkflows":[]},"_links":{"self":[{"href":"https:\/\/bukkigyogytea.com\/de\/wp-json\/wp\/v2\/product\/18679","targetHints":{"allow":["GET"]}}],"collection":[{"href":"https:\/\/bukkigyogytea.com\/de\/wp-json\/wp\/v2\/product"}],"about":[{"href":"https:\/\/bukkigyogytea.com\/de\/wp-json\/wp\/v2\/types\/product"}],"replies":[{"embeddable":true,"href":"https:\/\/bukkigyogytea.com\/de\/wp-json\/wp\/v2\/comments?post=18679"}],"wp:featuredmedia":[{"embeddable":true,"href":"https:\/\/bukkigyogytea.com\/de\/wp-json\/wp\/v2\/media\/18559"}],"wp:attachment":[{"href":"https:\/\/bukkigyogytea.com\/de\/wp-json\/wp\/v2\/media?parent=18679"}],"wp:term":[{"taxonomy":"product_brand","embeddable":true,"href":"https:\/\/bukkigyogytea.com\/de\/wp-json\/wp\/v2\/product_brand?post=18679"},{"taxonomy":"product_cat","embeddable":true,"href":"https:\/\/bukkigyogytea.com\/de\/wp-json\/wp\/v2\/product_cat?post=18679"},{"taxonomy":"product_tag","embeddable":true,"href":"https:\/\/bukkigyogytea.com\/de\/wp-json\/wp\/v2\/product_tag?post=18679"}],"curies":[{"name":"wp","href":"https:\/\/api.w.org\/{rel}","templated":true}]}}