{"id":18675,"date":"2026-05-07T00:15:02","date_gmt":"2026-05-06T22:15:02","guid":{"rendered":"https:\/\/bukkigyogytea.com\/termek\/gyoergytea-diabess-kapseln\/"},"modified":"2026-05-08T10:32:12","modified_gmt":"2026-05-08T08:32:12","slug":"gyoergytea-diabess-kapseln","status":"publish","type":"product","link":"https:\/\/bukkigyogytea.com\/de\/produkt\/gyoergytea-diabess-kapseln\/","title":{"rendered":"Gy\u00f6rgytea Diabess Kapseln"},"content":{"rendered":"<p><strong>DOSIERUNG:<\/strong> t\u00e4glich 2&#215;1 Kapsel unmittelbar nach den Mahlzeiten.<\/p>\n<p><strong>ZUTATEN:<\/strong> L\u00f6wenzahnwurzelpulver <em>(Taraxacum officinale)<\/em>, Brennnesselblattextrakt <em>(Urtica dioica)<\/em>, Heidelbeer-Blatttriebpulver <em>(Vaccinium myrtillus)<\/em>, Melissenextrakt <em>(Melissa officinalis)<\/em>, Wegwartenwurzelpulver <em>(Cichorium intybus)<\/em>, Kapselh\u00fclle (Hydroxypropylmethylcellulose).<\/p>\n<p><strong>AKTIVE WIRKSTOFFE IN DER TAGESDOSIS (2 KAPSELN):<\/strong> L\u00f6wenzahnwurzel: 380 mg, Brennnessel-Extrakt: 100 mg (entspricht 1000 mg Brennnesselblatt), Heidelbeer-Blatttrieb: 90 mg, Melissenextrakt: 80 mg (entspricht 320 mg Melisse), Wegwartenwurzel: 50 mg.<\/p>\n<p><strong>HINWEISE<\/strong><br \/>\n\u00c4ndern Sie Ihre medikament\u00f6se Behandlung nicht, konsultieren Sie Ihren behandelnden Arzt! Die in der Verzehrempfehlung angegebene Menge darf nicht \u00fcberschritten werden. Au\u00dferhalb der Reichweite von Kindern aufbewahren. Das Produkt ersetzt keine ausgewogene, abwechslungsreiche Ern\u00e4hrung und keine gesunde Lebensweise. F\u00fcr Schwangere und stillende M\u00fctter nicht empfohlen!<\/p>\n<p><strong>laktosefrei | vegan | ohne Konservierungsstoffe<\/strong><\/p>\n","protected":false},"excerpt":{"rendered":"<h3>F\u00fcr einen normalen Blutzuckerspiegel<\/h3>\n<p>Die <strong>Wegwarte<\/strong> unterst\u00fctzt die Herzfunktion und tr\u00e4gt zur Senkung des Blutzuckerspiegels bei. Der <strong>Heidelbeer-Blatttrieb<\/strong> tr\u00e4gt zu einem normalen Kohlenhydrat-, Lipid- und Eiwei\u00dfstoffwechsel bei. Die <strong>Brennnessel<\/strong> unterst\u00fctzt den ven\u00f6sen Kreislauf und reduziert das Gef\u00fchl schwerer Beine. Die <strong>L\u00f6wenzahnwurzel<\/strong> unterst\u00fctzt die Ausscheidungsfunktionen des K\u00f6rpers.<\/p>\n<p><strong>laktosefrei | vegan | ohne Konservierungsstoffe<\/strong><\/p>\n","protected":false},"featured_media":18547,"comment_status":"closed","ping_status":"closed","template":"","meta":{"_acf_changed":false},"product_brand":[],"product_cat":[378,199],"product_tag":[],"class_list":{"0":"post-18675","1":"product","2":"type-product","3":"status-publish","4":"has-post-thumbnail","6":"product_cat-kraeuterkapseln","7":"product_cat-tees-fur-diabetiker","8":"sales-flash-overlay","9":"woocommerce-text-align-center","10":"woocommerce-image-align-center","11":"do-quantity-buttons","13":"first","14":"instock","15":"sale","16":"taxable","17":"shipping-taxable","18":"purchasable","19":"product-type-simple"},"acf":{"blog_termekleiras":""},"yoast_head":"<!-- This site is optimized with the Yoast SEO plugin v26.9 - https:\/\/yoast.com\/product\/yoast-seo-wordpress\/ -->\n<title>Gy\u00f6rgytea Diabess Kapseln &#8211; B\u00fckki Gy\u00f3gytea Web\u00e1ruh\u00e1z<\/title>\n<meta name=\"robots\" content=\"index, follow, max-snippet:-1, max-image-preview:large, max-video-preview:-1\" \/>\n<link rel=\"canonical\" href=\"https:\/\/bukkigyogytea.com\/de\/produkt\/gyoergytea-diabess-kapseln\/\" \/>\n<meta property=\"og:locale\" content=\"de_DE\" \/>\n<meta property=\"og:type\" content=\"article\" \/>\n<meta property=\"og:title\" content=\"Gy\u00f6rgytea Diabess Kapseln &#8211; B\u00fckki Gy\u00f3gytea Web\u00e1ruh\u00e1z\" \/>\n<meta property=\"og:description\" content=\"F\u00fcr einen normalen Blutzuckerspiegel Die Wegwarte unterst\u00fctzt die Herzfunktion und tr\u00e4gt zur Senkung des Blutzuckerspiegels bei. Der Heidelbeer-Blatttrieb tr\u00e4gt zu einem normalen Kohlenhydrat-, Lipid- und Eiwei\u00dfstoffwechsel bei. Die Brennnessel unterst\u00fctzt den ven\u00f6sen Kreislauf und reduziert das Gef\u00fchl schwerer Beine. Die L\u00f6wenzahnwurzel unterst\u00fctzt die Ausscheidungsfunktionen des K\u00f6rpers.  laktosefrei | vegan | ohne Konservierungsstoffe\" \/>\n<meta property=\"og:url\" content=\"https:\/\/bukkigyogytea.com\/de\/produkt\/gyoergytea-diabess-kapseln\/\" \/>\n<meta property=\"og:site_name\" content=\"B\u00fckki Gy\u00f3gytea Web\u00e1ruh\u00e1z\" \/>\n<meta property=\"article:publisher\" content=\"https:\/\/www.facebook.com\/bukkigyogytea\/\" \/>\n<meta property=\"article:modified_time\" content=\"2026-05-08T08:32:12+00:00\" \/>\n<meta property=\"og:image\" content=\"https:\/\/bukkigyogytea.com\/wp-content\/uploads\/2026\/05\/Gyorgytea-diabess-kapszula-og-1024x536.jpg\" \/>\n<meta name=\"twitter:card\" content=\"summary_large_image\" \/>\n<meta name=\"twitter:label1\" content=\"Gesch\u00e4tzte Lesezeit\" \/>\n\t<meta name=\"twitter:data1\" content=\"1\u00a0Minute\" \/>\n<script type=\"application\/ld+json\" class=\"yoast-schema-graph\">{\"@context\":\"https:\/\/schema.org\",\"@graph\":[{\"@type\":\"WebPage\",\"@id\":\"https:\/\/bukkigyogytea.com\/de\/produkt\/gyoergytea-diabess-kapseln\/\",\"url\":\"https:\/\/bukkigyogytea.com\/de\/produkt\/gyoergytea-diabess-kapseln\/\",\"name\":\"Gy\u00f6rgytea Diabess Kapseln &#8211; B\u00fckki Gy\u00f3gytea Web\u00e1ruh\u00e1z\",\"isPartOf\":{\"@id\":\"https:\/\/bukkigyogytea.com\/de\/#website\"},\"primaryImageOfPage\":{\"@id\":\"https:\/\/bukkigyogytea.com\/de\/produkt\/gyoergytea-diabess-kapseln\/#primaryimage\"},\"image\":{\"@id\":\"https:\/\/bukkigyogytea.com\/de\/produkt\/gyoergytea-diabess-kapseln\/#primaryimage\"},\"thumbnailUrl\":\"https:\/\/bukkigyogytea.com\/wp-content\/uploads\/2026\/05\/Gyorgytea-diabess-kapszula.jpg\",\"datePublished\":\"2026-05-06T22:15:02+00:00\",\"dateModified\":\"2026-05-08T08:32:12+00:00\",\"breadcrumb\":{\"@id\":\"https:\/\/bukkigyogytea.com\/de\/produkt\/gyoergytea-diabess-kapseln\/#breadcrumb\"},\"inLanguage\":\"de\",\"potentialAction\":[{\"@type\":\"ReadAction\",\"target\":[\"https:\/\/bukkigyogytea.com\/de\/produkt\/gyoergytea-diabess-kapseln\/\"]}]},{\"@type\":\"ImageObject\",\"inLanguage\":\"de\",\"@id\":\"https:\/\/bukkigyogytea.com\/de\/produkt\/gyoergytea-diabess-kapseln\/#primaryimage\",\"url\":\"https:\/\/bukkigyogytea.com\/wp-content\/uploads\/2026\/05\/Gyorgytea-diabess-kapszula.jpg\",\"contentUrl\":\"https:\/\/bukkigyogytea.com\/wp-content\/uploads\/2026\/05\/Gyorgytea-diabess-kapszula.jpg\",\"width\":900,\"height\":900},{\"@type\":\"BreadcrumbList\",\"@id\":\"https:\/\/bukkigyogytea.com\/de\/produkt\/gyoergytea-diabess-kapseln\/#breadcrumb\",\"itemListElement\":[{\"@type\":\"ListItem\",\"position\":1,\"name\":\"Home\",\"item\":\"https:\/\/bukkigyogytea.com\/de\/\"},{\"@type\":\"ListItem\",\"position\":2,\"name\":\"Produkte\",\"item\":\"https:\/\/bukkigyogytea.com\/de\/shop\/\"},{\"@type\":\"ListItem\",\"position\":3,\"name\":\"Kr\u00e4uterkapseln\",\"item\":\"https:\/\/bukkigyogytea.com\/de\/Produktkategorie\/kraeuterkapseln\/\"},{\"@type\":\"ListItem\",\"position\":4,\"name\":\"Gy\u00f6rgytea Diabess Kapseln\"}]},{\"@type\":\"WebSite\",\"@id\":\"https:\/\/bukkigyogytea.com\/de\/#website\",\"url\":\"https:\/\/bukkigyogytea.com\/de\/\",\"name\":\"B\u00fckki Gy\u00f3gytea Web\u00e1ruh\u00e1z\",\"description\":\"Gy\u00f6rgytea hivatalos viszontelad\u00f3\",\"publisher\":{\"@id\":\"https:\/\/bukkigyogytea.com\/de\/#organization\"},\"potentialAction\":[{\"@type\":\"SearchAction\",\"target\":{\"@type\":\"EntryPoint\",\"urlTemplate\":\"https:\/\/bukkigyogytea.com\/de\/?s={search_term_string}\"},\"query-input\":{\"@type\":\"PropertyValueSpecification\",\"valueRequired\":true,\"valueName\":\"search_term_string\"}}],\"inLanguage\":\"de\"},{\"@type\":\"Organization\",\"@id\":\"https:\/\/bukkigyogytea.com\/de\/#organization\",\"name\":\"B\u00fckki Gy\u00f3gytea Web\u00e1ruh\u00e1z\",\"url\":\"https:\/\/bukkigyogytea.com\/de\/\",\"logo\":{\"@type\":\"ImageObject\",\"inLanguage\":\"de\",\"@id\":\"https:\/\/bukkigyogytea.com\/de\/#\/schema\/logo\/image\/\",\"url\":\"https:\/\/i0.wp.com\/bukkigyogytea.com\/wp-content\/uploads\/2020\/05\/Sitelogo-1.jpg?fit=350%2C85&ssl=1\",\"contentUrl\":\"https:\/\/i0.wp.com\/bukkigyogytea.com\/wp-content\/uploads\/2020\/05\/Sitelogo-1.jpg?fit=350%2C85&ssl=1\",\"width\":350,\"height\":85,\"caption\":\"B\u00fckki Gy\u00f3gytea Web\u00e1ruh\u00e1z\"},\"image\":{\"@id\":\"https:\/\/bukkigyogytea.com\/de\/#\/schema\/logo\/image\/\"},\"sameAs\":[\"https:\/\/www.facebook.com\/bukkigyogytea\/\"]}]}<\/script>\n<!-- \/ Yoast SEO plugin. -->","yoast_head_json":{"title":"Gy\u00f6rgytea Diabess Kapseln &#8211; B\u00fckki Gy\u00f3gytea Web\u00e1ruh\u00e1z","robots":{"index":"index","follow":"follow","max-snippet":"max-snippet:-1","max-image-preview":"max-image-preview:large","max-video-preview":"max-video-preview:-1"},"canonical":"https:\/\/bukkigyogytea.com\/de\/produkt\/gyoergytea-diabess-kapseln\/","og_locale":"de_DE","og_type":"article","og_title":"Gy\u00f6rgytea Diabess Kapseln &#8211; B\u00fckki Gy\u00f3gytea Web\u00e1ruh\u00e1z","og_description":"F\u00fcr einen normalen Blutzuckerspiegel Die Wegwarte unterst\u00fctzt die Herzfunktion und tr\u00e4gt zur Senkung des Blutzuckerspiegels bei. Der Heidelbeer-Blatttrieb tr\u00e4gt zu einem normalen Kohlenhydrat-, Lipid- und Eiwei\u00dfstoffwechsel bei. Die Brennnessel unterst\u00fctzt den ven\u00f6sen Kreislauf und reduziert das Gef\u00fchl schwerer Beine. Die L\u00f6wenzahnwurzel unterst\u00fctzt die Ausscheidungsfunktionen des K\u00f6rpers.  laktosefrei | vegan | ohne Konservierungsstoffe","og_url":"https:\/\/bukkigyogytea.com\/de\/produkt\/gyoergytea-diabess-kapseln\/","og_site_name":"B\u00fckki Gy\u00f3gytea Web\u00e1ruh\u00e1z","article_publisher":"https:\/\/www.facebook.com\/bukkigyogytea\/","article_modified_time":"2026-05-08T08:32:12+00:00","og_image":[{"url":"https:\/\/bukkigyogytea.com\/wp-content\/uploads\/2026\/05\/Gyorgytea-diabess-kapszula-og-1024x536.jpg","type":"","width":"","height":""}],"twitter_card":"summary_large_image","twitter_misc":{"Gesch\u00e4tzte Lesezeit":"1\u00a0Minute"},"schema":{"@context":"https:\/\/schema.org","@graph":[{"@type":"WebPage","@id":"https:\/\/bukkigyogytea.com\/de\/produkt\/gyoergytea-diabess-kapseln\/","url":"https:\/\/bukkigyogytea.com\/de\/produkt\/gyoergytea-diabess-kapseln\/","name":"Gy\u00f6rgytea Diabess Kapseln &#8211; B\u00fckki Gy\u00f3gytea Web\u00e1ruh\u00e1z","isPartOf":{"@id":"https:\/\/bukkigyogytea.com\/de\/#website"},"primaryImageOfPage":{"@id":"https:\/\/bukkigyogytea.com\/de\/produkt\/gyoergytea-diabess-kapseln\/#primaryimage"},"image":{"@id":"https:\/\/bukkigyogytea.com\/de\/produkt\/gyoergytea-diabess-kapseln\/#primaryimage"},"thumbnailUrl":"https:\/\/bukkigyogytea.com\/wp-content\/uploads\/2026\/05\/Gyorgytea-diabess-kapszula.jpg","datePublished":"2026-05-06T22:15:02+00:00","dateModified":"2026-05-08T08:32:12+00:00","breadcrumb":{"@id":"https:\/\/bukkigyogytea.com\/de\/produkt\/gyoergytea-diabess-kapseln\/#breadcrumb"},"inLanguage":"de","potentialAction":[{"@type":"ReadAction","target":["https:\/\/bukkigyogytea.com\/de\/produkt\/gyoergytea-diabess-kapseln\/"]}]},{"@type":"ImageObject","inLanguage":"de","@id":"https:\/\/bukkigyogytea.com\/de\/produkt\/gyoergytea-diabess-kapseln\/#primaryimage","url":"https:\/\/bukkigyogytea.com\/wp-content\/uploads\/2026\/05\/Gyorgytea-diabess-kapszula.jpg","contentUrl":"https:\/\/bukkigyogytea.com\/wp-content\/uploads\/2026\/05\/Gyorgytea-diabess-kapszula.jpg","width":900,"height":900},{"@type":"BreadcrumbList","@id":"https:\/\/bukkigyogytea.com\/de\/produkt\/gyoergytea-diabess-kapseln\/#breadcrumb","itemListElement":[{"@type":"ListItem","position":1,"name":"Home","item":"https:\/\/bukkigyogytea.com\/de\/"},{"@type":"ListItem","position":2,"name":"Produkte","item":"https:\/\/bukkigyogytea.com\/de\/shop\/"},{"@type":"ListItem","position":3,"name":"Kr\u00e4uterkapseln","item":"https:\/\/bukkigyogytea.com\/de\/Produktkategorie\/kraeuterkapseln\/"},{"@type":"ListItem","position":4,"name":"Gy\u00f6rgytea Diabess Kapseln"}]},{"@type":"WebSite","@id":"https:\/\/bukkigyogytea.com\/de\/#website","url":"https:\/\/bukkigyogytea.com\/de\/","name":"B\u00fckki Gy\u00f3gytea Web\u00e1ruh\u00e1z","description":"Gy\u00f6rgytea hivatalos viszontelad\u00f3","publisher":{"@id":"https:\/\/bukkigyogytea.com\/de\/#organization"},"potentialAction":[{"@type":"SearchAction","target":{"@type":"EntryPoint","urlTemplate":"https:\/\/bukkigyogytea.com\/de\/?s={search_term_string}"},"query-input":{"@type":"PropertyValueSpecification","valueRequired":true,"valueName":"search_term_string"}}],"inLanguage":"de"},{"@type":"Organization","@id":"https:\/\/bukkigyogytea.com\/de\/#organization","name":"B\u00fckki Gy\u00f3gytea Web\u00e1ruh\u00e1z","url":"https:\/\/bukkigyogytea.com\/de\/","logo":{"@type":"ImageObject","inLanguage":"de","@id":"https:\/\/bukkigyogytea.com\/de\/#\/schema\/logo\/image\/","url":"https:\/\/i0.wp.com\/bukkigyogytea.com\/wp-content\/uploads\/2020\/05\/Sitelogo-1.jpg?fit=350%2C85&ssl=1","contentUrl":"https:\/\/i0.wp.com\/bukkigyogytea.com\/wp-content\/uploads\/2020\/05\/Sitelogo-1.jpg?fit=350%2C85&ssl=1","width":350,"height":85,"caption":"B\u00fckki Gy\u00f3gytea Web\u00e1ruh\u00e1z"},"image":{"@id":"https:\/\/bukkigyogytea.com\/de\/#\/schema\/logo\/image\/"},"sameAs":["https:\/\/www.facebook.com\/bukkigyogytea\/"]}]}},"publishpress_future_action":{"enabled":false,"date":"2026-05-11 22:55:00","action":"change-status","newStatus":"draft","terms":[],"taxonomy":"product_type","extraData":[]},"publishpress_future_workflow_manual_trigger":{"enabledWorkflows":[]},"_links":{"self":[{"href":"https:\/\/bukkigyogytea.com\/de\/wp-json\/wp\/v2\/product\/18675","targetHints":{"allow":["GET"]}}],"collection":[{"href":"https:\/\/bukkigyogytea.com\/de\/wp-json\/wp\/v2\/product"}],"about":[{"href":"https:\/\/bukkigyogytea.com\/de\/wp-json\/wp\/v2\/types\/product"}],"replies":[{"embeddable":true,"href":"https:\/\/bukkigyogytea.com\/de\/wp-json\/wp\/v2\/comments?post=18675"}],"wp:featuredmedia":[{"embeddable":true,"href":"https:\/\/bukkigyogytea.com\/de\/wp-json\/wp\/v2\/media\/18547"}],"wp:attachment":[{"href":"https:\/\/bukkigyogytea.com\/de\/wp-json\/wp\/v2\/media?parent=18675"}],"wp:term":[{"taxonomy":"product_brand","embeddable":true,"href":"https:\/\/bukkigyogytea.com\/de\/wp-json\/wp\/v2\/product_brand?post=18675"},{"taxonomy":"product_cat","embeddable":true,"href":"https:\/\/bukkigyogytea.com\/de\/wp-json\/wp\/v2\/product_cat?post=18675"},{"taxonomy":"product_tag","embeddable":true,"href":"https:\/\/bukkigyogytea.com\/de\/wp-json\/wp\/v2\/product_tag?post=18675"}],"curies":[{"name":"wp","href":"https:\/\/api.w.org\/{rel}","templated":true}]}}