{"id":18043,"date":"2026-03-09T15:20:36","date_gmt":"2026-03-09T14:20:36","guid":{"rendered":"https:\/\/bukkigyogytea.com\/?post_type=product&#038;p=18043"},"modified":"2026-03-16T11:35:25","modified_gmt":"2026-03-16T10:35:25","slug":"korperlotion-mit-ringelblumenextrakt-und-geranienol-masolat","status":"publish","type":"product","link":"https:\/\/bukkigyogytea.com\/de\/produkt\/korperlotion-mit-ringelblumenextrakt-und-geranienol-masolat\/","title":{"rendered":"Duschgel f\u00fcr Frauen mit Gr\u00fcntee-Extrakt und Verbenen\u00f6l"},"content":{"rendered":"<p>Dieses sanfte Duschgel beruhigt und erfrischt die Haut durch die Kombination nat\u00fcrlicher Pflanzenextrakte \u2013 wie Odermennigblattextrakt mit fein porenverfeinernden Eigenschaften, Gr\u00fcnteeblattextrakt mit hautsch\u00fctzenden Eigenschaften und Ingwerextrakt mit vitalisierenden Eigenschaften \u2013 sowie Verbenen\u00f6l mit festigenden Eigenschaften. Gleichzeitig steigert es mit dem frischen Duft von Orangenschalen\u00f6l das Duscherlebnis.<\/p>\n<p><strong>Anwendung<\/strong><br \/>\nDas Duschgel auf die feuchte Haut auftragen, sanft auf dem K\u00f6rper einmassieren und anschlie\u00dfend gr\u00fcndlich absp\u00fclen. Nur zur \u00e4u\u00dferlichen Anwendung.<\/p>\n<p><strong>Warnhinweis<\/strong><br \/>\nDas Pr\u00e4parat darf nur auf unverletzter Haut angewendet werden und darf nicht mit den Schleimh\u00e4uten von Augen, Mund und Nase in Kontakt kommen. Bei \u00dcberempfindlichkeit gegen einen der Inhaltsstoffe oder bei Reizungen nicht anwenden bzw. die Anwendung abbrechen. Die Anwendung wird unter 10 Jahren nicht empfohlen.<\/p>\n<p><strong>Inhaltsstoffe<\/strong><br \/>\nAqua, Sodium C14-16 Olefin Sulfonate, Cocamide DEA, Cocamidopropyl Betaine, Sodium Cocoamphoacetate, Agrimonia Eupatoria Extract, Camellia Sinensis Leaf Extract, Achillea Millefolium Extract, Zingiber Officinale Root Extract, Citrus Aurantium Dulcis Peel Oil, Litsea Cubeba Fruit Oil, Tocopherol, Lauryl Glucoside, Caprylyl\/Capryl Glucoside, PEG-40 Hydrogenated Castor Oil, Hydrogenated Palm Glycerides Citrate, Coco-Glucoside, Glyceryl Oleate, Propylene Glycol, Benzyl Alcohol, Dehydroacetic Acid, Benzoic Acid, Sorbic Acid, Citric Acid, Limonene, Citral<\/p>\n<p><strong>SLS-FREI \/ VEGAN \/ PARABENFREI<\/strong><\/p>\n","protected":false},"excerpt":{"rendered":"<p><strong>Naturix Naturkosmetik<\/strong><\/p>\n<p>Dieses sanfte Duschgel beruhigt und erfrischt die Haut durch die Kombination nat\u00fcrlicher Pflanzenextrakte \u2013 wie Odermennigblattextrakt mit fein porenverfeinernden Eigenschaften, Gr\u00fcnteeblattextrakt mit hautsch\u00fctzenden Eigenschaften und Ingwerextrakt mit vitalisierenden Eigenschaften \u2013 sowie Verbenen\u00f6l mit festigenden Eigenschaften. Gleichzeitig steigert es mit dem frischen Duft von Orangenschalen\u00f6l das Duscherlebnis.<\/p>\n<p><img decoding=\"async\" class=\"alignnone wp-image-18037 size-medium\" src=\"https:\/\/bukkigyogytea.com\/wp-content\/uploads\/2026\/02\/9-300x58.png\" alt=\"\" width=\"300\" height=\"58\" srcset=\"https:\/\/bukkigyogytea.com\/wp-content\/uploads\/2026\/02\/9-300x58.png 300w, https:\/\/bukkigyogytea.com\/wp-content\/uploads\/2026\/02\/9-600x116.png 600w, https:\/\/bukkigyogytea.com\/wp-content\/uploads\/2026\/02\/9.png 644w\" sizes=\"(max-width: 300px) 100vw, 300px\" \/><\/p>\n","protected":false},"featured_media":17919,"comment_status":"closed","ping_status":"closed","template":"","meta":{"_acf_changed":false},"product_brand":[],"product_cat":[422],"product_tag":[],"class_list":{"0":"post-18043","1":"product","2":"type-product","3":"status-publish","4":"has-post-thumbnail","6":"product_cat-koerperpflege","7":"sales-flash-overlay","8":"woocommerce-text-align-center","9":"woocommerce-image-align-center","10":"do-quantity-buttons","12":"first","13":"instock","14":"taxable","15":"shipping-taxable","16":"purchasable","17":"product-type-simple"},"acf":{"blog_termekleiras":""},"yoast_head":"<!-- This site is optimized with the Yoast SEO plugin v26.9 - https:\/\/yoast.com\/product\/yoast-seo-wordpress\/ -->\n<title>Duschgel f\u00fcr Frauen mit Gr\u00fcntee-Extrakt und Verbenen\u00f6l &#8211; B\u00fckki Gy\u00f3gytea Web\u00e1ruh\u00e1z<\/title>\n<meta name=\"robots\" content=\"index, follow, max-snippet:-1, max-image-preview:large, max-video-preview:-1\" \/>\n<link rel=\"canonical\" href=\"https:\/\/bukkigyogytea.com\/de\/produkt\/korperlotion-mit-ringelblumenextrakt-und-geranienol-masolat\/\" \/>\n<meta property=\"og:locale\" content=\"de_DE\" \/>\n<meta property=\"og:type\" content=\"article\" \/>\n<meta property=\"og:title\" content=\"Duschgel f\u00fcr Frauen mit Gr\u00fcntee-Extrakt und Verbenen\u00f6l &#8211; B\u00fckki Gy\u00f3gytea Web\u00e1ruh\u00e1z\" \/>\n<meta property=\"og:description\" content=\"Naturix Naturkosmetik  Dieses sanfte Duschgel beruhigt und erfrischt die Haut durch die Kombination nat\u00fcrlicher Pflanzenextrakte \u2013 wie Odermennigblattextrakt mit fein porenverfeinernden Eigenschaften, Gr\u00fcnteeblattextrakt mit hautsch\u00fctzenden Eigenschaften und Ingwerextrakt mit vitalisierenden Eigenschaften \u2013 sowie Verbenen\u00f6l mit festigenden Eigenschaften. Gleichzeitig steigert es mit dem frischen Duft von Orangenschalen\u00f6l das Duscherlebnis.\" \/>\n<meta property=\"og:url\" content=\"https:\/\/bukkigyogytea.com\/de\/produkt\/korperlotion-mit-ringelblumenextrakt-und-geranienol-masolat\/\" \/>\n<meta property=\"og:site_name\" content=\"B\u00fckki Gy\u00f3gytea Web\u00e1ruh\u00e1z\" \/>\n<meta property=\"article:publisher\" content=\"https:\/\/www.facebook.com\/bukkigyogytea\/\" \/>\n<meta property=\"article:modified_time\" content=\"2026-03-16T10:35:25+00:00\" \/>\n<meta property=\"og:image\" content=\"https:\/\/bukkigyogytea.com\/wp-content\/uploads\/2026\/02\/testapolo-og-1024x536.jpg\" \/>\n<meta name=\"twitter:card\" content=\"summary_large_image\" \/>\n<meta name=\"twitter:label1\" content=\"Gesch\u00e4tzte Lesezeit\" \/>\n\t<meta name=\"twitter:data1\" content=\"2\u00a0Minuten\" \/>\n<script type=\"application\/ld+json\" class=\"yoast-schema-graph\">{\"@context\":\"https:\/\/schema.org\",\"@graph\":[{\"@type\":\"WebPage\",\"@id\":\"https:\/\/bukkigyogytea.com\/de\/produkt\/korperlotion-mit-ringelblumenextrakt-und-geranienol-masolat\/\",\"url\":\"https:\/\/bukkigyogytea.com\/de\/produkt\/korperlotion-mit-ringelblumenextrakt-und-geranienol-masolat\/\",\"name\":\"Duschgel f\u00fcr Frauen mit Gr\u00fcntee-Extrakt und Verbenen\u00f6l &#8211; B\u00fckki Gy\u00f3gytea Web\u00e1ruh\u00e1z\",\"isPartOf\":{\"@id\":\"https:\/\/bukkigyogytea.com\/de\/#website\"},\"primaryImageOfPage\":{\"@id\":\"https:\/\/bukkigyogytea.com\/de\/produkt\/korperlotion-mit-ringelblumenextrakt-und-geranienol-masolat\/#primaryimage\"},\"image\":{\"@id\":\"https:\/\/bukkigyogytea.com\/de\/produkt\/korperlotion-mit-ringelblumenextrakt-und-geranienol-masolat\/#primaryimage\"},\"thumbnailUrl\":\"https:\/\/bukkigyogytea.com\/wp-content\/uploads\/2026\/02\/gyorgytea-tusfuro.jpg\",\"datePublished\":\"2026-03-09T14:20:36+00:00\",\"dateModified\":\"2026-03-16T10:35:25+00:00\",\"breadcrumb\":{\"@id\":\"https:\/\/bukkigyogytea.com\/de\/produkt\/korperlotion-mit-ringelblumenextrakt-und-geranienol-masolat\/#breadcrumb\"},\"inLanguage\":\"de\",\"potentialAction\":[{\"@type\":\"ReadAction\",\"target\":[\"https:\/\/bukkigyogytea.com\/de\/produkt\/korperlotion-mit-ringelblumenextrakt-und-geranienol-masolat\/\"]}]},{\"@type\":\"ImageObject\",\"inLanguage\":\"de\",\"@id\":\"https:\/\/bukkigyogytea.com\/de\/produkt\/korperlotion-mit-ringelblumenextrakt-und-geranienol-masolat\/#primaryimage\",\"url\":\"https:\/\/bukkigyogytea.com\/wp-content\/uploads\/2026\/02\/gyorgytea-tusfuro.jpg\",\"contentUrl\":\"https:\/\/bukkigyogytea.com\/wp-content\/uploads\/2026\/02\/gyorgytea-tusfuro.jpg\",\"width\":1200,\"height\":1200},{\"@type\":\"BreadcrumbList\",\"@id\":\"https:\/\/bukkigyogytea.com\/de\/produkt\/korperlotion-mit-ringelblumenextrakt-und-geranienol-masolat\/#breadcrumb\",\"itemListElement\":[{\"@type\":\"ListItem\",\"position\":1,\"name\":\"Home\",\"item\":\"https:\/\/bukkigyogytea.com\/de\/\"},{\"@type\":\"ListItem\",\"position\":2,\"name\":\"Produkte\",\"item\":\"https:\/\/bukkigyogytea.com\/de\/shop\/\"},{\"@type\":\"ListItem\",\"position\":3,\"name\":\"K\u00f6rperpflege\",\"item\":\"https:\/\/bukkigyogytea.com\/de\/Produktkategorie\/koerperpflege\/\"},{\"@type\":\"ListItem\",\"position\":4,\"name\":\"Duschgel f\u00fcr Frauen mit Gr\u00fcntee-Extrakt und Verbenen\u00f6l\"}]},{\"@type\":\"WebSite\",\"@id\":\"https:\/\/bukkigyogytea.com\/de\/#website\",\"url\":\"https:\/\/bukkigyogytea.com\/de\/\",\"name\":\"B\u00fckki Gy\u00f3gytea Web\u00e1ruh\u00e1z\",\"description\":\"Gy\u00f6rgytea hivatalos viszontelad\u00f3\",\"publisher\":{\"@id\":\"https:\/\/bukkigyogytea.com\/de\/#organization\"},\"potentialAction\":[{\"@type\":\"SearchAction\",\"target\":{\"@type\":\"EntryPoint\",\"urlTemplate\":\"https:\/\/bukkigyogytea.com\/de\/?s={search_term_string}\"},\"query-input\":{\"@type\":\"PropertyValueSpecification\",\"valueRequired\":true,\"valueName\":\"search_term_string\"}}],\"inLanguage\":\"de\"},{\"@type\":\"Organization\",\"@id\":\"https:\/\/bukkigyogytea.com\/de\/#organization\",\"name\":\"B\u00fckki Gy\u00f3gytea Web\u00e1ruh\u00e1z\",\"url\":\"https:\/\/bukkigyogytea.com\/de\/\",\"logo\":{\"@type\":\"ImageObject\",\"inLanguage\":\"de\",\"@id\":\"https:\/\/bukkigyogytea.com\/de\/#\/schema\/logo\/image\/\",\"url\":\"https:\/\/i0.wp.com\/bukkigyogytea.com\/wp-content\/uploads\/2020\/05\/Sitelogo-1.jpg?fit=350%2C85&ssl=1\",\"contentUrl\":\"https:\/\/i0.wp.com\/bukkigyogytea.com\/wp-content\/uploads\/2020\/05\/Sitelogo-1.jpg?fit=350%2C85&ssl=1\",\"width\":350,\"height\":85,\"caption\":\"B\u00fckki Gy\u00f3gytea Web\u00e1ruh\u00e1z\"},\"image\":{\"@id\":\"https:\/\/bukkigyogytea.com\/de\/#\/schema\/logo\/image\/\"},\"sameAs\":[\"https:\/\/www.facebook.com\/bukkigyogytea\/\"]}]}<\/script>\n<!-- \/ Yoast SEO plugin. -->","yoast_head_json":{"title":"Duschgel f\u00fcr Frauen mit Gr\u00fcntee-Extrakt und Verbenen\u00f6l &#8211; B\u00fckki Gy\u00f3gytea Web\u00e1ruh\u00e1z","robots":{"index":"index","follow":"follow","max-snippet":"max-snippet:-1","max-image-preview":"max-image-preview:large","max-video-preview":"max-video-preview:-1"},"canonical":"https:\/\/bukkigyogytea.com\/de\/produkt\/korperlotion-mit-ringelblumenextrakt-und-geranienol-masolat\/","og_locale":"de_DE","og_type":"article","og_title":"Duschgel f\u00fcr Frauen mit Gr\u00fcntee-Extrakt und Verbenen\u00f6l &#8211; B\u00fckki Gy\u00f3gytea Web\u00e1ruh\u00e1z","og_description":"Naturix Naturkosmetik  Dieses sanfte Duschgel beruhigt und erfrischt die Haut durch die Kombination nat\u00fcrlicher Pflanzenextrakte \u2013 wie Odermennigblattextrakt mit fein porenverfeinernden Eigenschaften, Gr\u00fcnteeblattextrakt mit hautsch\u00fctzenden Eigenschaften und Ingwerextrakt mit vitalisierenden Eigenschaften \u2013 sowie Verbenen\u00f6l mit festigenden Eigenschaften. Gleichzeitig steigert es mit dem frischen Duft von Orangenschalen\u00f6l das Duscherlebnis.","og_url":"https:\/\/bukkigyogytea.com\/de\/produkt\/korperlotion-mit-ringelblumenextrakt-und-geranienol-masolat\/","og_site_name":"B\u00fckki Gy\u00f3gytea Web\u00e1ruh\u00e1z","article_publisher":"https:\/\/www.facebook.com\/bukkigyogytea\/","article_modified_time":"2026-03-16T10:35:25+00:00","og_image":[{"url":"https:\/\/bukkigyogytea.com\/wp-content\/uploads\/2026\/02\/testapolo-og-1024x536.jpg","type":"","width":"","height":""}],"twitter_card":"summary_large_image","twitter_misc":{"Gesch\u00e4tzte Lesezeit":"2\u00a0Minuten"},"schema":{"@context":"https:\/\/schema.org","@graph":[{"@type":"WebPage","@id":"https:\/\/bukkigyogytea.com\/de\/produkt\/korperlotion-mit-ringelblumenextrakt-und-geranienol-masolat\/","url":"https:\/\/bukkigyogytea.com\/de\/produkt\/korperlotion-mit-ringelblumenextrakt-und-geranienol-masolat\/","name":"Duschgel f\u00fcr Frauen mit Gr\u00fcntee-Extrakt und Verbenen\u00f6l &#8211; B\u00fckki Gy\u00f3gytea Web\u00e1ruh\u00e1z","isPartOf":{"@id":"https:\/\/bukkigyogytea.com\/de\/#website"},"primaryImageOfPage":{"@id":"https:\/\/bukkigyogytea.com\/de\/produkt\/korperlotion-mit-ringelblumenextrakt-und-geranienol-masolat\/#primaryimage"},"image":{"@id":"https:\/\/bukkigyogytea.com\/de\/produkt\/korperlotion-mit-ringelblumenextrakt-und-geranienol-masolat\/#primaryimage"},"thumbnailUrl":"https:\/\/bukkigyogytea.com\/wp-content\/uploads\/2026\/02\/gyorgytea-tusfuro.jpg","datePublished":"2026-03-09T14:20:36+00:00","dateModified":"2026-03-16T10:35:25+00:00","breadcrumb":{"@id":"https:\/\/bukkigyogytea.com\/de\/produkt\/korperlotion-mit-ringelblumenextrakt-und-geranienol-masolat\/#breadcrumb"},"inLanguage":"de","potentialAction":[{"@type":"ReadAction","target":["https:\/\/bukkigyogytea.com\/de\/produkt\/korperlotion-mit-ringelblumenextrakt-und-geranienol-masolat\/"]}]},{"@type":"ImageObject","inLanguage":"de","@id":"https:\/\/bukkigyogytea.com\/de\/produkt\/korperlotion-mit-ringelblumenextrakt-und-geranienol-masolat\/#primaryimage","url":"https:\/\/bukkigyogytea.com\/wp-content\/uploads\/2026\/02\/gyorgytea-tusfuro.jpg","contentUrl":"https:\/\/bukkigyogytea.com\/wp-content\/uploads\/2026\/02\/gyorgytea-tusfuro.jpg","width":1200,"height":1200},{"@type":"BreadcrumbList","@id":"https:\/\/bukkigyogytea.com\/de\/produkt\/korperlotion-mit-ringelblumenextrakt-und-geranienol-masolat\/#breadcrumb","itemListElement":[{"@type":"ListItem","position":1,"name":"Home","item":"https:\/\/bukkigyogytea.com\/de\/"},{"@type":"ListItem","position":2,"name":"Produkte","item":"https:\/\/bukkigyogytea.com\/de\/shop\/"},{"@type":"ListItem","position":3,"name":"K\u00f6rperpflege","item":"https:\/\/bukkigyogytea.com\/de\/Produktkategorie\/koerperpflege\/"},{"@type":"ListItem","position":4,"name":"Duschgel f\u00fcr Frauen mit Gr\u00fcntee-Extrakt und Verbenen\u00f6l"}]},{"@type":"WebSite","@id":"https:\/\/bukkigyogytea.com\/de\/#website","url":"https:\/\/bukkigyogytea.com\/de\/","name":"B\u00fckki Gy\u00f3gytea Web\u00e1ruh\u00e1z","description":"Gy\u00f6rgytea hivatalos viszontelad\u00f3","publisher":{"@id":"https:\/\/bukkigyogytea.com\/de\/#organization"},"potentialAction":[{"@type":"SearchAction","target":{"@type":"EntryPoint","urlTemplate":"https:\/\/bukkigyogytea.com\/de\/?s={search_term_string}"},"query-input":{"@type":"PropertyValueSpecification","valueRequired":true,"valueName":"search_term_string"}}],"inLanguage":"de"},{"@type":"Organization","@id":"https:\/\/bukkigyogytea.com\/de\/#organization","name":"B\u00fckki Gy\u00f3gytea Web\u00e1ruh\u00e1z","url":"https:\/\/bukkigyogytea.com\/de\/","logo":{"@type":"ImageObject","inLanguage":"de","@id":"https:\/\/bukkigyogytea.com\/de\/#\/schema\/logo\/image\/","url":"https:\/\/i0.wp.com\/bukkigyogytea.com\/wp-content\/uploads\/2020\/05\/Sitelogo-1.jpg?fit=350%2C85&ssl=1","contentUrl":"https:\/\/i0.wp.com\/bukkigyogytea.com\/wp-content\/uploads\/2020\/05\/Sitelogo-1.jpg?fit=350%2C85&ssl=1","width":350,"height":85,"caption":"B\u00fckki Gy\u00f3gytea Web\u00e1ruh\u00e1z"},"image":{"@id":"https:\/\/bukkigyogytea.com\/de\/#\/schema\/logo\/image\/"},"sameAs":["https:\/\/www.facebook.com\/bukkigyogytea\/"]}]}},"publishpress_future_action":{"enabled":false,"date":"2026-05-01 22:55:00","action":"change-status","newStatus":"draft","terms":[],"taxonomy":"product_type","extraData":[]},"publishpress_future_workflow_manual_trigger":{"enabledWorkflows":[]},"_links":{"self":[{"href":"https:\/\/bukkigyogytea.com\/de\/wp-json\/wp\/v2\/product\/18043","targetHints":{"allow":["GET"]}}],"collection":[{"href":"https:\/\/bukkigyogytea.com\/de\/wp-json\/wp\/v2\/product"}],"about":[{"href":"https:\/\/bukkigyogytea.com\/de\/wp-json\/wp\/v2\/types\/product"}],"replies":[{"embeddable":true,"href":"https:\/\/bukkigyogytea.com\/de\/wp-json\/wp\/v2\/comments?post=18043"}],"wp:featuredmedia":[{"embeddable":true,"href":"https:\/\/bukkigyogytea.com\/de\/wp-json\/wp\/v2\/media\/17919"}],"wp:attachment":[{"href":"https:\/\/bukkigyogytea.com\/de\/wp-json\/wp\/v2\/media?parent=18043"}],"wp:term":[{"taxonomy":"product_brand","embeddable":true,"href":"https:\/\/bukkigyogytea.com\/de\/wp-json\/wp\/v2\/product_brand?post=18043"},{"taxonomy":"product_cat","embeddable":true,"href":"https:\/\/bukkigyogytea.com\/de\/wp-json\/wp\/v2\/product_cat?post=18043"},{"taxonomy":"product_tag","embeddable":true,"href":"https:\/\/bukkigyogytea.com\/de\/wp-json\/wp\/v2\/product_tag?post=18043"}],"curies":[{"name":"wp","href":"https:\/\/api.w.org\/{rel}","templated":true}]}}