{"id":17829,"date":"2026-02-17T14:29:58","date_gmt":"2026-02-17T13:29:58","guid":{"rendered":"https:\/\/bukkigyogytea.com\/termek\/buekkzauber\/"},"modified":"2026-02-17T14:29:58","modified_gmt":"2026-02-17T13:29:58","slug":"buekkzauber","status":"publish","type":"product","link":"https:\/\/bukkigyogytea.com\/de\/produkt\/buekkzauber\/","title":{"rendered":"B\u00fckkzauber"},"content":{"rendered":"<p><strong>Zutaten:<\/strong> Odermennigkraut, Lindenbl\u00fcte, duftendes Katzenminzekraut<\/p>\n<p><strong>Ge\u00e4nderte Zusammensetzung:<\/strong> Statt Himbeerblatt enth\u00e4lt die Mischung nun Lindenbl\u00fcte.<\/p>\n<p><strong>Zubereitung:<\/strong> Einen Teebeutel mit ca. 250 ml kochendem Wasser \u00fcbergie\u00dfen, 15 Minuten ziehen lassen, anschlie\u00dfend entfernen.<\/p>\n<p><strong>Verzehrempfehlung:<\/strong> T\u00e4glich 1\u20133 Tassen, unbegrenzt konsumierbar, zu jeder Tageszeit. Eine S\u00fc\u00dfung ist nicht erforderlich. F\u00fcr Kinder ab 3 Jahren verd\u00fcnnt empfohlen (1 Teebeutel auf 500 ml Wasser).<\/p>\n","protected":false},"excerpt":{"rendered":"<p><strong>Teebeutel-Kr\u00e4utermischung<\/strong><\/p>\n<p>Onkel Gyuri sagte immer, dass das B\u00fckk-Gebirge die sch\u00f6nste Region Ungarns sei. Von dort stammt auch das Rezept des \u201eB\u00fckkZauber\u201c-Tees. Er belebt und erfrischt \u2013 f\u00fcr jede Jahreszeit geeignet. Auch f\u00fcr Kinder ab 3 Jahren.<\/p>\n","protected":false},"featured_media":17742,"comment_status":"closed","ping_status":"closed","template":"","meta":{"_acf_changed":false},"product_brand":[],"product_cat":[197],"product_tag":[],"class_list":{"0":"post-17829","1":"product","2":"type-product","3":"status-publish","4":"has-post-thumbnail","6":"product_cat-geniesertees","7":"sales-flash-overlay","8":"woocommerce-text-align-center","9":"woocommerce-image-align-center","10":"do-quantity-buttons","12":"first","13":"instock","14":"taxable","15":"shipping-taxable","16":"purchasable","17":"product-type-simple"},"acf":{"blog_termekleiras":""},"yoast_head":"<!-- This site is optimized with the Yoast SEO plugin v26.9 - https:\/\/yoast.com\/product\/yoast-seo-wordpress\/ -->\n<title>B\u00fckkzauber &#8211; B\u00fckki Gy\u00f3gytea Web\u00e1ruh\u00e1z<\/title>\n<meta name=\"description\" content=\"Onkel Gyuri sagte immer, dass das B\u00fckk-Gebirge die sch\u00f6nste Region Ungarns sei. Von dort stammt auch das Rezept des \u201eB\u00fckkZauber\u201c-Tees. Er belebt und erfrischt \u2013 f\u00fcr jede Jahreszeit geeignet. Auch f\u00fcr Kinder ab 3 Jahren.\" \/>\n<meta name=\"robots\" content=\"index, follow, max-snippet:-1, max-image-preview:large, max-video-preview:-1\" \/>\n<link rel=\"canonical\" href=\"https:\/\/bukkigyogytea.com\/de\/produkt\/buekkzauber\/\" \/>\n<meta property=\"og:locale\" content=\"de_DE\" \/>\n<meta property=\"og:type\" content=\"article\" \/>\n<meta property=\"og:title\" content=\"B\u00fckkzauber &#8211; B\u00fckki Gy\u00f3gytea Web\u00e1ruh\u00e1z\" \/>\n<meta property=\"og:description\" content=\"Onkel Gyuri sagte immer, dass das B\u00fckk-Gebirge die sch\u00f6nste Region Ungarns sei. Von dort stammt auch das Rezept des \u201eB\u00fckkZauber\u201c-Tees. Er belebt und erfrischt \u2013 f\u00fcr jede Jahreszeit geeignet. Auch f\u00fcr Kinder ab 3 Jahren.\" \/>\n<meta property=\"og:url\" content=\"https:\/\/bukkigyogytea.com\/de\/produkt\/buekkzauber\/\" \/>\n<meta property=\"og:site_name\" content=\"B\u00fckki Gy\u00f3gytea Web\u00e1ruh\u00e1z\" \/>\n<meta property=\"article:publisher\" content=\"https:\/\/www.facebook.com\/bukkigyogytea\/\" \/>\n<meta property=\"og:image\" content=\"https:\/\/bukkigyogytea.com\/wp-content\/uploads\/2026\/02\/bukki-varazs-OG-1024x536.jpg\" \/>\n<meta name=\"twitter:card\" content=\"summary_large_image\" \/>\n<script type=\"application\/ld+json\" class=\"yoast-schema-graph\">{\"@context\":\"https:\/\/schema.org\",\"@graph\":[{\"@type\":\"WebPage\",\"@id\":\"https:\/\/bukkigyogytea.com\/de\/produkt\/buekkzauber\/\",\"url\":\"https:\/\/bukkigyogytea.com\/de\/produkt\/buekkzauber\/\",\"name\":\"B\u00fckkzauber &#8211; B\u00fckki Gy\u00f3gytea Web\u00e1ruh\u00e1z\",\"isPartOf\":{\"@id\":\"https:\/\/bukkigyogytea.com\/de\/#website\"},\"primaryImageOfPage\":{\"@id\":\"https:\/\/bukkigyogytea.com\/de\/produkt\/buekkzauber\/#primaryimage\"},\"image\":{\"@id\":\"https:\/\/bukkigyogytea.com\/de\/produkt\/buekkzauber\/#primaryimage\"},\"thumbnailUrl\":\"https:\/\/bukkigyogytea.com\/wp-content\/uploads\/2026\/02\/bukki_varazs_bal_900x900.png\",\"datePublished\":\"2026-02-17T13:29:58+00:00\",\"description\":\"Onkel Gyuri sagte immer, dass das B\u00fckk-Gebirge die sch\u00f6nste Region Ungarns sei. Von dort stammt auch das Rezept des \u201eB\u00fckkZauber\u201c-Tees. Er belebt und erfrischt \u2013 f\u00fcr jede Jahreszeit geeignet. Auch f\u00fcr Kinder ab 3 Jahren.\",\"breadcrumb\":{\"@id\":\"https:\/\/bukkigyogytea.com\/de\/produkt\/buekkzauber\/#breadcrumb\"},\"inLanguage\":\"de\",\"potentialAction\":[{\"@type\":\"ReadAction\",\"target\":[\"https:\/\/bukkigyogytea.com\/de\/produkt\/buekkzauber\/\"]}]},{\"@type\":\"ImageObject\",\"inLanguage\":\"de\",\"@id\":\"https:\/\/bukkigyogytea.com\/de\/produkt\/buekkzauber\/#primaryimage\",\"url\":\"https:\/\/bukkigyogytea.com\/wp-content\/uploads\/2026\/02\/bukki_varazs_bal_900x900.png\",\"contentUrl\":\"https:\/\/bukkigyogytea.com\/wp-content\/uploads\/2026\/02\/bukki_varazs_bal_900x900.png\",\"width\":900,\"height\":900},{\"@type\":\"BreadcrumbList\",\"@id\":\"https:\/\/bukkigyogytea.com\/de\/produkt\/buekkzauber\/#breadcrumb\",\"itemListElement\":[{\"@type\":\"ListItem\",\"position\":1,\"name\":\"Home\",\"item\":\"https:\/\/bukkigyogytea.com\/de\/\"},{\"@type\":\"ListItem\",\"position\":2,\"name\":\"Produkte\",\"item\":\"https:\/\/bukkigyogytea.com\/de\/shop\/\"},{\"@type\":\"ListItem\",\"position\":3,\"name\":\"Genie\u00dfertees\",\"item\":\"https:\/\/bukkigyogytea.com\/de\/Produktkategorie\/geniesertees\/\"},{\"@type\":\"ListItem\",\"position\":4,\"name\":\"B\u00fckkzauber\"}]},{\"@type\":\"WebSite\",\"@id\":\"https:\/\/bukkigyogytea.com\/de\/#website\",\"url\":\"https:\/\/bukkigyogytea.com\/de\/\",\"name\":\"B\u00fckki Gy\u00f3gytea Web\u00e1ruh\u00e1z\",\"description\":\"Gy\u00f6rgytea hivatalos viszontelad\u00f3\",\"publisher\":{\"@id\":\"https:\/\/bukkigyogytea.com\/de\/#organization\"},\"potentialAction\":[{\"@type\":\"SearchAction\",\"target\":{\"@type\":\"EntryPoint\",\"urlTemplate\":\"https:\/\/bukkigyogytea.com\/de\/?s={search_term_string}\"},\"query-input\":{\"@type\":\"PropertyValueSpecification\",\"valueRequired\":true,\"valueName\":\"search_term_string\"}}],\"inLanguage\":\"de\"},{\"@type\":\"Organization\",\"@id\":\"https:\/\/bukkigyogytea.com\/de\/#organization\",\"name\":\"B\u00fckki Gy\u00f3gytea Web\u00e1ruh\u00e1z\",\"url\":\"https:\/\/bukkigyogytea.com\/de\/\",\"logo\":{\"@type\":\"ImageObject\",\"inLanguage\":\"de\",\"@id\":\"https:\/\/bukkigyogytea.com\/de\/#\/schema\/logo\/image\/\",\"url\":\"https:\/\/i0.wp.com\/bukkigyogytea.com\/wp-content\/uploads\/2020\/05\/Sitelogo-1.jpg?fit=350%2C85&ssl=1\",\"contentUrl\":\"https:\/\/i0.wp.com\/bukkigyogytea.com\/wp-content\/uploads\/2020\/05\/Sitelogo-1.jpg?fit=350%2C85&ssl=1\",\"width\":350,\"height\":85,\"caption\":\"B\u00fckki Gy\u00f3gytea Web\u00e1ruh\u00e1z\"},\"image\":{\"@id\":\"https:\/\/bukkigyogytea.com\/de\/#\/schema\/logo\/image\/\"},\"sameAs\":[\"https:\/\/www.facebook.com\/bukkigyogytea\/\"]}]}<\/script>\n<!-- \/ Yoast SEO plugin. -->","yoast_head_json":{"title":"B\u00fckkzauber &#8211; B\u00fckki Gy\u00f3gytea Web\u00e1ruh\u00e1z","description":"Onkel Gyuri sagte immer, dass das B\u00fckk-Gebirge die sch\u00f6nste Region Ungarns sei. Von dort stammt auch das Rezept des \u201eB\u00fckkZauber\u201c-Tees. Er belebt und erfrischt \u2013 f\u00fcr jede Jahreszeit geeignet. Auch f\u00fcr Kinder ab 3 Jahren.","robots":{"index":"index","follow":"follow","max-snippet":"max-snippet:-1","max-image-preview":"max-image-preview:large","max-video-preview":"max-video-preview:-1"},"canonical":"https:\/\/bukkigyogytea.com\/de\/produkt\/buekkzauber\/","og_locale":"de_DE","og_type":"article","og_title":"B\u00fckkzauber &#8211; B\u00fckki Gy\u00f3gytea Web\u00e1ruh\u00e1z","og_description":"Onkel Gyuri sagte immer, dass das B\u00fckk-Gebirge die sch\u00f6nste Region Ungarns sei. Von dort stammt auch das Rezept des \u201eB\u00fckkZauber\u201c-Tees. Er belebt und erfrischt \u2013 f\u00fcr jede Jahreszeit geeignet. Auch f\u00fcr Kinder ab 3 Jahren.","og_url":"https:\/\/bukkigyogytea.com\/de\/produkt\/buekkzauber\/","og_site_name":"B\u00fckki Gy\u00f3gytea Web\u00e1ruh\u00e1z","article_publisher":"https:\/\/www.facebook.com\/bukkigyogytea\/","og_image":[{"url":"https:\/\/bukkigyogytea.com\/wp-content\/uploads\/2026\/02\/bukki-varazs-OG-1024x536.jpg","type":"","width":"","height":""}],"twitter_card":"summary_large_image","schema":{"@context":"https:\/\/schema.org","@graph":[{"@type":"WebPage","@id":"https:\/\/bukkigyogytea.com\/de\/produkt\/buekkzauber\/","url":"https:\/\/bukkigyogytea.com\/de\/produkt\/buekkzauber\/","name":"B\u00fckkzauber &#8211; B\u00fckki Gy\u00f3gytea Web\u00e1ruh\u00e1z","isPartOf":{"@id":"https:\/\/bukkigyogytea.com\/de\/#website"},"primaryImageOfPage":{"@id":"https:\/\/bukkigyogytea.com\/de\/produkt\/buekkzauber\/#primaryimage"},"image":{"@id":"https:\/\/bukkigyogytea.com\/de\/produkt\/buekkzauber\/#primaryimage"},"thumbnailUrl":"https:\/\/bukkigyogytea.com\/wp-content\/uploads\/2026\/02\/bukki_varazs_bal_900x900.png","datePublished":"2026-02-17T13:29:58+00:00","description":"Onkel Gyuri sagte immer, dass das B\u00fckk-Gebirge die sch\u00f6nste Region Ungarns sei. Von dort stammt auch das Rezept des \u201eB\u00fckkZauber\u201c-Tees. Er belebt und erfrischt \u2013 f\u00fcr jede Jahreszeit geeignet. Auch f\u00fcr Kinder ab 3 Jahren.","breadcrumb":{"@id":"https:\/\/bukkigyogytea.com\/de\/produkt\/buekkzauber\/#breadcrumb"},"inLanguage":"de","potentialAction":[{"@type":"ReadAction","target":["https:\/\/bukkigyogytea.com\/de\/produkt\/buekkzauber\/"]}]},{"@type":"ImageObject","inLanguage":"de","@id":"https:\/\/bukkigyogytea.com\/de\/produkt\/buekkzauber\/#primaryimage","url":"https:\/\/bukkigyogytea.com\/wp-content\/uploads\/2026\/02\/bukki_varazs_bal_900x900.png","contentUrl":"https:\/\/bukkigyogytea.com\/wp-content\/uploads\/2026\/02\/bukki_varazs_bal_900x900.png","width":900,"height":900},{"@type":"BreadcrumbList","@id":"https:\/\/bukkigyogytea.com\/de\/produkt\/buekkzauber\/#breadcrumb","itemListElement":[{"@type":"ListItem","position":1,"name":"Home","item":"https:\/\/bukkigyogytea.com\/de\/"},{"@type":"ListItem","position":2,"name":"Produkte","item":"https:\/\/bukkigyogytea.com\/de\/shop\/"},{"@type":"ListItem","position":3,"name":"Genie\u00dfertees","item":"https:\/\/bukkigyogytea.com\/de\/Produktkategorie\/geniesertees\/"},{"@type":"ListItem","position":4,"name":"B\u00fckkzauber"}]},{"@type":"WebSite","@id":"https:\/\/bukkigyogytea.com\/de\/#website","url":"https:\/\/bukkigyogytea.com\/de\/","name":"B\u00fckki Gy\u00f3gytea Web\u00e1ruh\u00e1z","description":"Gy\u00f6rgytea hivatalos viszontelad\u00f3","publisher":{"@id":"https:\/\/bukkigyogytea.com\/de\/#organization"},"potentialAction":[{"@type":"SearchAction","target":{"@type":"EntryPoint","urlTemplate":"https:\/\/bukkigyogytea.com\/de\/?s={search_term_string}"},"query-input":{"@type":"PropertyValueSpecification","valueRequired":true,"valueName":"search_term_string"}}],"inLanguage":"de"},{"@type":"Organization","@id":"https:\/\/bukkigyogytea.com\/de\/#organization","name":"B\u00fckki Gy\u00f3gytea Web\u00e1ruh\u00e1z","url":"https:\/\/bukkigyogytea.com\/de\/","logo":{"@type":"ImageObject","inLanguage":"de","@id":"https:\/\/bukkigyogytea.com\/de\/#\/schema\/logo\/image\/","url":"https:\/\/i0.wp.com\/bukkigyogytea.com\/wp-content\/uploads\/2020\/05\/Sitelogo-1.jpg?fit=350%2C85&ssl=1","contentUrl":"https:\/\/i0.wp.com\/bukkigyogytea.com\/wp-content\/uploads\/2020\/05\/Sitelogo-1.jpg?fit=350%2C85&ssl=1","width":350,"height":85,"caption":"B\u00fckki Gy\u00f3gytea Web\u00e1ruh\u00e1z"},"image":{"@id":"https:\/\/bukkigyogytea.com\/de\/#\/schema\/logo\/image\/"},"sameAs":["https:\/\/www.facebook.com\/bukkigyogytea\/"]}]}},"publishpress_future_action":{"enabled":false,"date":"2026-04-09 22:55:00","action":"change-status","newStatus":"draft","terms":[],"taxonomy":"product_type","extraData":[]},"publishpress_future_workflow_manual_trigger":{"enabledWorkflows":[]},"_links":{"self":[{"href":"https:\/\/bukkigyogytea.com\/de\/wp-json\/wp\/v2\/product\/17829","targetHints":{"allow":["GET"]}}],"collection":[{"href":"https:\/\/bukkigyogytea.com\/de\/wp-json\/wp\/v2\/product"}],"about":[{"href":"https:\/\/bukkigyogytea.com\/de\/wp-json\/wp\/v2\/types\/product"}],"replies":[{"embeddable":true,"href":"https:\/\/bukkigyogytea.com\/de\/wp-json\/wp\/v2\/comments?post=17829"}],"wp:featuredmedia":[{"embeddable":true,"href":"https:\/\/bukkigyogytea.com\/de\/wp-json\/wp\/v2\/media\/17742"}],"wp:attachment":[{"href":"https:\/\/bukkigyogytea.com\/de\/wp-json\/wp\/v2\/media?parent=17829"}],"wp:term":[{"taxonomy":"product_brand","embeddable":true,"href":"https:\/\/bukkigyogytea.com\/de\/wp-json\/wp\/v2\/product_brand?post=17829"},{"taxonomy":"product_cat","embeddable":true,"href":"https:\/\/bukkigyogytea.com\/de\/wp-json\/wp\/v2\/product_cat?post=17829"},{"taxonomy":"product_tag","embeddable":true,"href":"https:\/\/bukkigyogytea.com\/de\/wp-json\/wp\/v2\/product_tag?post=17829"}],"curies":[{"name":"wp","href":"https:\/\/api.w.org\/{rel}","templated":true}]}}