{"id":16881,"date":"2025-11-21T08:59:11","date_gmt":"2025-11-21T07:59:11","guid":{"rendered":"https:\/\/bukkigyogytea.com\/?post_type=product&#038;p=16881"},"modified":"2025-12-19T13:30:57","modified_gmt":"2025-12-19T12:30:57","slug":"gyoergytea-kurkuma-kapsel","status":"publish","type":"product","link":"https:\/\/bukkigyogytea.com\/de\/produkt\/gyoergytea-kurkuma-kapsel\/","title":{"rendered":"Gy\u00f6rgytea Kurkuma Kapsel"},"content":{"rendered":"<div class=\"woocommerce-tabs wc-tabs-wrapper\">\n<div id=\"tab-description\" class=\"woocommerce-Tabs-panel woocommerce-Tabs-panel--description panel entry-content wc-tab\" role=\"tabpanel\" aria-labelledby=\"tab-title-description\">\n<p><strong>T\u00e4gliche Dosierung:<\/strong> 2&#215;1 Kapsel<br \/>\n<strong>Packungsgr\u00f6\u00dfe<\/strong>: 60 St\u00fcck<br \/>\n<strong>Nettof\u00fcllmenge:<\/strong> 33,9 g<\/p>\n<p><strong>ZUTATEN:<\/strong><\/p>\n<p>Kurkuma (Curcuma longa) Wurzelpulver, Kurkuma (Curcuma longa) Wurzelextrakt, Kapselh\u00fclle (Hydroxypropylmethylcellulose)<\/p>\n<p><strong>AKTIVE STOFFE IN DER T\u00c4GLICHEN DOSIS (2 KAPSELN):<\/strong><\/p>\n<p>Kurkuma: 750 mg,<br \/>\nKurkumaextrakt: 180 mg.<br \/>\nCurcumin-Gehalt: 210 mg in der t\u00e4glichen Dosis.<\/p>\n<p><strong>GEGENANZEIGE:\u00a0<\/strong>Die in der Anwendungsempfehlung angegebene Menge nicht \u00fcberschreiten. Au\u00dferhalb der Reichweite von Kindern aufbewahren.<br \/>\nDas Pr\u00e4parat ersetzt nicht die ausgewogene Mischkost und die gesunde Lebensweise.<\/p>\n<p><strong>LAGERUNG:<\/strong>\u00a0Bei Raumtemperatur, vor direkter Sonneneinstrahlung gesch\u00fctzt und in geschlossener Verpackung lagern.<\/p>\n<p><strong>Vom Ungarisches Nationales Zentrum f\u00fcr \u00f6ffentliche Gesundheit und Pharmazie (NNGYK) notifiziertes Produkt<\/strong><\/p>\n<\/div>\n<\/div>\n<section class=\"related products\"><\/section>\n","protected":false},"excerpt":{"rendered":"<p>Gy\u00f6rgytea Kurkuma Nahrungserg\u00e4nzungskapsel zur Erhaltung der Gelenkgesundheit. Kurkuma unterst\u00fctzt das Bewegungsorgansystem des K\u00f6rpers, die Gesundheit der Gelenke und Knochen sowie die Elastizit\u00e4t der Gelenke und Sehnen. Es tr\u00e4gt zur Erhaltung guter Mobilit\u00e4t bei. Unterst\u00fctzt die gesunde Herzfunktion und die Durchblutung.<\/p>\n<p>Das Pr\u00e4parat ist <strong>laktosefrei, konservierungsmittelfrei und vegan.<\/strong><\/p>\n<p>Vom Nationalen Zentrum f\u00fcr \u00d6ffentliche Gesundheit und Pharmazie (NNGYK) notifiziertes Produkt: <strong>39085\/2025<\/strong>.<\/p>\n<p>Nahrungserg\u00e4nzungsmittel ersetzen nicht die abwechslungsreiche, ausgewogene Mischkost und die gesunde Lebensweise.<\/p>\n","protected":false},"featured_media":16853,"comment_status":"closed","ping_status":"closed","template":"","meta":{"_acf_changed":false},"product_brand":[],"product_cat":[378],"product_tag":[],"class_list":{"0":"post-16881","1":"product","2":"type-product","3":"status-publish","4":"has-post-thumbnail","6":"product_cat-kraeuterkapseln","7":"sales-flash-overlay","8":"woocommerce-text-align-center","9":"woocommerce-image-align-center","10":"do-quantity-buttons","12":"first","13":"instock","14":"taxable","15":"shipping-taxable","16":"purchasable","17":"product-type-simple"},"acf":{"blog_termekleiras":""},"yoast_head":"<!-- This site is optimized with the Yoast SEO plugin v26.9 - https:\/\/yoast.com\/product\/yoast-seo-wordpress\/ -->\n<title>Gy\u00f6rgytea Kurkuma Kapsel &#8211; B\u00fckki Gy\u00f3gytea Web\u00e1ruh\u00e1z<\/title>\n<meta name=\"description\" content=\"Kurkuma unterst\u00fctzt das Bewegungsorgansystem des K\u00f6rpers, die Gesundheit der Gelenke und Knochen sowie die Elastizit\u00e4t der Gelenke und Sehnen.\" \/>\n<meta name=\"robots\" content=\"index, follow, max-snippet:-1, max-image-preview:large, max-video-preview:-1\" \/>\n<link rel=\"canonical\" href=\"https:\/\/bukkigyogytea.com\/de\/produkt\/gyoergytea-kurkuma-kapsel\/\" \/>\n<meta property=\"og:locale\" content=\"de_DE\" \/>\n<meta property=\"og:type\" content=\"article\" \/>\n<meta property=\"og:title\" content=\"Gy\u00f6rgytea Kurkuma Kapsel &#8211; B\u00fckki Gy\u00f3gytea Web\u00e1ruh\u00e1z\" \/>\n<meta property=\"og:description\" content=\"Kurkuma unterst\u00fctzt das Bewegungsorgansystem des K\u00f6rpers, die Gesundheit der Gelenke und Knochen sowie die Elastizit\u00e4t der Gelenke und Sehnen.\" \/>\n<meta property=\"og:url\" content=\"https:\/\/bukkigyogytea.com\/de\/produkt\/gyoergytea-kurkuma-kapsel\/\" \/>\n<meta property=\"og:site_name\" content=\"B\u00fckki Gy\u00f3gytea Web\u00e1ruh\u00e1z\" \/>\n<meta property=\"article:publisher\" content=\"https:\/\/www.facebook.com\/bukkigyogytea\/\" \/>\n<meta property=\"article:modified_time\" content=\"2025-12-19T12:30:57+00:00\" \/>\n<meta property=\"og:image\" content=\"https:\/\/bukkigyogytea.com\/wp-content\/uploads\/2025\/08\/Ferfi-kapszula-1024x536.jpg\" \/>\n<meta name=\"twitter:card\" content=\"summary_large_image\" \/>\n<meta name=\"twitter:label1\" content=\"Gesch\u00e4tzte Lesezeit\" \/>\n\t<meta name=\"twitter:data1\" content=\"1\u00a0Minute\" \/>\n<script type=\"application\/ld+json\" class=\"yoast-schema-graph\">{\"@context\":\"https:\/\/schema.org\",\"@graph\":[{\"@type\":\"WebPage\",\"@id\":\"https:\/\/bukkigyogytea.com\/de\/produkt\/gyoergytea-kurkuma-kapsel\/\",\"url\":\"https:\/\/bukkigyogytea.com\/de\/produkt\/gyoergytea-kurkuma-kapsel\/\",\"name\":\"Gy\u00f6rgytea Kurkuma Kapsel &#8211; B\u00fckki Gy\u00f3gytea Web\u00e1ruh\u00e1z\",\"isPartOf\":{\"@id\":\"https:\/\/bukkigyogytea.com\/de\/#website\"},\"primaryImageOfPage\":{\"@id\":\"https:\/\/bukkigyogytea.com\/de\/produkt\/gyoergytea-kurkuma-kapsel\/#primaryimage\"},\"image\":{\"@id\":\"https:\/\/bukkigyogytea.com\/de\/produkt\/gyoergytea-kurkuma-kapsel\/#primaryimage\"},\"thumbnailUrl\":\"https:\/\/bukkigyogytea.com\/wp-content\/uploads\/2025\/11\/33_kurkuma_gyogynovenykapszula_latvany.png\",\"datePublished\":\"2025-11-21T07:59:11+00:00\",\"dateModified\":\"2025-12-19T12:30:57+00:00\",\"description\":\"Kurkuma unterst\u00fctzt das Bewegungsorgansystem des K\u00f6rpers, die Gesundheit der Gelenke und Knochen sowie die Elastizit\u00e4t der Gelenke und Sehnen.\",\"breadcrumb\":{\"@id\":\"https:\/\/bukkigyogytea.com\/de\/produkt\/gyoergytea-kurkuma-kapsel\/#breadcrumb\"},\"inLanguage\":\"de\",\"potentialAction\":[{\"@type\":\"ReadAction\",\"target\":[\"https:\/\/bukkigyogytea.com\/de\/produkt\/gyoergytea-kurkuma-kapsel\/\"]}]},{\"@type\":\"ImageObject\",\"inLanguage\":\"de\",\"@id\":\"https:\/\/bukkigyogytea.com\/de\/produkt\/gyoergytea-kurkuma-kapsel\/#primaryimage\",\"url\":\"https:\/\/bukkigyogytea.com\/wp-content\/uploads\/2025\/11\/33_kurkuma_gyogynovenykapszula_latvany.png\",\"contentUrl\":\"https:\/\/bukkigyogytea.com\/wp-content\/uploads\/2025\/11\/33_kurkuma_gyogynovenykapszula_latvany.png\",\"width\":900,\"height\":900},{\"@type\":\"BreadcrumbList\",\"@id\":\"https:\/\/bukkigyogytea.com\/de\/produkt\/gyoergytea-kurkuma-kapsel\/#breadcrumb\",\"itemListElement\":[{\"@type\":\"ListItem\",\"position\":1,\"name\":\"Home\",\"item\":\"https:\/\/bukkigyogytea.com\/de\/\"},{\"@type\":\"ListItem\",\"position\":2,\"name\":\"Produkte\",\"item\":\"https:\/\/bukkigyogytea.com\/de\/shop\/\"},{\"@type\":\"ListItem\",\"position\":3,\"name\":\"Kr\u00e4uterkapseln\",\"item\":\"https:\/\/bukkigyogytea.com\/de\/Produktkategorie\/kraeuterkapseln\/\"},{\"@type\":\"ListItem\",\"position\":4,\"name\":\"Gy\u00f6rgytea Kurkuma Kapsel\"}]},{\"@type\":\"WebSite\",\"@id\":\"https:\/\/bukkigyogytea.com\/de\/#website\",\"url\":\"https:\/\/bukkigyogytea.com\/de\/\",\"name\":\"B\u00fckki Gy\u00f3gytea Web\u00e1ruh\u00e1z\",\"description\":\"Gy\u00f6rgytea hivatalos viszontelad\u00f3\",\"publisher\":{\"@id\":\"https:\/\/bukkigyogytea.com\/de\/#organization\"},\"potentialAction\":[{\"@type\":\"SearchAction\",\"target\":{\"@type\":\"EntryPoint\",\"urlTemplate\":\"https:\/\/bukkigyogytea.com\/de\/?s={search_term_string}\"},\"query-input\":{\"@type\":\"PropertyValueSpecification\",\"valueRequired\":true,\"valueName\":\"search_term_string\"}}],\"inLanguage\":\"de\"},{\"@type\":\"Organization\",\"@id\":\"https:\/\/bukkigyogytea.com\/de\/#organization\",\"name\":\"B\u00fckki Gy\u00f3gytea Web\u00e1ruh\u00e1z\",\"url\":\"https:\/\/bukkigyogytea.com\/de\/\",\"logo\":{\"@type\":\"ImageObject\",\"inLanguage\":\"de\",\"@id\":\"https:\/\/bukkigyogytea.com\/de\/#\/schema\/logo\/image\/\",\"url\":\"https:\/\/i0.wp.com\/bukkigyogytea.com\/wp-content\/uploads\/2020\/05\/Sitelogo-1.jpg?fit=350%2C85&ssl=1\",\"contentUrl\":\"https:\/\/i0.wp.com\/bukkigyogytea.com\/wp-content\/uploads\/2020\/05\/Sitelogo-1.jpg?fit=350%2C85&ssl=1\",\"width\":350,\"height\":85,\"caption\":\"B\u00fckki Gy\u00f3gytea Web\u00e1ruh\u00e1z\"},\"image\":{\"@id\":\"https:\/\/bukkigyogytea.com\/de\/#\/schema\/logo\/image\/\"},\"sameAs\":[\"https:\/\/www.facebook.com\/bukkigyogytea\/\"]}]}<\/script>\n<!-- \/ Yoast SEO plugin. -->","yoast_head_json":{"title":"Gy\u00f6rgytea Kurkuma Kapsel &#8211; B\u00fckki Gy\u00f3gytea Web\u00e1ruh\u00e1z","description":"Kurkuma unterst\u00fctzt das Bewegungsorgansystem des K\u00f6rpers, die Gesundheit der Gelenke und Knochen sowie die Elastizit\u00e4t der Gelenke und Sehnen.","robots":{"index":"index","follow":"follow","max-snippet":"max-snippet:-1","max-image-preview":"max-image-preview:large","max-video-preview":"max-video-preview:-1"},"canonical":"https:\/\/bukkigyogytea.com\/de\/produkt\/gyoergytea-kurkuma-kapsel\/","og_locale":"de_DE","og_type":"article","og_title":"Gy\u00f6rgytea Kurkuma Kapsel &#8211; B\u00fckki Gy\u00f3gytea Web\u00e1ruh\u00e1z","og_description":"Kurkuma unterst\u00fctzt das Bewegungsorgansystem des K\u00f6rpers, die Gesundheit der Gelenke und Knochen sowie die Elastizit\u00e4t der Gelenke und Sehnen.","og_url":"https:\/\/bukkigyogytea.com\/de\/produkt\/gyoergytea-kurkuma-kapsel\/","og_site_name":"B\u00fckki Gy\u00f3gytea Web\u00e1ruh\u00e1z","article_publisher":"https:\/\/www.facebook.com\/bukkigyogytea\/","article_modified_time":"2025-12-19T12:30:57+00:00","og_image":[{"url":"https:\/\/bukkigyogytea.com\/wp-content\/uploads\/2025\/08\/Ferfi-kapszula-1024x536.jpg","type":"","width":"","height":""}],"twitter_card":"summary_large_image","twitter_misc":{"Gesch\u00e4tzte Lesezeit":"1\u00a0Minute"},"schema":{"@context":"https:\/\/schema.org","@graph":[{"@type":"WebPage","@id":"https:\/\/bukkigyogytea.com\/de\/produkt\/gyoergytea-kurkuma-kapsel\/","url":"https:\/\/bukkigyogytea.com\/de\/produkt\/gyoergytea-kurkuma-kapsel\/","name":"Gy\u00f6rgytea Kurkuma Kapsel &#8211; B\u00fckki Gy\u00f3gytea Web\u00e1ruh\u00e1z","isPartOf":{"@id":"https:\/\/bukkigyogytea.com\/de\/#website"},"primaryImageOfPage":{"@id":"https:\/\/bukkigyogytea.com\/de\/produkt\/gyoergytea-kurkuma-kapsel\/#primaryimage"},"image":{"@id":"https:\/\/bukkigyogytea.com\/de\/produkt\/gyoergytea-kurkuma-kapsel\/#primaryimage"},"thumbnailUrl":"https:\/\/bukkigyogytea.com\/wp-content\/uploads\/2025\/11\/33_kurkuma_gyogynovenykapszula_latvany.png","datePublished":"2025-11-21T07:59:11+00:00","dateModified":"2025-12-19T12:30:57+00:00","description":"Kurkuma unterst\u00fctzt das Bewegungsorgansystem des K\u00f6rpers, die Gesundheit der Gelenke und Knochen sowie die Elastizit\u00e4t der Gelenke und Sehnen.","breadcrumb":{"@id":"https:\/\/bukkigyogytea.com\/de\/produkt\/gyoergytea-kurkuma-kapsel\/#breadcrumb"},"inLanguage":"de","potentialAction":[{"@type":"ReadAction","target":["https:\/\/bukkigyogytea.com\/de\/produkt\/gyoergytea-kurkuma-kapsel\/"]}]},{"@type":"ImageObject","inLanguage":"de","@id":"https:\/\/bukkigyogytea.com\/de\/produkt\/gyoergytea-kurkuma-kapsel\/#primaryimage","url":"https:\/\/bukkigyogytea.com\/wp-content\/uploads\/2025\/11\/33_kurkuma_gyogynovenykapszula_latvany.png","contentUrl":"https:\/\/bukkigyogytea.com\/wp-content\/uploads\/2025\/11\/33_kurkuma_gyogynovenykapszula_latvany.png","width":900,"height":900},{"@type":"BreadcrumbList","@id":"https:\/\/bukkigyogytea.com\/de\/produkt\/gyoergytea-kurkuma-kapsel\/#breadcrumb","itemListElement":[{"@type":"ListItem","position":1,"name":"Home","item":"https:\/\/bukkigyogytea.com\/de\/"},{"@type":"ListItem","position":2,"name":"Produkte","item":"https:\/\/bukkigyogytea.com\/de\/shop\/"},{"@type":"ListItem","position":3,"name":"Kr\u00e4uterkapseln","item":"https:\/\/bukkigyogytea.com\/de\/Produktkategorie\/kraeuterkapseln\/"},{"@type":"ListItem","position":4,"name":"Gy\u00f6rgytea Kurkuma Kapsel"}]},{"@type":"WebSite","@id":"https:\/\/bukkigyogytea.com\/de\/#website","url":"https:\/\/bukkigyogytea.com\/de\/","name":"B\u00fckki Gy\u00f3gytea Web\u00e1ruh\u00e1z","description":"Gy\u00f6rgytea hivatalos viszontelad\u00f3","publisher":{"@id":"https:\/\/bukkigyogytea.com\/de\/#organization"},"potentialAction":[{"@type":"SearchAction","target":{"@type":"EntryPoint","urlTemplate":"https:\/\/bukkigyogytea.com\/de\/?s={search_term_string}"},"query-input":{"@type":"PropertyValueSpecification","valueRequired":true,"valueName":"search_term_string"}}],"inLanguage":"de"},{"@type":"Organization","@id":"https:\/\/bukkigyogytea.com\/de\/#organization","name":"B\u00fckki Gy\u00f3gytea Web\u00e1ruh\u00e1z","url":"https:\/\/bukkigyogytea.com\/de\/","logo":{"@type":"ImageObject","inLanguage":"de","@id":"https:\/\/bukkigyogytea.com\/de\/#\/schema\/logo\/image\/","url":"https:\/\/i0.wp.com\/bukkigyogytea.com\/wp-content\/uploads\/2020\/05\/Sitelogo-1.jpg?fit=350%2C85&ssl=1","contentUrl":"https:\/\/i0.wp.com\/bukkigyogytea.com\/wp-content\/uploads\/2020\/05\/Sitelogo-1.jpg?fit=350%2C85&ssl=1","width":350,"height":85,"caption":"B\u00fckki Gy\u00f3gytea Web\u00e1ruh\u00e1z"},"image":{"@id":"https:\/\/bukkigyogytea.com\/de\/#\/schema\/logo\/image\/"},"sameAs":["https:\/\/www.facebook.com\/bukkigyogytea\/"]}]}},"publishpress_future_action":{"enabled":false,"date":"2026-04-16 22:55:00","action":"change-status","newStatus":"draft","terms":[],"taxonomy":"product_type","extraData":[]},"publishpress_future_workflow_manual_trigger":{"enabledWorkflows":[]},"_links":{"self":[{"href":"https:\/\/bukkigyogytea.com\/de\/wp-json\/wp\/v2\/product\/16881","targetHints":{"allow":["GET"]}}],"collection":[{"href":"https:\/\/bukkigyogytea.com\/de\/wp-json\/wp\/v2\/product"}],"about":[{"href":"https:\/\/bukkigyogytea.com\/de\/wp-json\/wp\/v2\/types\/product"}],"replies":[{"embeddable":true,"href":"https:\/\/bukkigyogytea.com\/de\/wp-json\/wp\/v2\/comments?post=16881"}],"wp:featuredmedia":[{"embeddable":true,"href":"https:\/\/bukkigyogytea.com\/de\/wp-json\/wp\/v2\/media\/16853"}],"wp:attachment":[{"href":"https:\/\/bukkigyogytea.com\/de\/wp-json\/wp\/v2\/media?parent=16881"}],"wp:term":[{"taxonomy":"product_brand","embeddable":true,"href":"https:\/\/bukkigyogytea.com\/de\/wp-json\/wp\/v2\/product_brand?post=16881"},{"taxonomy":"product_cat","embeddable":true,"href":"https:\/\/bukkigyogytea.com\/de\/wp-json\/wp\/v2\/product_cat?post=16881"},{"taxonomy":"product_tag","embeddable":true,"href":"https:\/\/bukkigyogytea.com\/de\/wp-json\/wp\/v2\/product_tag?post=16881"}],"curies":[{"name":"wp","href":"https:\/\/api.w.org\/{rel}","templated":true}]}}