{"id":16875,"date":"2025-11-21T08:20:49","date_gmt":"2025-11-21T07:20:49","guid":{"rendered":"https:\/\/bukkigyogytea.com\/?post_type=product&#038;p=16875"},"modified":"2025-12-19T13:07:27","modified_gmt":"2025-12-19T12:07:27","slug":"gyoergytea-weissdorn-kapsel","status":"publish","type":"product","link":"https:\/\/bukkigyogytea.com\/de\/produkt\/gyoergytea-weissdorn-kapsel\/","title":{"rendered":"Gy\u00f6rgytea Wei\u00dfdorn Kapsel"},"content":{"rendered":"<p><strong>T\u00e4gliche Dosierung:<\/strong> 1 Kapsel<br \/>\n<strong>Packungsgr\u00f6\u00dfe<\/strong>: 60 St\u00fcck<br \/>\n<strong>Nettof\u00fcllmenge:<\/strong> 22,2 g<\/p>\n<p><strong>ZUTATEN:<\/strong><\/p>\n<p>Zweigriffeliger Wei\u00dfdorn (Crataegus laevigata) \u2013 Pulver der bl\u00fchenden Zweigspitzen, Zweigriffeliger Wei\u00dfdorn (Crataegus laevigata) \u2013 Extrakt der bl\u00fchenden Zweigspitzen, Kapselh\u00fclle (Hydroxypropylmethylcellulose)<\/p>\n<p><strong>AKTIVE STOFFE IN DER T\u00c4GLICHEN DOSIS (1 KAPSELN):<\/strong> Wei\u00dfdorn \u2013 bl\u00fchende Zweigspitze: 150 mg, Wei\u00dfdorn \u2013 Extrakt der bl\u00fchenden Zweigspitze: 120 mg.<br \/>\nDie t\u00e4gliche Dosis entspricht <strong>1350 mg Wei\u00dfdorn \u2013 bl\u00fchende Zweigspitze<\/strong>.<\/p>\n<p><strong>GEGENANZEIGE: <\/strong>Die in der Anwendungsempfehlung angegebene Menge nicht \u00fcberschreiten. Au\u00dferhalb der Reichweite von Kindern aufbewahren.<br \/>\nDas Pr\u00e4parat ersetzt nicht die ausgewogene Mischkost und die gesunde Lebensweise.<\/p>\n<p><strong>LAGERUNG:<\/strong>\u00a0Bei Raumtemperatur, vor direkter Sonneneinstrahlung gesch\u00fctzt und in geschlossener Verpackung lagern.<\/p>\n<p><strong>Vom Ungarisches Nationales Zentrum f\u00fcr \u00f6ffentliche Gesundheit und Pharmazie (NNGYK) notifiziertes Produkt<\/strong><\/p>\n","protected":false},"excerpt":{"rendered":"<p>Gy\u00f6rgytea Wei\u00dfdorn Nahrungserg\u00e4nzungskapsel f\u00fcr die Gesundheit des Herzens und des Herz-Kreislauf-Systems. Der Wei\u00dfdornextrakt unterst\u00fctzt die Funktion des Herzens, erh\u00f6ht die Sauerstoffversorgung und verbessert die periphere Durchblutung. Er tr\u00e4gt zur Entspannung und zur Verringerung von Nervosit\u00e4t bei, insbesondere bei Schlafst\u00f6rungen.<\/p>\n<p>Das Pr\u00e4parat ist <strong>laktosefrei, konservierungsmittelfrei und vegan.<\/strong><\/p>\n<p>Vom Nationalen Zentrum f\u00fcr \u00d6ffentliche Gesundheit und Pharmazie (NNGYK) notifiziertes Produkt: <strong>39082\/2025<\/strong>.<\/p>\n<p>Nahrungserg\u00e4nzungsmittel ersetzen nicht die abwechslungsreiche, ausgewogene Mischkost und die gesunde Lebensweise.<\/p>\n","protected":false},"featured_media":16847,"comment_status":"closed","ping_status":"closed","template":"","meta":{"_acf_changed":false},"product_brand":[],"product_cat":[378],"product_tag":[],"class_list":{"0":"post-16875","1":"product","2":"type-product","3":"status-publish","4":"has-post-thumbnail","6":"product_cat-kraeuterkapseln","7":"sales-flash-overlay","8":"woocommerce-text-align-center","9":"woocommerce-image-align-center","10":"do-quantity-buttons","12":"first","13":"instock","14":"taxable","15":"shipping-taxable","16":"purchasable","17":"product-type-simple"},"acf":{"blog_termekleiras":""},"yoast_head":"<!-- This site is optimized with the Yoast SEO plugin v26.9 - https:\/\/yoast.com\/product\/yoast-seo-wordpress\/ -->\n<title>Gy\u00f6rgytea Wei\u00dfdorn Kapsel &#8211; B\u00fckki Gy\u00f3gytea Web\u00e1ruh\u00e1z<\/title>\n<meta name=\"description\" content=\"Der Wei\u00dfdornextrakt unterst\u00fctzt die Funktion des Herzens, erh\u00f6ht die Sauerstoffversorgung und verbessert die periphere Durchblutung.\" \/>\n<meta name=\"robots\" content=\"index, follow, max-snippet:-1, max-image-preview:large, max-video-preview:-1\" \/>\n<link rel=\"canonical\" href=\"https:\/\/bukkigyogytea.com\/de\/produkt\/gyoergytea-weissdorn-kapsel\/\" \/>\n<meta property=\"og:locale\" content=\"de_DE\" \/>\n<meta property=\"og:type\" content=\"article\" \/>\n<meta property=\"og:title\" content=\"Gy\u00f6rgytea Wei\u00dfdorn Kapsel &#8211; B\u00fckki Gy\u00f3gytea Web\u00e1ruh\u00e1z\" \/>\n<meta property=\"og:description\" content=\"Der Wei\u00dfdornextrakt unterst\u00fctzt die Funktion des Herzens, erh\u00f6ht die Sauerstoffversorgung und verbessert die periphere Durchblutung.\" \/>\n<meta property=\"og:url\" content=\"https:\/\/bukkigyogytea.com\/de\/produkt\/gyoergytea-weissdorn-kapsel\/\" \/>\n<meta property=\"og:site_name\" content=\"B\u00fckki Gy\u00f3gytea Web\u00e1ruh\u00e1z\" \/>\n<meta property=\"article:publisher\" content=\"https:\/\/www.facebook.com\/bukkigyogytea\/\" \/>\n<meta property=\"article:modified_time\" content=\"2025-12-19T12:07:27+00:00\" \/>\n<meta property=\"og:image\" content=\"https:\/\/bukkigyogytea.com\/wp-content\/uploads\/2025\/08\/Ferfi-kapszula-1024x536.jpg\" \/>\n<meta name=\"twitter:card\" content=\"summary_large_image\" \/>\n<meta name=\"twitter:label1\" content=\"Gesch\u00e4tzte Lesezeit\" \/>\n\t<meta name=\"twitter:data1\" content=\"1\u00a0Minute\" \/>\n<script type=\"application\/ld+json\" class=\"yoast-schema-graph\">{\"@context\":\"https:\/\/schema.org\",\"@graph\":[{\"@type\":\"WebPage\",\"@id\":\"https:\/\/bukkigyogytea.com\/de\/produkt\/gyoergytea-weissdorn-kapsel\/\",\"url\":\"https:\/\/bukkigyogytea.com\/de\/produkt\/gyoergytea-weissdorn-kapsel\/\",\"name\":\"Gy\u00f6rgytea Wei\u00dfdorn Kapsel &#8211; B\u00fckki Gy\u00f3gytea Web\u00e1ruh\u00e1z\",\"isPartOf\":{\"@id\":\"https:\/\/bukkigyogytea.com\/de\/#website\"},\"primaryImageOfPage\":{\"@id\":\"https:\/\/bukkigyogytea.com\/de\/produkt\/gyoergytea-weissdorn-kapsel\/#primaryimage\"},\"image\":{\"@id\":\"https:\/\/bukkigyogytea.com\/de\/produkt\/gyoergytea-weissdorn-kapsel\/#primaryimage\"},\"thumbnailUrl\":\"https:\/\/bukkigyogytea.com\/wp-content\/uploads\/2025\/11\/31_galagonya_gyogynovenykapszula_latvany.png\",\"datePublished\":\"2025-11-21T07:20:49+00:00\",\"dateModified\":\"2025-12-19T12:07:27+00:00\",\"description\":\"Der Wei\u00dfdornextrakt unterst\u00fctzt die Funktion des Herzens, erh\u00f6ht die Sauerstoffversorgung und verbessert die periphere Durchblutung.\",\"breadcrumb\":{\"@id\":\"https:\/\/bukkigyogytea.com\/de\/produkt\/gyoergytea-weissdorn-kapsel\/#breadcrumb\"},\"inLanguage\":\"de\",\"potentialAction\":[{\"@type\":\"ReadAction\",\"target\":[\"https:\/\/bukkigyogytea.com\/de\/produkt\/gyoergytea-weissdorn-kapsel\/\"]}]},{\"@type\":\"ImageObject\",\"inLanguage\":\"de\",\"@id\":\"https:\/\/bukkigyogytea.com\/de\/produkt\/gyoergytea-weissdorn-kapsel\/#primaryimage\",\"url\":\"https:\/\/bukkigyogytea.com\/wp-content\/uploads\/2025\/11\/31_galagonya_gyogynovenykapszula_latvany.png\",\"contentUrl\":\"https:\/\/bukkigyogytea.com\/wp-content\/uploads\/2025\/11\/31_galagonya_gyogynovenykapszula_latvany.png\",\"width\":900,\"height\":900},{\"@type\":\"BreadcrumbList\",\"@id\":\"https:\/\/bukkigyogytea.com\/de\/produkt\/gyoergytea-weissdorn-kapsel\/#breadcrumb\",\"itemListElement\":[{\"@type\":\"ListItem\",\"position\":1,\"name\":\"Home\",\"item\":\"https:\/\/bukkigyogytea.com\/de\/\"},{\"@type\":\"ListItem\",\"position\":2,\"name\":\"Produkte\",\"item\":\"https:\/\/bukkigyogytea.com\/de\/shop\/\"},{\"@type\":\"ListItem\",\"position\":3,\"name\":\"Kr\u00e4uterkapseln\",\"item\":\"https:\/\/bukkigyogytea.com\/de\/Produktkategorie\/kraeuterkapseln\/\"},{\"@type\":\"ListItem\",\"position\":4,\"name\":\"Gy\u00f6rgytea Wei\u00dfdorn Kapsel\"}]},{\"@type\":\"WebSite\",\"@id\":\"https:\/\/bukkigyogytea.com\/de\/#website\",\"url\":\"https:\/\/bukkigyogytea.com\/de\/\",\"name\":\"B\u00fckki Gy\u00f3gytea Web\u00e1ruh\u00e1z\",\"description\":\"Gy\u00f6rgytea hivatalos viszontelad\u00f3\",\"publisher\":{\"@id\":\"https:\/\/bukkigyogytea.com\/de\/#organization\"},\"potentialAction\":[{\"@type\":\"SearchAction\",\"target\":{\"@type\":\"EntryPoint\",\"urlTemplate\":\"https:\/\/bukkigyogytea.com\/de\/?s={search_term_string}\"},\"query-input\":{\"@type\":\"PropertyValueSpecification\",\"valueRequired\":true,\"valueName\":\"search_term_string\"}}],\"inLanguage\":\"de\"},{\"@type\":\"Organization\",\"@id\":\"https:\/\/bukkigyogytea.com\/de\/#organization\",\"name\":\"B\u00fckki Gy\u00f3gytea Web\u00e1ruh\u00e1z\",\"url\":\"https:\/\/bukkigyogytea.com\/de\/\",\"logo\":{\"@type\":\"ImageObject\",\"inLanguage\":\"de\",\"@id\":\"https:\/\/bukkigyogytea.com\/de\/#\/schema\/logo\/image\/\",\"url\":\"https:\/\/i0.wp.com\/bukkigyogytea.com\/wp-content\/uploads\/2020\/05\/Sitelogo-1.jpg?fit=350%2C85&ssl=1\",\"contentUrl\":\"https:\/\/i0.wp.com\/bukkigyogytea.com\/wp-content\/uploads\/2020\/05\/Sitelogo-1.jpg?fit=350%2C85&ssl=1\",\"width\":350,\"height\":85,\"caption\":\"B\u00fckki Gy\u00f3gytea Web\u00e1ruh\u00e1z\"},\"image\":{\"@id\":\"https:\/\/bukkigyogytea.com\/de\/#\/schema\/logo\/image\/\"},\"sameAs\":[\"https:\/\/www.facebook.com\/bukkigyogytea\/\"]}]}<\/script>\n<!-- \/ Yoast SEO plugin. -->","yoast_head_json":{"title":"Gy\u00f6rgytea Wei\u00dfdorn Kapsel &#8211; B\u00fckki Gy\u00f3gytea Web\u00e1ruh\u00e1z","description":"Der Wei\u00dfdornextrakt unterst\u00fctzt die Funktion des Herzens, erh\u00f6ht die Sauerstoffversorgung und verbessert die periphere Durchblutung.","robots":{"index":"index","follow":"follow","max-snippet":"max-snippet:-1","max-image-preview":"max-image-preview:large","max-video-preview":"max-video-preview:-1"},"canonical":"https:\/\/bukkigyogytea.com\/de\/produkt\/gyoergytea-weissdorn-kapsel\/","og_locale":"de_DE","og_type":"article","og_title":"Gy\u00f6rgytea Wei\u00dfdorn Kapsel &#8211; B\u00fckki Gy\u00f3gytea Web\u00e1ruh\u00e1z","og_description":"Der Wei\u00dfdornextrakt unterst\u00fctzt die Funktion des Herzens, erh\u00f6ht die Sauerstoffversorgung und verbessert die periphere Durchblutung.","og_url":"https:\/\/bukkigyogytea.com\/de\/produkt\/gyoergytea-weissdorn-kapsel\/","og_site_name":"B\u00fckki Gy\u00f3gytea Web\u00e1ruh\u00e1z","article_publisher":"https:\/\/www.facebook.com\/bukkigyogytea\/","article_modified_time":"2025-12-19T12:07:27+00:00","og_image":[{"url":"https:\/\/bukkigyogytea.com\/wp-content\/uploads\/2025\/08\/Ferfi-kapszula-1024x536.jpg","type":"","width":"","height":""}],"twitter_card":"summary_large_image","twitter_misc":{"Gesch\u00e4tzte Lesezeit":"1\u00a0Minute"},"schema":{"@context":"https:\/\/schema.org","@graph":[{"@type":"WebPage","@id":"https:\/\/bukkigyogytea.com\/de\/produkt\/gyoergytea-weissdorn-kapsel\/","url":"https:\/\/bukkigyogytea.com\/de\/produkt\/gyoergytea-weissdorn-kapsel\/","name":"Gy\u00f6rgytea Wei\u00dfdorn Kapsel &#8211; B\u00fckki Gy\u00f3gytea Web\u00e1ruh\u00e1z","isPartOf":{"@id":"https:\/\/bukkigyogytea.com\/de\/#website"},"primaryImageOfPage":{"@id":"https:\/\/bukkigyogytea.com\/de\/produkt\/gyoergytea-weissdorn-kapsel\/#primaryimage"},"image":{"@id":"https:\/\/bukkigyogytea.com\/de\/produkt\/gyoergytea-weissdorn-kapsel\/#primaryimage"},"thumbnailUrl":"https:\/\/bukkigyogytea.com\/wp-content\/uploads\/2025\/11\/31_galagonya_gyogynovenykapszula_latvany.png","datePublished":"2025-11-21T07:20:49+00:00","dateModified":"2025-12-19T12:07:27+00:00","description":"Der Wei\u00dfdornextrakt unterst\u00fctzt die Funktion des Herzens, erh\u00f6ht die Sauerstoffversorgung und verbessert die periphere Durchblutung.","breadcrumb":{"@id":"https:\/\/bukkigyogytea.com\/de\/produkt\/gyoergytea-weissdorn-kapsel\/#breadcrumb"},"inLanguage":"de","potentialAction":[{"@type":"ReadAction","target":["https:\/\/bukkigyogytea.com\/de\/produkt\/gyoergytea-weissdorn-kapsel\/"]}]},{"@type":"ImageObject","inLanguage":"de","@id":"https:\/\/bukkigyogytea.com\/de\/produkt\/gyoergytea-weissdorn-kapsel\/#primaryimage","url":"https:\/\/bukkigyogytea.com\/wp-content\/uploads\/2025\/11\/31_galagonya_gyogynovenykapszula_latvany.png","contentUrl":"https:\/\/bukkigyogytea.com\/wp-content\/uploads\/2025\/11\/31_galagonya_gyogynovenykapszula_latvany.png","width":900,"height":900},{"@type":"BreadcrumbList","@id":"https:\/\/bukkigyogytea.com\/de\/produkt\/gyoergytea-weissdorn-kapsel\/#breadcrumb","itemListElement":[{"@type":"ListItem","position":1,"name":"Home","item":"https:\/\/bukkigyogytea.com\/de\/"},{"@type":"ListItem","position":2,"name":"Produkte","item":"https:\/\/bukkigyogytea.com\/de\/shop\/"},{"@type":"ListItem","position":3,"name":"Kr\u00e4uterkapseln","item":"https:\/\/bukkigyogytea.com\/de\/Produktkategorie\/kraeuterkapseln\/"},{"@type":"ListItem","position":4,"name":"Gy\u00f6rgytea Wei\u00dfdorn Kapsel"}]},{"@type":"WebSite","@id":"https:\/\/bukkigyogytea.com\/de\/#website","url":"https:\/\/bukkigyogytea.com\/de\/","name":"B\u00fckki Gy\u00f3gytea Web\u00e1ruh\u00e1z","description":"Gy\u00f6rgytea hivatalos viszontelad\u00f3","publisher":{"@id":"https:\/\/bukkigyogytea.com\/de\/#organization"},"potentialAction":[{"@type":"SearchAction","target":{"@type":"EntryPoint","urlTemplate":"https:\/\/bukkigyogytea.com\/de\/?s={search_term_string}"},"query-input":{"@type":"PropertyValueSpecification","valueRequired":true,"valueName":"search_term_string"}}],"inLanguage":"de"},{"@type":"Organization","@id":"https:\/\/bukkigyogytea.com\/de\/#organization","name":"B\u00fckki Gy\u00f3gytea Web\u00e1ruh\u00e1z","url":"https:\/\/bukkigyogytea.com\/de\/","logo":{"@type":"ImageObject","inLanguage":"de","@id":"https:\/\/bukkigyogytea.com\/de\/#\/schema\/logo\/image\/","url":"https:\/\/i0.wp.com\/bukkigyogytea.com\/wp-content\/uploads\/2020\/05\/Sitelogo-1.jpg?fit=350%2C85&ssl=1","contentUrl":"https:\/\/i0.wp.com\/bukkigyogytea.com\/wp-content\/uploads\/2020\/05\/Sitelogo-1.jpg?fit=350%2C85&ssl=1","width":350,"height":85,"caption":"B\u00fckki Gy\u00f3gytea Web\u00e1ruh\u00e1z"},"image":{"@id":"https:\/\/bukkigyogytea.com\/de\/#\/schema\/logo\/image\/"},"sameAs":["https:\/\/www.facebook.com\/bukkigyogytea\/"]}]}},"publishpress_future_action":{"enabled":false,"date":"2026-04-16 22:55:00","action":"change-status","newStatus":"draft","terms":[],"taxonomy":"product_type","extraData":[]},"publishpress_future_workflow_manual_trigger":{"enabledWorkflows":[]},"_links":{"self":[{"href":"https:\/\/bukkigyogytea.com\/de\/wp-json\/wp\/v2\/product\/16875","targetHints":{"allow":["GET"]}}],"collection":[{"href":"https:\/\/bukkigyogytea.com\/de\/wp-json\/wp\/v2\/product"}],"about":[{"href":"https:\/\/bukkigyogytea.com\/de\/wp-json\/wp\/v2\/types\/product"}],"replies":[{"embeddable":true,"href":"https:\/\/bukkigyogytea.com\/de\/wp-json\/wp\/v2\/comments?post=16875"}],"wp:featuredmedia":[{"embeddable":true,"href":"https:\/\/bukkigyogytea.com\/de\/wp-json\/wp\/v2\/media\/16847"}],"wp:attachment":[{"href":"https:\/\/bukkigyogytea.com\/de\/wp-json\/wp\/v2\/media?parent=16875"}],"wp:term":[{"taxonomy":"product_brand","embeddable":true,"href":"https:\/\/bukkigyogytea.com\/de\/wp-json\/wp\/v2\/product_brand?post=16875"},{"taxonomy":"product_cat","embeddable":true,"href":"https:\/\/bukkigyogytea.com\/de\/wp-json\/wp\/v2\/product_cat?post=16875"},{"taxonomy":"product_tag","embeddable":true,"href":"https:\/\/bukkigyogytea.com\/de\/wp-json\/wp\/v2\/product_tag?post=16875"}],"curies":[{"name":"wp","href":"https:\/\/api.w.org\/{rel}","templated":true}]}}