{"id":15257,"date":"2025-01-04T11:33:27","date_gmt":"2025-01-04T10:33:27","guid":{"rendered":"https:\/\/bukkigyogytea.com\/termek\/traumzauber\/"},"modified":"2025-06-01T00:00:16","modified_gmt":"2025-05-31T22:00:16","slug":"traumzauber","status":"publish","type":"product","link":"https:\/\/bukkigyogytea.com\/de\/produkt\/traumzauber\/","title":{"rendered":"Traumzauber"},"content":{"rendered":"<h4>Zutaten<\/h4>\n<p>Melissenbl\u00e4tter, Kamillenbl\u00fcten, getrockneter Apfel, bl\u00fchendes Eisenkraut, Mohnbl\u00fcten, Hopfenzapfen, Lavendelbl\u00fcten, Passionsblumenkraut.<\/p>\n<h4>Zubereitung<\/h4>\n<p>Einen Teebeutel mit 100 ml hei\u00dfem Wasser \u00fcbergie\u00dfen, 10 Minuten ziehen lassen, dann entfernen.<\/p>\n<h4>Verzehr<\/h4>\n<p>Abends trinken, m\u00f6glichst unges\u00fc\u00dft. Eine Tasse t\u00e4glich als Kur bis zum Abklingen der Beschwerden.<\/p>\n<h4>Gegenanzeigen<\/h4>\n<p>Nicht f\u00fcr Kinder unter 3 Jahren geeignet. Bei Allergie gegen einen Bestandteil nicht verwenden!<\/p>\n","protected":false},"excerpt":{"rendered":"<p>Einschlaftee f\u00fcr Kinder<\/p>\n","protected":false},"featured_media":13561,"comment_status":"closed","ping_status":"closed","template":"","meta":{"_acf_changed":false},"product_brand":[],"product_cat":[380],"product_tag":[],"class_list":{"0":"post-15257","1":"product","2":"type-product","3":"status-publish","4":"has-post-thumbnail","6":"product_cat-kindertees","7":"sales-flash-overlay","8":"woocommerce-text-align-center","9":"woocommerce-image-align-center","10":"do-quantity-buttons","12":"first","13":"instock","14":"taxable","15":"shipping-taxable","16":"purchasable","17":"product-type-simple"},"acf":{"blog_termekleiras":""},"yoast_head":"<!-- This site is optimized with the Yoast SEO plugin v26.9 - https:\/\/yoast.com\/product\/yoast-seo-wordpress\/ -->\n<title>Traumzauber &#8211; B\u00fckki Gy\u00f3gytea Web\u00e1ruh\u00e1z<\/title>\n<meta name=\"description\" content=\"Die sorgf\u00e4ltig ausgew\u00e4hlte Kr\u00e4utermischung Traumzauber hilft beim Einschlafen, sorgt f\u00fcr eine erholsame Nacht und ein frisches Erwachen.\" \/>\n<meta name=\"robots\" content=\"index, follow, max-snippet:-1, max-image-preview:large, max-video-preview:-1\" \/>\n<link rel=\"canonical\" href=\"https:\/\/bukkigyogytea.com\/de\/produkt\/traumzauber\/\" \/>\n<meta property=\"og:locale\" content=\"de_DE\" \/>\n<meta property=\"og:type\" content=\"article\" \/>\n<meta property=\"og:title\" content=\"Traumzauber &#8211; B\u00fckki Gy\u00f3gytea Web\u00e1ruh\u00e1z\" \/>\n<meta property=\"og:description\" content=\"Die sorgf\u00e4ltig ausgew\u00e4hlte Kr\u00e4utermischung Traumzauber hilft beim Einschlafen, sorgt f\u00fcr eine erholsame Nacht und ein frisches Erwachen.\" \/>\n<meta property=\"og:url\" content=\"https:\/\/bukkigyogytea.com\/de\/produkt\/traumzauber\/\" \/>\n<meta property=\"og:site_name\" content=\"B\u00fckki Gy\u00f3gytea Web\u00e1ruh\u00e1z\" \/>\n<meta property=\"article:publisher\" content=\"https:\/\/www.facebook.com\/bukkigyogytea\/\" \/>\n<meta property=\"article:modified_time\" content=\"2025-05-31T22:00:16+00:00\" \/>\n<meta property=\"og:image\" content=\"https:\/\/bukkigyogytea.com\/wp-content\/uploads\/2024\/11\/gyerektea-alomvarazs-bal-900x900px.png\" \/>\n\t<meta property=\"og:image:width\" content=\"900\" \/>\n\t<meta property=\"og:image:height\" content=\"900\" \/>\n\t<meta property=\"og:image:type\" content=\"image\/png\" \/>\n<meta name=\"twitter:card\" content=\"summary_large_image\" \/>\n<script type=\"application\/ld+json\" class=\"yoast-schema-graph\">{\"@context\":\"https:\/\/schema.org\",\"@graph\":[{\"@type\":\"WebPage\",\"@id\":\"https:\/\/bukkigyogytea.com\/de\/produkt\/traumzauber\/\",\"url\":\"https:\/\/bukkigyogytea.com\/de\/produkt\/traumzauber\/\",\"name\":\"Traumzauber &#8211; B\u00fckki Gy\u00f3gytea Web\u00e1ruh\u00e1z\",\"isPartOf\":{\"@id\":\"https:\/\/bukkigyogytea.com\/de\/#website\"},\"primaryImageOfPage\":{\"@id\":\"https:\/\/bukkigyogytea.com\/de\/produkt\/traumzauber\/#primaryimage\"},\"image\":{\"@id\":\"https:\/\/bukkigyogytea.com\/de\/produkt\/traumzauber\/#primaryimage\"},\"thumbnailUrl\":\"https:\/\/bukkigyogytea.com\/wp-content\/uploads\/2024\/11\/gyerektea-alomvarazs-bal-900x900px.png\",\"datePublished\":\"2025-01-04T10:33:27+00:00\",\"dateModified\":\"2025-05-31T22:00:16+00:00\",\"description\":\"Die sorgf\u00e4ltig ausgew\u00e4hlte Kr\u00e4utermischung Traumzauber hilft beim Einschlafen, sorgt f\u00fcr eine erholsame Nacht und ein frisches Erwachen.\",\"breadcrumb\":{\"@id\":\"https:\/\/bukkigyogytea.com\/de\/produkt\/traumzauber\/#breadcrumb\"},\"inLanguage\":\"de\",\"potentialAction\":[{\"@type\":\"ReadAction\",\"target\":[\"https:\/\/bukkigyogytea.com\/de\/produkt\/traumzauber\/\"]}]},{\"@type\":\"ImageObject\",\"inLanguage\":\"de\",\"@id\":\"https:\/\/bukkigyogytea.com\/de\/produkt\/traumzauber\/#primaryimage\",\"url\":\"https:\/\/bukkigyogytea.com\/wp-content\/uploads\/2024\/11\/gyerektea-alomvarazs-bal-900x900px.png\",\"contentUrl\":\"https:\/\/bukkigyogytea.com\/wp-content\/uploads\/2024\/11\/gyerektea-alomvarazs-bal-900x900px.png\",\"width\":900,\"height\":900,\"caption\":\"Gyerektea - \u00c1lomvar\u00e1zs - 20 teafilter\"},{\"@type\":\"BreadcrumbList\",\"@id\":\"https:\/\/bukkigyogytea.com\/de\/produkt\/traumzauber\/#breadcrumb\",\"itemListElement\":[{\"@type\":\"ListItem\",\"position\":1,\"name\":\"Home\",\"item\":\"https:\/\/bukkigyogytea.com\/de\/\"},{\"@type\":\"ListItem\",\"position\":2,\"name\":\"Produkte\",\"item\":\"https:\/\/bukkigyogytea.com\/de\/shop\/\"},{\"@type\":\"ListItem\",\"position\":3,\"name\":\"Kindertees\",\"item\":\"https:\/\/bukkigyogytea.com\/de\/Produktkategorie\/kindertees\/\"},{\"@type\":\"ListItem\",\"position\":4,\"name\":\"Traumzauber\"}]},{\"@type\":\"WebSite\",\"@id\":\"https:\/\/bukkigyogytea.com\/de\/#website\",\"url\":\"https:\/\/bukkigyogytea.com\/de\/\",\"name\":\"B\u00fckki Gy\u00f3gytea Web\u00e1ruh\u00e1z\",\"description\":\"Gy\u00f6rgytea hivatalos viszontelad\u00f3\",\"publisher\":{\"@id\":\"https:\/\/bukkigyogytea.com\/de\/#organization\"},\"potentialAction\":[{\"@type\":\"SearchAction\",\"target\":{\"@type\":\"EntryPoint\",\"urlTemplate\":\"https:\/\/bukkigyogytea.com\/de\/?s={search_term_string}\"},\"query-input\":{\"@type\":\"PropertyValueSpecification\",\"valueRequired\":true,\"valueName\":\"search_term_string\"}}],\"inLanguage\":\"de\"},{\"@type\":\"Organization\",\"@id\":\"https:\/\/bukkigyogytea.com\/de\/#organization\",\"name\":\"B\u00fckki Gy\u00f3gytea Web\u00e1ruh\u00e1z\",\"url\":\"https:\/\/bukkigyogytea.com\/de\/\",\"logo\":{\"@type\":\"ImageObject\",\"inLanguage\":\"de\",\"@id\":\"https:\/\/bukkigyogytea.com\/de\/#\/schema\/logo\/image\/\",\"url\":\"https:\/\/i0.wp.com\/bukkigyogytea.com\/wp-content\/uploads\/2020\/05\/Sitelogo-1.jpg?fit=350%2C85&ssl=1\",\"contentUrl\":\"https:\/\/i0.wp.com\/bukkigyogytea.com\/wp-content\/uploads\/2020\/05\/Sitelogo-1.jpg?fit=350%2C85&ssl=1\",\"width\":350,\"height\":85,\"caption\":\"B\u00fckki Gy\u00f3gytea Web\u00e1ruh\u00e1z\"},\"image\":{\"@id\":\"https:\/\/bukkigyogytea.com\/de\/#\/schema\/logo\/image\/\"},\"sameAs\":[\"https:\/\/www.facebook.com\/bukkigyogytea\/\"]}]}<\/script>\n<!-- \/ Yoast SEO plugin. -->","yoast_head_json":{"title":"Traumzauber &#8211; B\u00fckki Gy\u00f3gytea Web\u00e1ruh\u00e1z","description":"Die sorgf\u00e4ltig ausgew\u00e4hlte Kr\u00e4utermischung Traumzauber hilft beim Einschlafen, sorgt f\u00fcr eine erholsame Nacht und ein frisches Erwachen.","robots":{"index":"index","follow":"follow","max-snippet":"max-snippet:-1","max-image-preview":"max-image-preview:large","max-video-preview":"max-video-preview:-1"},"canonical":"https:\/\/bukkigyogytea.com\/de\/produkt\/traumzauber\/","og_locale":"de_DE","og_type":"article","og_title":"Traumzauber &#8211; B\u00fckki Gy\u00f3gytea Web\u00e1ruh\u00e1z","og_description":"Die sorgf\u00e4ltig ausgew\u00e4hlte Kr\u00e4utermischung Traumzauber hilft beim Einschlafen, sorgt f\u00fcr eine erholsame Nacht und ein frisches Erwachen.","og_url":"https:\/\/bukkigyogytea.com\/de\/produkt\/traumzauber\/","og_site_name":"B\u00fckki Gy\u00f3gytea Web\u00e1ruh\u00e1z","article_publisher":"https:\/\/www.facebook.com\/bukkigyogytea\/","article_modified_time":"2025-05-31T22:00:16+00:00","og_image":[{"width":900,"height":900,"url":"https:\/\/bukkigyogytea.com\/wp-content\/uploads\/2024\/11\/gyerektea-alomvarazs-bal-900x900px.png","type":"image\/png"}],"twitter_card":"summary_large_image","schema":{"@context":"https:\/\/schema.org","@graph":[{"@type":"WebPage","@id":"https:\/\/bukkigyogytea.com\/de\/produkt\/traumzauber\/","url":"https:\/\/bukkigyogytea.com\/de\/produkt\/traumzauber\/","name":"Traumzauber &#8211; B\u00fckki Gy\u00f3gytea Web\u00e1ruh\u00e1z","isPartOf":{"@id":"https:\/\/bukkigyogytea.com\/de\/#website"},"primaryImageOfPage":{"@id":"https:\/\/bukkigyogytea.com\/de\/produkt\/traumzauber\/#primaryimage"},"image":{"@id":"https:\/\/bukkigyogytea.com\/de\/produkt\/traumzauber\/#primaryimage"},"thumbnailUrl":"https:\/\/bukkigyogytea.com\/wp-content\/uploads\/2024\/11\/gyerektea-alomvarazs-bal-900x900px.png","datePublished":"2025-01-04T10:33:27+00:00","dateModified":"2025-05-31T22:00:16+00:00","description":"Die sorgf\u00e4ltig ausgew\u00e4hlte Kr\u00e4utermischung Traumzauber hilft beim Einschlafen, sorgt f\u00fcr eine erholsame Nacht und ein frisches Erwachen.","breadcrumb":{"@id":"https:\/\/bukkigyogytea.com\/de\/produkt\/traumzauber\/#breadcrumb"},"inLanguage":"de","potentialAction":[{"@type":"ReadAction","target":["https:\/\/bukkigyogytea.com\/de\/produkt\/traumzauber\/"]}]},{"@type":"ImageObject","inLanguage":"de","@id":"https:\/\/bukkigyogytea.com\/de\/produkt\/traumzauber\/#primaryimage","url":"https:\/\/bukkigyogytea.com\/wp-content\/uploads\/2024\/11\/gyerektea-alomvarazs-bal-900x900px.png","contentUrl":"https:\/\/bukkigyogytea.com\/wp-content\/uploads\/2024\/11\/gyerektea-alomvarazs-bal-900x900px.png","width":900,"height":900,"caption":"Gyerektea - \u00c1lomvar\u00e1zs - 20 teafilter"},{"@type":"BreadcrumbList","@id":"https:\/\/bukkigyogytea.com\/de\/produkt\/traumzauber\/#breadcrumb","itemListElement":[{"@type":"ListItem","position":1,"name":"Home","item":"https:\/\/bukkigyogytea.com\/de\/"},{"@type":"ListItem","position":2,"name":"Produkte","item":"https:\/\/bukkigyogytea.com\/de\/shop\/"},{"@type":"ListItem","position":3,"name":"Kindertees","item":"https:\/\/bukkigyogytea.com\/de\/Produktkategorie\/kindertees\/"},{"@type":"ListItem","position":4,"name":"Traumzauber"}]},{"@type":"WebSite","@id":"https:\/\/bukkigyogytea.com\/de\/#website","url":"https:\/\/bukkigyogytea.com\/de\/","name":"B\u00fckki Gy\u00f3gytea Web\u00e1ruh\u00e1z","description":"Gy\u00f6rgytea hivatalos viszontelad\u00f3","publisher":{"@id":"https:\/\/bukkigyogytea.com\/de\/#organization"},"potentialAction":[{"@type":"SearchAction","target":{"@type":"EntryPoint","urlTemplate":"https:\/\/bukkigyogytea.com\/de\/?s={search_term_string}"},"query-input":{"@type":"PropertyValueSpecification","valueRequired":true,"valueName":"search_term_string"}}],"inLanguage":"de"},{"@type":"Organization","@id":"https:\/\/bukkigyogytea.com\/de\/#organization","name":"B\u00fckki Gy\u00f3gytea Web\u00e1ruh\u00e1z","url":"https:\/\/bukkigyogytea.com\/de\/","logo":{"@type":"ImageObject","inLanguage":"de","@id":"https:\/\/bukkigyogytea.com\/de\/#\/schema\/logo\/image\/","url":"https:\/\/i0.wp.com\/bukkigyogytea.com\/wp-content\/uploads\/2020\/05\/Sitelogo-1.jpg?fit=350%2C85&ssl=1","contentUrl":"https:\/\/i0.wp.com\/bukkigyogytea.com\/wp-content\/uploads\/2020\/05\/Sitelogo-1.jpg?fit=350%2C85&ssl=1","width":350,"height":85,"caption":"B\u00fckki Gy\u00f3gytea Web\u00e1ruh\u00e1z"},"image":{"@id":"https:\/\/bukkigyogytea.com\/de\/#\/schema\/logo\/image\/"},"sameAs":["https:\/\/www.facebook.com\/bukkigyogytea\/"]}]}},"publishpress_future_action":{"enabled":false,"date":"2026-04-16 22:55:00","action":"change-status","newStatus":"draft","terms":[],"taxonomy":"product_type","extraData":[]},"publishpress_future_workflow_manual_trigger":{"enabledWorkflows":[]},"_links":{"self":[{"href":"https:\/\/bukkigyogytea.com\/de\/wp-json\/wp\/v2\/product\/15257","targetHints":{"allow":["GET"]}}],"collection":[{"href":"https:\/\/bukkigyogytea.com\/de\/wp-json\/wp\/v2\/product"}],"about":[{"href":"https:\/\/bukkigyogytea.com\/de\/wp-json\/wp\/v2\/types\/product"}],"replies":[{"embeddable":true,"href":"https:\/\/bukkigyogytea.com\/de\/wp-json\/wp\/v2\/comments?post=15257"}],"wp:featuredmedia":[{"embeddable":true,"href":"https:\/\/bukkigyogytea.com\/de\/wp-json\/wp\/v2\/media\/13561"}],"wp:attachment":[{"href":"https:\/\/bukkigyogytea.com\/de\/wp-json\/wp\/v2\/media?parent=15257"}],"wp:term":[{"taxonomy":"product_brand","embeddable":true,"href":"https:\/\/bukkigyogytea.com\/de\/wp-json\/wp\/v2\/product_brand?post=15257"},{"taxonomy":"product_cat","embeddable":true,"href":"https:\/\/bukkigyogytea.com\/de\/wp-json\/wp\/v2\/product_cat?post=15257"},{"taxonomy":"product_tag","embeddable":true,"href":"https:\/\/bukkigyogytea.com\/de\/wp-json\/wp\/v2\/product_tag?post=15257"}],"curies":[{"name":"wp","href":"https:\/\/api.w.org\/{rel}","templated":true}]}}