{"id":15027,"date":"2025-08-18T17:59:37","date_gmt":"2025-08-18T15:59:37","guid":{"rendered":"https:\/\/bukkigyogytea.com\/?post_type=product&#038;p=15027"},"modified":"2025-08-19T10:16:57","modified_gmt":"2025-08-19T08:16:57","slug":"gyorgytea-leber-kapseln","status":"publish","type":"product","link":"https:\/\/bukkigyogytea.com\/de\/produkt\/gyorgytea-leber-kapseln\/","title":{"rendered":"Gy\u00f6rgytea Leber-Kapseln"},"content":{"rendered":"<p><strong>T\u00e4gliche Dosierung:<\/strong> 2&#215;1 Kapsel<br \/>\n<strong>Packungsgr\u00f6\u00dfe<\/strong>: 60 St\u00fcck<br \/>\n<strong>Nettof\u00fcllmenge: <\/strong>23,3 g<\/p>\n<p><strong>ZUTATEN:<\/strong><br \/>\nMariendistel-Extrakt (Silybum marianum), Cholinbitartrat, Goldrutepulver (Solidaginis), Artischockenbl\u00e4tterpulver (Cynara cardunculus), Pfefferminzbl\u00e4tterpulver (Mentha piperita), Tausendg\u00fcldenkrautpuvler (Centaurium), L\u00f6wenzahnbl\u00e4tterpulver (Taraxacum officinale), Wegwartewurzelpulver (Cichorium intybus), Vitamin\u202fB12 (Maltodextrin, Cyanocobalamin), Kapselh\u00fclle (Hydroxypropylmethylcellulose)<\/p>\n<p><strong>AKTIVE INHALTSSTOFFE PRO TAGESDOSIS (2 KAPSELN):<\/strong><br \/>\nMariendistel-Extrakt: 137,5\u202fmg; Cholin: 55\u202fmg; Goldrute: 57,9\u202fmg; Artischocke: 52\u202fmg; Pfefferminze: 52\u202fmg; Tausendg\u00fcldenkraut: 52\u202fmg; L\u00f6wenzahn: 52\u202fmg; Wegwarte: 52\u202fmg; Vitamin\u202fB12: 1\u202f\u00b5g (NRV* 40\u202f%)<\/p>\n<p>*NRV = Referenzmenge f\u00fcr die t\u00e4gliche Zufuhr bei Erwachsenen<\/p>\n<p><strong>WARNHINWEISE:<\/strong><br \/>\nDie empfohlene Tagesdosis nicht \u00fcberschreiten. Au\u00dferhalb der Reichweite von Kindern aufbewahren. Erg\u00e4nzungsmittel ersetzen keine ausgewogene Ern\u00e4hrung und einen gesunden Lebensstil. Nicht empfohlen f\u00fcr Schwangere und Stillende.<\/p>\n<p><strong>LAGERUNG:<\/strong> Bei Raumtemperatur, gesch\u00fctzt vor direkter Sonneneinstrahlung, in verschlossener Verpackung.<\/p>\n<div id=\"page\" class=\"site grid-container container hfeed\">\n<div id=\"content\" class=\"site-content\">\n<div id=\"primary\" class=\"content-area\"><main id=\"main\" class=\"site-main\"><\/p>\n<article id=\"post-15012\" class=\"post-15012 product type-product status-draft has-post-thumbnail product_cat-kraeuterkapseln sales-flash-overlay woocommerce-text-align-center wc-related-upsell-columns-4 wc-related-upsell-tablet-columns-2 wc-related-upsell-mobile-columns-1 do-quantity-buttons first instock taxable shipping-taxable purchasable product-type-simple\">\n<div class=\"inside-article\">\n<div class=\"entry-content\">\n<div id=\"product-15012\" class=\"sales-flash-overlay woocommerce-text-align-center wc-related-upsell-columns-4 wc-related-upsell-tablet-columns-2 wc-related-upsell-mobile-columns-1 do-quantity-buttons product type-product post-15012 status-draft instock product_cat-kraeuterkapseln has-post-thumbnail taxable shipping-taxable purchasable product-type-simple\">\n<div class=\"woocommerce-tabs wc-tabs-wrapper\">\n<div id=\"tab-description\" class=\"woocommerce-Tabs-panel woocommerce-Tabs-panel--description panel entry-content wc-tab\" role=\"tabpanel\" aria-labelledby=\"tab-title-description\">\n<p><strong>Vom Ungarisches Nationales Zentrum f\u00fcr \u00f6ffentliche Gesundheit und Pharmazie (NNGYK) notifiziertes Produkt<\/strong><\/p>\n<\/div>\n<\/div>\n<\/div>\n<\/div>\n<\/div>\n<\/article>\n<p><\/main><\/div>\n<\/div>\n<\/div>\n<div class=\"site-footer\">\n<div class=\"gb-container gb-container-73cd57e1 alignfull\">\n<div class=\"gb-container gb-container-7d9550dd\">\n<div class=\"gb-grid-wrapper gb-grid-wrapper-b76f312f\">\n<div class=\"gb-grid-column gb-grid-column-53cb46e2\">\n<div class=\"gb-container gb-container-53cb46e2\"><\/div>\n<\/div>\n<\/div>\n<\/div>\n<\/div>\n<\/div>\n","protected":false},"excerpt":{"rendered":"<p><strong>Unterst\u00fctzung der Leberfunktion<\/strong><\/p>\n<p><strong>Gy\u00f6rgytea Leber Nahrungserg\u00e4nzungskapseln mit Mariendistel, Vitamin\u202fB12 und Kr\u00e4utern<\/strong><\/p>\n<p>Mariendistel unterst\u00fctzt die Gesundheit der Leber und Gallenwege, f\u00f6rdert die Leberfunktion und hilft bei der Ausscheidung von Schadstoffen aus dem K\u00f6rper; sie tr\u00e4gt zur normalen Regeneration des Lebergewebes und der Leberzellen bei.<\/p>\n<p>Empfohlen vom <strong>Ungarischen Verband der Naturheilkundler.<br \/>\n<\/strong><\/p>\n","protected":false},"featured_media":15928,"comment_status":"closed","ping_status":"closed","template":"","meta":{"_acf_changed":false},"product_brand":[],"product_cat":[378],"product_tag":[],"class_list":{"0":"post-15027","1":"product","2":"type-product","3":"status-publish","4":"has-post-thumbnail","6":"product_cat-kraeuterkapseln","7":"sales-flash-overlay","8":"woocommerce-text-align-center","9":"woocommerce-image-align-center","10":"do-quantity-buttons","12":"first","13":"instock","14":"taxable","15":"shipping-taxable","16":"purchasable","17":"product-type-simple"},"acf":{"blog_termekleiras":""},"yoast_head":"<!-- This site is optimized with the Yoast SEO plugin v26.9 - https:\/\/yoast.com\/product\/yoast-seo-wordpress\/ -->\n<title>Gy\u00f6rgytea Leber-Kapseln &#8211; B\u00fckki Gy\u00f3gytea Web\u00e1ruh\u00e1z<\/title>\n<meta name=\"description\" content=\"Unterst\u00fctzung der Leberfunktion. Gy\u00f6rgytea Leber Nahrungserg\u00e4nzungskapseln mit Mariendistel, Vitamin\u202fB12 und Kr\u00e4utern\" \/>\n<meta name=\"robots\" content=\"index, follow, max-snippet:-1, max-image-preview:large, max-video-preview:-1\" \/>\n<link rel=\"canonical\" href=\"https:\/\/bukkigyogytea.com\/de\/produkt\/gyorgytea-leber-kapseln\/\" \/>\n<meta property=\"og:locale\" content=\"de_DE\" \/>\n<meta property=\"og:type\" content=\"article\" \/>\n<meta property=\"og:title\" content=\"Gy\u00f6rgytea Leber-Kapseln &#8211; B\u00fckki Gy\u00f3gytea Web\u00e1ruh\u00e1z\" \/>\n<meta property=\"og:description\" content=\"Unterst\u00fctzung der Leberfunktion. Gy\u00f6rgytea Leber Nahrungserg\u00e4nzungskapseln mit Mariendistel, Vitamin\u202fB12 und Kr\u00e4utern\" \/>\n<meta property=\"og:url\" content=\"https:\/\/bukkigyogytea.com\/de\/produkt\/gyorgytea-leber-kapseln\/\" \/>\n<meta property=\"og:site_name\" content=\"B\u00fckki Gy\u00f3gytea Web\u00e1ruh\u00e1z\" \/>\n<meta property=\"article:publisher\" content=\"https:\/\/www.facebook.com\/bukkigyogytea\/\" \/>\n<meta property=\"article:modified_time\" content=\"2025-08-19T08:16:57+00:00\" \/>\n<meta property=\"og:image\" content=\"https:\/\/bukkigyogytea.com\/wp-content\/uploads\/2025\/04\/maj-kapszula-1024x536.jpg\" \/>\n<meta name=\"twitter:card\" content=\"summary_large_image\" \/>\n<meta name=\"twitter:label1\" content=\"Gesch\u00e4tzte Lesezeit\" \/>\n\t<meta name=\"twitter:data1\" content=\"1\u00a0Minute\" \/>\n<script type=\"application\/ld+json\" class=\"yoast-schema-graph\">{\"@context\":\"https:\/\/schema.org\",\"@graph\":[{\"@type\":\"WebPage\",\"@id\":\"https:\/\/bukkigyogytea.com\/de\/produkt\/gyorgytea-leber-kapseln\/\",\"url\":\"https:\/\/bukkigyogytea.com\/de\/produkt\/gyorgytea-leber-kapseln\/\",\"name\":\"Gy\u00f6rgytea Leber-Kapseln &#8211; B\u00fckki Gy\u00f3gytea Web\u00e1ruh\u00e1z\",\"isPartOf\":{\"@id\":\"https:\/\/bukkigyogytea.com\/de\/#website\"},\"primaryImageOfPage\":{\"@id\":\"https:\/\/bukkigyogytea.com\/de\/produkt\/gyorgytea-leber-kapseln\/#primaryimage\"},\"image\":{\"@id\":\"https:\/\/bukkigyogytea.com\/de\/produkt\/gyorgytea-leber-kapseln\/#primaryimage\"},\"thumbnailUrl\":\"https:\/\/bukkigyogytea.com\/wp-content\/uploads\/2025\/08\/Gyogynoveny-kapszula-maj_gyb_termek-\u2013-nagy-\u2013-kozepes.png\",\"datePublished\":\"2025-08-18T15:59:37+00:00\",\"dateModified\":\"2025-08-19T08:16:57+00:00\",\"description\":\"Unterst\u00fctzung der Leberfunktion. Gy\u00f6rgytea Leber Nahrungserg\u00e4nzungskapseln mit Mariendistel, Vitamin\u202fB12 und Kr\u00e4utern\",\"breadcrumb\":{\"@id\":\"https:\/\/bukkigyogytea.com\/de\/produkt\/gyorgytea-leber-kapseln\/#breadcrumb\"},\"inLanguage\":\"de\",\"potentialAction\":[{\"@type\":\"ReadAction\",\"target\":[\"https:\/\/bukkigyogytea.com\/de\/produkt\/gyorgytea-leber-kapseln\/\"]}]},{\"@type\":\"ImageObject\",\"inLanguage\":\"de\",\"@id\":\"https:\/\/bukkigyogytea.com\/de\/produkt\/gyorgytea-leber-kapseln\/#primaryimage\",\"url\":\"https:\/\/bukkigyogytea.com\/wp-content\/uploads\/2025\/08\/Gyogynoveny-kapszula-maj_gyb_termek-\u2013-nagy-\u2013-kozepes.png\",\"contentUrl\":\"https:\/\/bukkigyogytea.com\/wp-content\/uploads\/2025\/08\/Gyogynoveny-kapszula-maj_gyb_termek-\u2013-nagy-\u2013-kozepes.png\",\"width\":640,\"height\":640,\"caption\":\"Gy\u00f6rgytea Leber-Kapseln\"},{\"@type\":\"BreadcrumbList\",\"@id\":\"https:\/\/bukkigyogytea.com\/de\/produkt\/gyorgytea-leber-kapseln\/#breadcrumb\",\"itemListElement\":[{\"@type\":\"ListItem\",\"position\":1,\"name\":\"Home\",\"item\":\"https:\/\/bukkigyogytea.com\/de\/\"},{\"@type\":\"ListItem\",\"position\":2,\"name\":\"Produkte\",\"item\":\"https:\/\/bukkigyogytea.com\/de\/shop\/\"},{\"@type\":\"ListItem\",\"position\":3,\"name\":\"Kr\u00e4uterkapseln\",\"item\":\"https:\/\/bukkigyogytea.com\/de\/Produktkategorie\/kraeuterkapseln\/\"},{\"@type\":\"ListItem\",\"position\":4,\"name\":\"Gy\u00f6rgytea Leber-Kapseln\"}]},{\"@type\":\"WebSite\",\"@id\":\"https:\/\/bukkigyogytea.com\/de\/#website\",\"url\":\"https:\/\/bukkigyogytea.com\/de\/\",\"name\":\"B\u00fckki Gy\u00f3gytea Web\u00e1ruh\u00e1z\",\"description\":\"Gy\u00f6rgytea hivatalos viszontelad\u00f3\",\"publisher\":{\"@id\":\"https:\/\/bukkigyogytea.com\/de\/#organization\"},\"potentialAction\":[{\"@type\":\"SearchAction\",\"target\":{\"@type\":\"EntryPoint\",\"urlTemplate\":\"https:\/\/bukkigyogytea.com\/de\/?s={search_term_string}\"},\"query-input\":{\"@type\":\"PropertyValueSpecification\",\"valueRequired\":true,\"valueName\":\"search_term_string\"}}],\"inLanguage\":\"de\"},{\"@type\":\"Organization\",\"@id\":\"https:\/\/bukkigyogytea.com\/de\/#organization\",\"name\":\"B\u00fckki Gy\u00f3gytea Web\u00e1ruh\u00e1z\",\"url\":\"https:\/\/bukkigyogytea.com\/de\/\",\"logo\":{\"@type\":\"ImageObject\",\"inLanguage\":\"de\",\"@id\":\"https:\/\/bukkigyogytea.com\/de\/#\/schema\/logo\/image\/\",\"url\":\"https:\/\/i0.wp.com\/bukkigyogytea.com\/wp-content\/uploads\/2020\/05\/Sitelogo-1.jpg?fit=350%2C85&ssl=1\",\"contentUrl\":\"https:\/\/i0.wp.com\/bukkigyogytea.com\/wp-content\/uploads\/2020\/05\/Sitelogo-1.jpg?fit=350%2C85&ssl=1\",\"width\":350,\"height\":85,\"caption\":\"B\u00fckki Gy\u00f3gytea Web\u00e1ruh\u00e1z\"},\"image\":{\"@id\":\"https:\/\/bukkigyogytea.com\/de\/#\/schema\/logo\/image\/\"},\"sameAs\":[\"https:\/\/www.facebook.com\/bukkigyogytea\/\"]}]}<\/script>\n<!-- \/ Yoast SEO plugin. -->","yoast_head_json":{"title":"Gy\u00f6rgytea Leber-Kapseln &#8211; B\u00fckki Gy\u00f3gytea Web\u00e1ruh\u00e1z","description":"Unterst\u00fctzung der Leberfunktion. Gy\u00f6rgytea Leber Nahrungserg\u00e4nzungskapseln mit Mariendistel, Vitamin\u202fB12 und Kr\u00e4utern","robots":{"index":"index","follow":"follow","max-snippet":"max-snippet:-1","max-image-preview":"max-image-preview:large","max-video-preview":"max-video-preview:-1"},"canonical":"https:\/\/bukkigyogytea.com\/de\/produkt\/gyorgytea-leber-kapseln\/","og_locale":"de_DE","og_type":"article","og_title":"Gy\u00f6rgytea Leber-Kapseln &#8211; B\u00fckki Gy\u00f3gytea Web\u00e1ruh\u00e1z","og_description":"Unterst\u00fctzung der Leberfunktion. Gy\u00f6rgytea Leber Nahrungserg\u00e4nzungskapseln mit Mariendistel, Vitamin\u202fB12 und Kr\u00e4utern","og_url":"https:\/\/bukkigyogytea.com\/de\/produkt\/gyorgytea-leber-kapseln\/","og_site_name":"B\u00fckki Gy\u00f3gytea Web\u00e1ruh\u00e1z","article_publisher":"https:\/\/www.facebook.com\/bukkigyogytea\/","article_modified_time":"2025-08-19T08:16:57+00:00","og_image":[{"url":"https:\/\/bukkigyogytea.com\/wp-content\/uploads\/2025\/04\/maj-kapszula-1024x536.jpg","type":"","width":"","height":""}],"twitter_card":"summary_large_image","twitter_misc":{"Gesch\u00e4tzte Lesezeit":"1\u00a0Minute"},"schema":{"@context":"https:\/\/schema.org","@graph":[{"@type":"WebPage","@id":"https:\/\/bukkigyogytea.com\/de\/produkt\/gyorgytea-leber-kapseln\/","url":"https:\/\/bukkigyogytea.com\/de\/produkt\/gyorgytea-leber-kapseln\/","name":"Gy\u00f6rgytea Leber-Kapseln &#8211; B\u00fckki Gy\u00f3gytea Web\u00e1ruh\u00e1z","isPartOf":{"@id":"https:\/\/bukkigyogytea.com\/de\/#website"},"primaryImageOfPage":{"@id":"https:\/\/bukkigyogytea.com\/de\/produkt\/gyorgytea-leber-kapseln\/#primaryimage"},"image":{"@id":"https:\/\/bukkigyogytea.com\/de\/produkt\/gyorgytea-leber-kapseln\/#primaryimage"},"thumbnailUrl":"https:\/\/bukkigyogytea.com\/wp-content\/uploads\/2025\/08\/Gyogynoveny-kapszula-maj_gyb_termek-\u2013-nagy-\u2013-kozepes.png","datePublished":"2025-08-18T15:59:37+00:00","dateModified":"2025-08-19T08:16:57+00:00","description":"Unterst\u00fctzung der Leberfunktion. Gy\u00f6rgytea Leber Nahrungserg\u00e4nzungskapseln mit Mariendistel, Vitamin\u202fB12 und Kr\u00e4utern","breadcrumb":{"@id":"https:\/\/bukkigyogytea.com\/de\/produkt\/gyorgytea-leber-kapseln\/#breadcrumb"},"inLanguage":"de","potentialAction":[{"@type":"ReadAction","target":["https:\/\/bukkigyogytea.com\/de\/produkt\/gyorgytea-leber-kapseln\/"]}]},{"@type":"ImageObject","inLanguage":"de","@id":"https:\/\/bukkigyogytea.com\/de\/produkt\/gyorgytea-leber-kapseln\/#primaryimage","url":"https:\/\/bukkigyogytea.com\/wp-content\/uploads\/2025\/08\/Gyogynoveny-kapszula-maj_gyb_termek-\u2013-nagy-\u2013-kozepes.png","contentUrl":"https:\/\/bukkigyogytea.com\/wp-content\/uploads\/2025\/08\/Gyogynoveny-kapszula-maj_gyb_termek-\u2013-nagy-\u2013-kozepes.png","width":640,"height":640,"caption":"Gy\u00f6rgytea Leber-Kapseln"},{"@type":"BreadcrumbList","@id":"https:\/\/bukkigyogytea.com\/de\/produkt\/gyorgytea-leber-kapseln\/#breadcrumb","itemListElement":[{"@type":"ListItem","position":1,"name":"Home","item":"https:\/\/bukkigyogytea.com\/de\/"},{"@type":"ListItem","position":2,"name":"Produkte","item":"https:\/\/bukkigyogytea.com\/de\/shop\/"},{"@type":"ListItem","position":3,"name":"Kr\u00e4uterkapseln","item":"https:\/\/bukkigyogytea.com\/de\/Produktkategorie\/kraeuterkapseln\/"},{"@type":"ListItem","position":4,"name":"Gy\u00f6rgytea Leber-Kapseln"}]},{"@type":"WebSite","@id":"https:\/\/bukkigyogytea.com\/de\/#website","url":"https:\/\/bukkigyogytea.com\/de\/","name":"B\u00fckki Gy\u00f3gytea Web\u00e1ruh\u00e1z","description":"Gy\u00f6rgytea hivatalos viszontelad\u00f3","publisher":{"@id":"https:\/\/bukkigyogytea.com\/de\/#organization"},"potentialAction":[{"@type":"SearchAction","target":{"@type":"EntryPoint","urlTemplate":"https:\/\/bukkigyogytea.com\/de\/?s={search_term_string}"},"query-input":{"@type":"PropertyValueSpecification","valueRequired":true,"valueName":"search_term_string"}}],"inLanguage":"de"},{"@type":"Organization","@id":"https:\/\/bukkigyogytea.com\/de\/#organization","name":"B\u00fckki Gy\u00f3gytea Web\u00e1ruh\u00e1z","url":"https:\/\/bukkigyogytea.com\/de\/","logo":{"@type":"ImageObject","inLanguage":"de","@id":"https:\/\/bukkigyogytea.com\/de\/#\/schema\/logo\/image\/","url":"https:\/\/i0.wp.com\/bukkigyogytea.com\/wp-content\/uploads\/2020\/05\/Sitelogo-1.jpg?fit=350%2C85&ssl=1","contentUrl":"https:\/\/i0.wp.com\/bukkigyogytea.com\/wp-content\/uploads\/2020\/05\/Sitelogo-1.jpg?fit=350%2C85&ssl=1","width":350,"height":85,"caption":"B\u00fckki Gy\u00f3gytea Web\u00e1ruh\u00e1z"},"image":{"@id":"https:\/\/bukkigyogytea.com\/de\/#\/schema\/logo\/image\/"},"sameAs":["https:\/\/www.facebook.com\/bukkigyogytea\/"]}]}},"publishpress_future_action":{"enabled":false,"date":"2026-04-16 22:55:00","action":"change-status","newStatus":"draft","terms":[],"taxonomy":"product_type","extraData":[]},"publishpress_future_workflow_manual_trigger":{"enabledWorkflows":[]},"_links":{"self":[{"href":"https:\/\/bukkigyogytea.com\/de\/wp-json\/wp\/v2\/product\/15027","targetHints":{"allow":["GET"]}}],"collection":[{"href":"https:\/\/bukkigyogytea.com\/de\/wp-json\/wp\/v2\/product"}],"about":[{"href":"https:\/\/bukkigyogytea.com\/de\/wp-json\/wp\/v2\/types\/product"}],"replies":[{"embeddable":true,"href":"https:\/\/bukkigyogytea.com\/de\/wp-json\/wp\/v2\/comments?post=15027"}],"wp:featuredmedia":[{"embeddable":true,"href":"https:\/\/bukkigyogytea.com\/de\/wp-json\/wp\/v2\/media\/15928"}],"wp:attachment":[{"href":"https:\/\/bukkigyogytea.com\/de\/wp-json\/wp\/v2\/media?parent=15027"}],"wp:term":[{"taxonomy":"product_brand","embeddable":true,"href":"https:\/\/bukkigyogytea.com\/de\/wp-json\/wp\/v2\/product_brand?post=15027"},{"taxonomy":"product_cat","embeddable":true,"href":"https:\/\/bukkigyogytea.com\/de\/wp-json\/wp\/v2\/product_cat?post=15027"},{"taxonomy":"product_tag","embeddable":true,"href":"https:\/\/bukkigyogytea.com\/de\/wp-json\/wp\/v2\/product_tag?post=15027"}],"curies":[{"name":"wp","href":"https:\/\/api.w.org\/{rel}","templated":true}]}}