{"id":15020,"date":"2025-02-28T17:18:53","date_gmt":"2025-02-28T16:18:53","guid":{"rendered":"https:\/\/bukkigyogytea.com\/?post_type=product&#038;p=15020"},"modified":"2025-09-29T00:00:37","modified_gmt":"2025-09-28T22:00:37","slug":"gyorgytea-blutdruck-kapseln","status":"publish","type":"product","link":"https:\/\/bukkigyogytea.com\/de\/produkt\/gyorgytea-blutdruck-kapseln\/","title":{"rendered":"Gy\u00f6rgytea Blutdruck-Kapseln"},"content":{"rendered":"<p><strong>T\u00e4gliche Dosierung:<\/strong> 3&#215;1 Kapsel<br \/>\nPackungsgr\u00f6\u00dfe: 60 St\u00fcck<br \/>\n<strong>Nettof\u00fcllmenge:<\/strong> 26,4\u202fg<\/p>\n<p><strong>ZUTATEN:<\/strong><br \/>\nKaliumcitrat, Wei\u00dfdorn Extrakt (Crataegus laevigata), Ackerschachtelhalmpulver (Equisetum arvense), Knoblauchpulver (Allium sativum), Olivenbl\u00e4tterpulver (Olea europaea), Hirtent\u00e4schelpulver (Capsella bursa-pastoris), Oreganopulver (Origanum vulgare), Vitamin\u202fB1 (Thiaminhydrochlorid), Kapselh\u00fclle (Hydroxypropylmethylcellulose)<\/p>\n<p><strong>AKTIVE INHALTSSTOFFE PRO TAGESDOSIS (3 KAPSELN):<\/strong><br \/>\nWei\u00dfdorn-Extrakt: 195\u202fmg; Ackerschachtelhalm: 123\u202fmg; Knoblauch: 69\u202fmg; Olivenblatt: 69\u202fmg; Hirtent\u00e4schel: 63\u202fmg; Oregano: 39\u202fmg; Vitamin\u202fB1: 1,4\u202fmg (NRV* 127\u202f%)<\/p>\n<p>*NRV = Referenzmenge f\u00fcr die t\u00e4gliche Zufuhr bei Erwachsenen<\/p>\n<p><strong>WARNHINWEISE:<\/strong><br \/>\nDie empfohlene Tagesdosis nicht \u00fcberschreiten. Au\u00dferhalb der Reichweite von Kindern aufbewahren. Erg\u00e4nzungsmittel ersetzen keine ausgewogene Ern\u00e4hrung und einen gesunden Lebensstil. Nicht empfohlen f\u00fcr Schwangere und Stillende.<\/p>\n<p><strong>LAGERUNG:<\/strong> Bei Raumtemperatur, gesch\u00fctzt vor direkter Sonneneinstrahlung, in verschlossener Verpackung.<\/p>\n<p>&nbsp;<\/p>\n","protected":false},"excerpt":{"rendered":"<p><strong>Zur Unterst\u00fctzung eines normalen Blutdrucks<\/strong><\/p>\n<p><strong>Gy\u00f6rgytea Blutdruck Nahrungserg\u00e4nzungskapseln mit Heilkr\u00e4utern und Vitamin\u202fB1<\/strong><\/p>\n<p>Oregano unterst\u00fctzt die Gesundheit des Herz-Kreislauf-Systems, erh\u00f6ht die Elastizit\u00e4t und Festigkeit der Gef\u00e4\u00dfw\u00e4nde und Kapillaren und tr\u00e4gt zur Normalisierung des Blutdrucks bei. Vitamin\u202fB1 (Thiamin) tr\u00e4gt zur normalen Funktion des Herzens bei.<\/p>\n<p>Empfohlen vom <strong>Ungarischen Verband der Naturheilkundler.<\/strong><\/p>\n","protected":false},"featured_media":15940,"comment_status":"closed","ping_status":"closed","template":"","meta":{"_acf_changed":false},"product_brand":[],"product_cat":[378],"product_tag":[],"class_list":{"0":"post-15020","1":"product","2":"type-product","3":"status-publish","4":"has-post-thumbnail","6":"product_cat-kraeuterkapseln","7":"sales-flash-overlay","8":"woocommerce-text-align-center","9":"woocommerce-image-align-center","10":"do-quantity-buttons","12":"first","13":"instock","14":"taxable","15":"shipping-taxable","16":"purchasable","17":"product-type-simple"},"acf":{"blog_termekleiras":""},"yoast_head":"<!-- This site is optimized with the Yoast SEO plugin v26.9 - https:\/\/yoast.com\/product\/yoast-seo-wordpress\/ -->\n<title>Gy\u00f6rgytea Blutdruck-Kapseln &#8211; B\u00fckki Gy\u00f3gytea Web\u00e1ruh\u00e1z<\/title>\n<meta name=\"description\" content=\"Zur Unterst\u00fctzung eines normalen Blutdrucks. Gy\u00f6rgytea Blutdruck Nahrungserg\u00e4nzungskapseln mit Heilkr\u00e4utern und Vitamin\u202fB1\" \/>\n<meta name=\"robots\" content=\"index, follow, max-snippet:-1, max-image-preview:large, max-video-preview:-1\" \/>\n<link rel=\"canonical\" href=\"https:\/\/bukkigyogytea.com\/de\/produkt\/gyorgytea-blutdruck-kapseln\/\" \/>\n<meta property=\"og:locale\" content=\"de_DE\" \/>\n<meta property=\"og:type\" content=\"article\" \/>\n<meta property=\"og:title\" content=\"Gy\u00f6rgytea Blutdruck-Kapseln &#8211; B\u00fckki Gy\u00f3gytea Web\u00e1ruh\u00e1z\" \/>\n<meta property=\"og:description\" content=\"Zur Unterst\u00fctzung eines normalen Blutdrucks. Gy\u00f6rgytea Blutdruck Nahrungserg\u00e4nzungskapseln mit Heilkr\u00e4utern und Vitamin\u202fB1\" \/>\n<meta property=\"og:url\" content=\"https:\/\/bukkigyogytea.com\/de\/produkt\/gyorgytea-blutdruck-kapseln\/\" \/>\n<meta property=\"og:site_name\" content=\"B\u00fckki Gy\u00f3gytea Web\u00e1ruh\u00e1z\" \/>\n<meta property=\"article:publisher\" content=\"https:\/\/www.facebook.com\/bukkigyogytea\/\" \/>\n<meta property=\"article:modified_time\" content=\"2025-09-28T22:00:37+00:00\" \/>\n<meta property=\"og:image\" content=\"https:\/\/bukkigyogytea.com\/wp-content\/uploads\/2025\/04\/vernyomas-kapszula-1024x536.jpg\" \/>\n<meta name=\"twitter:card\" content=\"summary_large_image\" \/>\n<meta name=\"twitter:label1\" content=\"Gesch\u00e4tzte Lesezeit\" \/>\n\t<meta name=\"twitter:data1\" content=\"1\u00a0Minute\" \/>\n<script type=\"application\/ld+json\" class=\"yoast-schema-graph\">{\"@context\":\"https:\/\/schema.org\",\"@graph\":[{\"@type\":\"WebPage\",\"@id\":\"https:\/\/bukkigyogytea.com\/de\/produkt\/gyorgytea-blutdruck-kapseln\/\",\"url\":\"https:\/\/bukkigyogytea.com\/de\/produkt\/gyorgytea-blutdruck-kapseln\/\",\"name\":\"Gy\u00f6rgytea Blutdruck-Kapseln &#8211; B\u00fckki Gy\u00f3gytea Web\u00e1ruh\u00e1z\",\"isPartOf\":{\"@id\":\"https:\/\/bukkigyogytea.com\/de\/#website\"},\"primaryImageOfPage\":{\"@id\":\"https:\/\/bukkigyogytea.com\/de\/produkt\/gyorgytea-blutdruck-kapseln\/#primaryimage\"},\"image\":{\"@id\":\"https:\/\/bukkigyogytea.com\/de\/produkt\/gyorgytea-blutdruck-kapseln\/#primaryimage\"},\"thumbnailUrl\":\"https:\/\/bukkigyogytea.com\/wp-content\/uploads\/2025\/08\/Gyogynoveny-kapszula-vernyomas_gyb_termek-\u2013-nagy-\u2013-kozepes.png\",\"datePublished\":\"2025-02-28T16:18:53+00:00\",\"dateModified\":\"2025-09-28T22:00:37+00:00\",\"description\":\"Zur Unterst\u00fctzung eines normalen Blutdrucks. Gy\u00f6rgytea Blutdruck Nahrungserg\u00e4nzungskapseln mit Heilkr\u00e4utern und Vitamin\u202fB1\",\"breadcrumb\":{\"@id\":\"https:\/\/bukkigyogytea.com\/de\/produkt\/gyorgytea-blutdruck-kapseln\/#breadcrumb\"},\"inLanguage\":\"de\",\"potentialAction\":[{\"@type\":\"ReadAction\",\"target\":[\"https:\/\/bukkigyogytea.com\/de\/produkt\/gyorgytea-blutdruck-kapseln\/\"]}]},{\"@type\":\"ImageObject\",\"inLanguage\":\"de\",\"@id\":\"https:\/\/bukkigyogytea.com\/de\/produkt\/gyorgytea-blutdruck-kapseln\/#primaryimage\",\"url\":\"https:\/\/bukkigyogytea.com\/wp-content\/uploads\/2025\/08\/Gyogynoveny-kapszula-vernyomas_gyb_termek-\u2013-nagy-\u2013-kozepes.png\",\"contentUrl\":\"https:\/\/bukkigyogytea.com\/wp-content\/uploads\/2025\/08\/Gyogynoveny-kapszula-vernyomas_gyb_termek-\u2013-nagy-\u2013-kozepes.png\",\"width\":640,\"height\":640,\"caption\":\"Gy\u00f6rgytea Blutdruck-Kapseln\"},{\"@type\":\"BreadcrumbList\",\"@id\":\"https:\/\/bukkigyogytea.com\/de\/produkt\/gyorgytea-blutdruck-kapseln\/#breadcrumb\",\"itemListElement\":[{\"@type\":\"ListItem\",\"position\":1,\"name\":\"Home\",\"item\":\"https:\/\/bukkigyogytea.com\/de\/\"},{\"@type\":\"ListItem\",\"position\":2,\"name\":\"Produkte\",\"item\":\"https:\/\/bukkigyogytea.com\/de\/shop\/\"},{\"@type\":\"ListItem\",\"position\":3,\"name\":\"Kr\u00e4uterkapseln\",\"item\":\"https:\/\/bukkigyogytea.com\/de\/Produktkategorie\/kraeuterkapseln\/\"},{\"@type\":\"ListItem\",\"position\":4,\"name\":\"Gy\u00f6rgytea Blutdruck-Kapseln\"}]},{\"@type\":\"WebSite\",\"@id\":\"https:\/\/bukkigyogytea.com\/de\/#website\",\"url\":\"https:\/\/bukkigyogytea.com\/de\/\",\"name\":\"B\u00fckki Gy\u00f3gytea Web\u00e1ruh\u00e1z\",\"description\":\"Gy\u00f6rgytea hivatalos viszontelad\u00f3\",\"publisher\":{\"@id\":\"https:\/\/bukkigyogytea.com\/de\/#organization\"},\"potentialAction\":[{\"@type\":\"SearchAction\",\"target\":{\"@type\":\"EntryPoint\",\"urlTemplate\":\"https:\/\/bukkigyogytea.com\/de\/?s={search_term_string}\"},\"query-input\":{\"@type\":\"PropertyValueSpecification\",\"valueRequired\":true,\"valueName\":\"search_term_string\"}}],\"inLanguage\":\"de\"},{\"@type\":\"Organization\",\"@id\":\"https:\/\/bukkigyogytea.com\/de\/#organization\",\"name\":\"B\u00fckki Gy\u00f3gytea Web\u00e1ruh\u00e1z\",\"url\":\"https:\/\/bukkigyogytea.com\/de\/\",\"logo\":{\"@type\":\"ImageObject\",\"inLanguage\":\"de\",\"@id\":\"https:\/\/bukkigyogytea.com\/de\/#\/schema\/logo\/image\/\",\"url\":\"https:\/\/i0.wp.com\/bukkigyogytea.com\/wp-content\/uploads\/2020\/05\/Sitelogo-1.jpg?fit=350%2C85&ssl=1\",\"contentUrl\":\"https:\/\/i0.wp.com\/bukkigyogytea.com\/wp-content\/uploads\/2020\/05\/Sitelogo-1.jpg?fit=350%2C85&ssl=1\",\"width\":350,\"height\":85,\"caption\":\"B\u00fckki Gy\u00f3gytea Web\u00e1ruh\u00e1z\"},\"image\":{\"@id\":\"https:\/\/bukkigyogytea.com\/de\/#\/schema\/logo\/image\/\"},\"sameAs\":[\"https:\/\/www.facebook.com\/bukkigyogytea\/\"]}]}<\/script>\n<!-- \/ Yoast SEO plugin. -->","yoast_head_json":{"title":"Gy\u00f6rgytea Blutdruck-Kapseln &#8211; B\u00fckki Gy\u00f3gytea Web\u00e1ruh\u00e1z","description":"Zur Unterst\u00fctzung eines normalen Blutdrucks. Gy\u00f6rgytea Blutdruck Nahrungserg\u00e4nzungskapseln mit Heilkr\u00e4utern und Vitamin\u202fB1","robots":{"index":"index","follow":"follow","max-snippet":"max-snippet:-1","max-image-preview":"max-image-preview:large","max-video-preview":"max-video-preview:-1"},"canonical":"https:\/\/bukkigyogytea.com\/de\/produkt\/gyorgytea-blutdruck-kapseln\/","og_locale":"de_DE","og_type":"article","og_title":"Gy\u00f6rgytea Blutdruck-Kapseln &#8211; B\u00fckki Gy\u00f3gytea Web\u00e1ruh\u00e1z","og_description":"Zur Unterst\u00fctzung eines normalen Blutdrucks. Gy\u00f6rgytea Blutdruck Nahrungserg\u00e4nzungskapseln mit Heilkr\u00e4utern und Vitamin\u202fB1","og_url":"https:\/\/bukkigyogytea.com\/de\/produkt\/gyorgytea-blutdruck-kapseln\/","og_site_name":"B\u00fckki Gy\u00f3gytea Web\u00e1ruh\u00e1z","article_publisher":"https:\/\/www.facebook.com\/bukkigyogytea\/","article_modified_time":"2025-09-28T22:00:37+00:00","og_image":[{"url":"https:\/\/bukkigyogytea.com\/wp-content\/uploads\/2025\/04\/vernyomas-kapszula-1024x536.jpg","type":"","width":"","height":""}],"twitter_card":"summary_large_image","twitter_misc":{"Gesch\u00e4tzte Lesezeit":"1\u00a0Minute"},"schema":{"@context":"https:\/\/schema.org","@graph":[{"@type":"WebPage","@id":"https:\/\/bukkigyogytea.com\/de\/produkt\/gyorgytea-blutdruck-kapseln\/","url":"https:\/\/bukkigyogytea.com\/de\/produkt\/gyorgytea-blutdruck-kapseln\/","name":"Gy\u00f6rgytea Blutdruck-Kapseln &#8211; B\u00fckki Gy\u00f3gytea Web\u00e1ruh\u00e1z","isPartOf":{"@id":"https:\/\/bukkigyogytea.com\/de\/#website"},"primaryImageOfPage":{"@id":"https:\/\/bukkigyogytea.com\/de\/produkt\/gyorgytea-blutdruck-kapseln\/#primaryimage"},"image":{"@id":"https:\/\/bukkigyogytea.com\/de\/produkt\/gyorgytea-blutdruck-kapseln\/#primaryimage"},"thumbnailUrl":"https:\/\/bukkigyogytea.com\/wp-content\/uploads\/2025\/08\/Gyogynoveny-kapszula-vernyomas_gyb_termek-\u2013-nagy-\u2013-kozepes.png","datePublished":"2025-02-28T16:18:53+00:00","dateModified":"2025-09-28T22:00:37+00:00","description":"Zur Unterst\u00fctzung eines normalen Blutdrucks. Gy\u00f6rgytea Blutdruck Nahrungserg\u00e4nzungskapseln mit Heilkr\u00e4utern und Vitamin\u202fB1","breadcrumb":{"@id":"https:\/\/bukkigyogytea.com\/de\/produkt\/gyorgytea-blutdruck-kapseln\/#breadcrumb"},"inLanguage":"de","potentialAction":[{"@type":"ReadAction","target":["https:\/\/bukkigyogytea.com\/de\/produkt\/gyorgytea-blutdruck-kapseln\/"]}]},{"@type":"ImageObject","inLanguage":"de","@id":"https:\/\/bukkigyogytea.com\/de\/produkt\/gyorgytea-blutdruck-kapseln\/#primaryimage","url":"https:\/\/bukkigyogytea.com\/wp-content\/uploads\/2025\/08\/Gyogynoveny-kapszula-vernyomas_gyb_termek-\u2013-nagy-\u2013-kozepes.png","contentUrl":"https:\/\/bukkigyogytea.com\/wp-content\/uploads\/2025\/08\/Gyogynoveny-kapszula-vernyomas_gyb_termek-\u2013-nagy-\u2013-kozepes.png","width":640,"height":640,"caption":"Gy\u00f6rgytea Blutdruck-Kapseln"},{"@type":"BreadcrumbList","@id":"https:\/\/bukkigyogytea.com\/de\/produkt\/gyorgytea-blutdruck-kapseln\/#breadcrumb","itemListElement":[{"@type":"ListItem","position":1,"name":"Home","item":"https:\/\/bukkigyogytea.com\/de\/"},{"@type":"ListItem","position":2,"name":"Produkte","item":"https:\/\/bukkigyogytea.com\/de\/shop\/"},{"@type":"ListItem","position":3,"name":"Kr\u00e4uterkapseln","item":"https:\/\/bukkigyogytea.com\/de\/Produktkategorie\/kraeuterkapseln\/"},{"@type":"ListItem","position":4,"name":"Gy\u00f6rgytea Blutdruck-Kapseln"}]},{"@type":"WebSite","@id":"https:\/\/bukkigyogytea.com\/de\/#website","url":"https:\/\/bukkigyogytea.com\/de\/","name":"B\u00fckki Gy\u00f3gytea Web\u00e1ruh\u00e1z","description":"Gy\u00f6rgytea hivatalos viszontelad\u00f3","publisher":{"@id":"https:\/\/bukkigyogytea.com\/de\/#organization"},"potentialAction":[{"@type":"SearchAction","target":{"@type":"EntryPoint","urlTemplate":"https:\/\/bukkigyogytea.com\/de\/?s={search_term_string}"},"query-input":{"@type":"PropertyValueSpecification","valueRequired":true,"valueName":"search_term_string"}}],"inLanguage":"de"},{"@type":"Organization","@id":"https:\/\/bukkigyogytea.com\/de\/#organization","name":"B\u00fckki Gy\u00f3gytea Web\u00e1ruh\u00e1z","url":"https:\/\/bukkigyogytea.com\/de\/","logo":{"@type":"ImageObject","inLanguage":"de","@id":"https:\/\/bukkigyogytea.com\/de\/#\/schema\/logo\/image\/","url":"https:\/\/i0.wp.com\/bukkigyogytea.com\/wp-content\/uploads\/2020\/05\/Sitelogo-1.jpg?fit=350%2C85&ssl=1","contentUrl":"https:\/\/i0.wp.com\/bukkigyogytea.com\/wp-content\/uploads\/2020\/05\/Sitelogo-1.jpg?fit=350%2C85&ssl=1","width":350,"height":85,"caption":"B\u00fckki Gy\u00f3gytea Web\u00e1ruh\u00e1z"},"image":{"@id":"https:\/\/bukkigyogytea.com\/de\/#\/schema\/logo\/image\/"},"sameAs":["https:\/\/www.facebook.com\/bukkigyogytea\/"]}]}},"publishpress_future_action":{"enabled":false,"date":"2026-04-16 22:55:00","action":"change-status","newStatus":"draft","terms":[],"taxonomy":"product_type","extraData":[]},"publishpress_future_workflow_manual_trigger":{"enabledWorkflows":[]},"_links":{"self":[{"href":"https:\/\/bukkigyogytea.com\/de\/wp-json\/wp\/v2\/product\/15020","targetHints":{"allow":["GET"]}}],"collection":[{"href":"https:\/\/bukkigyogytea.com\/de\/wp-json\/wp\/v2\/product"}],"about":[{"href":"https:\/\/bukkigyogytea.com\/de\/wp-json\/wp\/v2\/types\/product"}],"replies":[{"embeddable":true,"href":"https:\/\/bukkigyogytea.com\/de\/wp-json\/wp\/v2\/comments?post=15020"}],"wp:featuredmedia":[{"embeddable":true,"href":"https:\/\/bukkigyogytea.com\/de\/wp-json\/wp\/v2\/media\/15940"}],"wp:attachment":[{"href":"https:\/\/bukkigyogytea.com\/de\/wp-json\/wp\/v2\/media?parent=15020"}],"wp:term":[{"taxonomy":"product_brand","embeddable":true,"href":"https:\/\/bukkigyogytea.com\/de\/wp-json\/wp\/v2\/product_brand?post=15020"},{"taxonomy":"product_cat","embeddable":true,"href":"https:\/\/bukkigyogytea.com\/de\/wp-json\/wp\/v2\/product_cat?post=15020"},{"taxonomy":"product_tag","embeddable":true,"href":"https:\/\/bukkigyogytea.com\/de\/wp-json\/wp\/v2\/product_tag?post=15020"}],"curies":[{"name":"wp","href":"https:\/\/api.w.org\/{rel}","templated":true}]}}