{"id":15012,"date":"2025-08-18T17:59:38","date_gmt":"2025-08-18T15:59:38","guid":{"rendered":"https:\/\/bukkigyogytea.com\/?post_type=product&#038;p=15012"},"modified":"2025-11-01T23:02:40","modified_gmt":"2025-11-01T22:02:40","slug":"gyoergytea-maennerkapseln","status":"publish","type":"product","link":"https:\/\/bukkigyogytea.com\/de\/produkt\/gyoergytea-maennerkapseln\/","title":{"rendered":"Gy\u00f6rgytea M\u00e4nnerkapseln"},"content":{"rendered":"<p><strong>T\u00e4gliche Dosierung:<\/strong> 3&#215;1 Kapsel<br \/>\n<strong>Packungsgr\u00f6\u00dfe<\/strong>: 60 St\u00fcck<br \/>\n<strong>Nettof\u00fcllmenge:<\/strong> 25,1 g<\/p>\n<p><strong>ZUTATEN:<\/strong><br \/>\nKakaopulver, Nelkenpulver (Syzygium aromaticum), Brennnesselwurzelpulver (Urtica dioica), Fenchelsamenpulver (Foeniculum vulgare), Kleinbl\u00fctiges Weidenr\u00f6schen-Krautpulver (Epilobium parviflorum), Zinkgluconat, Ginsengwurzelpulver (Panax ginseng), Kardamomsamenpulver (Elettaria cardamomum), Koffein-Anhydrat, Pyridoxinhydrochlorid, L-Selenomethionin-Pr\u00e4parat (Stabilisator: Dicalciumphosphat, L-Selenomethionin), Kapselh\u00fclle (Hydroxypropylmethylcellulose)<\/p>\n<p><strong>WIRKSTOFFE PRO TAGESDOSIS (3 KAPSELN):<\/strong><br \/>\nNelke: 130,8 mg; Brennnesselwurzel: 130,8 mg; Fenchel: 130,8 mg; Kleinbl\u00fctiges Weidenr\u00f6schen: 130,8 mg; Zink: 18,5 mg (NRV* 184%); Ginseng: 41,2 mg; Kardamom: 41,2 mg; Koffein: 30,6 mg; Vitamin B6: 2,4 mg (NRV* 171%); Selen: 101 \u00b5g (NRV* 185%)<br \/>\n*NRV = Referenzmenge f\u00fcr die t\u00e4gliche Zufuhr bei Erwachsenen<\/p>\n<p><strong>WARNHINWEISE:<\/strong><br \/>\nDie angegebene empfohlene t\u00e4gliche Verzehrmenge darf nicht \u00fcberschritten werden.<br \/>\nAu\u00dferhalb der Reichweite von Kindern aufbewahren.<br \/>\nDas Produkt ersetzt nicht eine ausgewogene, abwechslungsreiche Ern\u00e4hrung und einen gesunden Lebensstil. Nicht empfohlen f\u00fcr Personen unter 18 Jahren. Nicht geeignet f\u00fcr koffeinempfindliche Personen.<\/p>\n<p><strong>LAGERUNG:<\/strong> Bei Raumtemperatur, vor direkter Sonneneinstrahlung gesch\u00fctzt und in geschlossener Verpackung lagern.<\/p>\n<p><strong>Vom Ungarisches Nationales Zentrum f\u00fcr \u00f6ffentliche Gesundheit und Pharmazie (NNGYK) notifiziertes Produkt<\/strong><\/p>\n","protected":false},"excerpt":{"rendered":"<p>&nbsp;<\/p>\n<p><strong>Zur Erhaltung der m\u00e4nnlichen Vitalit\u00e4t<\/strong><\/p>\n<p><strong>Gy\u00f6rgytea Nahrungserg\u00e4nzungsmittel f\u00fcr M\u00e4nner \u2013 mit Heilkr\u00e4utern, Selen, Zink und Vitamin B6<\/strong><\/p>\n<p>Nelken tragen zur Erhaltung der Libido bei. Zink spielt eine Rolle bei der Aufrechterhaltung der normalen Fruchtbarkeit und Fortpflanzung sowie bei der Aufrechterhaltung eines normalen Testosteronspiegels im Blut. Selen ist an der normalen Spermienbildung beteiligt. Vitamin B6 tr\u00e4gt zur Regulierung der hormonellen Aktivit\u00e4t bei.<\/p>\n<p><strong>Enth\u00e4lt Koffein<\/strong>. F\u00fcr Kinder und schwangere Frauen nicht empfohlen.<br \/>\nKoffeingehalt: 30,6 mg\/empfohlene Tagesdosis.<\/p>\n<p>Empfohlen vom <strong>Ungarischen Verband der Naturheilkundler.<br \/>\n<\/strong><\/p>\n<p><strong>Nettof\u00fcllmenge:<\/strong> 25,1 g<\/p>\n","protected":false},"featured_media":15919,"comment_status":"closed","ping_status":"closed","template":"","meta":{"_acf_changed":false},"product_brand":[],"product_cat":[378],"product_tag":[],"class_list":{"0":"post-15012","1":"product","2":"type-product","3":"status-publish","4":"has-post-thumbnail","6":"product_cat-kraeuterkapseln","7":"sales-flash-overlay","8":"woocommerce-text-align-center","9":"woocommerce-image-align-center","10":"do-quantity-buttons","12":"first","13":"instock","14":"taxable","15":"shipping-taxable","16":"purchasable","17":"product-type-simple"},"acf":{"blog_termekleiras":""},"yoast_head":"<!-- This site is optimized with the Yoast SEO plugin v26.9 - https:\/\/yoast.com\/product\/yoast-seo-wordpress\/ -->\n<title>Gy\u00f6rgytea M\u00e4nnerkapseln &#8211; B\u00fckki Gy\u00f3gytea Web\u00e1ruh\u00e1z<\/title>\n<meta name=\"description\" content=\"Gy\u00f6rgytea Nahrungserg\u00e4nzungsmittel f\u00fcr M\u00e4nner \u2013 mit Heilkr\u00e4utern, Selen, Zink und Vitamin B6\" \/>\n<meta name=\"robots\" content=\"index, follow, max-snippet:-1, max-image-preview:large, max-video-preview:-1\" \/>\n<link rel=\"canonical\" href=\"https:\/\/bukkigyogytea.com\/de\/produkt\/gyoergytea-maennerkapseln\/\" \/>\n<meta property=\"og:locale\" content=\"de_DE\" \/>\n<meta property=\"og:type\" content=\"article\" \/>\n<meta property=\"og:title\" content=\"Gy\u00f6rgytea M\u00e4nnerkapseln &#8211; B\u00fckki Gy\u00f3gytea Web\u00e1ruh\u00e1z\" \/>\n<meta property=\"og:description\" content=\"Gy\u00f6rgytea Nahrungserg\u00e4nzungsmittel f\u00fcr M\u00e4nner \u2013 mit Heilkr\u00e4utern, Selen, Zink und Vitamin B6\" \/>\n<meta property=\"og:url\" content=\"https:\/\/bukkigyogytea.com\/de\/produkt\/gyoergytea-maennerkapseln\/\" \/>\n<meta property=\"og:site_name\" content=\"B\u00fckki Gy\u00f3gytea Web\u00e1ruh\u00e1z\" \/>\n<meta property=\"article:publisher\" content=\"https:\/\/www.facebook.com\/bukkigyogytea\/\" \/>\n<meta property=\"article:modified_time\" content=\"2025-11-01T22:02:40+00:00\" \/>\n<meta property=\"og:image\" content=\"https:\/\/bukkigyogytea.com\/wp-content\/uploads\/2025\/08\/Ferfi-kapszula-1024x536.jpg\" \/>\n<meta name=\"twitter:card\" content=\"summary_large_image\" \/>\n<meta name=\"twitter:label1\" content=\"Gesch\u00e4tzte Lesezeit\" \/>\n\t<meta name=\"twitter:data1\" content=\"1\u00a0Minute\" \/>\n<script type=\"application\/ld+json\" class=\"yoast-schema-graph\">{\"@context\":\"https:\/\/schema.org\",\"@graph\":[{\"@type\":\"WebPage\",\"@id\":\"https:\/\/bukkigyogytea.com\/de\/produkt\/gyoergytea-maennerkapseln\/\",\"url\":\"https:\/\/bukkigyogytea.com\/de\/produkt\/gyoergytea-maennerkapseln\/\",\"name\":\"Gy\u00f6rgytea M\u00e4nnerkapseln &#8211; B\u00fckki Gy\u00f3gytea Web\u00e1ruh\u00e1z\",\"isPartOf\":{\"@id\":\"https:\/\/bukkigyogytea.com\/de\/#website\"},\"primaryImageOfPage\":{\"@id\":\"https:\/\/bukkigyogytea.com\/de\/produkt\/gyoergytea-maennerkapseln\/#primaryimage\"},\"image\":{\"@id\":\"https:\/\/bukkigyogytea.com\/de\/produkt\/gyoergytea-maennerkapseln\/#primaryimage\"},\"thumbnailUrl\":\"https:\/\/bukkigyogytea.com\/wp-content\/uploads\/2025\/08\/Gyogynoveny-kapszula-ferfi_gyb_termek-\u2013-nagy-\u2013-kozepes.png\",\"datePublished\":\"2025-08-18T15:59:38+00:00\",\"dateModified\":\"2025-11-01T22:02:40+00:00\",\"description\":\"Gy\u00f6rgytea Nahrungserg\u00e4nzungsmittel f\u00fcr M\u00e4nner \u2013 mit Heilkr\u00e4utern, Selen, Zink und Vitamin B6\",\"breadcrumb\":{\"@id\":\"https:\/\/bukkigyogytea.com\/de\/produkt\/gyoergytea-maennerkapseln\/#breadcrumb\"},\"inLanguage\":\"de\",\"potentialAction\":[{\"@type\":\"ReadAction\",\"target\":[\"https:\/\/bukkigyogytea.com\/de\/produkt\/gyoergytea-maennerkapseln\/\"]}]},{\"@type\":\"ImageObject\",\"inLanguage\":\"de\",\"@id\":\"https:\/\/bukkigyogytea.com\/de\/produkt\/gyoergytea-maennerkapseln\/#primaryimage\",\"url\":\"https:\/\/bukkigyogytea.com\/wp-content\/uploads\/2025\/08\/Gyogynoveny-kapszula-ferfi_gyb_termek-\u2013-nagy-\u2013-kozepes.png\",\"contentUrl\":\"https:\/\/bukkigyogytea.com\/wp-content\/uploads\/2025\/08\/Gyogynoveny-kapszula-ferfi_gyb_termek-\u2013-nagy-\u2013-kozepes.png\",\"width\":640,\"height\":640,\"caption\":\"Gy\u00f6rgytea M\u00e4nnerkapseln\"},{\"@type\":\"BreadcrumbList\",\"@id\":\"https:\/\/bukkigyogytea.com\/de\/produkt\/gyoergytea-maennerkapseln\/#breadcrumb\",\"itemListElement\":[{\"@type\":\"ListItem\",\"position\":1,\"name\":\"Home\",\"item\":\"https:\/\/bukkigyogytea.com\/de\/\"},{\"@type\":\"ListItem\",\"position\":2,\"name\":\"Produkte\",\"item\":\"https:\/\/bukkigyogytea.com\/de\/shop\/\"},{\"@type\":\"ListItem\",\"position\":3,\"name\":\"Kr\u00e4uterkapseln\",\"item\":\"https:\/\/bukkigyogytea.com\/de\/Produktkategorie\/kraeuterkapseln\/\"},{\"@type\":\"ListItem\",\"position\":4,\"name\":\"Gy\u00f6rgytea M\u00e4nnerkapseln\"}]},{\"@type\":\"WebSite\",\"@id\":\"https:\/\/bukkigyogytea.com\/de\/#website\",\"url\":\"https:\/\/bukkigyogytea.com\/de\/\",\"name\":\"B\u00fckki Gy\u00f3gytea Web\u00e1ruh\u00e1z\",\"description\":\"Gy\u00f6rgytea hivatalos viszontelad\u00f3\",\"publisher\":{\"@id\":\"https:\/\/bukkigyogytea.com\/de\/#organization\"},\"potentialAction\":[{\"@type\":\"SearchAction\",\"target\":{\"@type\":\"EntryPoint\",\"urlTemplate\":\"https:\/\/bukkigyogytea.com\/de\/?s={search_term_string}\"},\"query-input\":{\"@type\":\"PropertyValueSpecification\",\"valueRequired\":true,\"valueName\":\"search_term_string\"}}],\"inLanguage\":\"de\"},{\"@type\":\"Organization\",\"@id\":\"https:\/\/bukkigyogytea.com\/de\/#organization\",\"name\":\"B\u00fckki Gy\u00f3gytea Web\u00e1ruh\u00e1z\",\"url\":\"https:\/\/bukkigyogytea.com\/de\/\",\"logo\":{\"@type\":\"ImageObject\",\"inLanguage\":\"de\",\"@id\":\"https:\/\/bukkigyogytea.com\/de\/#\/schema\/logo\/image\/\",\"url\":\"https:\/\/i0.wp.com\/bukkigyogytea.com\/wp-content\/uploads\/2020\/05\/Sitelogo-1.jpg?fit=350%2C85&ssl=1\",\"contentUrl\":\"https:\/\/i0.wp.com\/bukkigyogytea.com\/wp-content\/uploads\/2020\/05\/Sitelogo-1.jpg?fit=350%2C85&ssl=1\",\"width\":350,\"height\":85,\"caption\":\"B\u00fckki Gy\u00f3gytea Web\u00e1ruh\u00e1z\"},\"image\":{\"@id\":\"https:\/\/bukkigyogytea.com\/de\/#\/schema\/logo\/image\/\"},\"sameAs\":[\"https:\/\/www.facebook.com\/bukkigyogytea\/\"]}]}<\/script>\n<!-- \/ Yoast SEO plugin. -->","yoast_head_json":{"title":"Gy\u00f6rgytea M\u00e4nnerkapseln &#8211; B\u00fckki Gy\u00f3gytea Web\u00e1ruh\u00e1z","description":"Gy\u00f6rgytea Nahrungserg\u00e4nzungsmittel f\u00fcr M\u00e4nner \u2013 mit Heilkr\u00e4utern, Selen, Zink und Vitamin B6","robots":{"index":"index","follow":"follow","max-snippet":"max-snippet:-1","max-image-preview":"max-image-preview:large","max-video-preview":"max-video-preview:-1"},"canonical":"https:\/\/bukkigyogytea.com\/de\/produkt\/gyoergytea-maennerkapseln\/","og_locale":"de_DE","og_type":"article","og_title":"Gy\u00f6rgytea M\u00e4nnerkapseln &#8211; B\u00fckki Gy\u00f3gytea Web\u00e1ruh\u00e1z","og_description":"Gy\u00f6rgytea Nahrungserg\u00e4nzungsmittel f\u00fcr M\u00e4nner \u2013 mit Heilkr\u00e4utern, Selen, Zink und Vitamin B6","og_url":"https:\/\/bukkigyogytea.com\/de\/produkt\/gyoergytea-maennerkapseln\/","og_site_name":"B\u00fckki Gy\u00f3gytea Web\u00e1ruh\u00e1z","article_publisher":"https:\/\/www.facebook.com\/bukkigyogytea\/","article_modified_time":"2025-11-01T22:02:40+00:00","og_image":[{"url":"https:\/\/bukkigyogytea.com\/wp-content\/uploads\/2025\/08\/Ferfi-kapszula-1024x536.jpg","type":"","width":"","height":""}],"twitter_card":"summary_large_image","twitter_misc":{"Gesch\u00e4tzte Lesezeit":"1\u00a0Minute"},"schema":{"@context":"https:\/\/schema.org","@graph":[{"@type":"WebPage","@id":"https:\/\/bukkigyogytea.com\/de\/produkt\/gyoergytea-maennerkapseln\/","url":"https:\/\/bukkigyogytea.com\/de\/produkt\/gyoergytea-maennerkapseln\/","name":"Gy\u00f6rgytea M\u00e4nnerkapseln &#8211; B\u00fckki Gy\u00f3gytea Web\u00e1ruh\u00e1z","isPartOf":{"@id":"https:\/\/bukkigyogytea.com\/de\/#website"},"primaryImageOfPage":{"@id":"https:\/\/bukkigyogytea.com\/de\/produkt\/gyoergytea-maennerkapseln\/#primaryimage"},"image":{"@id":"https:\/\/bukkigyogytea.com\/de\/produkt\/gyoergytea-maennerkapseln\/#primaryimage"},"thumbnailUrl":"https:\/\/bukkigyogytea.com\/wp-content\/uploads\/2025\/08\/Gyogynoveny-kapszula-ferfi_gyb_termek-\u2013-nagy-\u2013-kozepes.png","datePublished":"2025-08-18T15:59:38+00:00","dateModified":"2025-11-01T22:02:40+00:00","description":"Gy\u00f6rgytea Nahrungserg\u00e4nzungsmittel f\u00fcr M\u00e4nner \u2013 mit Heilkr\u00e4utern, Selen, Zink und Vitamin B6","breadcrumb":{"@id":"https:\/\/bukkigyogytea.com\/de\/produkt\/gyoergytea-maennerkapseln\/#breadcrumb"},"inLanguage":"de","potentialAction":[{"@type":"ReadAction","target":["https:\/\/bukkigyogytea.com\/de\/produkt\/gyoergytea-maennerkapseln\/"]}]},{"@type":"ImageObject","inLanguage":"de","@id":"https:\/\/bukkigyogytea.com\/de\/produkt\/gyoergytea-maennerkapseln\/#primaryimage","url":"https:\/\/bukkigyogytea.com\/wp-content\/uploads\/2025\/08\/Gyogynoveny-kapszula-ferfi_gyb_termek-\u2013-nagy-\u2013-kozepes.png","contentUrl":"https:\/\/bukkigyogytea.com\/wp-content\/uploads\/2025\/08\/Gyogynoveny-kapszula-ferfi_gyb_termek-\u2013-nagy-\u2013-kozepes.png","width":640,"height":640,"caption":"Gy\u00f6rgytea M\u00e4nnerkapseln"},{"@type":"BreadcrumbList","@id":"https:\/\/bukkigyogytea.com\/de\/produkt\/gyoergytea-maennerkapseln\/#breadcrumb","itemListElement":[{"@type":"ListItem","position":1,"name":"Home","item":"https:\/\/bukkigyogytea.com\/de\/"},{"@type":"ListItem","position":2,"name":"Produkte","item":"https:\/\/bukkigyogytea.com\/de\/shop\/"},{"@type":"ListItem","position":3,"name":"Kr\u00e4uterkapseln","item":"https:\/\/bukkigyogytea.com\/de\/Produktkategorie\/kraeuterkapseln\/"},{"@type":"ListItem","position":4,"name":"Gy\u00f6rgytea M\u00e4nnerkapseln"}]},{"@type":"WebSite","@id":"https:\/\/bukkigyogytea.com\/de\/#website","url":"https:\/\/bukkigyogytea.com\/de\/","name":"B\u00fckki Gy\u00f3gytea Web\u00e1ruh\u00e1z","description":"Gy\u00f6rgytea hivatalos viszontelad\u00f3","publisher":{"@id":"https:\/\/bukkigyogytea.com\/de\/#organization"},"potentialAction":[{"@type":"SearchAction","target":{"@type":"EntryPoint","urlTemplate":"https:\/\/bukkigyogytea.com\/de\/?s={search_term_string}"},"query-input":{"@type":"PropertyValueSpecification","valueRequired":true,"valueName":"search_term_string"}}],"inLanguage":"de"},{"@type":"Organization","@id":"https:\/\/bukkigyogytea.com\/de\/#organization","name":"B\u00fckki Gy\u00f3gytea Web\u00e1ruh\u00e1z","url":"https:\/\/bukkigyogytea.com\/de\/","logo":{"@type":"ImageObject","inLanguage":"de","@id":"https:\/\/bukkigyogytea.com\/de\/#\/schema\/logo\/image\/","url":"https:\/\/i0.wp.com\/bukkigyogytea.com\/wp-content\/uploads\/2020\/05\/Sitelogo-1.jpg?fit=350%2C85&ssl=1","contentUrl":"https:\/\/i0.wp.com\/bukkigyogytea.com\/wp-content\/uploads\/2020\/05\/Sitelogo-1.jpg?fit=350%2C85&ssl=1","width":350,"height":85,"caption":"B\u00fckki Gy\u00f3gytea Web\u00e1ruh\u00e1z"},"image":{"@id":"https:\/\/bukkigyogytea.com\/de\/#\/schema\/logo\/image\/"},"sameAs":["https:\/\/www.facebook.com\/bukkigyogytea\/"]}]}},"publishpress_future_action":{"enabled":false,"date":"2026-04-22 22:55:00","action":"change-status","newStatus":"draft","terms":[],"taxonomy":"product_type","extraData":[]},"publishpress_future_workflow_manual_trigger":{"enabledWorkflows":[]},"_links":{"self":[{"href":"https:\/\/bukkigyogytea.com\/de\/wp-json\/wp\/v2\/product\/15012","targetHints":{"allow":["GET"]}}],"collection":[{"href":"https:\/\/bukkigyogytea.com\/de\/wp-json\/wp\/v2\/product"}],"about":[{"href":"https:\/\/bukkigyogytea.com\/de\/wp-json\/wp\/v2\/types\/product"}],"replies":[{"embeddable":true,"href":"https:\/\/bukkigyogytea.com\/de\/wp-json\/wp\/v2\/comments?post=15012"}],"wp:featuredmedia":[{"embeddable":true,"href":"https:\/\/bukkigyogytea.com\/de\/wp-json\/wp\/v2\/media\/15919"}],"wp:attachment":[{"href":"https:\/\/bukkigyogytea.com\/de\/wp-json\/wp\/v2\/media?parent=15012"}],"wp:term":[{"taxonomy":"product_brand","embeddable":true,"href":"https:\/\/bukkigyogytea.com\/de\/wp-json\/wp\/v2\/product_brand?post=15012"},{"taxonomy":"product_cat","embeddable":true,"href":"https:\/\/bukkigyogytea.com\/de\/wp-json\/wp\/v2\/product_cat?post=15012"},{"taxonomy":"product_tag","embeddable":true,"href":"https:\/\/bukkigyogytea.com\/de\/wp-json\/wp\/v2\/product_tag?post=15012"}],"curies":[{"name":"wp","href":"https:\/\/api.w.org\/{rel}","templated":true}]}}