{"id":11535,"date":"2025-03-01T00:05:52","date_gmt":"2025-02-28T23:05:52","guid":{"rendered":"https:\/\/bukkigyogytea.com\/termek\/fruehlingspaket\/"},"modified":"2026-02-28T14:54:47","modified_gmt":"2026-02-28T13:54:47","slug":"fruehlingspaket","status":"publish","type":"product","link":"https:\/\/bukkigyogytea.com\/de\/produkt\/fruehlingspaket\/","title":{"rendered":"Fr\u00fchlingspaket"},"content":{"rendered":"<p>Jedes Jahr nehmen mehr und mehr Menschen am Gy\u00f6rgytea-Gesundheitsprogramm teil. Wichtige Bestandteile des Programms sind der <strong>Gesundheitskalender<\/strong> und die darauf basierenden Quartalspakete. Mit dem Jahresgesundheitskalender k\u00f6nnen wir zu jeder Jahreszeit mit den richtigen Kr\u00e4utern zu einer normalen Funktion unseres K\u00f6rpers beitragen. Die viertelj\u00e4hrlichen Gesundheitspakete (Winter-, Fr\u00fchlings-, Sommer- und Herbstpakete) werden nach dem Gy\u00f6rgytea-Kalender zusammengestellt, in dem Sie alle f\u00fcr das Quartal empfohlenen Kr\u00e4utertees und Extrakte finden. Diese Pakete sind so konzipiert, dass der Inhalt jedes Pakets f\u00fcr eine Person f\u00fcr 3 Monate ausreicht. Sie m\u00fcssen nicht mehr nach den richtigen Produkten suchen, die Sie f\u00fcr das Programm ben\u00f6tigen, denn Sie finden alles in einem praktischen Paket. Und Sie k\u00f6nnen diese Pakete zu g\u00fcnstigen Preisen in unserem E-Shop besorgen.<\/p>\n<p>Das 2. Quartalspaket des Gesundheitsschutzprogramms ist das FR\u00dcHLINGSPAKET. Das Paket enth\u00e4lt alle einzigartigen Tees, Teemischungen und Kr\u00e4uterextrakte, die der &#8222;b\u00fckkische Kr\u00e4utersammler&#8220;, Gy\u00f6rgy Szab\u00f3 und seine Tochter Zsuzsa f\u00fcr die Monate APRIL, MAI und JUNI empfehlen.<\/p>\n<p><strong>Inhalt<\/strong><\/p>\n<ul>\n<li class=\"li1\">Zitronengrasbl\u00e4tter 40 g<\/li>\n<li class=\"li1\">Brennnesselblatt Teemischung\u00a050 g<\/li>\n<li class=\"li1\">Wei\u00dfdornblatt alkoholischer Extrakt<\/li>\n<li class=\"li1\">Vogelmiere Beutelteemischung<\/li>\n<li class=\"li1\">Gy\u00f6rgytea Ruhe-Kapseln<\/li>\n<li class=\"li1\">B\u00fckkzauber<\/li>\n<\/ul>\n<p>Empfohlene Dosierung von Produkten aus dem Gesundheitsschutzprogramm: Kr\u00e4utertees &#8211; 1 Tasse t\u00e4glich, vorzugsweise vor einer Mahlzeit.<\/p>\n<p>Die Teilnahme am Gesundheitsschutzprogramm wird w\u00e4hrend der Schwangerschaft und Stillzeit sowie f\u00fcr Kinder unter 14 Jahren nicht empfohlen.<\/p>\n<p>An einem k\u00fchlen, trockenen Ort und au\u00dfer Reichweite von Kindern aufbewahren.<\/p>\n","protected":false},"excerpt":{"rendered":"<p>Gesundheitspaket f\u00fcr das 2. Quartal 2026 + Kalender zum Herunterladen<\/p>\n","protected":false},"featured_media":17971,"comment_status":"closed","ping_status":"closed","template":"","meta":{"_acf_changed":false},"product_brand":[],"product_cat":[203],"product_tag":[],"class_list":{"0":"post-11535","1":"product","2":"type-product","3":"status-publish","4":"has-post-thumbnail","6":"product_cat-gesundheitsprogramm","7":"sales-flash-overlay","8":"woocommerce-text-align-center","9":"woocommerce-image-align-center","10":"do-quantity-buttons","11":"wc-has-gallery","13":"first","14":"instock","15":"sale","16":"downloadable","17":"taxable","18":"shipping-taxable","19":"purchasable","20":"product-type-simple"},"acf":{"blog_termekleiras":""},"yoast_head":"<!-- This site is optimized with the Yoast SEO plugin v26.9 - https:\/\/yoast.com\/product\/yoast-seo-wordpress\/ -->\n<title>Fr\u00fchlingspaket &#8211; B\u00fckki Gy\u00f3gytea Web\u00e1ruh\u00e1z<\/title>\n<meta name=\"description\" content=\"Das 2. Quartalspaket des Gesundheitsschutzprogramms ist das FR\u00dcHLINGSPAKET. Das Paket enth\u00e4lt alle einzigartigen Tees, Teemischungen und Kr\u00e4uterextrakte, die wir f\u00fcr die Monate APRIL, MAI und JUNI empfehlen.\" \/>\n<meta name=\"robots\" content=\"index, follow, max-snippet:-1, max-image-preview:large, max-video-preview:-1\" \/>\n<link rel=\"canonical\" href=\"https:\/\/bukkigyogytea.com\/de\/produkt\/fruehlingspaket\/\" \/>\n<meta property=\"og:locale\" content=\"de_DE\" \/>\n<meta property=\"og:type\" content=\"article\" \/>\n<meta property=\"og:title\" content=\"Fr\u00fchlingspaket &#8211; B\u00fckki Gy\u00f3gytea Web\u00e1ruh\u00e1z\" \/>\n<meta property=\"og:description\" content=\"Das 2. Quartalspaket des Gesundheitsschutzprogramms ist das FR\u00dcHLINGSPAKET. Das Paket enth\u00e4lt alle einzigartigen Tees, Teemischungen und Kr\u00e4uterextrakte, die wir f\u00fcr die Monate APRIL, MAI und JUNI empfehlen.\" \/>\n<meta property=\"og:url\" content=\"https:\/\/bukkigyogytea.com\/de\/produkt\/fruehlingspaket\/\" \/>\n<meta property=\"og:site_name\" content=\"B\u00fckki Gy\u00f3gytea Web\u00e1ruh\u00e1z\" \/>\n<meta property=\"article:publisher\" content=\"https:\/\/www.facebook.com\/bukkigyogytea\/\" \/>\n<meta property=\"article:modified_time\" content=\"2026-02-28T13:54:47+00:00\" \/>\n<meta property=\"og:image\" content=\"https:\/\/bukkigyogytea.com\/wp-content\/uploads\/2023\/12\/Tavaszi-csomag-1024x536.jpg\" \/>\n<meta name=\"twitter:card\" content=\"summary_large_image\" \/>\n<meta name=\"twitter:label1\" content=\"Gesch\u00e4tzte Lesezeit\" \/>\n\t<meta name=\"twitter:data1\" content=\"2\u00a0Minuten\" \/>\n<script type=\"application\/ld+json\" class=\"yoast-schema-graph\">{\"@context\":\"https:\/\/schema.org\",\"@graph\":[{\"@type\":\"WebPage\",\"@id\":\"https:\/\/bukkigyogytea.com\/de\/produkt\/fruehlingspaket\/\",\"url\":\"https:\/\/bukkigyogytea.com\/de\/produkt\/fruehlingspaket\/\",\"name\":\"Fr\u00fchlingspaket &#8211; B\u00fckki Gy\u00f3gytea Web\u00e1ruh\u00e1z\",\"isPartOf\":{\"@id\":\"https:\/\/bukkigyogytea.com\/de\/#website\"},\"primaryImageOfPage\":{\"@id\":\"https:\/\/bukkigyogytea.com\/de\/produkt\/fruehlingspaket\/#primaryimage\"},\"image\":{\"@id\":\"https:\/\/bukkigyogytea.com\/de\/produkt\/fruehlingspaket\/#primaryimage\"},\"thumbnailUrl\":\"https:\/\/bukkigyogytea.com\/wp-content\/uploads\/2025\/03\/egvedo-tavaszi-t.png\",\"datePublished\":\"2025-02-28T23:05:52+00:00\",\"dateModified\":\"2026-02-28T13:54:47+00:00\",\"description\":\"Das 2. Quartalspaket des Gesundheitsschutzprogramms ist das FR\u00dcHLINGSPAKET. Das Paket enth\u00e4lt alle einzigartigen Tees, Teemischungen und Kr\u00e4uterextrakte, die wir f\u00fcr die Monate APRIL, MAI und JUNI empfehlen.\",\"breadcrumb\":{\"@id\":\"https:\/\/bukkigyogytea.com\/de\/produkt\/fruehlingspaket\/#breadcrumb\"},\"inLanguage\":\"de\",\"potentialAction\":[{\"@type\":\"ReadAction\",\"target\":[\"https:\/\/bukkigyogytea.com\/de\/produkt\/fruehlingspaket\/\"]}]},{\"@type\":\"ImageObject\",\"inLanguage\":\"de\",\"@id\":\"https:\/\/bukkigyogytea.com\/de\/produkt\/fruehlingspaket\/#primaryimage\",\"url\":\"https:\/\/bukkigyogytea.com\/wp-content\/uploads\/2025\/03\/egvedo-tavaszi-t.png\",\"contentUrl\":\"https:\/\/bukkigyogytea.com\/wp-content\/uploads\/2025\/03\/egvedo-tavaszi-t.png\",\"width\":900,\"height\":900},{\"@type\":\"BreadcrumbList\",\"@id\":\"https:\/\/bukkigyogytea.com\/de\/produkt\/fruehlingspaket\/#breadcrumb\",\"itemListElement\":[{\"@type\":\"ListItem\",\"position\":1,\"name\":\"Home\",\"item\":\"https:\/\/bukkigyogytea.com\/de\/\"},{\"@type\":\"ListItem\",\"position\":2,\"name\":\"Produkte\",\"item\":\"https:\/\/bukkigyogytea.com\/de\/shop\/\"},{\"@type\":\"ListItem\",\"position\":3,\"name\":\"Gesundheitsprogramm\",\"item\":\"https:\/\/bukkigyogytea.com\/de\/Produktkategorie\/gesundheitsprogramm\/\"},{\"@type\":\"ListItem\",\"position\":4,\"name\":\"Fr\u00fchlingspaket\"}]},{\"@type\":\"WebSite\",\"@id\":\"https:\/\/bukkigyogytea.com\/de\/#website\",\"url\":\"https:\/\/bukkigyogytea.com\/de\/\",\"name\":\"B\u00fckki Gy\u00f3gytea Web\u00e1ruh\u00e1z\",\"description\":\"Gy\u00f6rgytea hivatalos viszontelad\u00f3\",\"publisher\":{\"@id\":\"https:\/\/bukkigyogytea.com\/de\/#organization\"},\"potentialAction\":[{\"@type\":\"SearchAction\",\"target\":{\"@type\":\"EntryPoint\",\"urlTemplate\":\"https:\/\/bukkigyogytea.com\/de\/?s={search_term_string}\"},\"query-input\":{\"@type\":\"PropertyValueSpecification\",\"valueRequired\":true,\"valueName\":\"search_term_string\"}}],\"inLanguage\":\"de\"},{\"@type\":\"Organization\",\"@id\":\"https:\/\/bukkigyogytea.com\/de\/#organization\",\"name\":\"B\u00fckki Gy\u00f3gytea Web\u00e1ruh\u00e1z\",\"url\":\"https:\/\/bukkigyogytea.com\/de\/\",\"logo\":{\"@type\":\"ImageObject\",\"inLanguage\":\"de\",\"@id\":\"https:\/\/bukkigyogytea.com\/de\/#\/schema\/logo\/image\/\",\"url\":\"https:\/\/i0.wp.com\/bukkigyogytea.com\/wp-content\/uploads\/2020\/05\/Sitelogo-1.jpg?fit=350%2C85&ssl=1\",\"contentUrl\":\"https:\/\/i0.wp.com\/bukkigyogytea.com\/wp-content\/uploads\/2020\/05\/Sitelogo-1.jpg?fit=350%2C85&ssl=1\",\"width\":350,\"height\":85,\"caption\":\"B\u00fckki Gy\u00f3gytea Web\u00e1ruh\u00e1z\"},\"image\":{\"@id\":\"https:\/\/bukkigyogytea.com\/de\/#\/schema\/logo\/image\/\"},\"sameAs\":[\"https:\/\/www.facebook.com\/bukkigyogytea\/\"]}]}<\/script>\n<!-- \/ Yoast SEO plugin. -->","yoast_head_json":{"title":"Fr\u00fchlingspaket &#8211; B\u00fckki Gy\u00f3gytea Web\u00e1ruh\u00e1z","description":"Das 2. Quartalspaket des Gesundheitsschutzprogramms ist das FR\u00dcHLINGSPAKET. Das Paket enth\u00e4lt alle einzigartigen Tees, Teemischungen und Kr\u00e4uterextrakte, die wir f\u00fcr die Monate APRIL, MAI und JUNI empfehlen.","robots":{"index":"index","follow":"follow","max-snippet":"max-snippet:-1","max-image-preview":"max-image-preview:large","max-video-preview":"max-video-preview:-1"},"canonical":"https:\/\/bukkigyogytea.com\/de\/produkt\/fruehlingspaket\/","og_locale":"de_DE","og_type":"article","og_title":"Fr\u00fchlingspaket &#8211; B\u00fckki Gy\u00f3gytea Web\u00e1ruh\u00e1z","og_description":"Das 2. Quartalspaket des Gesundheitsschutzprogramms ist das FR\u00dcHLINGSPAKET. Das Paket enth\u00e4lt alle einzigartigen Tees, Teemischungen und Kr\u00e4uterextrakte, die wir f\u00fcr die Monate APRIL, MAI und JUNI empfehlen.","og_url":"https:\/\/bukkigyogytea.com\/de\/produkt\/fruehlingspaket\/","og_site_name":"B\u00fckki Gy\u00f3gytea Web\u00e1ruh\u00e1z","article_publisher":"https:\/\/www.facebook.com\/bukkigyogytea\/","article_modified_time":"2026-02-28T13:54:47+00:00","og_image":[{"url":"https:\/\/bukkigyogytea.com\/wp-content\/uploads\/2023\/12\/Tavaszi-csomag-1024x536.jpg","type":"","width":"","height":""}],"twitter_card":"summary_large_image","twitter_misc":{"Gesch\u00e4tzte Lesezeit":"2\u00a0Minuten"},"schema":{"@context":"https:\/\/schema.org","@graph":[{"@type":"WebPage","@id":"https:\/\/bukkigyogytea.com\/de\/produkt\/fruehlingspaket\/","url":"https:\/\/bukkigyogytea.com\/de\/produkt\/fruehlingspaket\/","name":"Fr\u00fchlingspaket &#8211; B\u00fckki Gy\u00f3gytea Web\u00e1ruh\u00e1z","isPartOf":{"@id":"https:\/\/bukkigyogytea.com\/de\/#website"},"primaryImageOfPage":{"@id":"https:\/\/bukkigyogytea.com\/de\/produkt\/fruehlingspaket\/#primaryimage"},"image":{"@id":"https:\/\/bukkigyogytea.com\/de\/produkt\/fruehlingspaket\/#primaryimage"},"thumbnailUrl":"https:\/\/bukkigyogytea.com\/wp-content\/uploads\/2025\/03\/egvedo-tavaszi-t.png","datePublished":"2025-02-28T23:05:52+00:00","dateModified":"2026-02-28T13:54:47+00:00","description":"Das 2. Quartalspaket des Gesundheitsschutzprogramms ist das FR\u00dcHLINGSPAKET. Das Paket enth\u00e4lt alle einzigartigen Tees, Teemischungen und Kr\u00e4uterextrakte, die wir f\u00fcr die Monate APRIL, MAI und JUNI empfehlen.","breadcrumb":{"@id":"https:\/\/bukkigyogytea.com\/de\/produkt\/fruehlingspaket\/#breadcrumb"},"inLanguage":"de","potentialAction":[{"@type":"ReadAction","target":["https:\/\/bukkigyogytea.com\/de\/produkt\/fruehlingspaket\/"]}]},{"@type":"ImageObject","inLanguage":"de","@id":"https:\/\/bukkigyogytea.com\/de\/produkt\/fruehlingspaket\/#primaryimage","url":"https:\/\/bukkigyogytea.com\/wp-content\/uploads\/2025\/03\/egvedo-tavaszi-t.png","contentUrl":"https:\/\/bukkigyogytea.com\/wp-content\/uploads\/2025\/03\/egvedo-tavaszi-t.png","width":900,"height":900},{"@type":"BreadcrumbList","@id":"https:\/\/bukkigyogytea.com\/de\/produkt\/fruehlingspaket\/#breadcrumb","itemListElement":[{"@type":"ListItem","position":1,"name":"Home","item":"https:\/\/bukkigyogytea.com\/de\/"},{"@type":"ListItem","position":2,"name":"Produkte","item":"https:\/\/bukkigyogytea.com\/de\/shop\/"},{"@type":"ListItem","position":3,"name":"Gesundheitsprogramm","item":"https:\/\/bukkigyogytea.com\/de\/Produktkategorie\/gesundheitsprogramm\/"},{"@type":"ListItem","position":4,"name":"Fr\u00fchlingspaket"}]},{"@type":"WebSite","@id":"https:\/\/bukkigyogytea.com\/de\/#website","url":"https:\/\/bukkigyogytea.com\/de\/","name":"B\u00fckki Gy\u00f3gytea Web\u00e1ruh\u00e1z","description":"Gy\u00f6rgytea hivatalos viszontelad\u00f3","publisher":{"@id":"https:\/\/bukkigyogytea.com\/de\/#organization"},"potentialAction":[{"@type":"SearchAction","target":{"@type":"EntryPoint","urlTemplate":"https:\/\/bukkigyogytea.com\/de\/?s={search_term_string}"},"query-input":{"@type":"PropertyValueSpecification","valueRequired":true,"valueName":"search_term_string"}}],"inLanguage":"de"},{"@type":"Organization","@id":"https:\/\/bukkigyogytea.com\/de\/#organization","name":"B\u00fckki Gy\u00f3gytea Web\u00e1ruh\u00e1z","url":"https:\/\/bukkigyogytea.com\/de\/","logo":{"@type":"ImageObject","inLanguage":"de","@id":"https:\/\/bukkigyogytea.com\/de\/#\/schema\/logo\/image\/","url":"https:\/\/i0.wp.com\/bukkigyogytea.com\/wp-content\/uploads\/2020\/05\/Sitelogo-1.jpg?fit=350%2C85&ssl=1","contentUrl":"https:\/\/i0.wp.com\/bukkigyogytea.com\/wp-content\/uploads\/2020\/05\/Sitelogo-1.jpg?fit=350%2C85&ssl=1","width":350,"height":85,"caption":"B\u00fckki Gy\u00f3gytea Web\u00e1ruh\u00e1z"},"image":{"@id":"https:\/\/bukkigyogytea.com\/de\/#\/schema\/logo\/image\/"},"sameAs":["https:\/\/www.facebook.com\/bukkigyogytea\/"]}]}},"publishpress_future_action":{"enabled":false,"date":"2026-04-16 22:55:00","action":"change-status","newStatus":"draft","terms":[],"taxonomy":"product_type","extraData":[]},"publishpress_future_workflow_manual_trigger":{"enabledWorkflows":[]},"_links":{"self":[{"href":"https:\/\/bukkigyogytea.com\/de\/wp-json\/wp\/v2\/product\/11535","targetHints":{"allow":["GET"]}}],"collection":[{"href":"https:\/\/bukkigyogytea.com\/de\/wp-json\/wp\/v2\/product"}],"about":[{"href":"https:\/\/bukkigyogytea.com\/de\/wp-json\/wp\/v2\/types\/product"}],"replies":[{"embeddable":true,"href":"https:\/\/bukkigyogytea.com\/de\/wp-json\/wp\/v2\/comments?post=11535"}],"wp:featuredmedia":[{"embeddable":true,"href":"https:\/\/bukkigyogytea.com\/de\/wp-json\/wp\/v2\/media\/17971"}],"wp:attachment":[{"href":"https:\/\/bukkigyogytea.com\/de\/wp-json\/wp\/v2\/media?parent=11535"}],"wp:term":[{"taxonomy":"product_brand","embeddable":true,"href":"https:\/\/bukkigyogytea.com\/de\/wp-json\/wp\/v2\/product_brand?post=11535"},{"taxonomy":"product_cat","embeddable":true,"href":"https:\/\/bukkigyogytea.com\/de\/wp-json\/wp\/v2\/product_cat?post=11535"},{"taxonomy":"product_tag","embeddable":true,"href":"https:\/\/bukkigyogytea.com\/de\/wp-json\/wp\/v2\/product_tag?post=11535"}],"curies":[{"name":"wp","href":"https:\/\/api.w.org\/{rel}","templated":true}]}}