{"id":11424,"date":"2022-06-16T17:54:32","date_gmt":"2022-06-16T15:54:32","guid":{"rendered":"https:\/\/bukkigyogytea.com\/termek\/baby-duschgel-mit-quendelextrakt\/"},"modified":"2025-09-26T00:02:04","modified_gmt":"2025-09-25T22:02:04","slug":"baby-duschgel-mit-quendelextrakt","status":"publish","type":"product","link":"https:\/\/bukkigyogytea.com\/de\/produkt\/baby-duschgel-mit-quendelextrakt\/","title":{"rendered":"Baby Duschgel mit Quendelextrakt"},"content":{"rendered":"<p>Feuchtigkeitsspendendes Baby-Duschgel mit zartem Duft und der wohltuenden Wirkung von Quendel, Kamille und nativem Oliven\u00f6l (Extra Vergine).<\/p>\n<p>Duschgel aus nat\u00fcrlichen Komponenten, mit sanft pflegendem Oliven\u00f6l, beruhigendem Kamillenextrakt und erfrischendem Quendelextrakt<\/p>\n<p>Das Baby-Duschgel wurde ausschlie\u00dflich aus nat\u00fcrlichen Komponenten hergestellt, mit sanft pflegendem Oliven\u00f6l, beruhigendem Kamillenextrakt und erfrischendem Quendelextrakt, der die Atmung unterst\u00fctzt. Dieses Waschgel sch\u00fctzt die Haut des Babys und wirkt gleichzeitig feuchtigkeitsspendend. Ohne k\u00fcnstliche Duftstoffe, Farbstoffe und Konservierungsstoffe.<\/p>\n<h4>Anwendung beim Babybaden:<\/h4>\n<p>Duschgel in das Badewasser geben, Wassertemperatur: 35-38 Grad Celsius, optimale Dauer des Bades: von 10 bis 20 Minuten. Anwendung bei Kindern und Erwachsenen: auf die feuchte Haut auftragen, sanft einmassieren und anschlie\u00dfend absp\u00fclen.<\/p>\n<h4>Lagerung:<\/h4>\n<p>zwischen +10\u00b0C und +25\u00b0C<\/p>\n<h4>Zutaten:<\/h4>\n<p>Aqua, Sodium Cocoamphoacetate, Panthenol, Betain, Glycerin, Glyceryl Citrate\/Lactate\/Linoleate\/Oleate and Caprylohydroxamic Polyglyceryl-4 Cocoate and Polyglyceryl-3 Caprate and Glyceryl Caprylate, Caprylohydroxamic Acid, Olea Europeae Oil, Xanthan Gum, Lactic Acid, Chamomilla Recutita Flower Extract, Thymus Vulgaris Oil, Tocopheryl Acetate, Chamomilla Recutita Flower Oil, Bisabolol<\/p>\n","protected":false},"excerpt":{"rendered":"<p>Duschgel aus nat\u00fcrlichen Komponenten, mit sanft pflegendem Oliven\u00f6l, beruhigendem Kamillenextrakt und erfrischendem Quendelextrakt<\/p>\n","protected":false},"featured_media":15094,"comment_status":"closed","ping_status":"closed","template":"","meta":{"_acf_changed":false},"product_brand":[],"product_cat":[302,246],"product_tag":[],"class_list":{"0":"post-11424","1":"product","2":"type-product","3":"status-publish","4":"has-post-thumbnail","6":"product_cat-babywelt","7":"product_cat-salben-und-cremes","8":"sales-flash-overlay","9":"woocommerce-text-align-center","10":"woocommerce-image-align-center","11":"do-quantity-buttons","13":"first","14":"instock","15":"taxable","16":"shipping-taxable","17":"purchasable","18":"product-type-simple"},"acf":{"blog_termekleiras":""},"yoast_head":"<!-- This site is optimized with the Yoast SEO plugin v26.9 - https:\/\/yoast.com\/product\/yoast-seo-wordpress\/ -->\n<title>Baby Duschgel mit Quendelextrakt &#8211; B\u00fckki Gy\u00f3gytea Web\u00e1ruh\u00e1z<\/title>\n<meta name=\"description\" content=\"Duschgel aus nat\u00fcrlichen Komponenten, mit sanft pflegendem Oliven\u00f6l, beruhigendem Kamillenextrakt und erfrischendem Quendelextrakt\" \/>\n<meta name=\"robots\" content=\"index, follow, max-snippet:-1, max-image-preview:large, max-video-preview:-1\" \/>\n<link rel=\"canonical\" href=\"https:\/\/bukkigyogytea.com\/de\/produkt\/baby-duschgel-mit-quendelextrakt\/\" \/>\n<meta property=\"og:locale\" content=\"de_DE\" \/>\n<meta property=\"og:type\" content=\"article\" \/>\n<meta property=\"og:title\" content=\"Baby Duschgel mit Quendelextrakt &#8211; B\u00fckki Gy\u00f3gytea Web\u00e1ruh\u00e1z\" \/>\n<meta property=\"og:description\" content=\"Duschgel aus nat\u00fcrlichen Komponenten, mit sanft pflegendem Oliven\u00f6l, beruhigendem Kamillenextrakt und erfrischendem Quendelextrakt\" \/>\n<meta property=\"og:url\" content=\"https:\/\/bukkigyogytea.com\/de\/produkt\/baby-duschgel-mit-quendelextrakt\/\" \/>\n<meta property=\"og:site_name\" content=\"B\u00fckki Gy\u00f3gytea Web\u00e1ruh\u00e1z\" \/>\n<meta property=\"article:publisher\" content=\"https:\/\/www.facebook.com\/bukkigyogytea\/\" \/>\n<meta property=\"article:modified_time\" content=\"2025-09-25T22:02:04+00:00\" \/>\n<meta property=\"og:image\" content=\"https:\/\/bukkigyogytea.com\/wp-content\/uploads\/2022\/06\/babafurdeto.jpeg\" \/>\n<meta name=\"twitter:card\" content=\"summary_large_image\" \/>\n<meta name=\"twitter:label1\" content=\"Gesch\u00e4tzte Lesezeit\" \/>\n\t<meta name=\"twitter:data1\" content=\"1\u00a0Minute\" \/>\n<script type=\"application\/ld+json\" class=\"yoast-schema-graph\">{\"@context\":\"https:\/\/schema.org\",\"@graph\":[{\"@type\":\"WebPage\",\"@id\":\"https:\/\/bukkigyogytea.com\/de\/produkt\/baby-duschgel-mit-quendelextrakt\/\",\"url\":\"https:\/\/bukkigyogytea.com\/de\/produkt\/baby-duschgel-mit-quendelextrakt\/\",\"name\":\"Baby Duschgel mit Quendelextrakt &#8211; B\u00fckki Gy\u00f3gytea Web\u00e1ruh\u00e1z\",\"isPartOf\":{\"@id\":\"https:\/\/bukkigyogytea.com\/de\/#website\"},\"primaryImageOfPage\":{\"@id\":\"https:\/\/bukkigyogytea.com\/de\/produkt\/baby-duschgel-mit-quendelextrakt\/#primaryimage\"},\"image\":{\"@id\":\"https:\/\/bukkigyogytea.com\/de\/produkt\/baby-duschgel-mit-quendelextrakt\/#primaryimage\"},\"thumbnailUrl\":\"https:\/\/bukkigyogytea.com\/wp-content\/uploads\/2022\/06\/Kakukkfuves-babafurdeto-250ml_50ml_900px.webp\",\"datePublished\":\"2022-06-16T15:54:32+00:00\",\"dateModified\":\"2025-09-25T22:02:04+00:00\",\"description\":\"Duschgel aus nat\u00fcrlichen Komponenten, mit sanft pflegendem Oliven\u00f6l, beruhigendem Kamillenextrakt und erfrischendem Quendelextrakt\",\"breadcrumb\":{\"@id\":\"https:\/\/bukkigyogytea.com\/de\/produkt\/baby-duschgel-mit-quendelextrakt\/#breadcrumb\"},\"inLanguage\":\"de\",\"potentialAction\":[{\"@type\":\"ReadAction\",\"target\":[\"https:\/\/bukkigyogytea.com\/de\/produkt\/baby-duschgel-mit-quendelextrakt\/\"]}]},{\"@type\":\"ImageObject\",\"inLanguage\":\"de\",\"@id\":\"https:\/\/bukkigyogytea.com\/de\/produkt\/baby-duschgel-mit-quendelextrakt\/#primaryimage\",\"url\":\"https:\/\/bukkigyogytea.com\/wp-content\/uploads\/2022\/06\/Kakukkfuves-babafurdeto-250ml_50ml_900px.webp\",\"contentUrl\":\"https:\/\/bukkigyogytea.com\/wp-content\/uploads\/2022\/06\/Kakukkfuves-babafurdeto-250ml_50ml_900px.webp\",\"width\":900,\"height\":900,\"caption\":\"Kakukkf\u00fcves babaf\u00fcrdet\u0151 - 200ml + 50ml\"},{\"@type\":\"BreadcrumbList\",\"@id\":\"https:\/\/bukkigyogytea.com\/de\/produkt\/baby-duschgel-mit-quendelextrakt\/#breadcrumb\",\"itemListElement\":[{\"@type\":\"ListItem\",\"position\":1,\"name\":\"Home\",\"item\":\"https:\/\/bukkigyogytea.com\/de\/\"},{\"@type\":\"ListItem\",\"position\":2,\"name\":\"Produkte\",\"item\":\"https:\/\/bukkigyogytea.com\/de\/shop\/\"},{\"@type\":\"ListItem\",\"position\":3,\"name\":\"Babywelt\",\"item\":\"https:\/\/bukkigyogytea.com\/de\/Produktkategorie\/babywelt\/\"},{\"@type\":\"ListItem\",\"position\":4,\"name\":\"Baby Duschgel mit Quendelextrakt\"}]},{\"@type\":\"WebSite\",\"@id\":\"https:\/\/bukkigyogytea.com\/de\/#website\",\"url\":\"https:\/\/bukkigyogytea.com\/de\/\",\"name\":\"B\u00fckki Gy\u00f3gytea Web\u00e1ruh\u00e1z\",\"description\":\"Gy\u00f6rgytea hivatalos viszontelad\u00f3\",\"publisher\":{\"@id\":\"https:\/\/bukkigyogytea.com\/de\/#organization\"},\"potentialAction\":[{\"@type\":\"SearchAction\",\"target\":{\"@type\":\"EntryPoint\",\"urlTemplate\":\"https:\/\/bukkigyogytea.com\/de\/?s={search_term_string}\"},\"query-input\":{\"@type\":\"PropertyValueSpecification\",\"valueRequired\":true,\"valueName\":\"search_term_string\"}}],\"inLanguage\":\"de\"},{\"@type\":\"Organization\",\"@id\":\"https:\/\/bukkigyogytea.com\/de\/#organization\",\"name\":\"B\u00fckki Gy\u00f3gytea Web\u00e1ruh\u00e1z\",\"url\":\"https:\/\/bukkigyogytea.com\/de\/\",\"logo\":{\"@type\":\"ImageObject\",\"inLanguage\":\"de\",\"@id\":\"https:\/\/bukkigyogytea.com\/de\/#\/schema\/logo\/image\/\",\"url\":\"https:\/\/i0.wp.com\/bukkigyogytea.com\/wp-content\/uploads\/2020\/05\/Sitelogo-1.jpg?fit=350%2C85&ssl=1\",\"contentUrl\":\"https:\/\/i0.wp.com\/bukkigyogytea.com\/wp-content\/uploads\/2020\/05\/Sitelogo-1.jpg?fit=350%2C85&ssl=1\",\"width\":350,\"height\":85,\"caption\":\"B\u00fckki Gy\u00f3gytea Web\u00e1ruh\u00e1z\"},\"image\":{\"@id\":\"https:\/\/bukkigyogytea.com\/de\/#\/schema\/logo\/image\/\"},\"sameAs\":[\"https:\/\/www.facebook.com\/bukkigyogytea\/\"]}]}<\/script>\n<!-- \/ Yoast SEO plugin. -->","yoast_head_json":{"title":"Baby Duschgel mit Quendelextrakt &#8211; B\u00fckki Gy\u00f3gytea Web\u00e1ruh\u00e1z","description":"Duschgel aus nat\u00fcrlichen Komponenten, mit sanft pflegendem Oliven\u00f6l, beruhigendem Kamillenextrakt und erfrischendem Quendelextrakt","robots":{"index":"index","follow":"follow","max-snippet":"max-snippet:-1","max-image-preview":"max-image-preview:large","max-video-preview":"max-video-preview:-1"},"canonical":"https:\/\/bukkigyogytea.com\/de\/produkt\/baby-duschgel-mit-quendelextrakt\/","og_locale":"de_DE","og_type":"article","og_title":"Baby Duschgel mit Quendelextrakt &#8211; B\u00fckki Gy\u00f3gytea Web\u00e1ruh\u00e1z","og_description":"Duschgel aus nat\u00fcrlichen Komponenten, mit sanft pflegendem Oliven\u00f6l, beruhigendem Kamillenextrakt und erfrischendem Quendelextrakt","og_url":"https:\/\/bukkigyogytea.com\/de\/produkt\/baby-duschgel-mit-quendelextrakt\/","og_site_name":"B\u00fckki Gy\u00f3gytea Web\u00e1ruh\u00e1z","article_publisher":"https:\/\/www.facebook.com\/bukkigyogytea\/","article_modified_time":"2025-09-25T22:02:04+00:00","og_image":[{"url":"https:\/\/bukkigyogytea.com\/wp-content\/uploads\/2022\/06\/babafurdeto.jpeg","type":"","width":"","height":""}],"twitter_card":"summary_large_image","twitter_misc":{"Gesch\u00e4tzte Lesezeit":"1\u00a0Minute"},"schema":{"@context":"https:\/\/schema.org","@graph":[{"@type":"WebPage","@id":"https:\/\/bukkigyogytea.com\/de\/produkt\/baby-duschgel-mit-quendelextrakt\/","url":"https:\/\/bukkigyogytea.com\/de\/produkt\/baby-duschgel-mit-quendelextrakt\/","name":"Baby Duschgel mit Quendelextrakt &#8211; B\u00fckki Gy\u00f3gytea Web\u00e1ruh\u00e1z","isPartOf":{"@id":"https:\/\/bukkigyogytea.com\/de\/#website"},"primaryImageOfPage":{"@id":"https:\/\/bukkigyogytea.com\/de\/produkt\/baby-duschgel-mit-quendelextrakt\/#primaryimage"},"image":{"@id":"https:\/\/bukkigyogytea.com\/de\/produkt\/baby-duschgel-mit-quendelextrakt\/#primaryimage"},"thumbnailUrl":"https:\/\/bukkigyogytea.com\/wp-content\/uploads\/2022\/06\/Kakukkfuves-babafurdeto-250ml_50ml_900px.webp","datePublished":"2022-06-16T15:54:32+00:00","dateModified":"2025-09-25T22:02:04+00:00","description":"Duschgel aus nat\u00fcrlichen Komponenten, mit sanft pflegendem Oliven\u00f6l, beruhigendem Kamillenextrakt und erfrischendem Quendelextrakt","breadcrumb":{"@id":"https:\/\/bukkigyogytea.com\/de\/produkt\/baby-duschgel-mit-quendelextrakt\/#breadcrumb"},"inLanguage":"de","potentialAction":[{"@type":"ReadAction","target":["https:\/\/bukkigyogytea.com\/de\/produkt\/baby-duschgel-mit-quendelextrakt\/"]}]},{"@type":"ImageObject","inLanguage":"de","@id":"https:\/\/bukkigyogytea.com\/de\/produkt\/baby-duschgel-mit-quendelextrakt\/#primaryimage","url":"https:\/\/bukkigyogytea.com\/wp-content\/uploads\/2022\/06\/Kakukkfuves-babafurdeto-250ml_50ml_900px.webp","contentUrl":"https:\/\/bukkigyogytea.com\/wp-content\/uploads\/2022\/06\/Kakukkfuves-babafurdeto-250ml_50ml_900px.webp","width":900,"height":900,"caption":"Kakukkf\u00fcves babaf\u00fcrdet\u0151 - 200ml + 50ml"},{"@type":"BreadcrumbList","@id":"https:\/\/bukkigyogytea.com\/de\/produkt\/baby-duschgel-mit-quendelextrakt\/#breadcrumb","itemListElement":[{"@type":"ListItem","position":1,"name":"Home","item":"https:\/\/bukkigyogytea.com\/de\/"},{"@type":"ListItem","position":2,"name":"Produkte","item":"https:\/\/bukkigyogytea.com\/de\/shop\/"},{"@type":"ListItem","position":3,"name":"Babywelt","item":"https:\/\/bukkigyogytea.com\/de\/Produktkategorie\/babywelt\/"},{"@type":"ListItem","position":4,"name":"Baby Duschgel mit Quendelextrakt"}]},{"@type":"WebSite","@id":"https:\/\/bukkigyogytea.com\/de\/#website","url":"https:\/\/bukkigyogytea.com\/de\/","name":"B\u00fckki Gy\u00f3gytea Web\u00e1ruh\u00e1z","description":"Gy\u00f6rgytea hivatalos viszontelad\u00f3","publisher":{"@id":"https:\/\/bukkigyogytea.com\/de\/#organization"},"potentialAction":[{"@type":"SearchAction","target":{"@type":"EntryPoint","urlTemplate":"https:\/\/bukkigyogytea.com\/de\/?s={search_term_string}"},"query-input":{"@type":"PropertyValueSpecification","valueRequired":true,"valueName":"search_term_string"}}],"inLanguage":"de"},{"@type":"Organization","@id":"https:\/\/bukkigyogytea.com\/de\/#organization","name":"B\u00fckki Gy\u00f3gytea Web\u00e1ruh\u00e1z","url":"https:\/\/bukkigyogytea.com\/de\/","logo":{"@type":"ImageObject","inLanguage":"de","@id":"https:\/\/bukkigyogytea.com\/de\/#\/schema\/logo\/image\/","url":"https:\/\/i0.wp.com\/bukkigyogytea.com\/wp-content\/uploads\/2020\/05\/Sitelogo-1.jpg?fit=350%2C85&ssl=1","contentUrl":"https:\/\/i0.wp.com\/bukkigyogytea.com\/wp-content\/uploads\/2020\/05\/Sitelogo-1.jpg?fit=350%2C85&ssl=1","width":350,"height":85,"caption":"B\u00fckki Gy\u00f3gytea Web\u00e1ruh\u00e1z"},"image":{"@id":"https:\/\/bukkigyogytea.com\/de\/#\/schema\/logo\/image\/"},"sameAs":["https:\/\/www.facebook.com\/bukkigyogytea\/"]}]}},"publishpress_future_action":{"enabled":false,"date":"2026-05-13 22:55:00","action":"change-status","newStatus":"draft","terms":[],"taxonomy":"product_type","extraData":[]},"publishpress_future_workflow_manual_trigger":{"enabledWorkflows":[]},"_links":{"self":[{"href":"https:\/\/bukkigyogytea.com\/de\/wp-json\/wp\/v2\/product\/11424","targetHints":{"allow":["GET"]}}],"collection":[{"href":"https:\/\/bukkigyogytea.com\/de\/wp-json\/wp\/v2\/product"}],"about":[{"href":"https:\/\/bukkigyogytea.com\/de\/wp-json\/wp\/v2\/types\/product"}],"replies":[{"embeddable":true,"href":"https:\/\/bukkigyogytea.com\/de\/wp-json\/wp\/v2\/comments?post=11424"}],"wp:featuredmedia":[{"embeddable":true,"href":"https:\/\/bukkigyogytea.com\/de\/wp-json\/wp\/v2\/media\/15094"}],"wp:attachment":[{"href":"https:\/\/bukkigyogytea.com\/de\/wp-json\/wp\/v2\/media?parent=11424"}],"wp:term":[{"taxonomy":"product_brand","embeddable":true,"href":"https:\/\/bukkigyogytea.com\/de\/wp-json\/wp\/v2\/product_brand?post=11424"},{"taxonomy":"product_cat","embeddable":true,"href":"https:\/\/bukkigyogytea.com\/de\/wp-json\/wp\/v2\/product_cat?post=11424"},{"taxonomy":"product_tag","embeddable":true,"href":"https:\/\/bukkigyogytea.com\/de\/wp-json\/wp\/v2\/product_tag?post=11424"}],"curies":[{"name":"wp","href":"https:\/\/api.w.org\/{rel}","templated":true}]}}