{"id":11423,"date":"2022-06-13T09:20:08","date_gmt":"2022-06-13T07:20:08","guid":{"rendered":"https:\/\/bukkigyogytea.com\/termek\/babycreme-mit-ringelblumenextrakt\/"},"modified":"2025-09-26T00:02:05","modified_gmt":"2025-09-25T22:02:05","slug":"babycreme-mit-ringelblumenextrakt","status":"publish","type":"product","link":"https:\/\/bukkigyogytea.com\/de\/produkt\/babycreme-mit-ringelblumenextrakt\/","title":{"rendered":"Babycreme mit Ringelblumenextrakt"},"content":{"rendered":"<p>Die Babycreme mit Ringelblumenextrakt beruhigt die Haut, macht sie weich. Zinkoxid wirkt antibakteriell und f\u00f6rdert die Wundheilung. Reichhaltige Pflanzen\u00f6le sch\u00fctzen die empfindliche Babyhaut vor dem Austrocknen. Empfohlen f\u00fcr Neugeborene und Kleinkinder mit empfindlicher Haut. Ohne k\u00fcnstliche Duftstoffe, Farbstoffe und Konservierungsstoffe.<\/p>\n<h4>Anwendung:<\/h4>\n<p>Tragen Sie die Creme nach dem Bad oder nach jedem Windelwechsel auf die betroffene Stelle auf.<\/p>\n<h4>Lagerung:<\/h4>\n<p>An einem k\u00fchlen und trockenen Ort, au\u00dfer Reichweite von Kindern aufbewahren.<\/p>\n<h4>Zutaten<strong>:<\/strong><\/h4>\n<p>Aqua, Zn oxide, Glycerin, Polygycery-6 Stearate and Polyglyceryl-6 Behenete, Panthenol, Canola Oil and Calendula Officinalis Flower Extract, Butyrospermum Parkii Butter, Olea Europaea Oil, Cetyl Alcohol, Glyceryl Stearate, Glyceryl Stearate and Ceteareth- 20 and Ceteareth \u201312 and Cetearyl Alcohol and Cetyl Palmitate, Tocopheryl Acetate, Phenoxyethanol and Ethylhexylglycerine, Xanthan Gum, Parfum<\/p>\n<p>&nbsp;<\/p>\n","protected":false},"excerpt":{"rendered":"<p>Die Babycreme mit Ringelblumenextrakt beruhigt die Haut, macht sie weich.<\/p>\n","protected":false},"featured_media":13092,"comment_status":"closed","ping_status":"closed","template":"","meta":{"_acf_changed":false},"product_brand":[],"product_cat":[302,246],"product_tag":[],"class_list":{"0":"post-11423","1":"product","2":"type-product","3":"status-publish","4":"has-post-thumbnail","6":"product_cat-babywelt","7":"product_cat-salben-und-cremes","8":"sales-flash-overlay","9":"woocommerce-text-align-center","10":"woocommerce-image-align-center","11":"do-quantity-buttons","13":"first","14":"instock","15":"taxable","16":"shipping-taxable","17":"purchasable","18":"product-type-simple"},"acf":{"blog_termekleiras":""},"yoast_head":"<!-- This site is optimized with the Yoast SEO plugin v26.9 - https:\/\/yoast.com\/product\/yoast-seo-wordpress\/ -->\n<title>Babycreme mit Ringelblumenextrakt &#8211; B\u00fckki Gy\u00f3gytea Web\u00e1ruh\u00e1z<\/title>\n<meta name=\"robots\" content=\"index, follow, max-snippet:-1, max-image-preview:large, max-video-preview:-1\" \/>\n<link rel=\"canonical\" href=\"https:\/\/bukkigyogytea.com\/de\/produkt\/babycreme-mit-ringelblumenextrakt\/\" \/>\n<meta property=\"og:locale\" content=\"de_DE\" \/>\n<meta property=\"og:type\" content=\"article\" \/>\n<meta property=\"og:title\" content=\"Babycreme mit Ringelblumenextrakt &#8211; B\u00fckki Gy\u00f3gytea Web\u00e1ruh\u00e1z\" \/>\n<meta property=\"og:description\" content=\"Die Babycreme mit Ringelblumenextrakt beruhigt die Haut, macht sie weich.\" \/>\n<meta property=\"og:url\" content=\"https:\/\/bukkigyogytea.com\/de\/produkt\/babycreme-mit-ringelblumenextrakt\/\" \/>\n<meta property=\"og:site_name\" content=\"B\u00fckki Gy\u00f3gytea Web\u00e1ruh\u00e1z\" \/>\n<meta property=\"article:publisher\" content=\"https:\/\/www.facebook.com\/bukkigyogytea\/\" \/>\n<meta property=\"article:modified_time\" content=\"2025-09-25T22:02:05+00:00\" \/>\n<meta property=\"og:image\" content=\"https:\/\/bukkigyogytea.com\/wp-content\/uploads\/2022\/06\/Babakrem-koromvirag-kivonattal.png\" \/>\n\t<meta property=\"og:image:width\" content=\"550\" \/>\n\t<meta property=\"og:image:height\" content=\"550\" \/>\n\t<meta property=\"og:image:type\" content=\"image\/png\" \/>\n<meta name=\"twitter:card\" content=\"summary_large_image\" \/>\n<meta name=\"twitter:label1\" content=\"Gesch\u00e4tzte Lesezeit\" \/>\n\t<meta name=\"twitter:data1\" content=\"1\u00a0Minute\" \/>\n<script type=\"application\/ld+json\" class=\"yoast-schema-graph\">{\"@context\":\"https:\/\/schema.org\",\"@graph\":[{\"@type\":\"WebPage\",\"@id\":\"https:\/\/bukkigyogytea.com\/de\/produkt\/babycreme-mit-ringelblumenextrakt\/\",\"url\":\"https:\/\/bukkigyogytea.com\/de\/produkt\/babycreme-mit-ringelblumenextrakt\/\",\"name\":\"Babycreme mit Ringelblumenextrakt &#8211; B\u00fckki Gy\u00f3gytea Web\u00e1ruh\u00e1z\",\"isPartOf\":{\"@id\":\"https:\/\/bukkigyogytea.com\/de\/#website\"},\"primaryImageOfPage\":{\"@id\":\"https:\/\/bukkigyogytea.com\/de\/produkt\/babycreme-mit-ringelblumenextrakt\/#primaryimage\"},\"image\":{\"@id\":\"https:\/\/bukkigyogytea.com\/de\/produkt\/babycreme-mit-ringelblumenextrakt\/#primaryimage\"},\"thumbnailUrl\":\"https:\/\/bukkigyogytea.com\/wp-content\/uploads\/2022\/06\/Babakrem-koromvirag-kivonattal.png\",\"datePublished\":\"2022-06-13T07:20:08+00:00\",\"dateModified\":\"2025-09-25T22:02:05+00:00\",\"breadcrumb\":{\"@id\":\"https:\/\/bukkigyogytea.com\/de\/produkt\/babycreme-mit-ringelblumenextrakt\/#breadcrumb\"},\"inLanguage\":\"de\",\"potentialAction\":[{\"@type\":\"ReadAction\",\"target\":[\"https:\/\/bukkigyogytea.com\/de\/produkt\/babycreme-mit-ringelblumenextrakt\/\"]}]},{\"@type\":\"ImageObject\",\"inLanguage\":\"de\",\"@id\":\"https:\/\/bukkigyogytea.com\/de\/produkt\/babycreme-mit-ringelblumenextrakt\/#primaryimage\",\"url\":\"https:\/\/bukkigyogytea.com\/wp-content\/uploads\/2022\/06\/Babakrem-koromvirag-kivonattal.png\",\"contentUrl\":\"https:\/\/bukkigyogytea.com\/wp-content\/uploads\/2022\/06\/Babakrem-koromvirag-kivonattal.png\",\"width\":550,\"height\":550,\"caption\":\"Babakre\u0301m ko\u0308ro\u0308mvira\u0301g-kivonattal 100 ml\"},{\"@type\":\"BreadcrumbList\",\"@id\":\"https:\/\/bukkigyogytea.com\/de\/produkt\/babycreme-mit-ringelblumenextrakt\/#breadcrumb\",\"itemListElement\":[{\"@type\":\"ListItem\",\"position\":1,\"name\":\"Home\",\"item\":\"https:\/\/bukkigyogytea.com\/de\/\"},{\"@type\":\"ListItem\",\"position\":2,\"name\":\"Produkte\",\"item\":\"https:\/\/bukkigyogytea.com\/de\/shop\/\"},{\"@type\":\"ListItem\",\"position\":3,\"name\":\"Babywelt\",\"item\":\"https:\/\/bukkigyogytea.com\/de\/Produktkategorie\/babywelt\/\"},{\"@type\":\"ListItem\",\"position\":4,\"name\":\"Babycreme mit Ringelblumenextrakt\"}]},{\"@type\":\"WebSite\",\"@id\":\"https:\/\/bukkigyogytea.com\/de\/#website\",\"url\":\"https:\/\/bukkigyogytea.com\/de\/\",\"name\":\"B\u00fckki Gy\u00f3gytea Web\u00e1ruh\u00e1z\",\"description\":\"Gy\u00f6rgytea hivatalos viszontelad\u00f3\",\"publisher\":{\"@id\":\"https:\/\/bukkigyogytea.com\/de\/#organization\"},\"potentialAction\":[{\"@type\":\"SearchAction\",\"target\":{\"@type\":\"EntryPoint\",\"urlTemplate\":\"https:\/\/bukkigyogytea.com\/de\/?s={search_term_string}\"},\"query-input\":{\"@type\":\"PropertyValueSpecification\",\"valueRequired\":true,\"valueName\":\"search_term_string\"}}],\"inLanguage\":\"de\"},{\"@type\":\"Organization\",\"@id\":\"https:\/\/bukkigyogytea.com\/de\/#organization\",\"name\":\"B\u00fckki Gy\u00f3gytea Web\u00e1ruh\u00e1z\",\"url\":\"https:\/\/bukkigyogytea.com\/de\/\",\"logo\":{\"@type\":\"ImageObject\",\"inLanguage\":\"de\",\"@id\":\"https:\/\/bukkigyogytea.com\/de\/#\/schema\/logo\/image\/\",\"url\":\"https:\/\/i0.wp.com\/bukkigyogytea.com\/wp-content\/uploads\/2020\/05\/Sitelogo-1.jpg?fit=350%2C85&ssl=1\",\"contentUrl\":\"https:\/\/i0.wp.com\/bukkigyogytea.com\/wp-content\/uploads\/2020\/05\/Sitelogo-1.jpg?fit=350%2C85&ssl=1\",\"width\":350,\"height\":85,\"caption\":\"B\u00fckki Gy\u00f3gytea Web\u00e1ruh\u00e1z\"},\"image\":{\"@id\":\"https:\/\/bukkigyogytea.com\/de\/#\/schema\/logo\/image\/\"},\"sameAs\":[\"https:\/\/www.facebook.com\/bukkigyogytea\/\"]}]}<\/script>\n<!-- \/ Yoast SEO plugin. -->","yoast_head_json":{"title":"Babycreme mit Ringelblumenextrakt &#8211; B\u00fckki Gy\u00f3gytea Web\u00e1ruh\u00e1z","robots":{"index":"index","follow":"follow","max-snippet":"max-snippet:-1","max-image-preview":"max-image-preview:large","max-video-preview":"max-video-preview:-1"},"canonical":"https:\/\/bukkigyogytea.com\/de\/produkt\/babycreme-mit-ringelblumenextrakt\/","og_locale":"de_DE","og_type":"article","og_title":"Babycreme mit Ringelblumenextrakt &#8211; B\u00fckki Gy\u00f3gytea Web\u00e1ruh\u00e1z","og_description":"Die Babycreme mit Ringelblumenextrakt beruhigt die Haut, macht sie weich.","og_url":"https:\/\/bukkigyogytea.com\/de\/produkt\/babycreme-mit-ringelblumenextrakt\/","og_site_name":"B\u00fckki Gy\u00f3gytea Web\u00e1ruh\u00e1z","article_publisher":"https:\/\/www.facebook.com\/bukkigyogytea\/","article_modified_time":"2025-09-25T22:02:05+00:00","og_image":[{"width":550,"height":550,"url":"https:\/\/bukkigyogytea.com\/wp-content\/uploads\/2022\/06\/Babakrem-koromvirag-kivonattal.png","type":"image\/png"}],"twitter_card":"summary_large_image","twitter_misc":{"Gesch\u00e4tzte Lesezeit":"1\u00a0Minute"},"schema":{"@context":"https:\/\/schema.org","@graph":[{"@type":"WebPage","@id":"https:\/\/bukkigyogytea.com\/de\/produkt\/babycreme-mit-ringelblumenextrakt\/","url":"https:\/\/bukkigyogytea.com\/de\/produkt\/babycreme-mit-ringelblumenextrakt\/","name":"Babycreme mit Ringelblumenextrakt &#8211; B\u00fckki Gy\u00f3gytea Web\u00e1ruh\u00e1z","isPartOf":{"@id":"https:\/\/bukkigyogytea.com\/de\/#website"},"primaryImageOfPage":{"@id":"https:\/\/bukkigyogytea.com\/de\/produkt\/babycreme-mit-ringelblumenextrakt\/#primaryimage"},"image":{"@id":"https:\/\/bukkigyogytea.com\/de\/produkt\/babycreme-mit-ringelblumenextrakt\/#primaryimage"},"thumbnailUrl":"https:\/\/bukkigyogytea.com\/wp-content\/uploads\/2022\/06\/Babakrem-koromvirag-kivonattal.png","datePublished":"2022-06-13T07:20:08+00:00","dateModified":"2025-09-25T22:02:05+00:00","breadcrumb":{"@id":"https:\/\/bukkigyogytea.com\/de\/produkt\/babycreme-mit-ringelblumenextrakt\/#breadcrumb"},"inLanguage":"de","potentialAction":[{"@type":"ReadAction","target":["https:\/\/bukkigyogytea.com\/de\/produkt\/babycreme-mit-ringelblumenextrakt\/"]}]},{"@type":"ImageObject","inLanguage":"de","@id":"https:\/\/bukkigyogytea.com\/de\/produkt\/babycreme-mit-ringelblumenextrakt\/#primaryimage","url":"https:\/\/bukkigyogytea.com\/wp-content\/uploads\/2022\/06\/Babakrem-koromvirag-kivonattal.png","contentUrl":"https:\/\/bukkigyogytea.com\/wp-content\/uploads\/2022\/06\/Babakrem-koromvirag-kivonattal.png","width":550,"height":550,"caption":"Babakre\u0301m ko\u0308ro\u0308mvira\u0301g-kivonattal 100 ml"},{"@type":"BreadcrumbList","@id":"https:\/\/bukkigyogytea.com\/de\/produkt\/babycreme-mit-ringelblumenextrakt\/#breadcrumb","itemListElement":[{"@type":"ListItem","position":1,"name":"Home","item":"https:\/\/bukkigyogytea.com\/de\/"},{"@type":"ListItem","position":2,"name":"Produkte","item":"https:\/\/bukkigyogytea.com\/de\/shop\/"},{"@type":"ListItem","position":3,"name":"Babywelt","item":"https:\/\/bukkigyogytea.com\/de\/Produktkategorie\/babywelt\/"},{"@type":"ListItem","position":4,"name":"Babycreme mit Ringelblumenextrakt"}]},{"@type":"WebSite","@id":"https:\/\/bukkigyogytea.com\/de\/#website","url":"https:\/\/bukkigyogytea.com\/de\/","name":"B\u00fckki Gy\u00f3gytea Web\u00e1ruh\u00e1z","description":"Gy\u00f6rgytea hivatalos viszontelad\u00f3","publisher":{"@id":"https:\/\/bukkigyogytea.com\/de\/#organization"},"potentialAction":[{"@type":"SearchAction","target":{"@type":"EntryPoint","urlTemplate":"https:\/\/bukkigyogytea.com\/de\/?s={search_term_string}"},"query-input":{"@type":"PropertyValueSpecification","valueRequired":true,"valueName":"search_term_string"}}],"inLanguage":"de"},{"@type":"Organization","@id":"https:\/\/bukkigyogytea.com\/de\/#organization","name":"B\u00fckki Gy\u00f3gytea Web\u00e1ruh\u00e1z","url":"https:\/\/bukkigyogytea.com\/de\/","logo":{"@type":"ImageObject","inLanguage":"de","@id":"https:\/\/bukkigyogytea.com\/de\/#\/schema\/logo\/image\/","url":"https:\/\/i0.wp.com\/bukkigyogytea.com\/wp-content\/uploads\/2020\/05\/Sitelogo-1.jpg?fit=350%2C85&ssl=1","contentUrl":"https:\/\/i0.wp.com\/bukkigyogytea.com\/wp-content\/uploads\/2020\/05\/Sitelogo-1.jpg?fit=350%2C85&ssl=1","width":350,"height":85,"caption":"B\u00fckki Gy\u00f3gytea Web\u00e1ruh\u00e1z"},"image":{"@id":"https:\/\/bukkigyogytea.com\/de\/#\/schema\/logo\/image\/"},"sameAs":["https:\/\/www.facebook.com\/bukkigyogytea\/"]}]}},"publishpress_future_action":{"enabled":false,"date":"2026-04-16 22:55:00","action":"change-status","newStatus":"draft","terms":[],"taxonomy":"product_type","extraData":[]},"publishpress_future_workflow_manual_trigger":{"enabledWorkflows":[]},"_links":{"self":[{"href":"https:\/\/bukkigyogytea.com\/de\/wp-json\/wp\/v2\/product\/11423","targetHints":{"allow":["GET"]}}],"collection":[{"href":"https:\/\/bukkigyogytea.com\/de\/wp-json\/wp\/v2\/product"}],"about":[{"href":"https:\/\/bukkigyogytea.com\/de\/wp-json\/wp\/v2\/types\/product"}],"replies":[{"embeddable":true,"href":"https:\/\/bukkigyogytea.com\/de\/wp-json\/wp\/v2\/comments?post=11423"}],"wp:featuredmedia":[{"embeddable":true,"href":"https:\/\/bukkigyogytea.com\/de\/wp-json\/wp\/v2\/media\/13092"}],"wp:attachment":[{"href":"https:\/\/bukkigyogytea.com\/de\/wp-json\/wp\/v2\/media?parent=11423"}],"wp:term":[{"taxonomy":"product_brand","embeddable":true,"href":"https:\/\/bukkigyogytea.com\/de\/wp-json\/wp\/v2\/product_brand?post=11423"},{"taxonomy":"product_cat","embeddable":true,"href":"https:\/\/bukkigyogytea.com\/de\/wp-json\/wp\/v2\/product_cat?post=11423"},{"taxonomy":"product_tag","embeddable":true,"href":"https:\/\/bukkigyogytea.com\/de\/wp-json\/wp\/v2\/product_tag?post=11423"}],"curies":[{"name":"wp","href":"https:\/\/api.w.org\/{rel}","templated":true}]}}