{"id":5484,"date":"2018-09-04T09:33:53","date_gmt":"2018-09-04T07:33:53","guid":{"rendered":"https:\/\/bukkigyogytea.com\/ueber-uns\/"},"modified":"2021-10-11T17:07:06","modified_gmt":"2021-10-11T15:07:06","slug":"ueber-uns","status":"publish","type":"page","link":"https:\/\/bukkigyogytea.com\/de\/ueber-uns\/","title":{"rendered":"\u00dcber uns"},"content":{"rendered":"\n<p>Willkommen auf unserer Website f\u00fcr Kr\u00e4uter und Kr\u00e4utertees aus dem B\u00fckk-Gebirge.<\/p>\n\n\n\n<p>Als Konsument von Kr\u00e4utern und Kr\u00e4utertees seit mehr als 7 Jahren bin ich auf die Produkte von Onkel Gyuri gesto\u00dfen. Seitdem habe ich viele seiner Tees und Kr\u00e4uterteemischungen regelm\u00e4\u00dfig konsumiert. Ich trinke auch gerne Kr\u00e4utertees bei akuten Problemen und zur Gesunderhaltung.<\/p>\n\n\n\n<p>Ich habe keinen Zweifel an der Reinheit der Produkte und an der gro\u00dfen Sorgfalt, mit der sie zubereitet werden. Die gr\u00f6\u00dfte Garantie daf\u00fcr ist das auf volksmedizinischen Traditionen beruhende Wissen von Onkel Gyuri Szab\u00f3 selbst, dem Kr\u00e4uterkundigen des B\u00fckks.<\/p>\n\n\n\n<p>Ich habe die Kr\u00e4uterteemischungen von Onkel Gyuri schon mehrfach Freunden im Ausland empfohlen, aber mir wurde immer gesagt, dass es sehr schwierig und teuer sei, sie zu bekommen.<\/p>\n\n\n\n<p>Aus diesem Grund habe ich mein Unternehmen als offizieller Vertriebspartner von Onkel Gyuris Produkten gegr\u00fcndet. Der Hauptzweck unserer Website und unseres Webshops besteht darin, ausl\u00e4ndischen Kunden die Kr\u00e4uter, Kr\u00e4utertees, Kr\u00e4uterteemischungen, Kr\u00e4uterextrakte und B\u00fccher von Onkel Gyuri Szab\u00f3, dem Kr\u00e4uterexperten des B\u00fckks, zug\u00e4nglich zu machen.<\/p>\n\n\n\n<figure class=\"wp-block-image\"><img decoding=\"async\" src=\"https:\/\/bukkigyogytea.com\/wp-content\/uploads\/2018\/09\/rolunk.jpg\" alt=\"\"\/><\/figure>\n","protected":false},"excerpt":{"rendered":"<p>Willkommen auf unserer Website f\u00fcr Kr\u00e4uter und Kr\u00e4utertees aus dem B\u00fckk-Gebirge. Als Konsument von Kr\u00e4utern und Kr\u00e4utertees seit mehr als 7 Jahren bin ich auf die Produkte von Onkel Gyuri gesto\u00dfen. Seitdem habe ich viele seiner Tees und Kr\u00e4uterteemischungen regelm\u00e4\u00dfig konsumiert. Ich trinke auch gerne Kr\u00e4utertees bei akuten Problemen und zur Gesunderhaltung. Ich habe keinen &#8230; <a title=\"\u00dcber uns\" class=\"read-more\" href=\"https:\/\/bukkigyogytea.com\/de\/ueber-uns\/\" aria-label=\"Mehr Informationen \u00fcber \u00dcber uns\">Weiterlesen &#8230;<\/a><\/p>\n","protected":false},"author":7,"featured_media":0,"parent":0,"menu_order":0,"comment_status":"closed","ping_status":"closed","template":"","meta":{"_acf_changed":false,"footnotes":""},"class_list":["post-5484","page","type-page","status-publish"],"acf":[],"yoast_head":"<!-- This site is optimized with the Yoast SEO plugin v26.9 - https:\/\/yoast.com\/product\/yoast-seo-wordpress\/ -->\n<title>\u00dcber uns &#8211; B\u00fckki Gy\u00f3gytea Web\u00e1ruh\u00e1z<\/title>\n<meta name=\"robots\" content=\"index, follow, max-snippet:-1, max-image-preview:large, max-video-preview:-1\" \/>\n<link rel=\"canonical\" href=\"https:\/\/bukkigyogytea.com\/de\/ueber-uns\/\" \/>\n<meta property=\"og:locale\" content=\"de_DE\" \/>\n<meta property=\"og:type\" content=\"article\" \/>\n<meta property=\"og:title\" content=\"\u00dcber uns &#8211; B\u00fckki Gy\u00f3gytea Web\u00e1ruh\u00e1z\" \/>\n<meta property=\"og:description\" content=\"Willkommen auf unserer Website f\u00fcr Kr\u00e4uter und Kr\u00e4utertees aus dem B\u00fckk-Gebirge. Als Konsument von Kr\u00e4utern und Kr\u00e4utertees seit mehr als 7 Jahren bin ich auf die Produkte von Onkel Gyuri gesto\u00dfen. Seitdem habe ich viele seiner Tees und Kr\u00e4uterteemischungen regelm\u00e4\u00dfig konsumiert. Ich trinke auch gerne Kr\u00e4utertees bei akuten Problemen und zur Gesunderhaltung. Ich habe keinen ... Weiterlesen ...\" \/>\n<meta property=\"og:url\" content=\"https:\/\/bukkigyogytea.com\/de\/ueber-uns\/\" \/>\n<meta property=\"og:site_name\" content=\"B\u00fckki Gy\u00f3gytea Web\u00e1ruh\u00e1z\" \/>\n<meta property=\"article:publisher\" content=\"https:\/\/www.facebook.com\/bukkigyogytea\/\" \/>\n<meta property=\"article:modified_time\" content=\"2021-10-11T15:07:06+00:00\" \/>\n<meta property=\"og:image\" content=\"http:\/\/bukkigyogytea.com\/wp-content\/uploads\/2018\/09\/rolunk.jpg\" \/>\n<meta name=\"twitter:card\" content=\"summary_large_image\" \/>\n<meta name=\"twitter:label1\" content=\"Gesch\u00e4tzte Lesezeit\" \/>\n\t<meta name=\"twitter:data1\" content=\"1\u00a0Minute\" \/>\n<script type=\"application\/ld+json\" class=\"yoast-schema-graph\">{\"@context\":\"https:\/\/schema.org\",\"@graph\":[{\"@type\":\"WebPage\",\"@id\":\"https:\/\/bukkigyogytea.com\/de\/ueber-uns\/\",\"url\":\"https:\/\/bukkigyogytea.com\/de\/ueber-uns\/\",\"name\":\"\u00dcber uns &#8211; B\u00fckki Gy\u00f3gytea Web\u00e1ruh\u00e1z\",\"isPartOf\":{\"@id\":\"https:\/\/bukkigyogytea.com\/de\/#website\"},\"primaryImageOfPage\":{\"@id\":\"https:\/\/bukkigyogytea.com\/de\/ueber-uns\/#primaryimage\"},\"image\":{\"@id\":\"https:\/\/bukkigyogytea.com\/de\/ueber-uns\/#primaryimage\"},\"thumbnailUrl\":\"http:\/\/bukkigyogytea.com\/wp-content\/uploads\/2018\/09\/rolunk.jpg\",\"datePublished\":\"2018-09-04T07:33:53+00:00\",\"dateModified\":\"2021-10-11T15:07:06+00:00\",\"breadcrumb\":{\"@id\":\"https:\/\/bukkigyogytea.com\/de\/ueber-uns\/#breadcrumb\"},\"inLanguage\":\"de\",\"potentialAction\":[{\"@type\":\"ReadAction\",\"target\":[\"https:\/\/bukkigyogytea.com\/de\/ueber-uns\/\"]}]},{\"@type\":\"ImageObject\",\"inLanguage\":\"de\",\"@id\":\"https:\/\/bukkigyogytea.com\/de\/ueber-uns\/#primaryimage\",\"url\":\"http:\/\/bukkigyogytea.com\/wp-content\/uploads\/2018\/09\/rolunk.jpg\",\"contentUrl\":\"http:\/\/bukkigyogytea.com\/wp-content\/uploads\/2018\/09\/rolunk.jpg\"},{\"@type\":\"BreadcrumbList\",\"@id\":\"https:\/\/bukkigyogytea.com\/de\/ueber-uns\/#breadcrumb\",\"itemListElement\":[{\"@type\":\"ListItem\",\"position\":1,\"name\":\"Home\",\"item\":\"https:\/\/bukkigyogytea.com\/de\/\"},{\"@type\":\"ListItem\",\"position\":2,\"name\":\"\u00dcber uns\"}]},{\"@type\":\"WebSite\",\"@id\":\"https:\/\/bukkigyogytea.com\/de\/#website\",\"url\":\"https:\/\/bukkigyogytea.com\/de\/\",\"name\":\"B\u00fckki Gy\u00f3gytea Web\u00e1ruh\u00e1z\",\"description\":\"Gy\u00f6rgytea hivatalos viszontelad\u00f3\",\"publisher\":{\"@id\":\"https:\/\/bukkigyogytea.com\/de\/#organization\"},\"potentialAction\":[{\"@type\":\"SearchAction\",\"target\":{\"@type\":\"EntryPoint\",\"urlTemplate\":\"https:\/\/bukkigyogytea.com\/de\/?s={search_term_string}\"},\"query-input\":{\"@type\":\"PropertyValueSpecification\",\"valueRequired\":true,\"valueName\":\"search_term_string\"}}],\"inLanguage\":\"de\"},{\"@type\":\"Organization\",\"@id\":\"https:\/\/bukkigyogytea.com\/de\/#organization\",\"name\":\"B\u00fckki Gy\u00f3gytea Web\u00e1ruh\u00e1z\",\"url\":\"https:\/\/bukkigyogytea.com\/de\/\",\"logo\":{\"@type\":\"ImageObject\",\"inLanguage\":\"de\",\"@id\":\"https:\/\/bukkigyogytea.com\/de\/#\/schema\/logo\/image\/\",\"url\":\"https:\/\/i0.wp.com\/bukkigyogytea.com\/wp-content\/uploads\/2020\/05\/Sitelogo-1.jpg?fit=350%2C85&ssl=1\",\"contentUrl\":\"https:\/\/i0.wp.com\/bukkigyogytea.com\/wp-content\/uploads\/2020\/05\/Sitelogo-1.jpg?fit=350%2C85&ssl=1\",\"width\":350,\"height\":85,\"caption\":\"B\u00fckki Gy\u00f3gytea Web\u00e1ruh\u00e1z\"},\"image\":{\"@id\":\"https:\/\/bukkigyogytea.com\/de\/#\/schema\/logo\/image\/\"},\"sameAs\":[\"https:\/\/www.facebook.com\/bukkigyogytea\/\"]}]}<\/script>\n<!-- \/ Yoast SEO plugin. -->","yoast_head_json":{"title":"\u00dcber uns &#8211; B\u00fckki Gy\u00f3gytea Web\u00e1ruh\u00e1z","robots":{"index":"index","follow":"follow","max-snippet":"max-snippet:-1","max-image-preview":"max-image-preview:large","max-video-preview":"max-video-preview:-1"},"canonical":"https:\/\/bukkigyogytea.com\/de\/ueber-uns\/","og_locale":"de_DE","og_type":"article","og_title":"\u00dcber uns &#8211; B\u00fckki Gy\u00f3gytea Web\u00e1ruh\u00e1z","og_description":"Willkommen auf unserer Website f\u00fcr Kr\u00e4uter und Kr\u00e4utertees aus dem B\u00fckk-Gebirge. Als Konsument von Kr\u00e4utern und Kr\u00e4utertees seit mehr als 7 Jahren bin ich auf die Produkte von Onkel Gyuri gesto\u00dfen. Seitdem habe ich viele seiner Tees und Kr\u00e4uterteemischungen regelm\u00e4\u00dfig konsumiert. Ich trinke auch gerne Kr\u00e4utertees bei akuten Problemen und zur Gesunderhaltung. Ich habe keinen ... Weiterlesen ...","og_url":"https:\/\/bukkigyogytea.com\/de\/ueber-uns\/","og_site_name":"B\u00fckki Gy\u00f3gytea Web\u00e1ruh\u00e1z","article_publisher":"https:\/\/www.facebook.com\/bukkigyogytea\/","article_modified_time":"2021-10-11T15:07:06+00:00","og_image":[{"url":"http:\/\/bukkigyogytea.com\/wp-content\/uploads\/2018\/09\/rolunk.jpg","type":"","width":"","height":""}],"twitter_card":"summary_large_image","twitter_misc":{"Gesch\u00e4tzte Lesezeit":"1\u00a0Minute"},"schema":{"@context":"https:\/\/schema.org","@graph":[{"@type":"WebPage","@id":"https:\/\/bukkigyogytea.com\/de\/ueber-uns\/","url":"https:\/\/bukkigyogytea.com\/de\/ueber-uns\/","name":"\u00dcber uns &#8211; B\u00fckki Gy\u00f3gytea Web\u00e1ruh\u00e1z","isPartOf":{"@id":"https:\/\/bukkigyogytea.com\/de\/#website"},"primaryImageOfPage":{"@id":"https:\/\/bukkigyogytea.com\/de\/ueber-uns\/#primaryimage"},"image":{"@id":"https:\/\/bukkigyogytea.com\/de\/ueber-uns\/#primaryimage"},"thumbnailUrl":"http:\/\/bukkigyogytea.com\/wp-content\/uploads\/2018\/09\/rolunk.jpg","datePublished":"2018-09-04T07:33:53+00:00","dateModified":"2021-10-11T15:07:06+00:00","breadcrumb":{"@id":"https:\/\/bukkigyogytea.com\/de\/ueber-uns\/#breadcrumb"},"inLanguage":"de","potentialAction":[{"@type":"ReadAction","target":["https:\/\/bukkigyogytea.com\/de\/ueber-uns\/"]}]},{"@type":"ImageObject","inLanguage":"de","@id":"https:\/\/bukkigyogytea.com\/de\/ueber-uns\/#primaryimage","url":"http:\/\/bukkigyogytea.com\/wp-content\/uploads\/2018\/09\/rolunk.jpg","contentUrl":"http:\/\/bukkigyogytea.com\/wp-content\/uploads\/2018\/09\/rolunk.jpg"},{"@type":"BreadcrumbList","@id":"https:\/\/bukkigyogytea.com\/de\/ueber-uns\/#breadcrumb","itemListElement":[{"@type":"ListItem","position":1,"name":"Home","item":"https:\/\/bukkigyogytea.com\/de\/"},{"@type":"ListItem","position":2,"name":"\u00dcber uns"}]},{"@type":"WebSite","@id":"https:\/\/bukkigyogytea.com\/de\/#website","url":"https:\/\/bukkigyogytea.com\/de\/","name":"B\u00fckki Gy\u00f3gytea Web\u00e1ruh\u00e1z","description":"Gy\u00f6rgytea hivatalos viszontelad\u00f3","publisher":{"@id":"https:\/\/bukkigyogytea.com\/de\/#organization"},"potentialAction":[{"@type":"SearchAction","target":{"@type":"EntryPoint","urlTemplate":"https:\/\/bukkigyogytea.com\/de\/?s={search_term_string}"},"query-input":{"@type":"PropertyValueSpecification","valueRequired":true,"valueName":"search_term_string"}}],"inLanguage":"de"},{"@type":"Organization","@id":"https:\/\/bukkigyogytea.com\/de\/#organization","name":"B\u00fckki Gy\u00f3gytea Web\u00e1ruh\u00e1z","url":"https:\/\/bukkigyogytea.com\/de\/","logo":{"@type":"ImageObject","inLanguage":"de","@id":"https:\/\/bukkigyogytea.com\/de\/#\/schema\/logo\/image\/","url":"https:\/\/i0.wp.com\/bukkigyogytea.com\/wp-content\/uploads\/2020\/05\/Sitelogo-1.jpg?fit=350%2C85&ssl=1","contentUrl":"https:\/\/i0.wp.com\/bukkigyogytea.com\/wp-content\/uploads\/2020\/05\/Sitelogo-1.jpg?fit=350%2C85&ssl=1","width":350,"height":85,"caption":"B\u00fckki Gy\u00f3gytea Web\u00e1ruh\u00e1z"},"image":{"@id":"https:\/\/bukkigyogytea.com\/de\/#\/schema\/logo\/image\/"},"sameAs":["https:\/\/www.facebook.com\/bukkigyogytea\/"]}]}},"publishpress_future_workflow_manual_trigger":{"enabledWorkflows":[]},"_links":{"self":[{"href":"https:\/\/bukkigyogytea.com\/de\/wp-json\/wp\/v2\/pages\/5484","targetHints":{"allow":["GET"]}}],"collection":[{"href":"https:\/\/bukkigyogytea.com\/de\/wp-json\/wp\/v2\/pages"}],"about":[{"href":"https:\/\/bukkigyogytea.com\/de\/wp-json\/wp\/v2\/types\/page"}],"author":[{"embeddable":true,"href":"https:\/\/bukkigyogytea.com\/de\/wp-json\/wp\/v2\/users\/7"}],"replies":[{"embeddable":true,"href":"https:\/\/bukkigyogytea.com\/de\/wp-json\/wp\/v2\/comments?post=5484"}],"version-history":[{"count":0,"href":"https:\/\/bukkigyogytea.com\/de\/wp-json\/wp\/v2\/pages\/5484\/revisions"}],"wp:attachment":[{"href":"https:\/\/bukkigyogytea.com\/de\/wp-json\/wp\/v2\/media?parent=5484"}],"curies":[{"name":"wp","href":"https:\/\/api.w.org\/{rel}","templated":true}]}}