{"id":11232,"date":"2020-08-10T14:40:40","date_gmt":"2020-08-10T12:40:40","guid":{"rendered":"https:\/\/bukkigyogytea.com\/impressum\/"},"modified":"2024-02-16T14:29:20","modified_gmt":"2024-02-16T13:29:20","slug":"impressum","status":"publish","type":"page","link":"https:\/\/bukkigyogytea.com\/de\/impressum\/","title":{"rendered":"Impressum"},"content":{"rendered":"\n<p>Firma: Webbio s.r.o.<\/p>\n\n<p>Hauptsitz: \u200bN\u00e1m. Ml\u00e1de\u017ee 1240\/3., Ve\u013ek\u00fd Meder 93201<\/p>\n\n<p>Steuernummer: SK2121323677<\/p>\n\n<p>Euro Kontonummer: Tarta Banka<\/p>\n\n<p>\u200bSK40 0900 0000 0051 9065 0479, \u200b, swift: GIBASKBX<\/p>\n\n<p>E-mail:\u00a0<a href=\"mailto:info@bukkigyogytea.com\">info@bukkigyogytea.com<\/a><\/p>\n\n<p>Tel:  \u200b+421 907 486 117, +3630\/3914091<\/p>\n\n<p><strong>Hosting-Anbieter:<\/strong><\/p>\n\n<p>Firma: ATW Internet Kft.<\/p>\n\n<p>Hauptsitz: H-1138 Budapest, Esztergomi \u00fat 66. fsz. 1.<\/p>\n\n<p>Webseite: \u00a0<a href=\"http:\/\/www.atw.hu\/\">www.atw.hu<\/a><\/p>\n\n<p>E-mail:\u00a0<a href=\"mailto:info@atw.co.hu\">info@atw.co.hu<\/a><\/p>\n","protected":false},"excerpt":{"rendered":"<p>Firma: Webbio s.r.o. Hauptsitz: \u200bN\u00e1m. Ml\u00e1de\u017ee 1240\/3., Ve\u013ek\u00fd Meder 93201 Steuernummer: SK2121323677 Euro Kontonummer: Tarta Banka \u200bSK40 0900 0000 0051 9065 0479, \u200b, swift: GIBASKBX E-mail:\u00a0info@bukkigyogytea.com Tel: \u200b+421 907 486 117, +3630\/3914091 Hosting-Anbieter: Firma: ATW Internet Kft. Hauptsitz: H-1138 Budapest, Esztergomi \u00fat 66. fsz. 1. Webseite: \u00a0www.atw.hu E-mail:\u00a0info@atw.co.hu<\/p>\n","protected":false},"author":7,"featured_media":0,"parent":0,"menu_order":0,"comment_status":"closed","ping_status":"closed","template":"","meta":{"_acf_changed":false,"footnotes":""},"class_list":["post-11232","page","type-page","status-publish"],"acf":[],"yoast_head":"<!-- This site is optimized with the Yoast SEO plugin v26.9 - https:\/\/yoast.com\/product\/yoast-seo-wordpress\/ -->\n<title>Impressum &#8211; B\u00fckki Gy\u00f3gytea Web\u00e1ruh\u00e1z<\/title>\n<meta name=\"robots\" content=\"index, follow, max-snippet:-1, max-image-preview:large, max-video-preview:-1\" \/>\n<link rel=\"canonical\" href=\"https:\/\/bukkigyogytea.com\/de\/impressum\/\" \/>\n<meta property=\"og:locale\" content=\"de_DE\" \/>\n<meta property=\"og:type\" content=\"article\" \/>\n<meta property=\"og:title\" content=\"Impressum &#8211; B\u00fckki Gy\u00f3gytea Web\u00e1ruh\u00e1z\" \/>\n<meta property=\"og:description\" content=\"Firma: Webbio s.r.o. Hauptsitz: \u200bN\u00e1m. Ml\u00e1de\u017ee 1240\/3., Ve\u013ek\u00fd Meder 93201 Steuernummer: SK2121323677 Euro Kontonummer: Tarta Banka \u200bSK40 0900 0000 0051 9065 0479, \u200b, swift: GIBASKBX E-mail:\u00a0info@bukkigyogytea.com Tel: \u200b+421 907 486 117, +3630\/3914091 Hosting-Anbieter: Firma: ATW Internet Kft. Hauptsitz: H-1138 Budapest, Esztergomi \u00fat 66. fsz. 1. Webseite: \u00a0www.atw.hu E-mail:\u00a0info@atw.co.hu\" \/>\n<meta property=\"og:url\" content=\"https:\/\/bukkigyogytea.com\/de\/impressum\/\" \/>\n<meta property=\"og:site_name\" content=\"B\u00fckki Gy\u00f3gytea Web\u00e1ruh\u00e1z\" \/>\n<meta property=\"article:publisher\" content=\"https:\/\/www.facebook.com\/bukkigyogytea\/\" \/>\n<meta property=\"article:modified_time\" content=\"2024-02-16T13:29:20+00:00\" \/>\n<meta name=\"twitter:card\" content=\"summary_large_image\" \/>\n<script type=\"application\/ld+json\" class=\"yoast-schema-graph\">{\"@context\":\"https:\/\/schema.org\",\"@graph\":[{\"@type\":\"WebPage\",\"@id\":\"https:\/\/bukkigyogytea.com\/de\/impressum\/\",\"url\":\"https:\/\/bukkigyogytea.com\/de\/impressum\/\",\"name\":\"Impressum &#8211; B\u00fckki Gy\u00f3gytea Web\u00e1ruh\u00e1z\",\"isPartOf\":{\"@id\":\"https:\/\/bukkigyogytea.com\/de\/#website\"},\"datePublished\":\"2020-08-10T12:40:40+00:00\",\"dateModified\":\"2024-02-16T13:29:20+00:00\",\"breadcrumb\":{\"@id\":\"https:\/\/bukkigyogytea.com\/de\/impressum\/#breadcrumb\"},\"inLanguage\":\"de\",\"potentialAction\":[{\"@type\":\"ReadAction\",\"target\":[\"https:\/\/bukkigyogytea.com\/de\/impressum\/\"]}]},{\"@type\":\"BreadcrumbList\",\"@id\":\"https:\/\/bukkigyogytea.com\/de\/impressum\/#breadcrumb\",\"itemListElement\":[{\"@type\":\"ListItem\",\"position\":1,\"name\":\"Home\",\"item\":\"https:\/\/bukkigyogytea.com\/de\/\"},{\"@type\":\"ListItem\",\"position\":2,\"name\":\"Impressum\"}]},{\"@type\":\"WebSite\",\"@id\":\"https:\/\/bukkigyogytea.com\/de\/#website\",\"url\":\"https:\/\/bukkigyogytea.com\/de\/\",\"name\":\"B\u00fckki Gy\u00f3gytea Web\u00e1ruh\u00e1z\",\"description\":\"Gy\u00f6rgytea hivatalos viszontelad\u00f3\",\"publisher\":{\"@id\":\"https:\/\/bukkigyogytea.com\/de\/#organization\"},\"potentialAction\":[{\"@type\":\"SearchAction\",\"target\":{\"@type\":\"EntryPoint\",\"urlTemplate\":\"https:\/\/bukkigyogytea.com\/de\/?s={search_term_string}\"},\"query-input\":{\"@type\":\"PropertyValueSpecification\",\"valueRequired\":true,\"valueName\":\"search_term_string\"}}],\"inLanguage\":\"de\"},{\"@type\":\"Organization\",\"@id\":\"https:\/\/bukkigyogytea.com\/de\/#organization\",\"name\":\"B\u00fckki Gy\u00f3gytea Web\u00e1ruh\u00e1z\",\"url\":\"https:\/\/bukkigyogytea.com\/de\/\",\"logo\":{\"@type\":\"ImageObject\",\"inLanguage\":\"de\",\"@id\":\"https:\/\/bukkigyogytea.com\/de\/#\/schema\/logo\/image\/\",\"url\":\"https:\/\/i0.wp.com\/bukkigyogytea.com\/wp-content\/uploads\/2020\/05\/Sitelogo-1.jpg?fit=350%2C85&ssl=1\",\"contentUrl\":\"https:\/\/i0.wp.com\/bukkigyogytea.com\/wp-content\/uploads\/2020\/05\/Sitelogo-1.jpg?fit=350%2C85&ssl=1\",\"width\":350,\"height\":85,\"caption\":\"B\u00fckki Gy\u00f3gytea Web\u00e1ruh\u00e1z\"},\"image\":{\"@id\":\"https:\/\/bukkigyogytea.com\/de\/#\/schema\/logo\/image\/\"},\"sameAs\":[\"https:\/\/www.facebook.com\/bukkigyogytea\/\"]}]}<\/script>\n<!-- \/ Yoast SEO plugin. -->","yoast_head_json":{"title":"Impressum &#8211; B\u00fckki Gy\u00f3gytea Web\u00e1ruh\u00e1z","robots":{"index":"index","follow":"follow","max-snippet":"max-snippet:-1","max-image-preview":"max-image-preview:large","max-video-preview":"max-video-preview:-1"},"canonical":"https:\/\/bukkigyogytea.com\/de\/impressum\/","og_locale":"de_DE","og_type":"article","og_title":"Impressum &#8211; B\u00fckki Gy\u00f3gytea Web\u00e1ruh\u00e1z","og_description":"Firma: Webbio s.r.o. Hauptsitz: \u200bN\u00e1m. Ml\u00e1de\u017ee 1240\/3., Ve\u013ek\u00fd Meder 93201 Steuernummer: SK2121323677 Euro Kontonummer: Tarta Banka \u200bSK40 0900 0000 0051 9065 0479, \u200b, swift: GIBASKBX E-mail:\u00a0info@bukkigyogytea.com Tel: \u200b+421 907 486 117, +3630\/3914091 Hosting-Anbieter: Firma: ATW Internet Kft. Hauptsitz: H-1138 Budapest, Esztergomi \u00fat 66. fsz. 1. Webseite: \u00a0www.atw.hu E-mail:\u00a0info@atw.co.hu","og_url":"https:\/\/bukkigyogytea.com\/de\/impressum\/","og_site_name":"B\u00fckki Gy\u00f3gytea Web\u00e1ruh\u00e1z","article_publisher":"https:\/\/www.facebook.com\/bukkigyogytea\/","article_modified_time":"2024-02-16T13:29:20+00:00","twitter_card":"summary_large_image","schema":{"@context":"https:\/\/schema.org","@graph":[{"@type":"WebPage","@id":"https:\/\/bukkigyogytea.com\/de\/impressum\/","url":"https:\/\/bukkigyogytea.com\/de\/impressum\/","name":"Impressum &#8211; B\u00fckki Gy\u00f3gytea Web\u00e1ruh\u00e1z","isPartOf":{"@id":"https:\/\/bukkigyogytea.com\/de\/#website"},"datePublished":"2020-08-10T12:40:40+00:00","dateModified":"2024-02-16T13:29:20+00:00","breadcrumb":{"@id":"https:\/\/bukkigyogytea.com\/de\/impressum\/#breadcrumb"},"inLanguage":"de","potentialAction":[{"@type":"ReadAction","target":["https:\/\/bukkigyogytea.com\/de\/impressum\/"]}]},{"@type":"BreadcrumbList","@id":"https:\/\/bukkigyogytea.com\/de\/impressum\/#breadcrumb","itemListElement":[{"@type":"ListItem","position":1,"name":"Home","item":"https:\/\/bukkigyogytea.com\/de\/"},{"@type":"ListItem","position":2,"name":"Impressum"}]},{"@type":"WebSite","@id":"https:\/\/bukkigyogytea.com\/de\/#website","url":"https:\/\/bukkigyogytea.com\/de\/","name":"B\u00fckki Gy\u00f3gytea Web\u00e1ruh\u00e1z","description":"Gy\u00f6rgytea hivatalos viszontelad\u00f3","publisher":{"@id":"https:\/\/bukkigyogytea.com\/de\/#organization"},"potentialAction":[{"@type":"SearchAction","target":{"@type":"EntryPoint","urlTemplate":"https:\/\/bukkigyogytea.com\/de\/?s={search_term_string}"},"query-input":{"@type":"PropertyValueSpecification","valueRequired":true,"valueName":"search_term_string"}}],"inLanguage":"de"},{"@type":"Organization","@id":"https:\/\/bukkigyogytea.com\/de\/#organization","name":"B\u00fckki Gy\u00f3gytea Web\u00e1ruh\u00e1z","url":"https:\/\/bukkigyogytea.com\/de\/","logo":{"@type":"ImageObject","inLanguage":"de","@id":"https:\/\/bukkigyogytea.com\/de\/#\/schema\/logo\/image\/","url":"https:\/\/i0.wp.com\/bukkigyogytea.com\/wp-content\/uploads\/2020\/05\/Sitelogo-1.jpg?fit=350%2C85&ssl=1","contentUrl":"https:\/\/i0.wp.com\/bukkigyogytea.com\/wp-content\/uploads\/2020\/05\/Sitelogo-1.jpg?fit=350%2C85&ssl=1","width":350,"height":85,"caption":"B\u00fckki Gy\u00f3gytea Web\u00e1ruh\u00e1z"},"image":{"@id":"https:\/\/bukkigyogytea.com\/de\/#\/schema\/logo\/image\/"},"sameAs":["https:\/\/www.facebook.com\/bukkigyogytea\/"]}]}},"publishpress_future_workflow_manual_trigger":{"enabledWorkflows":[]},"_links":{"self":[{"href":"https:\/\/bukkigyogytea.com\/de\/wp-json\/wp\/v2\/pages\/11232","targetHints":{"allow":["GET"]}}],"collection":[{"href":"https:\/\/bukkigyogytea.com\/de\/wp-json\/wp\/v2\/pages"}],"about":[{"href":"https:\/\/bukkigyogytea.com\/de\/wp-json\/wp\/v2\/types\/page"}],"author":[{"embeddable":true,"href":"https:\/\/bukkigyogytea.com\/de\/wp-json\/wp\/v2\/users\/7"}],"replies":[{"embeddable":true,"href":"https:\/\/bukkigyogytea.com\/de\/wp-json\/wp\/v2\/comments?post=11232"}],"version-history":[{"count":0,"href":"https:\/\/bukkigyogytea.com\/de\/wp-json\/wp\/v2\/pages\/11232\/revisions"}],"wp:attachment":[{"href":"https:\/\/bukkigyogytea.com\/de\/wp-json\/wp\/v2\/media?parent=11232"}],"curies":[{"name":"wp","href":"https:\/\/api.w.org\/{rel}","templated":true}]}}